{"id":2554,"date":"2017-07-27T09:12:02","date_gmt":"2017-07-27T09:12:02","guid":{"rendered":"https:\/\/blogsaverroes.juntadeandalucia.es\/iessalvadorserrano\/?page_id=2554"},"modified":"2026-01-31T16:36:16","modified_gmt":"2026-01-31T16:36:16","slug":"blogsprofes","status":"publish","type":"page","link":"https:\/\/blogsaverroes.juntadeandalucia.es\/iessalvadorserrano\/blogsprofes\/","title":{"rendered":"Blogs y Webs del Profesorado"},"content":{"rendered":"<p style=\"text-align: justify\">&nbsp;&nbsp;&nbsp; En esta p\u00e1gina encontrar\u00e1s enlaces a los <strong>Blogs y P\u00e1ginas web<\/strong> creados por los profesores del IES Salvador Serrano. Para acceder a ellos, haz clic en los enlaces correspondientes. All\u00ed encontrar\u00e1s informaci\u00f3n de inter\u00e9s para tu formaci\u00f3n acad\u00e9mica o informaci\u00f3n sobre algunos de los proyectos que se desarrollan en el centro. Tambi\u00e9n puedes acceder a trav\u00e9s del men\u00fa principal.<\/p>\n<table style=\"height: 121px;width: 100%;border-collapse: collapse\" border=\"1\">\n<tbody>\n<tr style=\"height: 24px\">\n<td style=\"width: 50%;height: 24px;text-align: center\"><a href=\"https:\/\/coeducacionsalvadorserrano.blogspot.com\/\"><img loading=\"lazy\" decoding=\"async\" class=\"alignnone wp-image-8524\" src=\"https:\/\/blogsaverroes.juntadeandalucia.es\/iessalvadorserrano\/files\/2022\/03\/logopactoesblog2.png\" alt=\"\" width=\"247\" height=\"133\" srcset=\"https:\/\/blogsaverroes.juntadeandalucia.es\/iessalvadorserrano\/files\/2022\/03\/logopactoesblog2.png 633w, https:\/\/blogsaverroes.juntadeandalucia.es\/iessalvadorserrano\/files\/2022\/03\/logopactoesblog2-300x162.png 300w\" sizes=\"(max-width: 247px) 100vw, 247px\" \/><\/a><\/td>\n<td style=\"width: 50%;height: 24px;text-align: center\"><a href=\"https:\/\/coeducacionsalvadorserrano.blogspot.com\/\">Blog de Coeducaci\u00f3n<\/a><\/td>\n<\/tr>\n<tr style=\"height: 24px\">\n<td style=\"width: 50%;height: 24px;text-align: center\"><a href=\"https:\/\/ecoescuelassalvadorserrano.blogspot.com\/\"><img loading=\"lazy\" decoding=\"async\" class=\"alignnone size-full wp-image-10419\" src=\"https:\/\/blogsaverroes.juntadeandalucia.es\/iessalvadorserrano\/files\/2023\/03\/logoecoes.jpeg\" alt=\"\" width=\"150\" height=\"127\"><\/a><\/td>\n<td style=\"width: 50%;height: 24px;text-align: center\"><a href=\"https:\/\/ecoescuelassalvadorserrano.blogspot.com\/\">Blog de Ecoescuelas<\/a><\/td>\n<\/tr>\n<tr style=\"height: 24px\">\n<td style=\"width: 50%;height: 24px;text-align: center\"><a href=\"https:\/\/bilinguismosalvadorserrano.blogspot.com\/\"><img loading=\"lazy\" decoding=\"async\" class=\"alignnone wp-image-10138\" src=\"https:\/\/blogsaverroes.juntadeandalucia.es\/iessalvadorserrano\/files\/2022\/12\/blogbiling.jpg\" alt=\"\" width=\"177\" height=\"103\" srcset=\"https:\/\/blogsaverroes.juntadeandalucia.es\/iessalvadorserrano\/files\/2022\/12\/blogbiling.jpg 1040w, https:\/\/blogsaverroes.juntadeandalucia.es\/iessalvadorserrano\/files\/2022\/12\/blogbiling-300x175.jpg 300w, https:\/\/blogsaverroes.juntadeandalucia.es\/iessalvadorserrano\/files\/2022\/12\/blogbiling-1024x599.jpg 1024w, https:\/\/blogsaverroes.juntadeandalucia.es\/iessalvadorserrano\/files\/2022\/12\/blogbiling-768x449.jpg 768w\" sizes=\"(max-width: 177px) 100vw, 177px\" \/><\/a><\/td>\n<td style=\"width: 50%;height: 24px;text-align: center\"><a href=\"https:\/\/bilinguismosalvadorserrano.blogspot.com\/\">Blog de Biling\u00fcismo<\/a><\/td>\n<\/tr>\n<tr style=\"height: 25px\">\n<td style=\"width: 50%;height: 25px;text-align: center\"><a href=\"https:\/\/huertoescolarsalvadorserrano.blogspot.com\/\"><img loading=\"lazy\" decoding=\"async\" class=\" wp-image-2836 aligncenter\" src=\"https:\/\/blogsaverroes.juntadeandalucia.es\/iessalvadorserrano\/files\/2017\/11\/cabecera-e1510856954678.png\" alt=\"\" width=\"142\" height=\"85\"><\/a><\/td>\n<td style=\"width: 50%;height: 25px;text-align: center\"><a href=\"https:\/\/huertoescolarsalvadorserrano.blogspot.com\/\">Blog del Proyecto Huerto Escolar<\/a><\/td>\n<\/tr>\n<\/tbody>\n<\/table>\n","protected":false},"excerpt":{"rendered":"<p>&nbsp;&nbsp;&nbsp; En esta p\u00e1gina encontrar\u00e1s enlaces a los Blogs y P\u00e1ginas web creados por los profesores del IES Salvador Serrano. Para acceder a ellos, haz&hellip;<\/p>\n","protected":false},"author":5046,"featured_media":0,"parent":0,"menu_order":0,"comment_status":"closed","ping_status":"closed","template":"","meta":{"ngg_post_thumbnail":0,"footnotes":"","_mc_calendar":[]},"aioseo_notices":[],"_links":{"self":[{"href":"https:\/\/blogsaverroes.juntadeandalucia.es\/iessalvadorserrano\/wp-json\/wp\/v2\/pages\/2554"}],"collection":[{"href":"https:\/\/blogsaverroes.juntadeandalucia.es\/iessalvadorserrano\/wp-json\/wp\/v2\/pages"}],"about":[{"href":"https:\/\/blogsaverroes.juntadeandalucia.es\/iessalvadorserrano\/wp-json\/wp\/v2\/types\/page"}],"author":[{"embeddable":true,"href":"https:\/\/blogsaverroes.juntadeandalucia.es\/iessalvadorserrano\/wp-json\/wp\/v2\/users\/5046"}],"replies":[{"embeddable":true,"href":"https:\/\/blogsaverroes.juntadeandalucia.es\/iessalvadorserrano\/wp-json\/wp\/v2\/comments?post=2554"}],"version-history":[{"count":30,"href":"https:\/\/blogsaverroes.juntadeandalucia.es\/iessalvadorserrano\/wp-json\/wp\/v2\/pages\/2554\/revisions"}],"predecessor-version":[{"id":14661,"href":"https:\/\/blogsaverroes.juntadeandalucia.es\/iessalvadorserrano\/wp-json\/wp\/v2\/pages\/2554\/revisions\/14661"}],"wp:attachment":[{"href":"https:\/\/blogsaverroes.juntadeandalucia.es\/iessalvadorserrano\/wp-json\/wp\/v2\/media?parent=2554"}],"curies":[{"name":"wp","href":"https:\/\/api.w.org\/{rel}","templated":true}]}}