{"id":2578,"date":"2017-09-10T10:09:17","date_gmt":"2017-09-10T10:09:17","guid":{"rendered":"https:\/\/blogsaverroes.juntadeandalucia.es\/iessalvadorserrano\/?page_id=2578"},"modified":"2021-10-26T08:45:49","modified_gmt":"2021-10-26T08:45:49","slug":"ampa","status":"publish","type":"page","link":"https:\/\/blogsaverroes.juntadeandalucia.es\/iessalvadorserrano\/ampa\/","title":{"rendered":"AMPA"},"content":{"rendered":"<div class=\"osc-res-tab tabbable   osc-tabs-left\"><div style=\"clear:both;width: 100%;\"><ul class=\"nav osc-res-nav nav-tabs osc-tabs-left-ul\" id=\"oscitas-restabs-1-ampa-74162\"><li class=\"active\"><a href=\"#ert_pane1-0\" data-toggle=\"tab\">Noticias AMPA<\/a><\/li><li class=\"\"><a href=\"#ert_pane1-1\" data-toggle=\"tab\">AMPA Jarea<\/a><\/li><\/ul><\/div><div style=\"clear:both;width: 100%;\"><ul class=\"tab-content\" id=\"oscitas-restabcontent-1-ampa-74162\"><li class=\"tab-pane active\" id=\"ert_pane1-0\"><h3 style=\"text-align: center\">Comunicado del AMPA Jarea para los padres<\/h3>\n<p>Convocatoria de Asamblea general extraordinaria que tendr\u00e1 lugar en el SUM el d\u00eda 26 de octubre de 18:00 a 20:00.<\/p>\n<div class=\"entry-content cf\">\n<p style=\"text-align: center\"><a href=\"https:\/\/blogsaverroes.juntadeandalucia.es\/iessalvadorserrano\/files\/2021\/10\/comunicado-AMPA-para-los-padres.pdf\">Comunicado completo<\/a><\/p>\n<\/div>\n<hr>\n<h3 style=\"text-align: center\">Sorteo para todos los socios desde 2019 a 2021<\/h3>\n<p><a href=\"https:\/\/blogsaverroes.juntadeandalucia.es\/iessalvadorserrano\/files\/2021\/10\/sorteoampa.jpeg\"><img loading=\"lazy\" decoding=\"async\" class=\"wp-image-7676 aligncenter\" src=\"https:\/\/blogsaverroes.juntadeandalucia.es\/iessalvadorserrano\/files\/2021\/10\/sorteoampa.jpeg\" alt=\"\" width=\"368\" height=\"601\" srcset=\"https:\/\/blogsaverroes.juntadeandalucia.es\/iessalvadorserrano\/files\/2021\/10\/sorteoampa.jpeg 920w, https:\/\/blogsaverroes.juntadeandalucia.es\/iessalvadorserrano\/files\/2021\/10\/sorteoampa-184x300.jpeg 184w, https:\/\/blogsaverroes.juntadeandalucia.es\/iessalvadorserrano\/files\/2021\/10\/sorteoampa-627x1024.jpeg 627w, https:\/\/blogsaverroes.juntadeandalucia.es\/iessalvadorserrano\/files\/2021\/10\/sorteoampa-768x1255.jpeg 768w\" sizes=\"(max-width: 368px) 100vw, 368px\" \/><\/a><\/p>\n<p><a href=\"https:\/\/blogsaverroes.juntadeandalucia.es\/iessalvadorserrano\/files\/2021\/10\/resultadosorteoampa.jpeg\"><img loading=\"lazy\" decoding=\"async\" class=\"alignnone size-full wp-image-7675\" src=\"https:\/\/blogsaverroes.juntadeandalucia.es\/iessalvadorserrano\/files\/2021\/10\/resultadosorteoampa.jpeg\" alt=\"\" width=\"1600\" height=\"923\" srcset=\"https:\/\/blogsaverroes.juntadeandalucia.es\/iessalvadorserrano\/files\/2021\/10\/resultadosorteoampa.jpeg 1600w, https:\/\/blogsaverroes.juntadeandalucia.es\/iessalvadorserrano\/files\/2021\/10\/resultadosorteoampa-300x173.jpeg 300w, https:\/\/blogsaverroes.juntadeandalucia.es\/iessalvadorserrano\/files\/2021\/10\/resultadosorteoampa-1024x591.jpeg 1024w, https:\/\/blogsaverroes.juntadeandalucia.es\/iessalvadorserrano\/files\/2021\/10\/resultadosorteoampa-768x443.jpeg 768w, https:\/\/blogsaverroes.juntadeandalucia.es\/iessalvadorserrano\/files\/2021\/10\/resultadosorteoampa-1536x886.jpeg 1536w\" sizes=\"(max-width: 1600px) 100vw, 1600px\" \/><\/a><\/p>\n<hr>\n<table>\n<tbody>\n<tr>\n<td><a href=\"https:\/\/blogsaverroes.juntadeandalucia.es\/iessalvadorserrano\/files\/2019\/05\/AP\u00daNTATE-AL-AMPA.pdf\"><img loading=\"lazy\" decoding=\"async\" class=\"alignnone wp-image-4713\" src=\"https:\/\/blogsaverroes.juntadeandalucia.es\/iessalvadorserrano\/files\/2019\/05\/Ap\u00fantate-al-AMPA.jpg\" alt=\"\" width=\"314\" height=\"398\" srcset=\"https:\/\/blogsaverroes.juntadeandalucia.es\/iessalvadorserrano\/files\/2019\/05\/Ap\u00fantate-al-AMPA.jpg 624w, https:\/\/blogsaverroes.juntadeandalucia.es\/iessalvadorserrano\/files\/2019\/05\/Ap\u00fantate-al-AMPA-237x300.jpg 237w, https:\/\/blogsaverroes.juntadeandalucia.es\/iessalvadorserrano\/files\/2019\/05\/Ap\u00fantate-al-AMPA-19x24.jpg 19w, https:\/\/blogsaverroes.juntadeandalucia.es\/iessalvadorserrano\/files\/2019\/05\/Ap\u00fantate-al-AMPA-28x36.jpg 28w, https:\/\/blogsaverroes.juntadeandalucia.es\/iessalvadorserrano\/files\/2019\/05\/Ap\u00fantate-al-AMPA-38x48.jpg 38w\" sizes=\"(max-width: 314px) 100vw, 314px\" \/><\/a><\/td>\n<td><a href=\"https:\/\/blogsaverroes.juntadeandalucia.es\/iessalvadorserrano\/files\/2019\/05\/0_AMPA-JAREA-Tu-eres-la-pieza\u00b4\u00b4.pdf\"><img loading=\"lazy\" decoding=\"async\" class=\"alignnone wp-image-4712\" src=\"https:\/\/blogsaverroes.juntadeandalucia.es\/iessalvadorserrano\/files\/2019\/05\/Ampa-Jarea-T\u00fa-eres-la-pieza-que-falta.jpg\" alt=\"\" width=\"419\" height=\"562\" srcset=\"https:\/\/blogsaverroes.juntadeandalucia.es\/iessalvadorserrano\/files\/2019\/05\/Ampa-Jarea-T\u00fa-eres-la-pieza-que-falta.jpg 650w, https:\/\/blogsaverroes.juntadeandalucia.es\/iessalvadorserrano\/files\/2019\/05\/Ampa-Jarea-T\u00fa-eres-la-pieza-que-falta-224x300.jpg 224w, https:\/\/blogsaverroes.juntadeandalucia.es\/iessalvadorserrano\/files\/2019\/05\/Ampa-Jarea-T\u00fa-eres-la-pieza-que-falta-18x24.jpg 18w, https:\/\/blogsaverroes.juntadeandalucia.es\/iessalvadorserrano\/files\/2019\/05\/Ampa-Jarea-T\u00fa-eres-la-pieza-que-falta-27x36.jpg 27w, https:\/\/blogsaverroes.juntadeandalucia.es\/iessalvadorserrano\/files\/2019\/05\/Ampa-Jarea-T\u00fa-eres-la-pieza-que-falta-36x48.jpg 36w\" sizes=\"(max-width: 419px) 100vw, 419px\" \/><\/a><\/td>\n<\/tr>\n<\/tbody>\n<\/table>\n<hr>\n<h3 style=\"text-align: center\"><b>V Edici\u00f3n del Programa de Intervenci\u00f3n Social Comunitaria con Infancia y Familia<\/b><\/h3>\n<p>Comienza la Quinta Edici\u00f3n del programa de Intervenci\u00f3n Social Comunitaria con Infancia y Familia. Una parte del proyecto ir\u00e1 destinada a menores que cursan la E.S.O, para promover su bienestar aportando los conocimientos y herramientas necesarias que ayuden a solventar cuestiones relacionadas con la edad. Tambi\u00e9n se ofrece la Escuela de Familias como espacio de encuentro desde el que aprender a afrontar la educaci\u00f3n de los hijos e hijas.<br \/>\nLa presentaci\u00f3n de este programa tendr\u00e1 lugar el pr\u00f3ximo d\u00eda <strong>15 de Febrero<\/strong> a las <strong>10.30 horas<\/strong> en el sal\u00f3n de Actos del Centro de S. Sociales sito en la C\/ General Baena, 5 de Alcaudete. El comienzo&nbsp;tendr\u00e1 lugar el martes d\u00eda <strong>26 de Febrero, de 18.30 a 20.00<\/strong> horas en el mismo centro.<\/p>\n<ul>\n<li><a href=\"https:\/\/blogsaverroes.juntadeandalucia.es\/iessalvadorserrano\/files\/2019\/02\/CARTA-A-LAS-FAMILIAS.pdf\">Carta a las Familias.<\/a><\/li>\n<li><a href=\"https:\/\/blogsaverroes.juntadeandalucia.es\/iessalvadorserrano\/files\/2019\/02\/CARTEL-y-NOTA-WEB.pdf\">Cartel (programa) y Nota web.<\/a><\/li>\n<li><a href=\"https:\/\/blogsaverroes.juntadeandalucia.es\/iessalvadorserrano\/files\/2019\/02\/FICHA-INSCRIPCI\u00d3N-2019.pdf\">Ficha de Inscripci\u00f3n.<\/a><\/li>\n<\/ul>\n<hr>\n<h3 style=\"text-align: center\"><b>Propuesta de Actividades y Talleres&nbsp; (Febrero 2019)<\/b><\/h3>\n<p><a href=\"https:\/\/blogsaverroes.juntadeandalucia.es\/iessalvadorserrano\/files\/2019\/02\/Actividades-AMPA-JAREA.pdf\"><strong>Propuesta de Talleres y Actividades organizadas por el AMPA Jarea (consulta en este enlace).<\/strong><\/a> Inscripciones en <strong>fechas pr\u00f3ximas<\/strong> (seg\u00fan actividad): <strong>1\u00aa semana de febrero<\/strong>, <strong>7 de febrero<\/strong>, &#8230;:<\/p>\n<ul>\n<li><a href=\"https:\/\/blogsaverroes.juntadeandalucia.es\/iessalvadorserrano\/files\/2019\/02\/1\u00ba-concurso-de-chirigotas.pdf\">Concurso de Chirigotas.<\/a><\/li>\n<li>Preparaci\u00f3n para el d\u00eda internacional de la mujer.<\/li>\n<li><a href=\"https:\/\/blogsaverroes.juntadeandalucia.es\/iessalvadorserrano\/files\/2019\/02\/TALLER-DE-PINTURA-DECOUPAGE.pdf\">Taller de pintura y decoraci\u00f3n decoupage.<\/a><\/li>\n<li>Taller de iniciaci\u00f3n a confeccionar ropa reciclada.<\/li>\n<li>Medios de comunicaci\u00f3n (concurso de periodismo).<\/li>\n<\/ul>\n<p style=\"text-align: center\"><strong><span style=\"color: #800000\">Hojas de inscripci\u00f3n en conserjer\u00eda del IES Salvador Serrano y sala del AMPA (hasta el 14 de febrero)<\/span><\/strong><\/p>\n<hr>\n<h3 style=\"text-align: center\"><strong>Actividades Extraescolares y Complementarias AMPA (Curso 2018-2019)<\/strong><\/h3>\n<p style=\"text-align: center\"><a href=\"https:\/\/blogsaverroes.juntadeandalucia.es\/iessalvadorserrano\/files\/2018\/11\/Propuestas-curso-2018-2019.pdf\">Consulta la propuesta de Actividades AMPA en este enlace.<\/a><\/p>\n<h3 style=\"text-align: center\"><strong>Viaje Circo del Sol en M\u00e1laga (23 de Junio de 2018)<\/strong><\/h3>\n<p>El AMPA Jarea organiza un viaje al Circo del Sol en M\u00e1laga para el 23 de Junio:<\/p>\n<p><a href=\"https:\/\/blogsaverroes.juntadeandalucia.es\/iessalvadorserrano\/files\/2017\/09\/viajecircosol.png\"><img loading=\"lazy\" decoding=\"async\" class=\"alignnone size-full wp-image-3653\" src=\"https:\/\/blogsaverroes.juntadeandalucia.es\/iessalvadorserrano\/files\/2017\/09\/viajecircosol.png\" alt=\"\" width=\"1410\" height=\"740\" srcset=\"https:\/\/blogsaverroes.juntadeandalucia.es\/iessalvadorserrano\/files\/2017\/09\/viajecircosol.png 1410w, https:\/\/blogsaverroes.juntadeandalucia.es\/iessalvadorserrano\/files\/2017\/09\/viajecircosol-300x157.png 300w, https:\/\/blogsaverroes.juntadeandalucia.es\/iessalvadorserrano\/files\/2017\/09\/viajecircosol-768x403.png 768w, https:\/\/blogsaverroes.juntadeandalucia.es\/iessalvadorserrano\/files\/2017\/09\/viajecircosol-1024x537.png 1024w, https:\/\/blogsaverroes.juntadeandalucia.es\/iessalvadorserrano\/files\/2017\/09\/viajecircosol-24x13.png 24w, https:\/\/blogsaverroes.juntadeandalucia.es\/iessalvadorserrano\/files\/2017\/09\/viajecircosol-36x19.png 36w, https:\/\/blogsaverroes.juntadeandalucia.es\/iessalvadorserrano\/files\/2017\/09\/viajecircosol-48x25.png 48w\" sizes=\"(max-width: 1410px) 100vw, 1410px\" \/><\/a><\/p>\n<p style=\"text-align: center\"><a href=\"https:\/\/blogsaverroes.juntadeandalucia.es\/iessalvadorserrano\/files\/2017\/09\/viaje-al-circo-del-sol.pdf\">Consulta la informaci\u00f3n sobre el viaje aqu\u00ed<\/a><\/p>\n<hr>\n<h3 style=\"text-align: center\"><strong>Concurso de Periodismo Escolar<\/strong><\/h3>\n<p style=\"text-align: center\">La Asociaci\u00f3n de Madres y Padres de Alumnos del IES Salvador Serrano organiza un <strong>concurso de periodismo escolar<\/strong>:<a href=\"https:\/\/blogsaverroes.juntadeandalucia.es\/iessalvadorserrano\/files\/2018\/03\/Bases-concurso-de-periodismo.pdf\"><img loading=\"lazy\" decoding=\"async\" class=\"wp-image-3578 aligncenter\" src=\"https:\/\/blogsaverroes.juntadeandalucia.es\/iessalvadorserrano\/files\/2018\/03\/Cartel-concurso-periodismo.jpg\" alt=\"\" width=\"451\" height=\"337\" srcset=\"https:\/\/blogsaverroes.juntadeandalucia.es\/iessalvadorserrano\/files\/2018\/03\/Cartel-concurso-periodismo.jpg 1139w, https:\/\/blogsaverroes.juntadeandalucia.es\/iessalvadorserrano\/files\/2018\/03\/Cartel-concurso-periodismo-300x225.jpg 300w, https:\/\/blogsaverroes.juntadeandalucia.es\/iessalvadorserrano\/files\/2018\/03\/Cartel-concurso-periodismo-768x575.jpg 768w, https:\/\/blogsaverroes.juntadeandalucia.es\/iessalvadorserrano\/files\/2018\/03\/Cartel-concurso-periodismo-1024x767.jpg 1024w, https:\/\/blogsaverroes.juntadeandalucia.es\/iessalvadorserrano\/files\/2018\/03\/Cartel-concurso-periodismo-24x18.jpg 24w, https:\/\/blogsaverroes.juntadeandalucia.es\/iessalvadorserrano\/files\/2018\/03\/Cartel-concurso-periodismo-36x27.jpg 36w, https:\/\/blogsaverroes.juntadeandalucia.es\/iessalvadorserrano\/files\/2018\/03\/Cartel-concurso-periodismo-48x36.jpg 48w\" sizes=\"(max-width: 451px) 100vw, 451px\" \/><\/a><a href=\"https:\/\/blogsaverroes.juntadeandalucia.es\/iessalvadorserrano\/files\/2018\/03\/Bases-concurso-de-periodismo.pdf\">Consulta las Bases del Concurso aqu\u00ed<\/a><\/p>\n<hr>\n<h3 style=\"text-align: center\"><strong>I Taller de Igualdad<\/strong><\/h3>\n<p>El 9 de Marzo se celebr\u00f3 el<strong> I Taller de Igualdad<\/strong> organizado por el AMPA Jarea, con la participaci\u00f3n de alumnos\/as de 2\u00ba y 3\u00ba de ESO.<\/p>\n<table>\n<tbody>\n<tr>\n<td><a href=\"https:\/\/blogsaverroes.juntadeandalucia.es\/iessalvadorserrano\/files\/2018\/03\/tiAmpa2.jpg\"><img loading=\"lazy\" decoding=\"async\" class=\"wp-image-3561 alignleft\" src=\"https:\/\/blogsaverroes.juntadeandalucia.es\/iessalvadorserrano\/files\/2018\/03\/tiAmpa2.jpg\" alt=\"\" width=\"257\" height=\"146\" srcset=\"https:\/\/blogsaverroes.juntadeandalucia.es\/iessalvadorserrano\/files\/2018\/03\/tiAmpa2.jpg 1600w, https:\/\/blogsaverroes.juntadeandalucia.es\/iessalvadorserrano\/files\/2018\/03\/tiAmpa2-300x169.jpg 300w, https:\/\/blogsaverroes.juntadeandalucia.es\/iessalvadorserrano\/files\/2018\/03\/tiAmpa2-768x432.jpg 768w, https:\/\/blogsaverroes.juntadeandalucia.es\/iessalvadorserrano\/files\/2018\/03\/tiAmpa2-1024x576.jpg 1024w, https:\/\/blogsaverroes.juntadeandalucia.es\/iessalvadorserrano\/files\/2018\/03\/tiAmpa2-24x14.jpg 24w, https:\/\/blogsaverroes.juntadeandalucia.es\/iessalvadorserrano\/files\/2018\/03\/tiAmpa2-36x20.jpg 36w, https:\/\/blogsaverroes.juntadeandalucia.es\/iessalvadorserrano\/files\/2018\/03\/tiAmpa2-48x27.jpg 48w\" sizes=\"(max-width: 257px) 100vw, 257px\" \/><\/a><\/td>\n<td><img loading=\"lazy\" decoding=\"async\" class=\"wp-image-3560 alignleft\" src=\"https:\/\/blogsaverroes.juntadeandalucia.es\/iessalvadorserrano\/files\/2018\/03\/tiAmpa1.jpg\" alt=\"\" width=\"255\" height=\"144\" srcset=\"https:\/\/blogsaverroes.juntadeandalucia.es\/iessalvadorserrano\/files\/2018\/03\/tiAmpa1.jpg 1600w, https:\/\/blogsaverroes.juntadeandalucia.es\/iessalvadorserrano\/files\/2018\/03\/tiAmpa1-300x169.jpg 300w, https:\/\/blogsaverroes.juntadeandalucia.es\/iessalvadorserrano\/files\/2018\/03\/tiAmpa1-768x432.jpg 768w, https:\/\/blogsaverroes.juntadeandalucia.es\/iessalvadorserrano\/files\/2018\/03\/tiAmpa1-1024x576.jpg 1024w, https:\/\/blogsaverroes.juntadeandalucia.es\/iessalvadorserrano\/files\/2018\/03\/tiAmpa1-24x14.jpg 24w, https:\/\/blogsaverroes.juntadeandalucia.es\/iessalvadorserrano\/files\/2018\/03\/tiAmpa1-36x20.jpg 36w, https:\/\/blogsaverroes.juntadeandalucia.es\/iessalvadorserrano\/files\/2018\/03\/tiAmpa1-48x27.jpg 48w\" sizes=\"(max-width: 255px) 100vw, 255px\" \/><\/td>\n<\/tr>\n<tr>\n<td colspan=\"2\"><img loading=\"lazy\" decoding=\"async\" class=\"wp-image-3562 aligncenter\" src=\"https:\/\/blogsaverroes.juntadeandalucia.es\/iessalvadorserrano\/files\/2018\/03\/tiAmpa3.jpg\" alt=\"\" width=\"264\" height=\"149\" srcset=\"https:\/\/blogsaverroes.juntadeandalucia.es\/iessalvadorserrano\/files\/2018\/03\/tiAmpa3.jpg 1600w, https:\/\/blogsaverroes.juntadeandalucia.es\/iessalvadorserrano\/files\/2018\/03\/tiAmpa3-300x169.jpg 300w, https:\/\/blogsaverroes.juntadeandalucia.es\/iessalvadorserrano\/files\/2018\/03\/tiAmpa3-768x432.jpg 768w, https:\/\/blogsaverroes.juntadeandalucia.es\/iessalvadorserrano\/files\/2018\/03\/tiAmpa3-1024x576.jpg 1024w, https:\/\/blogsaverroes.juntadeandalucia.es\/iessalvadorserrano\/files\/2018\/03\/tiAmpa3-24x14.jpg 24w, https:\/\/blogsaverroes.juntadeandalucia.es\/iessalvadorserrano\/files\/2018\/03\/tiAmpa3-36x20.jpg 36w, https:\/\/blogsaverroes.juntadeandalucia.es\/iessalvadorserrano\/files\/2018\/03\/tiAmpa3-48x27.jpg 48w\" sizes=\"(max-width: 264px) 100vw, 264px\" \/><\/td>\n<\/tr>\n<\/tbody>\n<\/table><\/li><li class=\"tab-pane \" id=\"ert_pane1-1\"><p>El <strong>AMPA<\/strong> es una asociaci\u00f3n sin \u00e1nimo de lucro formada por los padres y madres de los alumnos del IES. Es un punto de encuentro y de trabajo independiente, abierto y plural.<\/p>\n<p><a href=\"https:\/\/blogsaverroes.juntadeandalucia.es\/iessalvadorserrano\/files\/2017\/09\/Jarea-transparente1.gif\"><img loading=\"lazy\" decoding=\"async\" class=\"size-full wp-image-2619 alignright\" src=\"https:\/\/blogsaverroes.juntadeandalucia.es\/iessalvadorserrano\/files\/2017\/09\/Jarea-transparente1.gif\" alt=\"\" width=\"200\" height=\"148\"><\/a><\/p>\n<p>Desde el AMPA podemos contribuir a la mejora de la calidad de la educaci\u00f3n, la convivencia del centro y de las instalaciones.<\/p>\n<p>En el IES Salvador Serrano existen espacios de participaci\u00f3n, siendo el <strong>AMPA Jarea<\/strong> el \u00fanico espacio de participaci\u00f3n aut\u00f3nomo de padres y madres. Se financia con las cuotas de los socios. El AMPA es importante porque:&nbsp;<\/p>\n<ul>\n<li>Somos corresponsables de la educaci\u00f3n que nuestros hijos\/as reciben.<\/li>\n<li>Es un espacio para aportar iniciativas y trabajar con la direcci\u00f3n del Centro, sin depender de esta.<\/li>\n<\/ul>\n<h3>\u00bfC\u00f3mo puedes participar?<\/h3>\n<p>Participar en el AMPA es muy f\u00e1cil y cada uno decide el nivel de implicaci\u00f3n.<\/p>\n<ul>\n<li>Podemos asociarnos en cualquier momento, aunque se entrega a las familias una ficha de inscripci\u00f3n con la matr\u00edcula en la que se indica la cuota anual por cada familia.<\/li>\n<li>Podemos tambi\u00e9n participar a trav\u00e9s de las asambleas, incorpor\u00e1ndote a las reuniones abiertas que se convoquen.<\/li>\n<li>Podemos colaborar en los diferentes grupos de trabajo o en actividades puntuales que se organizan desde el AMPA a lo largo del curso.<\/li>\n<li>Podemos proponer iniciativas, plantear temas de debate, organizar actividades, etc., dirigi\u00e9ndote a cualquier miembro de la junta directiva.<\/li>\n<\/ul>\n<h3>\u00bfPara qu\u00e9 sirve?<\/h3>\n<ul>\n<li>Para defender y velar por el derecho a una educaci\u00f3n de calidad, democr\u00e1tica, atendiendo a las necesidades de todo el alumnado.<\/li>\n<li>Para promover la participaci\u00f3n de padres y madres en la vida del centro, defendiendo los intereses del alumnado y de toda la comunidad educativa.<\/li>\n<li>Para buscar soluciones de forma colectiva a temas relacionados con la ense\u00f1anza y educaci\u00f3n de nuestros hijos\/as.<\/li>\n<li>Para crear espacios de encuentro y trabajo en el resto de la comunidad educativa y con el entorno.<\/li>\n<li>Para crear espacios de reflexi\u00f3n y participaci\u00f3n compartida sobre la educaci\u00f3n de nuestros hijos\/as.<\/li>\n<li>Para participar en la gesti\u00f3n del centro.<\/li>\n<\/ul>\n<h3>Junta Directiva:<\/h3>\n<h3>E-mail:<\/h3><\/li><\/ul><\/div><\/div>\n","protected":false},"excerpt":{"rendered":"","protected":false},"author":5046,"featured_media":0,"parent":0,"menu_order":0,"comment_status":"closed","ping_status":"closed","template":"","meta":{"ngg_post_thumbnail":0,"footnotes":"","_mc_calendar":[]},"aioseo_notices":[],"_links":{"self":[{"href":"https:\/\/blogsaverroes.juntadeandalucia.es\/iessalvadorserrano\/wp-json\/wp\/v2\/pages\/2578"}],"collection":[{"href":"https:\/\/blogsaverroes.juntadeandalucia.es\/iessalvadorserrano\/wp-json\/wp\/v2\/pages"}],"about":[{"href":"https:\/\/blogsaverroes.juntadeandalucia.es\/iessalvadorserrano\/wp-json\/wp\/v2\/types\/page"}],"author":[{"embeddable":true,"href":"https:\/\/blogsaverroes.juntadeandalucia.es\/iessalvadorserrano\/wp-json\/wp\/v2\/users\/5046"}],"replies":[{"embeddable":true,"href":"https:\/\/blogsaverroes.juntadeandalucia.es\/iessalvadorserrano\/wp-json\/wp\/v2\/comments?post=2578"}],"version-history":[{"count":22,"href":"https:\/\/blogsaverroes.juntadeandalucia.es\/iessalvadorserrano\/wp-json\/wp\/v2\/pages\/2578\/revisions"}],"predecessor-version":[{"id":7777,"href":"https:\/\/blogsaverroes.juntadeandalucia.es\/iessalvadorserrano\/wp-json\/wp\/v2\/pages\/2578\/revisions\/7777"}],"wp:attachment":[{"href":"https:\/\/blogsaverroes.juntadeandalucia.es\/iessalvadorserrano\/wp-json\/wp\/v2\/media?parent=2578"}],"curies":[{"name":"wp","href":"https:\/\/api.w.org\/{rel}","templated":true}]}}