{"id":2656,"date":"2017-09-10T19:39:32","date_gmt":"2017-09-10T19:39:32","guid":{"rendered":"https:\/\/blogsaverroes.juntadeandalucia.es\/iessalvadorserrano\/?page_id=2656"},"modified":"2017-11-16T21:07:00","modified_gmt":"2017-11-16T21:07:00","slug":"fp-basica","status":"publish","type":"page","link":"https:\/\/blogsaverroes.juntadeandalucia.es\/iessalvadorserrano\/fp-basica\/","title":{"rendered":"FP B\u00e1sica Servicios Administrativos"},"content":{"rendered":"<p style=\"text-align: center\"><a href=\"http:\/\/www.juntadeandalucia.es\/educacion\/portals\/web\/formacion-profesional-andaluza\/\"><img loading=\"lazy\" decoding=\"async\" class=\"alignnone size-full wp-image-2627\" src=\"https:\/\/blogsaverroes.juntadeandalucia.es\/iessalvadorserrano\/files\/2017\/09\/FP.jpg\" alt=\"\" width=\"295\" height=\"67\" srcset=\"https:\/\/blogsaverroes.juntadeandalucia.es\/iessalvadorserrano\/files\/2017\/09\/FP.jpg 295w, https:\/\/blogsaverroes.juntadeandalucia.es\/iessalvadorserrano\/files\/2017\/09\/FP-24x5.jpg 24w, https:\/\/blogsaverroes.juntadeandalucia.es\/iessalvadorserrano\/files\/2017\/09\/FP-36x8.jpg 36w, https:\/\/blogsaverroes.juntadeandalucia.es\/iessalvadorserrano\/files\/2017\/09\/FP-48x11.jpg 48w\" sizes=\"(max-width: 295px) 100vw, 295px\" \/><\/a><\/p>\n<p style=\"text-align: center\"><a href=\"http:\/\/www.juntadeandalucia.es\/educacion\/portals\/web\/formacion-profesional-andaluza\/\">Web de Formaci\u00f3n Profesional Andaluza<\/a><\/p>\n<p><strong>Enlaces de Informaci\u00f3n:<\/strong><\/p>\n<ul>\n<li><a href=\"http:\/\/www.juntadeandalucia.es\/educacion\/portals\/web\/formacion-profesional-andaluza\/fp-basica\/detalle-titulo?idTitulo=144\">Profesional B\u00e1sico de Servicios Administrativos (FPB).<\/a><\/li>\n<\/ul>\n<h3><strong>M\u00f3dulos Profesionales<\/strong><\/h3>\n<h4>Primero<\/h4>\n<table style=\"width: 576px\">\n<thead>\n<tr>\n<td style=\"width: 56px;background-color: #d8ecf2\"><strong>Cod.<\/strong><\/td>\n<td style=\"width: 56px;background-color: #d8ecf2\"><strong>M\u00f3dulo<\/strong><\/td>\n<td style=\"width: 56px;background-color: #d8ecf2\"><strong>H.SEM.<\/strong><\/td>\n<\/tr>\n<\/thead>\n<tbody>\n<tr>\n<td style=\"width: 56px\">3005<\/td>\n<td style=\"width: 386px\">Atenci\u00f3n al cliente.<\/td>\n<td style=\"width: 71px\">2<\/td>\n<\/tr>\n<tr>\n<td style=\"width: 56px\">3009<\/td>\n<td style=\"width: 386px\">Ciencias aplicadas I.<\/td>\n<td style=\"width: 71px\">5<\/td>\n<\/tr>\n<tr>\n<td style=\"width: 56px\">3011<\/td>\n<td style=\"width: 386px\">Comunicaci\u00f3n y sociedad I.<\/td>\n<td style=\"width: 71px\">8<\/td>\n<\/tr>\n<tr>\n<td style=\"width: 56px\">3003<\/td>\n<td style=\"width: 386px\">T\u00e9cnicas administrativas b\u00e1sicas.<\/td>\n<td style=\"width: 71px\">7<\/td>\n<\/tr>\n<tr>\n<td style=\"width: 56px\">3001<\/td>\n<td style=\"width: 386px\">Tratamiento inform\u00e1tico de datos.<\/td>\n<td style=\"width: 71px\">7<\/td>\n<\/tr>\n<tr>\n<td style=\"width: 56px\">9997<\/td>\n<td style=\"width: 386px\">Tutor\u00eda FPB 1\u00ba<\/td>\n<td style=\"width: 71px\">1<\/td>\n<\/tr>\n<\/tbody>\n<\/table>\n<h4>Segundo<\/h4>\n<table style=\"width: 575px\">\n<thead>\n<tr>\n<td style=\"width: 57px;background-color: #d8ecf2\"><strong>Cod.<\/strong><\/td>\n<td style=\"width: 57px;background-color: #d8ecf2\"><strong>M\u00f3dulo<\/strong><\/td>\n<td style=\"width: 57px;background-color: #d8ecf2\"><strong>H.SEM.<\/strong><\/td>\n<\/tr>\n<\/thead>\n<tbody>\n<tr>\n<td style=\"width: 57px\">3002<\/td>\n<td style=\"width: 386.5px\">Aplicaciones b\u00e1sicas de ofim\u00e1tica.<\/td>\n<td style=\"width: 69.5px\">7<\/td>\n<\/tr>\n<tr>\n<td style=\"width: 57px\">3004<\/td>\n<td style=\"width: 386.5px\">Archivo y comunicaci\u00f3n.<\/td>\n<td style=\"width: 69.5px\">5<\/td>\n<\/tr>\n<tr>\n<td style=\"width: 57px\">3010<\/td>\n<td style=\"width: 386.5px\">Ciencias aplicadas II.<\/td>\n<td style=\"width: 69.5px\">5<\/td>\n<\/tr>\n<tr>\n<td style=\"width: 57px\">3012<\/td>\n<td style=\"width: 386.5px\">Comunicaci\u00f3n y sociedad II.<\/td>\n<td style=\"width: 69.5px\">7<\/td>\n<\/tr>\n<tr>\n<td style=\"width: 57px\">3008<\/td>\n<td style=\"width: 386.5px\">Formaci\u00f3n en centros de trabajo.<\/td>\n<td style=\"width: 69.5px\">0<\/td>\n<\/tr>\n<tr>\n<td style=\"width: 57px\">3006<\/td>\n<td style=\"width: 386.5px\">Preparaci\u00f3n de pedidos y venta de productos.<\/td>\n<td style=\"width: 69.5px\">4<\/td>\n<\/tr>\n<tr>\n<td style=\"width: 57px\">9998<\/td>\n<td style=\"width: 386.5px\">Tutor\u00eda FBP 2\u00ba<\/td>\n<td style=\"width: 69.5px\">1<\/td>\n<\/tr>\n<tr>\n<td style=\"width: 57px\">9999<\/td>\n<td style=\"width: 386.5px\">U.F. Prevenci\u00f3n FPB<\/td>\n<td style=\"width: 69.5px\">1<\/td>\n<\/tr>\n<\/tbody>\n<\/table>\n","protected":false},"excerpt":{"rendered":"<p>Web de Formaci\u00f3n Profesional Andaluza Enlaces de Informaci\u00f3n: Profesional B\u00e1sico de Servicios Administrativos (FPB). M\u00f3dulos Profesionales Primero Cod. M\u00f3dulo H.SEM. 3005 Atenci\u00f3n al cliente. 2&hellip;<\/p>\n","protected":false},"author":5046,"featured_media":0,"parent":0,"menu_order":0,"comment_status":"closed","ping_status":"closed","template":"","meta":{"ngg_post_thumbnail":0,"footnotes":"","_mc_calendar":[]},"aioseo_notices":[],"_links":{"self":[{"href":"https:\/\/blogsaverroes.juntadeandalucia.es\/iessalvadorserrano\/wp-json\/wp\/v2\/pages\/2656"}],"collection":[{"href":"https:\/\/blogsaverroes.juntadeandalucia.es\/iessalvadorserrano\/wp-json\/wp\/v2\/pages"}],"about":[{"href":"https:\/\/blogsaverroes.juntadeandalucia.es\/iessalvadorserrano\/wp-json\/wp\/v2\/types\/page"}],"author":[{"embeddable":true,"href":"https:\/\/blogsaverroes.juntadeandalucia.es\/iessalvadorserrano\/wp-json\/wp\/v2\/users\/5046"}],"replies":[{"embeddable":true,"href":"https:\/\/blogsaverroes.juntadeandalucia.es\/iessalvadorserrano\/wp-json\/wp\/v2\/comments?post=2656"}],"version-history":[{"count":3,"href":"https:\/\/blogsaverroes.juntadeandalucia.es\/iessalvadorserrano\/wp-json\/wp\/v2\/pages\/2656\/revisions"}],"predecessor-version":[{"id":3247,"href":"https:\/\/blogsaverroes.juntadeandalucia.es\/iessalvadorserrano\/wp-json\/wp\/v2\/pages\/2656\/revisions\/3247"}],"wp:attachment":[{"href":"https:\/\/blogsaverroes.juntadeandalucia.es\/iessalvadorserrano\/wp-json\/wp\/v2\/media?parent=2656"}],"curies":[{"name":"wp","href":"https:\/\/api.w.org\/{rel}","templated":true}]}}