{"id":2658,"date":"2017-09-10T19:39:32","date_gmt":"2017-09-10T19:39:32","guid":{"rendered":"https:\/\/blogsaverroes.juntadeandalucia.es\/iessalvadorserrano\/?page_id=2658"},"modified":"2020-11-01T11:18:31","modified_gmt":"2020-11-01T11:18:31","slug":"ensenanza-secundaria-personas-adultas","status":"publish","type":"page","link":"https:\/\/blogsaverroes.juntadeandalucia.es\/iessalvadorserrano\/ensenanza-secundaria-personas-adultas\/","title":{"rendered":"Ense\u00f1anza Secundaria Personas Adultas"},"content":{"rendered":"<h2>ESPA Semipresencial<\/h2>\n<p style=\"text-align: center\"><a href=\"https:\/\/blogsaverroes.juntadeandalucia.es\/iessalvadorserrano\/educacion-para-personas-adultas\/\"><img loading=\"lazy\" decoding=\"async\" class=\"size-full wp-image-4574 aligncenter\" src=\"https:\/\/blogsaverroes.juntadeandalucia.es\/iessalvadorserrano\/files\/2019\/03\/logoadultos.png\" alt=\"\" width=\"460\" height=\"99\" srcset=\"https:\/\/blogsaverroes.juntadeandalucia.es\/iessalvadorserrano\/files\/2019\/03\/logoadultos.png 460w, https:\/\/blogsaverroes.juntadeandalucia.es\/iessalvadorserrano\/files\/2019\/03\/logoadultos-300x65.png 300w, https:\/\/blogsaverroes.juntadeandalucia.es\/iessalvadorserrano\/files\/2019\/03\/logoadultos-24x5.png 24w, https:\/\/blogsaverroes.juntadeandalucia.es\/iessalvadorserrano\/files\/2019\/03\/logoadultos-36x8.png 36w, https:\/\/blogsaverroes.juntadeandalucia.es\/iessalvadorserrano\/files\/2019\/03\/logoadultos-48x10.png 48w\" sizes=\"(max-width: 460px) 100vw, 460px\" \/><\/a><a href=\"https:\/\/blogsaverroes.juntadeandalucia.es\/iessalvadorserrano\/educacion-para-personas-adultas\/\">Enlace a la web de la ESPA<\/a><\/p>\n<h5 style=\"text-align: center\"><span style=\"color: #993366\"><strong>Accede a la web de la ESPA para informarte sobre programaciones, novedades y otras noticias relacionadas con esta ense\u00f1anza.<\/strong><\/span><\/h5>\n<p><a href=\"http:\/\/www.juntadeandalucia.es\/educacion\/portals\/abaco-portlet\/content\/bb325859-18f8-4735-a7bd-e7ce734929bf\">Enlace a la normativa&nbsp;(Curr\u00edculo de la Ense\u00f1anza Secundaria para Personas Adultas)<\/a><\/p>\n<table style=\"width: 83.4528%;height: 444px\">\n<tbody>\n<tr style=\"height: 44px\">\n<td style=\"width: 201px;height: 44px;background-color: #d8ecf2;text-align: center\"><strong>\u00c1mbitos o materias<\/strong><\/td>\n<td style=\"width: 201px;height: 44px;background-color: #d8ecf2;text-align: center\"><strong>Niveles<\/strong><\/td>\n<td style=\"width: 201px;height: 44px;background-color: #d8ecf2;text-align: center\"><strong>M\u00f3dulos trimestrales<\/strong><\/td>\n<td style=\"width: 201px;height: 44px;background-color: #d8ecf2;text-align: center\"><strong>Horas Sem.<\/strong><\/td>\n<\/tr>\n<tr style=\"height: 22px\">\n<td style=\"width: 201px;height: 129px;text-align: center\" rowspan=\"6\"><strong>\u00c1mbito Cient\u00edfico Tecnol\u00f3gico<\/strong><\/td>\n<td style=\"width: 71px;height: 66px\" rowspan=\"3\">\n<p style=\"text-align: center\">Nivel I<\/p>\n<\/td>\n<td style=\"width: 85px;height: 22px;text-align: center\">M\u00f3dulo I<\/td>\n<td style=\"width: 107px;height: 129px\" rowspan=\"6\">\n<p style=\"text-align: center\"><strong>3 presenciales<\/strong><\/p>\n<p style=\"text-align: center\"><strong>+<\/strong><\/p>\n<p style=\"text-align: center\"><strong>5 telem\u00e1ticas<\/strong><\/p>\n<\/td>\n<\/tr>\n<tr style=\"height: 22px\">\n<td style=\"width: 85px;height: 22px;text-align: center\">M\u00f3dulo II<\/td>\n<\/tr>\n<tr style=\"height: 22px\">\n<td style=\"width: 85px;height: 22px;text-align: center\">M\u00f3dulo III<\/td>\n<\/tr>\n<tr style=\"height: 22px\">\n<td style=\"width: 71px;height: 63px\" rowspan=\"3\">\n<p style=\"text-align: center\">Nivel II<\/p>\n<\/td>\n<td style=\"width: 85px;height: 22px;text-align: center\">M\u00f3dulo IV<\/td>\n<\/tr>\n<tr style=\"height: 19px\">\n<td style=\"width: 85px;height: 19px;text-align: center\">M\u00f3dulo V<\/td>\n<\/tr>\n<tr style=\"height: 22px\">\n<td style=\"width: 85px;height: 22px;text-align: center\">M\u00f3dulo VI<\/td>\n<\/tr>\n<tr style=\"height: 22px\">\n<td style=\"width: 201px;height: 132px;text-align: center\" rowspan=\"6\"><strong>\u00c1mbito &nbsp;de Comunicaci\u00f3n<\/strong><\/td>\n<td style=\"width: 71px;height: 66px\" rowspan=\"3\">\n<p style=\"text-align: center\">Nivel I<\/p>\n<\/td>\n<td style=\"width: 85px;height: 22px;text-align: center\">M\u00f3dulo I<\/td>\n<td style=\"width: 107px;height: 132px\" rowspan=\"6\">\n<p style=\"text-align: center\"><strong>3 presenciales<\/strong><\/p>\n<p style=\"text-align: center\"><strong>+<\/strong><\/p>\n<p style=\"text-align: center\"><strong>4 telem\u00e1ticas<\/strong><\/p>\n<\/td>\n<\/tr>\n<tr style=\"height: 22px\">\n<td style=\"width: 85px;height: 22px;text-align: center\">M\u00f3dulo II<\/td>\n<\/tr>\n<tr style=\"height: 22px\">\n<td style=\"width: 85px;height: 22px;text-align: center\">M\u00f3dulo III<\/td>\n<\/tr>\n<tr style=\"height: 22px\">\n<td style=\"width: 71px;height: 66px\" rowspan=\"3\">\n<p style=\"text-align: center\">Nivel II<\/p>\n<\/td>\n<td style=\"width: 85px;height: 22px;text-align: center\">M\u00f3dulo IV<\/td>\n<\/tr>\n<tr style=\"height: 22px\">\n<td style=\"width: 85px;height: 22px;text-align: center\">M\u00f3dulo V<\/td>\n<\/tr>\n<tr style=\"height: 22px\">\n<td style=\"width: 85px;height: 22px;text-align: center\">M\u00f3dulo VI<\/td>\n<\/tr>\n<tr style=\"height: 22px\">\n<td style=\"width: 201px;height: 139px;text-align: center\" rowspan=\"6\"><strong>\u00c1mbito Social<\/strong><\/td>\n<td style=\"width: 71px;height: 66px\" rowspan=\"3\">\n<p style=\"text-align: center\">Nivel I<\/p>\n<\/td>\n<td style=\"width: 85px;height: 22px;text-align: center\">M\u00f3dulo I<\/td>\n<td style=\"width: 107px;height: 139px\" rowspan=\"6\">\n<p style=\"text-align: center\"><strong>2 presenciales<\/strong><\/p>\n<p style=\"text-align: center\"><strong>+<\/strong><\/p>\n<p style=\"text-align: center\"><strong>3 telem\u00e1ticas<\/strong><\/p>\n<\/td>\n<\/tr>\n<tr style=\"height: 22px\">\n<td style=\"width: 85px;height: 22px;text-align: center\">M\u00f3dulo II<\/td>\n<\/tr>\n<tr style=\"height: 22px\">\n<td style=\"width: 85px;height: 22px;text-align: center\">M\u00f3dulo III<\/td>\n<\/tr>\n<tr style=\"height: 29px\">\n<td style=\"width: 71px;height: 73px\" rowspan=\"3\">\n<p style=\"text-align: center\">Nivel II<\/p>\n<\/td>\n<td style=\"width: 85px;height: 29px;text-align: center\">M\u00f3dulo IV<\/td>\n<\/tr>\n<tr style=\"height: 22px\">\n<td style=\"width: 85px;height: 22px;text-align: center\">M\u00f3dulo V<\/td>\n<\/tr>\n<tr style=\"height: 22px\">\n<td style=\"width: 85px;height: 22px;text-align: center\">M\u00f3dulo VI<\/td>\n<\/tr>\n<\/tbody>\n<\/table>\n<p>&nbsp;<\/p>\n","protected":false},"excerpt":{"rendered":"<p>ESPA Semipresencial Enlace a la web de la ESPA Accede a la web de la ESPA para informarte sobre programaciones, novedades y otras noticias relacionadas&hellip;<\/p>\n","protected":false},"author":5046,"featured_media":0,"parent":0,"menu_order":0,"comment_status":"closed","ping_status":"closed","template":"","meta":{"ngg_post_thumbnail":0,"footnotes":"","_mc_calendar":[]},"aioseo_notices":[],"_links":{"self":[{"href":"https:\/\/blogsaverroes.juntadeandalucia.es\/iessalvadorserrano\/wp-json\/wp\/v2\/pages\/2658"}],"collection":[{"href":"https:\/\/blogsaverroes.juntadeandalucia.es\/iessalvadorserrano\/wp-json\/wp\/v2\/pages"}],"about":[{"href":"https:\/\/blogsaverroes.juntadeandalucia.es\/iessalvadorserrano\/wp-json\/wp\/v2\/types\/page"}],"author":[{"embeddable":true,"href":"https:\/\/blogsaverroes.juntadeandalucia.es\/iessalvadorserrano\/wp-json\/wp\/v2\/users\/5046"}],"replies":[{"embeddable":true,"href":"https:\/\/blogsaverroes.juntadeandalucia.es\/iessalvadorserrano\/wp-json\/wp\/v2\/comments?post=2658"}],"version-history":[{"count":16,"href":"https:\/\/blogsaverroes.juntadeandalucia.es\/iessalvadorserrano\/wp-json\/wp\/v2\/pages\/2658\/revisions"}],"predecessor-version":[{"id":6363,"href":"https:\/\/blogsaverroes.juntadeandalucia.es\/iessalvadorserrano\/wp-json\/wp\/v2\/pages\/2658\/revisions\/6363"}],"wp:attachment":[{"href":"https:\/\/blogsaverroes.juntadeandalucia.es\/iessalvadorserrano\/wp-json\/wp\/v2\/media?parent=2658"}],"curies":[{"name":"wp","href":"https:\/\/api.w.org\/{rel}","templated":true}]}}