{"id":2668,"date":"2017-09-10T19:45:19","date_gmt":"2017-09-10T19:45:19","guid":{"rendered":"https:\/\/blogsaverroes.juntadeandalucia.es\/iessalvadorserrano\/?page_id=2668"},"modified":"2025-09-22T19:17:20","modified_gmt":"2025-09-22T19:17:20","slug":"tutorias","status":"publish","type":"page","link":"https:\/\/blogsaverroes.juntadeandalucia.es\/iessalvadorserrano\/tutorias\/","title":{"rendered":"Tutor\u00edas"},"content":{"rendered":"<table style=\"width: 94.2795%\" border=\"1\">\n<tbody>\n<tr>\n<td style=\"border-color: #ffffff;text-align: center;vertical-align: middle;background-color: #15234d;width: 100%\"><strong><span style=\"color: #ffffff\">IES SALVADOR SERRANO &#8211; CURSO 2024 \/ 2025<\/span><\/strong><\/p>\n<p><strong><span style=\"color: #ffffff\">PROFESORADO TUTOR<\/span><\/strong><\/td>\n<\/tr>\n<\/tbody>\n<\/table>\n<table style=\"height: 751px;width: 94.0494%\" border=\"1\" width=\"94.0494%\" cellspacing=\"0\" cellpadding=\"7\" bgcolor=\"#deeaf6\">\n<colgroup>\n<col width=\"164\">\n<col width=\"372\"> <\/colgroup>\n<tbody>\n<tr style=\"height: 56px\" valign=\"top\">\n<td style=\"height: 28px;width: 24.981%;border-color: #000000;background-color: #b6d2f2;text-align: center\" bgcolor=\"#5b9bd5\" width=\"164\"><span style=\"color: #333333\"><span style=\"font-family: Calibri, serif\"><span style=\"font-size: medium\"><b>GRUPO<\/b><\/span><\/span><\/span><\/td>\n<td style=\"height: 28px;width: 87.6692%;border-color: #000000;background-color: #b6d2f2;text-align: center\" bgcolor=\"#5b9bd5\" width=\"372\"><span style=\"color: #333333\"><span style=\"font-family: Calibri, serif\"><span style=\"font-size: medium\"><b>TUTOR<\/b><\/span><\/span><\/span><\/td>\n<\/tr>\n<tr style=\"height: 56px\">\n<td style=\"vertical-align: middle;height: 25px;width: 24.981%;border-color: #000000;background-color: #ffffff;text-align: center\" bgcolor=\"#5b9bd5\" width=\"164\">AULA ESPEC\u00cdFICA<\/td>\n<td style=\"vertical-align: middle;height: 25px;width: 87.6692%;border-color: #000000;background-color: #ffffff;text-align: center\" bgcolor=\"#bdd6ee\" width=\"372\">Gonz\u00e1lez Gonz\u00e1lez, Santiago (PT)<\/td>\n<\/tr>\n<tr style=\"height: 56px\">\n<td style=\"vertical-align: middle;height: 28px;width: 24.981%;border-color: #000000;background-color: #ffffff;text-align: center\" bgcolor=\"#5b9bd5\" width=\"164\">AULA TEA<\/td>\n<td style=\"vertical-align: middle;height: 28px;width: 87.6692%;border-color: #000000;background-color: #ffffff;text-align: center\" bgcolor=\"#deeaf6\" width=\"372\">L\u00f3pez Parrilla, Laura (PT)<\/td>\n<\/tr>\n<tr style=\"height: 56px\">\n<td style=\"vertical-align: middle;height: 28px;width: 24.981%;border-color: #000000;background-color: #ffffff;text-align: center\" bgcolor=\"#5b9bd5\" width=\"164\">1\u00ba ESO A<\/td>\n<td style=\"vertical-align: middle;height: 28px;width: 87.6692%;border-color: #000000;background-color: #ffffff;text-align: center\" bgcolor=\"#bdd6ee\" width=\"372\">Rodr\u00edguez Heredia, Manuel Guillermo (EF)<\/td>\n<\/tr>\n<tr style=\"height: 56px\">\n<td style=\"vertical-align: middle;height: 28px;width: 24.981%;border-color: #000000;background-color: #ffffff;text-align: center\" bgcolor=\"#5b9bd5\" width=\"164\">1\u00ba ESO B<\/td>\n<td style=\"vertical-align: middle;height: 28px;width: 87.6692%;border-color: #000000;background-color: #ffffff;text-align: center\" bgcolor=\"#deeaf6\" width=\"372\">Pel\u00e1ez Barrios, Eva Mar\u00eda (EF)<\/td>\n<\/tr>\n<tr style=\"height: 56px\">\n<td style=\"vertical-align: middle;height: 29px;width: 24.981%;border-color: #000000;background-color: #ffffff;text-align: center\" bgcolor=\"#5b9bd5\" width=\"164\">1\u00ba ESO C<\/td>\n<td style=\"vertical-align: middle;height: 29px;width: 87.6692%;border-color: #000000;background-color: #ffffff;text-align: center\" bgcolor=\"#bdd6ee\" width=\"372\">L\u00f3pez Rodr\u00edguez, Mar\u00eda Luisa (EPVA)<\/td>\n<\/tr>\n<tr style=\"height: 56px\">\n<td style=\"vertical-align: middle;height: 25px;width: 24.981%;border-color: #000000;background-color: #ffffff;text-align: center\" bgcolor=\"#5b9bd5\" width=\"164\">1\u00ba ESO D<\/td>\n<td style=\"vertical-align: middle;height: 25px;width: 87.6692%;border-color: #000000;background-color: #ffffff;text-align: center\" bgcolor=\"#deeaf6\" width=\"372\">Exp\u00f3sito Mart\u00ednez, Javier (EF)<\/td>\n<\/tr>\n<tr style=\"height: 56px\">\n<td style=\"vertical-align: middle;height: 26px;width: 24.981%;border-color: #000000;background-color: #ffffff;text-align: center\" bgcolor=\"#5b9bd5\" width=\"164\">2\u00ba ESO A<\/td>\n<td style=\"vertical-align: middle;height: 26px;width: 87.6692%;border-color: #000000;background-color: #ffffff;text-align: center\" bgcolor=\"#bdd6ee\" width=\"372\">Uceda Va\u00f1\u00f3, F\u00e1tima (LEN)<\/td>\n<\/tr>\n<tr style=\"height: 56px\">\n<td style=\"vertical-align: middle;height: 26px;width: 24.981%;border-color: #000000;background-color: #ffffff;text-align: center\" bgcolor=\"#5b9bd5\" width=\"164\">2\u00ba ESO B<\/td>\n<td style=\"vertical-align: middle;height: 26px;width: 87.6692%;border-color: #000000;background-color: #ffffff;text-align: center\" bgcolor=\"#deeaf6\" width=\"372\">S\u00e1nchez Osuna, Guadalupe (MAT)<\/td>\n<\/tr>\n<tr style=\"height: 56px\">\n<td style=\"vertical-align: middle;height: 28px;width: 24.981%;border-color: #000000;background-color: #ffffff;text-align: center\" bgcolor=\"#5b9bd5\" width=\"164\">2\u00ba ESO C<\/td>\n<td style=\"vertical-align: middle;height: 28px;width: 87.6692%;border-color: #000000;background-color: #ffffff;text-align: center\" bgcolor=\"#bdd6ee\" width=\"372\">Anguita Ja\u00e9n, Mar\u00eda Luisa (LEN)<\/td>\n<\/tr>\n<tr style=\"height: 24px\">\n<td style=\"vertical-align: middle;width: 24.981%;border-color: #000000;background-color: #ffffff;text-align: center;height: 24px\" bgcolor=\"#5b9bd5\">3\u00ba ESO A<\/td>\n<td style=\"vertical-align: middle;width: 87.6692%;border-color: #000000;background-color: #ffffff;text-align: center;height: 24px\">Baca Lara, Alejandro (MAT)<\/td>\n<\/tr>\n<tr style=\"height: 56px\">\n<td style=\"vertical-align: middle;height: 25px;width: 24.981%;border-color: #000000;background-color: #ffffff;text-align: center\" bgcolor=\"#5b9bd5\" width=\"164\">3\u00ba ESO B<\/td>\n<td style=\"vertical-align: middle;height: 25px;width: 87.6692%;border-color: #000000;background-color: #ffffff;text-align: center\" bgcolor=\"#deeaf6\" width=\"372\">Ruiz Hermoso, Beatriz (TEC)<\/td>\n<\/tr>\n<tr style=\"height: 56px\">\n<td style=\"vertical-align: middle;height: 22px;width: 24.981%;border-color: #000000;background-color: #ffffff;text-align: center\" bgcolor=\"#5b9bd5\" width=\"164\">3\u00ba ESO C<\/td>\n<td style=\"vertical-align: middle;height: 22px;width: 87.6692%;border-color: #000000;background-color: #ffffff;text-align: center\" bgcolor=\"#bdd6ee\" width=\"372\">Calvache Castillo, Ana (TEC)<\/td>\n<\/tr>\n<tr style=\"height: 56px\">\n<td style=\"vertical-align: middle;height: 24px;width: 24.981%;border-color: #000000;background-color: #ffffff;text-align: center\" bgcolor=\"#5b9bd5\" width=\"164\">4\u00ba ESO A<\/td>\n<td style=\"vertical-align: middle;height: 24px;width: 87.6692%;border-color: #000000;background-color: #ffffff;text-align: center\" bgcolor=\"#deeaf6\" width=\"372\">Chica Cobo, David (MAT)<\/td>\n<\/tr>\n<tr style=\"height: 56px\">\n<td style=\"vertical-align: middle;height: 10px;width: 24.981%;border-color: #000000;background-color: #ffffff;text-align: center\" bgcolor=\"#5b9bd5\" width=\"164\">4\u00ba ESO B<\/td>\n<td style=\"vertical-align: middle;height: 10px;width: 87.6692%;border-color: #000000;background-color: #ffffff;text-align: center\" bgcolor=\"#bdd6ee\" width=\"372\">L\u00f3pez Mu\u00f1oz, Juan Pedro (GH)<\/td>\n<\/tr>\n<tr style=\"height: 56px\">\n<td style=\"vertical-align: middle;height: 22px;width: 24.981%;border-color: #000000;background-color: #ffffff;text-align: center\" bgcolor=\"#5b9bd5\" width=\"164\">4\u00ba ESO C<\/td>\n<td style=\"vertical-align: middle;height: 22px;width: 87.6692%;border-color: #000000;background-color: #ffffff;text-align: center\" bgcolor=\"#deeaf6\" width=\"372\">Ruiz D\u00edaz, Silvia (LEN)<\/td>\n<\/tr>\n<tr style=\"height: 56px\">\n<td style=\"vertical-align: middle;height: 10px;width: 24.981%;border-color: #000000;background-color: #ffffff;text-align: center\" bgcolor=\"#5b9bd5\" width=\"164\">1\u00ba BACHILLERATO A<\/td>\n<td style=\"vertical-align: middle;height: 10px;width: 87.6692%;border-color: #000000;background-color: #ffffff;text-align: center\" bgcolor=\"#bdd6ee\" width=\"372\">Contreras Garc\u00eda, Ana Mar\u00eda (LEN)<\/td>\n<\/tr>\n<tr style=\"height: 56px\">\n<td style=\"vertical-align: middle;height: 10px;width: 24.981%;border-color: #000000;background-color: #ffffff;text-align: center\" bgcolor=\"#5b9bd5\" width=\"164\">1\u00ba BACHILLERATO B<\/td>\n<td style=\"vertical-align: middle;height: 10px;width: 87.6692%;border-color: #000000;background-color: #ffffff;text-align: center\" bgcolor=\"#deeaf6\" width=\"372\">Quijada Olivencia, Caridad (ING)<\/td>\n<\/tr>\n<tr style=\"height: 56px\">\n<td style=\"vertical-align: middle;height: 24px;width: 24.981%;border-color: #000000;background-color: #ffffff;text-align: center\" bgcolor=\"#5b9bd5\" width=\"164\">2\u00ba BACHILLERATO A<\/td>\n<td style=\"vertical-align: middle;height: 24px;width: 87.6692%;border-color: #000000;background-color: #ffffff;text-align: center\" bgcolor=\"#bdd6ee\" width=\"372\">P\u00e9rez P\u00e9rez, Joaqu\u00edn (GH)<\/td>\n<\/tr>\n<tr style=\"height: 56px\">\n<td style=\"vertical-align: middle;height: 25px;width: 24.981%;border-color: #000000;background-color: #ffffff;text-align: center\" bgcolor=\"#5b9bd5\" width=\"164\">2\u00ba BACHILLERATO B<\/td>\n<td style=\"vertical-align: middle;height: 25px;width: 87.6692%;border-color: #000000;background-color: #ffffff;text-align: center\" bgcolor=\"#deeaf6\" width=\"372\">Molina Barranco, Alba Mar\u00eda (ING)<\/td>\n<\/tr>\n<tr style=\"height: 56px\">\n<td style=\"vertical-align: middle;height: 25px;width: 24.981%;border-color: #000000;background-color: #ffffff;text-align: center\" bgcolor=\"#5b9bd5\" width=\"164\">1\u00ba GM ADMINISTRACI\u00d3N<\/td>\n<td style=\"vertical-align: middle;height: 25px;width: 87.6692%;border-color: #000000;background-color: #ffffff;text-align: center\" bgcolor=\"#bdd6ee\" width=\"372\">Mingorance Rufi\u00e1n, Mar\u00eda Jos\u00e9 (ADM)<\/td>\n<\/tr>\n<tr style=\"height: 56px\">\n<td style=\"vertical-align: middle;height: 25px;width: 24.981%;border-color: #000000;background-color: #ffffff;text-align: center\" bgcolor=\"#5b9bd5\" width=\"164\">2\u00ba GM ADMINISTRACI\u00d3N<\/td>\n<td style=\"vertical-align: middle;height: 25px;width: 87.6692%;border-color: #000000;background-color: #ffffff;text-align: center\" bgcolor=\"#deeaf6\" width=\"372\">S\u00e1nchez Aranda, Elena (ADM)<\/td>\n<\/tr>\n<tr style=\"height: 56px\">\n<td style=\"vertical-align: middle;height: 23px;width: 24.981%;border-color: #000000;background-color: #ffffff;text-align: center\" bgcolor=\"#5b9bd5\" width=\"164\">1\u00ba GS ADMINISTRACI\u00d3N<\/td>\n<td style=\"vertical-align: middle;height: 23px;width: 87.6692%;border-color: #000000;background-color: #ffffff;text-align: center\" bgcolor=\"#bdd6ee\" width=\"372\">Lara Castillo, F\u00e1tima (ADM)<\/td>\n<\/tr>\n<tr style=\"height: 56px\">\n<td style=\"vertical-align: middle;height: 10px;width: 24.981%;border-color: #000000;background-color: #ffffff;text-align: center\" bgcolor=\"#5b9bd5\" width=\"164\">2\u00ba GS ADMINISTRACI\u00d3N<\/td>\n<td style=\"vertical-align: middle;height: 10px;width: 87.6692%;border-color: #000000;background-color: #ffffff;text-align: center\" bgcolor=\"#deeaf6\" width=\"372\">G\u00f3mez Zafra, Francisco (ADM)<\/td>\n<\/tr>\n<tr style=\"height: 56px\">\n<td style=\"vertical-align: middle;height: 28px;width: 24.981%;border-color: #000000;background-color: #ffffff;text-align: center\" bgcolor=\"#5b9bd5\" width=\"164\">1\u00ba GM ELECTRICIDAD<\/td>\n<td style=\"vertical-align: middle;height: 28px;width: 87.6692%;border-color: #000000;background-color: #ffffff;text-align: center\" bgcolor=\"#bdd6ee\" width=\"372\">Serrano Ortega, Jos\u00e9 Mar\u00eda (ELE)<\/td>\n<\/tr>\n<tr style=\"height: 56px\">\n<td style=\"vertical-align: middle;height: 22px;width: 24.981%;border-color: #000000;background-color: #ffffff;text-align: center\" bgcolor=\"#5b9bd5\" width=\"164\">2\u00ba GM ELECTRICIDAD<\/td>\n<td style=\"vertical-align: middle;height: 22px;width: 87.6692%;border-color: #000000;background-color: #ffffff;text-align: center\" bgcolor=\"#deeaf6\" width=\"372\">Chica Marchal, Juan Pedro (ELE)<\/td>\n<\/tr>\n<tr style=\"height: 56px\">\n<td style=\"vertical-align: middle;height: 28px;width: 24.981%;border-color: #000000;background-color: #ffffff;text-align: center\" bgcolor=\"#5b9bd5\" width=\"164\">1\u00ba GS ELECTRICIDAD<\/td>\n<td style=\"vertical-align: middle;height: 28px;width: 87.6692%;border-color: #000000;background-color: #ffffff;text-align: center\" bgcolor=\"#bdd6ee\" width=\"372\">Vidal Rom\u00e1n, Marta (ELE)<\/td>\n<\/tr>\n<tr style=\"height: 56px\">\n<td style=\"vertical-align: middle;height: 25px;width: 24.981%;border-color: #000000;background-color: #ffffff;text-align: center\" bgcolor=\"#5b9bd5\" width=\"164\">2\u00ba GS ELECTRICIDAD<\/td>\n<td style=\"vertical-align: middle;height: 25px;width: 87.6692%;border-color: #000000;background-color: #ffffff;text-align: center\" bgcolor=\"#deeaf6\" width=\"372\">Jim\u00e9nez P\u00e9rez, Jaime (ELE)<\/td>\n<\/tr>\n<tr style=\"height: 56px\">\n<td style=\"vertical-align: middle;height: 25px;width: 24.981%;border-color: #000000;background-color: #ffffff;text-align: center\" bgcolor=\"#5b9bd5\" width=\"164\">1\u00ba CFGB<\/td>\n<td style=\"vertical-align: middle;height: 25px;width: 87.6692%;border-color: #000000;background-color: #ffffff;text-align: center\" bgcolor=\"#bdd6ee\" width=\"372\">Porras Delgado, Mar\u00eda Juana (ADM)<\/td>\n<\/tr>\n<tr style=\"height: 56px\">\n<td style=\"vertical-align: middle;height: 24px;width: 24.981%;border-color: #000000;background-color: #ffffff;text-align: center\" bgcolor=\"#5b9bd5\" width=\"164\">2\u00ba CFGB<\/td>\n<td style=\"vertical-align: middle;height: 24px;width: 87.6692%;border-color: #000000;background-color: #ffffff;text-align: center\" bgcolor=\"#deeaf6\" width=\"372\">Rodr\u00edguez Guzm\u00e1n, Isabel Mar\u00eda (ADM)<\/td>\n<\/tr>\n<tr style=\"height: 56px\">\n<td style=\"vertical-align: middle;height: 25px;width: 24.981%;border-color: #000000;background-color: #ffffff;text-align: center\" bgcolor=\"#5b9bd5\" width=\"164\">1\u00ba ESPA<\/td>\n<td style=\"vertical-align: middle;height: 25px;width: 87.6692%;border-color: #000000;background-color: #ffffff;text-align: center\" bgcolor=\"#bdd6ee\" width=\"372\">Rosa Amaro, M\u00aa Jes\u00fas la (GH)<\/td>\n<\/tr>\n<tr style=\"height: 24px\">\n<td style=\"vertical-align: middle;width: 24.981%;border-color: #000000;background-color: #ffffff;text-align: center;height: 24px\">2\u00ba ESPA<\/td>\n<td style=\"vertical-align: middle;width: 87.6692%;border-color: #000000;background-color: #ffffff;text-align: center;height: 24px\">Espinosa Gento, Ana (BIO)<\/td>\n<\/tr>\n<\/tbody>\n<\/table>\n","protected":false},"excerpt":{"rendered":"<p>IES SALVADOR SERRANO &#8211; CURSO 2024 \/ 2025 PROFESORADO TUTOR GRUPO TUTOR AULA ESPEC\u00cdFICA Gonz\u00e1lez Gonz\u00e1lez, Santiago (PT) AULA TEA L\u00f3pez Parrilla, Laura (PT) 1\u00ba&hellip;<\/p>\n","protected":false},"author":5046,"featured_media":0,"parent":0,"menu_order":0,"comment_status":"closed","ping_status":"closed","template":"","meta":{"ngg_post_thumbnail":0,"footnotes":"","_mc_calendar":[]},"aioseo_notices":[],"_links":{"self":[{"href":"https:\/\/blogsaverroes.juntadeandalucia.es\/iessalvadorserrano\/wp-json\/wp\/v2\/pages\/2668"}],"collection":[{"href":"https:\/\/blogsaverroes.juntadeandalucia.es\/iessalvadorserrano\/wp-json\/wp\/v2\/pages"}],"about":[{"href":"https:\/\/blogsaverroes.juntadeandalucia.es\/iessalvadorserrano\/wp-json\/wp\/v2\/types\/page"}],"author":[{"embeddable":true,"href":"https:\/\/blogsaverroes.juntadeandalucia.es\/iessalvadorserrano\/wp-json\/wp\/v2\/users\/5046"}],"replies":[{"embeddable":true,"href":"https:\/\/blogsaverroes.juntadeandalucia.es\/iessalvadorserrano\/wp-json\/wp\/v2\/comments?post=2668"}],"version-history":[{"count":30,"href":"https:\/\/blogsaverroes.juntadeandalucia.es\/iessalvadorserrano\/wp-json\/wp\/v2\/pages\/2668\/revisions"}],"predecessor-version":[{"id":13948,"href":"https:\/\/blogsaverroes.juntadeandalucia.es\/iessalvadorserrano\/wp-json\/wp\/v2\/pages\/2668\/revisions\/13948"}],"wp:attachment":[{"href":"https:\/\/blogsaverroes.juntadeandalucia.es\/iessalvadorserrano\/wp-json\/wp\/v2\/media?parent=2668"}],"curies":[{"name":"wp","href":"https:\/\/api.w.org\/{rel}","templated":true}]}}