{"id":2669,"date":"2017-09-10T19:45:19","date_gmt":"2017-09-10T19:45:19","guid":{"rendered":"https:\/\/blogsaverroes.juntadeandalucia.es\/iessalvadorserrano\/?page_id=2669"},"modified":"2024-03-12T12:27:20","modified_gmt":"2024-03-12T12:27:20","slug":"departamentos","status":"publish","type":"page","link":"https:\/\/blogsaverroes.juntadeandalucia.es\/iessalvadorserrano\/departamentos\/","title":{"rendered":"Departamentos"},"content":{"rendered":"<table style=\"width: 101.352%;border-color: #000000\" border=\"1\">\n<tbody>\n<tr style=\"height: 22px\">\n<td style=\"background-color: #2b4282;width: 79.9031%;height: 22px;text-align: center\" colspan=\"2\">\n<h2><span style=\"color: #ffffff\">Departamentos del IES Salvador Serrano<\/span><\/h2>\n<\/td>\n<\/tr>\n<tr style=\"height: 22px\">\n<td style=\"width: 34.6863%;height: 22px;text-align: center\"><a href=\"https:\/\/blogsaverroes.juntadeandalucia.es\/iessalvadorserrano\/administracion\/\">Administraci\u00f3n y Gesti\u00f3n<\/a><\/p>\n<p>23000246.adm@g.educaand.es<\/td>\n<td style=\"width: 45.2168%;height: 22px;text-align: center\"><a href=\"https:\/\/blogsaverroes.juntadeandalucia.es\/iessalvadorserrano\/electricidad-y-electronica\/\">Electricidad y Electrot\u00e9cnica<\/a><\/p>\n<p>23000246.elect@g.educaand.es<\/td>\n<\/tr>\n<tr style=\"height: 22px\">\n<td style=\"width: 34.6863%;height: 22px;text-align: center\"><a href=\"https:\/\/blogsaverroes.juntadeandalucia.es\/iessalvadorserrano\/biologia-y-geologia\/\">Biolog\u00eda y Geolog\u00eda<\/a><\/p>\n<p>23000246.byg@g.educaand.es<\/td>\n<td style=\"width: 45.2168%;height: 22px;text-align: center\"><a href=\"https:\/\/blogsaverroes.juntadeandalucia.es\/iessalvadorserrano\/lengua-castellana\/\">Lengua Castellana y Literatura<\/a><\/p>\n<p>23000246.lcl@g.educaand.es<\/td>\n<\/tr>\n<tr style=\"height: 22px\">\n<td style=\"width: 34.6863%;height: 22px;text-align: center\"><a href=\"https:\/\/blogsaverroes.juntadeandalucia.es\/iessalvadorserrano\/clasicas\/\">Cultura Cl\u00e1sica<\/a><\/p>\n<p>23000246.clasicas@g.educaand.es<\/td>\n<td style=\"width: 45.2168%;height: 22px;text-align: center\"><a href=\"https:\/\/blogsaverroes.juntadeandalucia.es\/iessalvadorserrano\/matematicas\/\">Matem\u00e1ticas<\/a><\/p>\n<p>23000246.mat@g.educaand.es<\/td>\n<\/tr>\n<tr style=\"height: 22px\">\n<td style=\"width: 34.6863%;height: 22px;text-align: center\"><a href=\"https:\/\/blogsaverroes.juntadeandalucia.es\/iessalvadorserrano\/educacion-fisica\/\">Educaci\u00f3n F\u00edsica<\/a><\/p>\n<p>23000246.efisica@g.educaand.es<\/td>\n<td style=\"width: 45.2168%;height: 22px;text-align: center\"><a href=\"https:\/\/blogsaverroes.juntadeandalucia.es\/iessalvadorserrano\/musicayartesplasticas\/\">M\u00fasica y Artes Pl\u00e1sticas<\/a><\/p>\n<p>23000246.musica@g.educaand.es<\/p>\n<p>23000246.dibujo@g.educaand.es<\/td>\n<\/tr>\n<tr style=\"height: 22px\">\n<td style=\"width: 34.6863%;height: 22px;text-align: center\"><a href=\"https:\/\/blogsaverroes.juntadeandalucia.es\/iessalvadorserrano\/filosofia\/\">Filosof\u00eda<\/a><\/p>\n<p>23000246.filosofia@g.educaand.es<\/td>\n<td style=\"width: 45.2168%;height: 22px;text-align: center\"><a href=\"https:\/\/blogsaverroes.juntadeandalucia.es\/iessalvadorserrano\/religion\/\">Religi\u00f3n<\/a><\/p>\n<p>23000246.religion@g.educaand.es<\/td>\n<\/tr>\n<tr style=\"height: 22px\">\n<td style=\"width: 34.6863%;height: 22px;text-align: center\"><a href=\"https:\/\/blogsaverroes.juntadeandalucia.es\/iessalvadorserrano\/fisica-y-quimica\/\">F\u00edsica y Qu\u00edmica<\/a><\/p>\n<p>23000246.fyq@g.educaand.es<\/td>\n<td style=\"width: 45.2168%;height: 22px;text-align: center\"><a href=\"https:\/\/blogsaverroes.juntadeandalucia.es\/iessalvadorserrano\/tecnologia\/\">Tecnolog\u00eda e Inform\u00e1tica<\/a><\/p>\n<p>23000246.tecnologia@g.educaand.es<\/p>\n<p>23000246.informatica@g.educaand.es<\/td>\n<\/tr>\n<tr style=\"height: 22px\">\n<td style=\"width: 34.6863%;height: 22px;text-align: center\"><a href=\"https:\/\/blogsaverroes.juntadeandalucia.es\/iessalvadorserrano\/fol-economia\/\">FOL y Econom\u00eda<\/a><\/p>\n<p>23000246.fol-eco@g.educaand.es<\/td>\n<td style=\"width: 45.2168%;height: 22px;text-align: center\"><a href=\"https:\/\/blogsaverroes.juntadeandalucia.es\/iessalvadorserrano\/actividades-extraescolares-2\/\">Actividades Extraescolares<\/a><\/td>\n<\/tr>\n<tr style=\"height: 22px\">\n<td style=\"width: 34.6863%;height: 22px;text-align: center\"><a href=\"https:\/\/blogsaverroes.juntadeandalucia.es\/iessalvadorserrano\/frances\/\">Franc\u00e9s<\/a><\/p>\n<p>23000246.frances@g.educaand.es<\/td>\n<td style=\"width: 45.2168%;height: 22px;text-align: center\"><a href=\"https:\/\/blogsaverroes.juntadeandalucia.es\/iessalvadorserrano\/orientacion\/\">Orientaci\u00f3n<\/a><\/td>\n<\/tr>\n<tr style=\"height: 22px\">\n<td style=\"width: 34.6863%;height: 22px;text-align: center\"><a href=\"https:\/\/blogsaverroes.juntadeandalucia.es\/iessalvadorserrano\/geografia-e-historia\/\">Geograf\u00eda e Historia<\/a><\/p>\n<p>23000246.geh@g.educaand.es<\/td>\n<td style=\"width: 45.2168%;height: 22px;text-align: center\"><a href=\"https:\/\/blogsaverroes.juntadeandalucia.es\/iessalvadorserrano\/dfeie\/\">Formaci\u00f3n, Evaluaci\u00f3n e Innovaci\u00f3n Educativa (DFEIE)<\/a><\/td>\n<\/tr>\n<tr style=\"height: 22px\">\n<td style=\"width: 34.6863%;height: 22px;text-align: center\"><a href=\"https:\/\/blogsaverroes.juntadeandalucia.es\/iessalvadorserrano\/ingles\/\">Ingl\u00e9s<\/a><\/p>\n<p>23000246.ingles@g.educaand.es<\/td>\n<td style=\"width: 45.2168%;height: 22px;text-align: center\">Community Manager<\/td>\n<\/tr>\n<\/tbody>\n<\/table>\n<p>&nbsp;<\/p>\n","protected":false},"excerpt":{"rendered":"<p>Departamentos del IES Salvador Serrano Administraci\u00f3n y Gesti\u00f3n 23000246.adm@g.educaand.es Electricidad y Electrot\u00e9cnica 23000246.elect@g.educaand.es Biolog\u00eda y Geolog\u00eda 23000246.byg@g.educaand.es Lengua Castellana y Literatura 23000246.lcl@g.educaand.es Cultura Cl\u00e1sica 23000246.clasicas@g.educaand.es&hellip;<\/p>\n","protected":false},"author":5046,"featured_media":0,"parent":0,"menu_order":0,"comment_status":"closed","ping_status":"closed","template":"","meta":{"ngg_post_thumbnail":0,"footnotes":"","_mc_calendar":[]},"aioseo_notices":[],"_links":{"self":[{"href":"https:\/\/blogsaverroes.juntadeandalucia.es\/iessalvadorserrano\/wp-json\/wp\/v2\/pages\/2669"}],"collection":[{"href":"https:\/\/blogsaverroes.juntadeandalucia.es\/iessalvadorserrano\/wp-json\/wp\/v2\/pages"}],"about":[{"href":"https:\/\/blogsaverroes.juntadeandalucia.es\/iessalvadorserrano\/wp-json\/wp\/v2\/types\/page"}],"author":[{"embeddable":true,"href":"https:\/\/blogsaverroes.juntadeandalucia.es\/iessalvadorserrano\/wp-json\/wp\/v2\/users\/5046"}],"replies":[{"embeddable":true,"href":"https:\/\/blogsaverroes.juntadeandalucia.es\/iessalvadorserrano\/wp-json\/wp\/v2\/comments?post=2669"}],"version-history":[{"count":18,"href":"https:\/\/blogsaverroes.juntadeandalucia.es\/iessalvadorserrano\/wp-json\/wp\/v2\/pages\/2669\/revisions"}],"predecessor-version":[{"id":11910,"href":"https:\/\/blogsaverroes.juntadeandalucia.es\/iessalvadorserrano\/wp-json\/wp\/v2\/pages\/2669\/revisions\/11910"}],"wp:attachment":[{"href":"https:\/\/blogsaverroes.juntadeandalucia.es\/iessalvadorserrano\/wp-json\/wp\/v2\/media?parent=2669"}],"curies":[{"name":"wp","href":"https:\/\/api.w.org\/{rel}","templated":true}]}}