{"id":2811,"date":"2017-11-02T18:56:44","date_gmt":"2017-11-02T18:56:44","guid":{"rendered":"https:\/\/blogsaverroes.juntadeandalucia.es\/iessalvadorserrano\/?page_id=2811"},"modified":"2025-11-18T19:31:12","modified_gmt":"2025-11-18T19:31:12","slug":"religion","status":"publish","type":"page","link":"https:\/\/blogsaverroes.juntadeandalucia.es\/iessalvadorserrano\/religion\/","title":{"rendered":"Religi\u00f3n"},"content":{"rendered":"<table style=\"height: 97px;width: 97.6385%;border-color: #000000\" border=\"1\">\n<tbody>\n<tr style=\"height: 41px\">\n<td style=\"vertical-align: middle;background-color: #ffffff;width: 125.555%;border-color: #000000;height: 41px\" colspan=\"2\">\n<p style=\"text-align: center\">23000246.religion@g.educaand.es<\/p>\n<\/td>\n<\/tr>\n<tr style=\"height: 10px\">\n<td style=\"vertical-align: middle;background-color: #d8ecf2;height: 56px;border-color: #000000;width: 16.2252%\" rowspan=\"3\"><strong>Componentes<\/strong><\/td>\n<td style=\"vertical-align: middle;background-color: #ffffff;width: 109.33%;height: 22px;border-color: #000000\">Miguel \u00c1ngel P\u00e9rez Palomino (Cat\u00f3lica)<strong><br \/>\n<\/strong><\/td>\n<\/tr>\n<tr>\n<td style=\"vertical-align: middle;background-color: #ffffff;width: 109.33%;border-color: #000000\">Rebeca Perales Duet (Evang\u00e9lica)<\/td>\n<\/tr>\n<tr style=\"height: 34px\">\n<td style=\"vertical-align: middle;background-color: #ffffff;width: 109.33%;border-color: #000000;height: 34px\">Guita Naji Tahiri (Isl\u00e1mica)<\/td>\n<\/tr>\n<\/tbody>\n<\/table>\n<p style=\"text-align: center\"><a class=\"button\" href=\"https:\/\/blogsaverroes.juntadeandalucia.es\/iessalvadorserrano\/programaciones-religion\/\"><strong>ENLACE A LAS PROGRAMACIONES DEL DEPARTAMENTO<\/strong><\/a><\/p>\n<table style=\"height: 65px;width: 97.7533%\" border=\"1\">\n<tbody>\n<tr style=\"height: 30px\">\n<td style=\"width: 100%;height: 43px;background-color: #4e609c\"><span style=\"color: white\"><strong>Criterios de Evaluaci\u00f3n y Calificaci\u00f3n<\/strong><\/span><\/td>\n<\/tr>\n<tr style=\"height: 22px\">\n<td style=\"width: 100%;height: 22px\"><a href=\"https:\/\/blogsaverroes.juntadeandalucia.es\/iessalvadorserrano\/files\/2024\/12\/CE-relligion-catolica.pdf\"><img loading=\"lazy\" decoding=\"async\" class=\"size-full wp-image-2952 alignleft\" src=\"https:\/\/blogsaverroes.juntadeandalucia.es\/iessalvadorserrano\/files\/2017\/05\/criteval-e1510486355221.jpg\" alt=\"\" width=\"40\" height=\"23\">Religi\u00f3n Cat\u00f3lica ESO y Bachillerato<\/a><\/td>\n<\/tr>\n<\/tbody>\n<\/table>\n<p>&nbsp;<\/p>\n","protected":false},"excerpt":{"rendered":"<p>23000246.religion@g.educaand.es Componentes Miguel \u00c1ngel P\u00e9rez Palomino (Cat\u00f3lica) Rebeca Perales Duet (Evang\u00e9lica) Guita Naji Tahiri (Isl\u00e1mica) ENLACE A LAS PROGRAMACIONES DEL DEPARTAMENTO Criterios de Evaluaci\u00f3n y&hellip;<\/p>\n","protected":false},"author":5046,"featured_media":0,"parent":0,"menu_order":0,"comment_status":"closed","ping_status":"closed","template":"","meta":{"ngg_post_thumbnail":0,"footnotes":"","_mc_calendar":[]},"aioseo_notices":[],"_links":{"self":[{"href":"https:\/\/blogsaverroes.juntadeandalucia.es\/iessalvadorserrano\/wp-json\/wp\/v2\/pages\/2811"}],"collection":[{"href":"https:\/\/blogsaverroes.juntadeandalucia.es\/iessalvadorserrano\/wp-json\/wp\/v2\/pages"}],"about":[{"href":"https:\/\/blogsaverroes.juntadeandalucia.es\/iessalvadorserrano\/wp-json\/wp\/v2\/types\/page"}],"author":[{"embeddable":true,"href":"https:\/\/blogsaverroes.juntadeandalucia.es\/iessalvadorserrano\/wp-json\/wp\/v2\/users\/5046"}],"replies":[{"embeddable":true,"href":"https:\/\/blogsaverroes.juntadeandalucia.es\/iessalvadorserrano\/wp-json\/wp\/v2\/comments?post=2811"}],"version-history":[{"count":41,"href":"https:\/\/blogsaverroes.juntadeandalucia.es\/iessalvadorserrano\/wp-json\/wp\/v2\/pages\/2811\/revisions"}],"predecessor-version":[{"id":14266,"href":"https:\/\/blogsaverroes.juntadeandalucia.es\/iessalvadorserrano\/wp-json\/wp\/v2\/pages\/2811\/revisions\/14266"}],"wp:attachment":[{"href":"https:\/\/blogsaverroes.juntadeandalucia.es\/iessalvadorserrano\/wp-json\/wp\/v2\/media?parent=2811"}],"curies":[{"name":"wp","href":"https:\/\/api.w.org\/{rel}","templated":true}]}}