{"id":44,"date":"2015-03-13T08:42:15","date_gmt":"2015-03-13T08:42:15","guid":{"rendered":"http:\/\/blogsaverroes.juntadeandalucia.es\/pre\/ceip\/?page_id=44"},"modified":"2026-01-30T11:39:54","modified_gmt":"2026-01-30T11:39:54","slug":"planes-y-proyectos","status":"publish","type":"page","link":"https:\/\/blogsaverroes.juntadeandalucia.es\/iessalvadorserrano\/planes-y-proyectos\/","title":{"rendered":"Planes y Proyectos"},"content":{"rendered":"<p><img loading=\"lazy\" decoding=\"async\" class=\"alignright wp-image-1667\" src=\"https:\/\/blogsaverroes.juntadeandalucia.es\/iessalvadorserrano\/files\/2015\/03\/planes-300x150.png\" alt=\"planes\" width=\"250\" height=\"125\" srcset=\"https:\/\/blogsaverroes.juntadeandalucia.es\/iessalvadorserrano\/files\/2015\/03\/planes-300x150.png 300w, https:\/\/blogsaverroes.juntadeandalucia.es\/iessalvadorserrano\/files\/2015\/03\/planes.png 640w\" sizes=\"(max-width: 250px) 100vw, 250px\" \/><\/p>\n<p style=\"text-align: justify\">&nbsp; Cada centro personaliza y adapta su Proyecto Educativo un a diferentes <strong>Planes y Proyectos<\/strong>&nbsp;promovidos desde la Consejer\u00eda de Educaci\u00f3n, Cultura y Deporte.<\/p>\n<p style=\"text-align: justify\">&nbsp; &nbsp;En el IES Salvador Serrano, los Planes y Proyectos vigentes son los que se indican en la tabla inferior. En la misma se incluye, para cada proyecto, el coordinador\/a del mismo as\u00ed como un enlace a los blogs o webs de los que disponen de ellas.<\/p>\n<table style=\"height: 875px;width: 85.2259%\" border=\"1\">\n<tbody>\n<tr style=\"height: 22px;background-color: #395cdb\">\n<td style=\"width: 20.0447%;height: 41px;text-align: center\"><span style=\"color: #000000\"><strong>NOMBRE<\/strong><\/span><\/td>\n<td style=\"width: 23.133%;height: 41px;text-align: center\"><span style=\"color: #000000\"><strong>COORDINADOR\/A<\/strong><\/span><\/td>\n<td style=\"width: 21.3661%;height: 41px;text-align: center\"><span style=\"color: #000000\"><strong>PARTICIPANTES<\/strong><\/span><\/td>\n<td style=\"width: 23.4197%;height: 41px;text-align: center\"><span style=\"color: #000000\"><strong>Blog\/Web<\/strong><\/span><\/td>\n<\/tr>\n<tr style=\"height: 44px\">\n<td style=\"width: 20.0447%;height: 44px;background-color: #99d3f0\"><strong>Plan de Igualdad de g\u00e9nero en educaci\u00f3n<\/strong><\/td>\n<td style=\"width: 23.133%;height: 44px\">P\u00e9rez P\u00e9rez, Joaqu\u00edn<\/td>\n<td style=\"width: 21.3661%;height: 44px\">Claustro<\/td>\n<td style=\"width: 23.4197%;height: 44px\"><a href=\"https:\/\/blogsaverroes.juntadeandalucia.es\/iessalvadorserrano\/files\/2022\/03\/logopactoesblog2.png\"><img loading=\"lazy\" decoding=\"async\" class=\"alignnone size-medium wp-image-8524\" src=\"https:\/\/blogsaverroes.juntadeandalucia.es\/iessalvadorserrano\/files\/2022\/03\/logopactoesblog2-300x162.png\" alt=\"\" width=\"300\" height=\"162\" srcset=\"https:\/\/blogsaverroes.juntadeandalucia.es\/iessalvadorserrano\/files\/2022\/03\/logopactoesblog2-300x162.png 300w, https:\/\/blogsaverroes.juntadeandalucia.es\/iessalvadorserrano\/files\/2022\/03\/logopactoesblog2.png 633w\" sizes=\"(max-width: 300px) 100vw, 300px\" \/><\/a><\/p>\n<p style=\"text-align: center\"><a href=\"https:\/\/coeducacionsalvadorserrano.blogspot.com\/\">Blog Coeducaci\u00f3n<\/a><\/p>\n<p style=\"text-align: center\"><a href=\"https:\/\/www.juntadeandalucia.es\/organismos\/desarrolloeducativoyformacionprofesional\/consejeria\/transparencia\/planificacion-evaluacion-estadistica\/planes\/detalle\/518860.html\">Informaci\u00f3n General<\/a><\/p>\n<\/td>\n<\/tr>\n<tr style=\"height: 44px\">\n<td style=\"width: 20.0447%;height: 44px;background-color: #99d3f0\"><strong>Plan de Salud Laboral y P.R.L.<\/strong><\/td>\n<td style=\"width: 23.133%;height: 44px\">Chica Marchal, Juan Pedro<\/td>\n<td style=\"width: 21.3661%;height: 44px\">Claustro<\/td>\n<td style=\"width: 23.4197%;height: 44px;text-align: center\"><a href=\"https:\/\/www.juntadeandalucia.es\/organismos\/transparencia\/planificacion-evaluacion-estadistica\/planes\/detalle\/11684.html\">Informaci\u00f3n General<\/a><\/td>\n<\/tr>\n<tr style=\"height: 44px\">\n<td style=\"width: 20.0447%;height: 44px;background-color: #99d3f0\"><strong>Plan apertura centros docentes<\/strong><\/td>\n<td style=\"width: 23.133%;height: 44px\">Ruiz Ram\u00edrez, Almudena<\/td>\n<td style=\"width: 21.3661%;height: 44px\">Coordinadora<\/td>\n<td style=\"width: 23.4197%;height: 44px\">&nbsp;<\/td>\n<\/tr>\n<tr style=\"height: 7px\">\n<td style=\"width: 20.0447%;height: 7px;background-color: #99d3f0\"><strong>Planes compensaci\u00f3n educativa<\/strong><\/td>\n<td style=\"width: 23.133%;height: 7px\">L\u00f3pez Mu\u00f1oz, Teresa Mar\u00eda<\/td>\n<td style=\"width: 21.3661%;height: 7px\">Coordinadora<br \/>\nEquipo compensaci\u00f3n educativa<br \/>\nClaustro<\/td>\n<td style=\"width: 23.4197%;height: 7px;text-align: center\"><a href=\"https:\/\/www.juntadeandalucia.es\/temas\/estudiar\/primaria-eso\/orientacion-compensacion.html\">Informaci\u00f3n General<\/a><\/td>\n<\/tr>\n<tr style=\"height: 22px\">\n<td style=\"width: 20.0447%;height: 22px;background-color: #99d3f0\"><strong>Transformaci\u00f3n Digital Educativa TDE&nbsp;<\/strong><\/td>\n<td style=\"width: 23.133%;height: 22px\">S\u00e1nchez Ruiz, M\u00aa Elena<\/td>\n<td style=\"width: 21.3661%;height: 22px\">Coordinadora<br \/>\nProfesorado<\/td>\n<td style=\"width: 23.4197%;height: 22px;text-align: center\"><a href=\"https:\/\/blogsaverroes.juntadeandalucia.es\/iessalvadorserrano\/proyecto-tde\/\"><img loading=\"lazy\" decoding=\"async\" class=\"alignnone wp-image-6275\" src=\"https:\/\/blogsaverroes.juntadeandalucia.es\/iessalvadorserrano\/files\/2020\/10\/logo_TDE.png\" alt=\"\" width=\"121\" height=\"123\" srcset=\"https:\/\/blogsaverroes.juntadeandalucia.es\/iessalvadorserrano\/files\/2020\/10\/logo_TDE.png 492w, https:\/\/blogsaverroes.juntadeandalucia.es\/iessalvadorserrano\/files\/2020\/10\/logo_TDE-295x300.png 295w, https:\/\/blogsaverroes.juntadeandalucia.es\/iessalvadorserrano\/files\/2020\/10\/logo_TDE-24x24.png 24w, https:\/\/blogsaverroes.juntadeandalucia.es\/iessalvadorserrano\/files\/2020\/10\/logo_TDE-36x36.png 36w, https:\/\/blogsaverroes.juntadeandalucia.es\/iessalvadorserrano\/files\/2020\/10\/logo_TDE-48x48.png 48w, https:\/\/blogsaverroes.juntadeandalucia.es\/iessalvadorserrano\/files\/2020\/10\/logo_TDE-50x50.png 50w\" sizes=\"(max-width: 121px) 100vw, 121px\" \/><\/a><br \/>\n<a href=\"https:\/\/blogsaverroes.juntadeandalucia.es\/iessalvadorserrano\/proyecto-tde\/\">Web del programa&nbsp; TDE<\/a><a href=\"https:\/\/www.juntadeandalucia.es\/educacion\/eaprendizaje\/impulsocd\/\"><img loading=\"lazy\" decoding=\"async\" class=\"alignnone size-full wp-image-14573\" src=\"https:\/\/blogsaverroes.juntadeandalucia.es\/iessalvadorserrano\/files\/2026\/01\/TDE.png\" alt=\"\" width=\"431\" height=\"390\" srcset=\"https:\/\/blogsaverroes.juntadeandalucia.es\/iessalvadorserrano\/files\/2026\/01\/TDE.png 431w, https:\/\/blogsaverroes.juntadeandalucia.es\/iessalvadorserrano\/files\/2026\/01\/TDE-300x271.png 300w\" sizes=\"(max-width: 431px) 100vw, 431px\" \/><\/a><a href=\"https:\/\/www.juntadeandalucia.es\/educacion\/eaprendizaje\/impulsocd\/\">Informaci\u00f3n del Programa<\/a><\/td>\n<\/tr>\n<tr>\n<td style=\"width: 20.0447%;background-color: #99d3f0\"><strong> C\u00f3digo Escuela 4.0<\/strong><\/td>\n<td style=\"width: 23.133%\">S\u00e1nchez Ruiz, M\u00aa Elena<\/td>\n<td style=\"width: 21.3661%\">Coordinadora<br \/>\nProfesorado<\/td>\n<td style=\"width: 23.4197%;text-align: center\"><a href=\"https:\/\/www.juntadeandalucia.es\/educacion\/eaprendizaje\/impulsocd\/pct-codigo-escuela-4-0\/\"><img loading=\"lazy\" decoding=\"async\" class=\"alignnone size-full wp-image-14572\" src=\"https:\/\/blogsaverroes.juntadeandalucia.es\/iessalvadorserrano\/files\/2026\/01\/STEAM-4.png\" alt=\"\" width=\"427\" height=\"407\" srcset=\"https:\/\/blogsaverroes.juntadeandalucia.es\/iessalvadorserrano\/files\/2026\/01\/STEAM-4.png 427w, https:\/\/blogsaverroes.juntadeandalucia.es\/iessalvadorserrano\/files\/2026\/01\/STEAM-4-300x286.png 300w\" sizes=\"(max-width: 427px) 100vw, 427px\" \/><\/a><\/p>\n<p><a href=\"https:\/\/blogsaverroes.juntadeandalucia.es\/iessalvadorserrano\/programa-codigo-escuela-4-0\/\">Informaci\u00f3n del Programa<\/a><\/td>\n<\/tr>\n<tr style=\"height: 46px\">\n<td style=\"width: 20.0447%;height: 46px;background-color: #99d3f0\"><strong>Programa de centro biling\u00fce<\/strong><\/td>\n<td style=\"width: 23.133%;height: 46px\">Panadero Rutete, Mayte<\/td>\n<td style=\"width: 21.3661%;height: 46px\">Coordinadora<br \/>\nProfesorado Biling\u00fce<\/td>\n<td style=\"width: 23.4197%;height: 46px\"><a href=\"https:\/\/bilinguismosalvadorserrano.blogspot.com\/\"><img loading=\"lazy\" decoding=\"async\" class=\"alignnone size-large wp-image-10138\" src=\"https:\/\/blogsaverroes.juntadeandalucia.es\/iessalvadorserrano\/files\/2022\/12\/blogbiling-1024x599.jpg\" alt=\"\" width=\"682\" height=\"399\" srcset=\"https:\/\/blogsaverroes.juntadeandalucia.es\/iessalvadorserrano\/files\/2022\/12\/blogbiling-1024x599.jpg 1024w, https:\/\/blogsaverroes.juntadeandalucia.es\/iessalvadorserrano\/files\/2022\/12\/blogbiling-300x175.jpg 300w, https:\/\/blogsaverroes.juntadeandalucia.es\/iessalvadorserrano\/files\/2022\/12\/blogbiling-768x449.jpg 768w, https:\/\/blogsaverroes.juntadeandalucia.es\/iessalvadorserrano\/files\/2022\/12\/blogbiling.jpg 1040w\" sizes=\"(max-width: 682px) 100vw, 682px\" \/><\/a><\/p>\n<p style=\"text-align: center\"><a href=\"https:\/\/bilinguismosalvadorserrano.blogspot.com\/\">Blog Biling\u00fcismo<\/a><\/p>\n<p style=\"text-align: center\"><a href=\"https:\/\/www.juntadeandalucia.es\/educacion\/portales\/web\/programas-educativos-internacionales\/ensenanza-bilingue\/centros-bilingues\">Informaci\u00f3n general<\/a><\/p>\n<\/td>\n<\/tr>\n<tr style=\"height: 54px\">\n<td style=\"width: 20.0447%;height: 54px;background-color: #99d3f0\"><strong>Erasmus+ (FP)<\/strong><\/td>\n<td style=\"width: 23.133%;height: 54px\">S\u00e1nchez Aranda, Elena<\/td>\n<td style=\"width: 21.3661%;height: 54px\">Coordinador<br \/>\nProfesorado implicado en las movilidades<\/td>\n<td style=\"width: 23.4197%;height: 54px\">\n<p style=\"text-align: center\"><a href=\"https:\/\/blogsaverroes.juntadeandalucia.es\/iessalvadorserrano\/erasmus-ies-salvador-serrano\/\"><img loading=\"lazy\" decoding=\"async\" class=\"size-full wp-image-3302 aligncenter\" src=\"https:\/\/blogsaverroes.juntadeandalucia.es\/iessalvadorserrano\/files\/2017\/12\/erasmus-logo-1-e1542144476833.png\" alt=\"\" width=\"120\" height=\"100\"><\/a><a href=\"https:\/\/blogsaverroes.juntadeandalucia.es\/iessalvadorserrano\/erasmus-ies-salvador-serrano\/\">Web Erasmus+<\/a><\/p>\n<p style=\"text-align: center\"><a href=\"https:\/\/www.juntadeandalucia.es\/educacion\/portales\/web\/programas-educativos-internacionales\/programas-educativos-europeos\/erasmus\">Informaci\u00f3n general<\/a><\/p>\n<\/td>\n<\/tr>\n<tr style=\"height: 44px\">\n<td style=\"width: 20.0447%;height: 44px;background-color: #99d3f0\"><strong>Red Escuela: \u201cEspacio de Paz\u201d<\/strong><\/td>\n<td style=\"width: 23.133%;height: 44px\">Porras Panadero, F\u00e1tima<\/td>\n<td style=\"width: 21.3661%;height: 44px\">Claustro<\/td>\n<td style=\"width: 23.4197%;height: 44px;text-align: center\"><a href=\"https:\/\/www.juntadeandalucia.es\/organismos\/desarrolloeducativoyformacionprofesional\/consejeria\/transparencia\/planificacion-evaluacion-estadistica\/planes\/detalle\/59482.html\">Informaci\u00f3n general<\/a><\/td>\n<\/tr>\n<tr style=\"height: 44px\">\n<td style=\"width: 20.0447%;height: 44px;background-color: #99d3f0\"><strong>Convivencia Escolar<\/strong><\/td>\n<td style=\"width: 23.133%;height: 44px\">Rodr\u00edguez Luque, Luc\u00eda<\/td>\n<td style=\"width: 21.3661%;height: 44px\">Coordinadora<\/td>\n<td style=\"width: 23.4197%;height: 44px;text-align: center\"><a href=\"https:\/\/www.juntadeandalucia.es\/temas\/estudiar\/primaria-eso\/convivencia.html\">&nbsp;Informaci\u00f3n<\/a><\/td>\n<\/tr>\n<tr style=\"height: 72px\">\n<td style=\"width: 20.0447%;background-color: #99d3f0;height: 72px\"><strong>Forma Joven en el \u00e1mbito educativo<\/strong><\/td>\n<td style=\"width: 23.133%;height: 72px\">Cabrera Galiano, Francisco<\/td>\n<td style=\"width: 21.3661%;height: 72px\">Claustro<\/td>\n<td style=\"width: 23.4197%;height: 72px;text-align: center\"><a href=\"https:\/\/www.juntadeandalucia.es\/organismos\/sanidadpresidenciayemergencias\/areas\/sanidad\/salud-vida\/programas-salud\/paginas\/programa-formajoven.html\">Informaci\u00f3n del Programa<\/a><\/td>\n<\/tr>\n<tr style=\"height: 36px\">\n<td style=\"width: 20.0447%;height: 36px;background-color: #99d3f0\"><strong>Pr\u00e1cticum M\u00e1ster Secundaria<\/strong><\/td>\n<td style=\"width: 23.133%;height: 36px\">Martos L\u00f3pez, Raquel<\/td>\n<td style=\"width: 21.3661%;height: 36px\">Deben solicitarlo por escrito<\/td>\n<td style=\"width: 23.4197%;height: 36px\">&nbsp;<\/td>\n<\/tr>\n<tr style=\"height: 65px\">\n<td style=\"width: 20.0447%;height: 90px;background-color: #99d3f0\"><strong>ALDEA Modalidad A \u2018Red Andaluza de Ecoescuelas\u2019<\/strong><\/td>\n<td style=\"width: 23.133%;height: 90px\">Mesa Gonz\u00e1lez, Ver\u00f3nica<\/td>\n<td style=\"width: 21.3661%;height: 90px\">Coordinadora<br \/>\nVoluntarios\/as<\/td>\n<td style=\"width: 23.4197%;height: 90px\">\n<p style=\"text-align: center\"><a href=\"https:\/\/blogsaverroes.juntadeandalucia.es\/iessalvadorserrano\/files\/2023\/03\/logoecoes.jpeg\"><img loading=\"lazy\" decoding=\"async\" class=\"size-full wp-image-10419 aligncenter\" src=\"https:\/\/blogsaverroes.juntadeandalucia.es\/iessalvadorserrano\/files\/2023\/03\/logoecoes.jpeg\" alt=\"\" width=\"150\" height=\"127\"><\/a><a href=\"https:\/\/ecoescuelassalvadorserrano.blogspot.com\/\"> Blog Ecoescuelas<\/a><\/p>\n<p><a href=\"https:\/\/www.juntadeandalucia.es\/educacion\/eaprendizaje\/aldea\/\"><img loading=\"lazy\" decoding=\"async\" class=\"alignnone size-full wp-image-14570\" src=\"https:\/\/blogsaverroes.juntadeandalucia.es\/iessalvadorserrano\/files\/2026\/01\/Aldea.png\" alt=\"\" width=\"328\" height=\"158\" srcset=\"https:\/\/blogsaverroes.juntadeandalucia.es\/iessalvadorserrano\/files\/2026\/01\/Aldea.png 328w, https:\/\/blogsaverroes.juntadeandalucia.es\/iessalvadorserrano\/files\/2026\/01\/Aldea-300x145.png 300w\" sizes=\"(max-width: 328px) 100vw, 328px\" \/><\/a><\/p>\n<p style=\"text-align: center\"><a href=\"https:\/\/www.juntadeandalucia.es\/educacion\/eaprendizaje\/aldea\/\">Informaci\u00f3n del Programa<\/a><\/p>\n<\/td>\n<\/tr>\n<tr style=\"height: 52.2001px\">\n<td style=\"width: 20.0447%;height: 52px;background-color: #99d3f0\"><strong>Bibliotecas Escolares<br \/>\n<\/strong><\/td>\n<td style=\"width: 23.133%;height: 52px\">Uceda Va\u00f1\u00f3, F\u00e1tima<\/td>\n<td style=\"width: 21.3661%;height: 52px\">Coordinadora<br \/>\nEquipo de Apoyo<\/td>\n<td style=\"width: 23.4197%;height: 52px\"><a href=\"https:\/\/www.juntadeandalucia.es\/educacion\/eaprendizaje\/programa-bibliotecas-escolares\/\"><img loading=\"lazy\" decoding=\"async\" class=\"alignnone size-full wp-image-14569\" src=\"https:\/\/blogsaverroes.juntadeandalucia.es\/iessalvadorserrano\/files\/2026\/01\/Bibliotecas-escolares.png\" alt=\"\" width=\"306\" height=\"224\" srcset=\"https:\/\/blogsaverroes.juntadeandalucia.es\/iessalvadorserrano\/files\/2026\/01\/Bibliotecas-escolares.png 306w, https:\/\/blogsaverroes.juntadeandalucia.es\/iessalvadorserrano\/files\/2026\/01\/Bibliotecas-escolares-300x220.png 300w\" sizes=\"(max-width: 306px) 100vw, 306px\" \/><\/a><\/p>\n<p style=\"text-align: center\"><a href=\"https:\/\/www.juntadeandalucia.es\/educacion\/eaprendizaje\/programa-bibliotecas-escolares\/\">Informaci\u00f3n del Programa<\/a><\/p>\n<\/td>\n<\/tr>\n<tr>\n<td style=\"width: 20.0447%;background-color: #99d3f0\"><strong>Programas Culturales<\/strong><\/td>\n<td style=\"width: 23.133%\">Molina Barranco, Alba M\u00aa<\/td>\n<td style=\"width: 21.3661%\">Coordinadora<\/td>\n<td style=\"width: 23.4197%;text-align: center\"><a href=\"https:\/\/www.juntadeandalucia.es\/educacion\/eaprendizaje\/programas-culturales\/\">Informaci\u00f3n del Programa<\/a><\/td>\n<\/tr>\n<tr style=\"height: 56px\">\n<td style=\"width: 20.0447%;background-color: #99d3f0;height: 56px\"><strong>PROA+ Transf\u00f3rmate<br \/>\n<\/strong><\/td>\n<td style=\"width: 23.133%;height: 56px\">Ruiz Ram\u00edrez, Almudena<\/td>\n<td style=\"width: 21.3661%;height: 56px\">Coordinadora<\/td>\n<td style=\"width: 23.4197%;height: 56px\">\n<p style=\"text-align: center\"><a href=\"https:\/\/www.juntadeandalucia.es\/educacion\/eaprendizaje\/programa-bibliotecas-escolares\/\"><img loading=\"lazy\" decoding=\"async\" class=\"alignnone size-full wp-image-14567\" src=\"https:\/\/blogsaverroes.juntadeandalucia.es\/iessalvadorserrano\/files\/2026\/01\/PROATransformate.jpg\" alt=\"\" width=\"911\" height=\"277\" srcset=\"https:\/\/blogsaverroes.juntadeandalucia.es\/iessalvadorserrano\/files\/2026\/01\/PROATransformate.jpg 911w, https:\/\/blogsaverroes.juntadeandalucia.es\/iessalvadorserrano\/files\/2026\/01\/PROATransformate-300x91.jpg 300w, https:\/\/blogsaverroes.juntadeandalucia.es\/iessalvadorserrano\/files\/2026\/01\/PROATransformate-768x234.jpg 768w\" sizes=\"(max-width: 911px) 100vw, 911px\" \/><\/a><\/p>\n<p style=\"text-align: center\"><a href=\"https:\/\/www.juntadeandalucia.es\/educacion\/portales\/web\/planes-y-programas\/planes-y-programas\/proa-transformate\/presentacion\">Informaci\u00f3n del Programa<\/a><\/p>\n<\/td>\n<\/tr>\n<tr style=\"height: 96px\">\n<td style=\"width: 20.0447%;background-color: #99d3f0;height: 96px\"><strong>Proa Andaluc\u00eda:<br \/>\nPrograma de<br \/>\nrefuerzo, orientaci\u00f3n<br \/>\ny apoyo<\/strong><\/td>\n<td style=\"width: 23.133%;height: 96px\">Martos L\u00f3pez, Raquel<\/td>\n<td style=\"width: 21.3661%;height: 96px\">Coordinadora<br \/>\nProfesorado implicado<\/td>\n<td style=\"width: 23.4197%;height: 96px\">\n<p style=\"text-align: center\"><a href=\"https:\/\/www.juntadeandalucia.es\/educacion\/portales\/web\/planes-y-programas\/programas-desarrollo-educativo\/proa\/presentacion\"><img loading=\"lazy\" decoding=\"async\" class=\"alignnone size-full wp-image-14568\" src=\"https:\/\/blogsaverroes.juntadeandalucia.es\/iessalvadorserrano\/files\/2026\/01\/PROA.png\" alt=\"\" width=\"595\" height=\"181\" srcset=\"https:\/\/blogsaverroes.juntadeandalucia.es\/iessalvadorserrano\/files\/2026\/01\/PROA.png 595w, https:\/\/blogsaverroes.juntadeandalucia.es\/iessalvadorserrano\/files\/2026\/01\/PROA-300x91.png 300w\" sizes=\"(max-width: 595px) 100vw, 595px\" \/>Informaci\u00f3n del Programa<\/a><\/p>\n<\/td>\n<\/tr>\n<\/tbody>\n<\/table>\n<p style=\"text-align: justify\">&nbsp;&nbsp;&nbsp; En el centro se desarrolla el programa <strong>PROA+ Transf\u00f3rmate<\/strong>, regulado seg\u00fan la <a href=\"https:\/\/www.juntadeandalucia.es\/educacion\/portals\/delegate\/content\/6b63d566-cda8-4b37-ad6c-b8385d9a6f0c\/Resoluci%C3%B3n%20de%2018%20de%20noviembre%202021%20de%20convocatoria,%20organizaci%C3%B3n%20y%20funcionamiento%20del%20programa%20PROA+\"><strong>Resoluci\u00f3n de 18 de noviembre 2021 de la Direcci\u00f3n General de Atenci\u00f3n a la Diversidad, Participaci\u00f3n y Convivencia Escolar<\/strong><\/a>, que establece la convocatoria, la organizaci\u00f3n y el funcionamiento del programa de orientaci\u00f3n, avance y enriquecimiento educativo PROA+ \u00abTRANSF\u00d3RMATE\u00bb en los centros docentes p\u00fablicos de la Consejer\u00eda de Educaci\u00f3n y Deporte de la Junta de Andaluc\u00eda.<\/p>\n<p><a href=\"https:\/\/blogsaverroes.juntadeandalucia.es\/iessalvadorserrano\/files\/2022\/06\/PROA-Transf\u00f3rmate-cartel-scaled.jpg\"><img loading=\"lazy\" decoding=\"async\" class=\"wp-image-9078 aligncenter\" src=\"https:\/\/blogsaverroes.juntadeandalucia.es\/iessalvadorserrano\/files\/2022\/06\/PROA-Transf\u00f3rmate-cartel-1024x512.jpg\" alt=\"\" width=\"456\" height=\"228\" srcset=\"https:\/\/blogsaverroes.juntadeandalucia.es\/iessalvadorserrano\/files\/2022\/06\/PROA-Transf\u00f3rmate-cartel-1024x512.jpg 1024w, https:\/\/blogsaverroes.juntadeandalucia.es\/iessalvadorserrano\/files\/2022\/06\/PROA-Transf\u00f3rmate-cartel-300x150.jpg 300w, https:\/\/blogsaverroes.juntadeandalucia.es\/iessalvadorserrano\/files\/2022\/06\/PROA-Transf\u00f3rmate-cartel-768x384.jpg 768w, https:\/\/blogsaverroes.juntadeandalucia.es\/iessalvadorserrano\/files\/2022\/06\/PROA-Transf\u00f3rmate-cartel-1536x768.jpg 1536w, https:\/\/blogsaverroes.juntadeandalucia.es\/iessalvadorserrano\/files\/2022\/06\/PROA-Transf\u00f3rmate-cartel-2048x1024.jpg 2048w, https:\/\/blogsaverroes.juntadeandalucia.es\/iessalvadorserrano\/files\/2022\/06\/PROA-Transf\u00f3rmate-cartel-scaled.jpg 1600w\" sizes=\"(max-width: 456px) 100vw, 456px\" \/><\/a><\/p>\n","protected":false},"excerpt":{"rendered":"<p>&nbsp; Cada centro personaliza y adapta su Proyecto Educativo un a diferentes Planes y Proyectos&nbsp;promovidos desde la Consejer\u00eda de Educaci\u00f3n, Cultura y Deporte. &nbsp; &nbsp;En&hellip;<\/p>\n","protected":false},"author":1,"featured_media":0,"parent":0,"menu_order":0,"comment_status":"closed","ping_status":"closed","template":"","meta":{"ngg_post_thumbnail":0,"footnotes":"","_mc_calendar":[]},"aioseo_notices":[],"_links":{"self":[{"href":"https:\/\/blogsaverroes.juntadeandalucia.es\/iessalvadorserrano\/wp-json\/wp\/v2\/pages\/44"}],"collection":[{"href":"https:\/\/blogsaverroes.juntadeandalucia.es\/iessalvadorserrano\/wp-json\/wp\/v2\/pages"}],"about":[{"href":"https:\/\/blogsaverroes.juntadeandalucia.es\/iessalvadorserrano\/wp-json\/wp\/v2\/types\/page"}],"author":[{"embeddable":true,"href":"https:\/\/blogsaverroes.juntadeandalucia.es\/iessalvadorserrano\/wp-json\/wp\/v2\/users\/1"}],"replies":[{"embeddable":true,"href":"https:\/\/blogsaverroes.juntadeandalucia.es\/iessalvadorserrano\/wp-json\/wp\/v2\/comments?post=44"}],"version-history":[{"count":60,"href":"https:\/\/blogsaverroes.juntadeandalucia.es\/iessalvadorserrano\/wp-json\/wp\/v2\/pages\/44\/revisions"}],"predecessor-version":[{"id":14655,"href":"https:\/\/blogsaverroes.juntadeandalucia.es\/iessalvadorserrano\/wp-json\/wp\/v2\/pages\/44\/revisions\/14655"}],"wp:attachment":[{"href":"https:\/\/blogsaverroes.juntadeandalucia.es\/iessalvadorserrano\/wp-json\/wp\/v2\/media?parent=44"}],"curies":[{"name":"wp","href":"https:\/\/api.w.org\/{rel}","templated":true}]}}