{"id":5853,"date":"2020-04-20T18:58:36","date_gmt":"2020-04-20T18:58:36","guid":{"rendered":"https:\/\/blogsaverroes.juntadeandalucia.es\/iessalvadorserrano\/?page_id=5853"},"modified":"2024-04-18T08:35:10","modified_gmt":"2024-04-18T08:35:10","slug":"novedades-dep-orientacion","status":"publish","type":"page","link":"https:\/\/blogsaverroes.juntadeandalucia.es\/iessalvadorserrano\/novedades-dep-orientacion\/","title":{"rendered":"Novedades Dpto Orientaci\u00f3n"},"content":{"rendered":"<p><a href=\"https:\/\/blogsaverroes.juntadeandalucia.es\/iessalvadorserrano\/files\/2020\/04\/novedades-orientaci\u00f3n.png\"><img loading=\"lazy\" decoding=\"async\" class=\"wp-image-5857 aligncenter\" src=\"https:\/\/blogsaverroes.juntadeandalucia.es\/iessalvadorserrano\/files\/2020\/04\/novedades-orientaci\u00f3n.png\" alt=\"\" width=\"268\" height=\"125\" srcset=\"https:\/\/blogsaverroes.juntadeandalucia.es\/iessalvadorserrano\/files\/2020\/04\/novedades-orientaci\u00f3n.png 658w, https:\/\/blogsaverroes.juntadeandalucia.es\/iessalvadorserrano\/files\/2020\/04\/novedades-orientaci\u00f3n-300x140.png 300w, https:\/\/blogsaverroes.juntadeandalucia.es\/iessalvadorserrano\/files\/2020\/04\/novedades-orientaci\u00f3n-640x300.png 640w, https:\/\/blogsaverroes.juntadeandalucia.es\/iessalvadorserrano\/files\/2020\/04\/novedades-orientaci\u00f3n-24x11.png 24w, https:\/\/blogsaverroes.juntadeandalucia.es\/iessalvadorserrano\/files\/2020\/04\/novedades-orientaci\u00f3n-36x17.png 36w, https:\/\/blogsaverroes.juntadeandalucia.es\/iessalvadorserrano\/files\/2020\/04\/novedades-orientaci\u00f3n-48x22.png 48w\" sizes=\"(max-width: 268px) 100vw, 268px\" \/><\/a><\/p>\n<p style=\"text-align: center\">&nbsp;<\/p>\n<table>\n<tbody>\n<tr>\n<td style=\"text-align: center\">\n<h3><span style=\"color: #ff0000\"><strong>ORIENTACI\u00d3N ACAD\u00c9MICO LABORAL<\/strong><\/span><\/h3>\n<p><a href=\"https:\/\/view.genial.ly\/660557d94dc08d0014e97bda\/presentation-orientacion-ac-prof\"><img loading=\"lazy\" decoding=\"async\" class=\"alignnone size-large wp-image-12029\" src=\"https:\/\/blogsaverroes.juntadeandalucia.es\/iessalvadorserrano\/files\/2024\/04\/Orientacion-academico-laboral-1024x441.png\" alt=\"\" width=\"682\" height=\"294\" srcset=\"https:\/\/blogsaverroes.juntadeandalucia.es\/iessalvadorserrano\/files\/2024\/04\/Orientacion-academico-laboral-1024x441.png 1024w, https:\/\/blogsaverroes.juntadeandalucia.es\/iessalvadorserrano\/files\/2024\/04\/Orientacion-academico-laboral-300x129.png 300w, https:\/\/blogsaverroes.juntadeandalucia.es\/iessalvadorserrano\/files\/2024\/04\/Orientacion-academico-laboral-768x331.png 768w, https:\/\/blogsaverroes.juntadeandalucia.es\/iessalvadorserrano\/files\/2024\/04\/Orientacion-academico-laboral-1536x662.png 1536w, https:\/\/blogsaverroes.juntadeandalucia.es\/iessalvadorserrano\/files\/2024\/04\/Orientacion-academico-laboral.png 1600w\" sizes=\"(max-width: 682px) 100vw, 682px\" \/><\/a><\/p>\n<p><a href=\"https:\/\/view.genial.ly\/660557d94dc08d0014e97bda\/presentation-orientacion-ac-prof\">CLIC EN LA IMAGEN PARA ACCEDER AL GENIALLY<\/a><\/p>\n<p>&nbsp;<\/td>\n<\/tr>\n<tr>\n<td style=\"text-align: center\"><strong>INFORMACI\u00d3N DEL DEPARTAMENTO DE ORIENTACI\u00d3N SOBRE EL NUEVO CURSO AL QUE VAS A PASAR:<\/strong><\/p>\n<ul>\n<li style=\"list-style-type: none\">\n<ul>\n<li style=\"text-align: left\"><a href=\"https:\/\/view.genial.ly\/6249b4566344d700112ddf70\/learning-experience-didactic-unit-nos-vamos-a-2o-eso\">Nos vamos a 2\u00ba ESO<\/a><\/li>\n<li style=\"text-align: left\"><a href=\"https:\/\/view.genial.ly\/64391ab4fc6873001115a1d3\/presentation-nos-vamos-a-3o-eso\">Nos vamos a 3\u00ba ESO<\/a><\/li>\n<li style=\"text-align: left\"><a href=\"https:\/\/view.genial.ly\/642405d5b85e0e001106b0ae\/presentation-nos-vamos-a-4o-eso\">Nos vamos a 4\u00ba ESO<\/a><\/li>\n<li style=\"text-align: left\"><a href=\"https:\/\/view.genial.ly\/648c1596774c9d00180747d6\/presentation-bachillerato\">Nos vamos a Bachillerato<\/a><\/li>\n<\/ul>\n<\/li>\n<\/ul>\n<\/td>\n<\/tr>\n<tr>\n<td style=\"text-align: center\"><a href=\"https:\/\/view.genial.ly\/5fb1427d72da7f14532e16f2\/horizontal-infographic-review-becas\">INFOGRAF\u00cdA BECAS<\/a><\/p>\n<p><a href=\"https:\/\/view.genial.ly\/5fb1427d72da7f14532e16f2\/horizontal-infographic-review-becas\"><img loading=\"lazy\" decoding=\"async\" class=\"alignnone size-large wp-image-10146\" src=\"https:\/\/blogsaverroes.juntadeandalucia.es\/iessalvadorserrano\/files\/2023\/01\/infograf\u00eda-becas-1024x540.png\" alt=\"\" width=\"682\" height=\"360\" srcset=\"https:\/\/blogsaverroes.juntadeandalucia.es\/iessalvadorserrano\/files\/2023\/01\/infograf\u00eda-becas-1024x540.png 1024w, https:\/\/blogsaverroes.juntadeandalucia.es\/iessalvadorserrano\/files\/2023\/01\/infograf\u00eda-becas-300x158.png 300w, https:\/\/blogsaverroes.juntadeandalucia.es\/iessalvadorserrano\/files\/2023\/01\/infograf\u00eda-becas-768x405.png 768w, https:\/\/blogsaverroes.juntadeandalucia.es\/iessalvadorserrano\/files\/2023\/01\/infograf\u00eda-becas.png 1514w\" sizes=\"(max-width: 682px) 100vw, 682px\" \/><\/a><\/p>\n<p><strong>&nbsp;<\/strong><\/td>\n<\/tr>\n<tr>\n<td style=\"text-align: center\"><a href=\"https:\/\/blogsaverroes.juntadeandalucia.es\/iessalvadorserrano\/files\/2022\/02\/guia_2021_v_6.pdf\"><strong>GU\u00cdA DE ORIENTACI\u00d3N ACAD\u00c9MICA Y PROFESIONAL<\/strong><\/a><\/p>\n<p><a href=\"https:\/\/blogsaverroes.juntadeandalucia.es\/iessalvadorserrano\/files\/2022\/02\/guia_2021_v_6.pdf\"><img loading=\"lazy\" decoding=\"async\" class=\"alignnone size-medium wp-image-8422\" src=\"https:\/\/blogsaverroes.juntadeandalucia.es\/iessalvadorserrano\/files\/2022\/02\/GU\u00cdA-ORIENTACI\u00d3N-212x300.jpg\" alt=\"\" width=\"212\" height=\"300\" srcset=\"https:\/\/blogsaverroes.juntadeandalucia.es\/iessalvadorserrano\/files\/2022\/02\/GU\u00cdA-ORIENTACI\u00d3N-212x300.jpg 212w, https:\/\/blogsaverroes.juntadeandalucia.es\/iessalvadorserrano\/files\/2022\/02\/GU\u00cdA-ORIENTACI\u00d3N.jpg 583w\" sizes=\"(max-width: 212px) 100vw, 212px\" \/><\/a><\/td>\n<\/tr>\n<tr>\n<td style=\"text-align: center\"><a href=\"https:\/\/blogsaverroes.juntadeandalucia.es\/iessalvadorserrano\/files\/2022\/01\/GUIA-CONCILIA-TIC-2022.pdf\"><strong><span style=\"color: #000080\">GU\u00cdA CONCILIA-TIC<\/span><\/strong><\/a><\/p>\n<h5><span style=\"color: #000080\"><strong><a href=\"https:\/\/blogsaverroes.juntadeandalucia.es\/iessalvadorserrano\/files\/2022\/01\/GUIA-CONCILIA-TIC-2022.pdf\">Gu\u00eda de buenas pr\u00e1cticas para el uso inteligente, \u00f3ptimo y saludable de las nuevas tecnolog\u00edas en la familia.<\/a><\/strong><\/span><\/h5>\n<p><a href=\"https:\/\/blogsaverroes.juntadeandalucia.es\/iessalvadorserrano\/files\/2022\/01\/GUIA-CONCILIA-TIC-2022.pdf\"><img loading=\"lazy\" decoding=\"async\" class=\"alignnone wp-image-8373\" src=\"https:\/\/blogsaverroes.juntadeandalucia.es\/iessalvadorserrano\/files\/2022\/01\/conciliatic-247x300.jpg\" alt=\"\" width=\"121\" height=\"147\" srcset=\"https:\/\/blogsaverroes.juntadeandalucia.es\/iessalvadorserrano\/files\/2022\/01\/conciliatic-247x300.jpg 247w, https:\/\/blogsaverroes.juntadeandalucia.es\/iessalvadorserrano\/files\/2022\/01\/conciliatic.jpg 307w\" sizes=\"(max-width: 121px) 100vw, 121px\" \/><\/a><\/td>\n<\/tr>\n<tr style=\"background-color: #b4dce0\">\n<td>\n<h5><span style=\"color: #000080\"><strong>ACCESO A CICLOS FORMATIVOS DE GRADO MEDIO Y SUPERIOR<\/strong><\/span><\/h5>\n<\/td>\n<\/tr>\n<tr>\n<td><a href=\"https:\/\/view.genial.ly\/5ece7d85ca7e520d8ded6c4d\/horizontal-infographic-review-acceso-a-ciclos-formativos-2021\"><img loading=\"lazy\" decoding=\"async\" class=\"wp-image-5992 aligncenter\" src=\"https:\/\/blogsaverroes.juntadeandalucia.es\/iessalvadorserrano\/files\/2020\/06\/Acceso-ciclos-formativos.png\" alt=\"\" width=\"598\" height=\"316\" srcset=\"https:\/\/blogsaverroes.juntadeandalucia.es\/iessalvadorserrano\/files\/2020\/06\/Acceso-ciclos-formativos.png 1550w, https:\/\/blogsaverroes.juntadeandalucia.es\/iessalvadorserrano\/files\/2020\/06\/Acceso-ciclos-formativos-300x159.png 300w, https:\/\/blogsaverroes.juntadeandalucia.es\/iessalvadorserrano\/files\/2020\/06\/Acceso-ciclos-formativos-768x406.png 768w, https:\/\/blogsaverroes.juntadeandalucia.es\/iessalvadorserrano\/files\/2020\/06\/Acceso-ciclos-formativos-1024x542.png 1024w, https:\/\/blogsaverroes.juntadeandalucia.es\/iessalvadorserrano\/files\/2020\/06\/Acceso-ciclos-formativos-24x13.png 24w, https:\/\/blogsaverroes.juntadeandalucia.es\/iessalvadorserrano\/files\/2020\/06\/Acceso-ciclos-formativos-36x19.png 36w, https:\/\/blogsaverroes.juntadeandalucia.es\/iessalvadorserrano\/files\/2020\/06\/Acceso-ciclos-formativos-48x25.png 48w\" sizes=\"(max-width: 598px) 100vw, 598px\" \/><\/a><\/p>\n<p style=\"text-align: center\"><a href=\"https:\/\/view.genial.ly\/5ece7d85ca7e520d8ded6c4d\/horizontal-infographic-review-acceso-a-ciclos-formativos-2021\">HAZ CLIC EN LA IMAGEN PARA ACCEDER A LA PRESENTACI\u00d3N<\/a><\/p>\n<\/td>\n<\/tr>\n<tr style=\"background-color: #b4dce0\">\n<td>\n<h5><strong><span style=\"color: #000080\">NOVEDADES COVID-19<\/span><\/strong><\/h5>\n<\/td>\n<\/tr>\n<tr>\n<td><a href=\"https:\/\/view.genial.ly\/5e9ac72c6326780e1d04a47c\/horizontal-infographic-review-covid-19\"><img loading=\"lazy\" decoding=\"async\" class=\"wp-image-5859 aligncenter\" src=\"https:\/\/blogsaverroes.juntadeandalucia.es\/iessalvadorserrano\/files\/2020\/04\/Genially-Orientaci\u00f3n-Covid-19.png\" alt=\"\" width=\"603\" height=\"317\" srcset=\"https:\/\/blogsaverroes.juntadeandalucia.es\/iessalvadorserrano\/files\/2020\/04\/Genially-Orientaci\u00f3n-Covid-19.png 1422w, https:\/\/blogsaverroes.juntadeandalucia.es\/iessalvadorserrano\/files\/2020\/04\/Genially-Orientaci\u00f3n-Covid-19-300x158.png 300w, https:\/\/blogsaverroes.juntadeandalucia.es\/iessalvadorserrano\/files\/2020\/04\/Genially-Orientaci\u00f3n-Covid-19-768x403.png 768w, https:\/\/blogsaverroes.juntadeandalucia.es\/iessalvadorserrano\/files\/2020\/04\/Genially-Orientaci\u00f3n-Covid-19-1024x538.png 1024w, https:\/\/blogsaverroes.juntadeandalucia.es\/iessalvadorserrano\/files\/2020\/04\/Genially-Orientaci\u00f3n-Covid-19-24x13.png 24w, https:\/\/blogsaverroes.juntadeandalucia.es\/iessalvadorserrano\/files\/2020\/04\/Genially-Orientaci\u00f3n-Covid-19-36x19.png 36w, https:\/\/blogsaverroes.juntadeandalucia.es\/iessalvadorserrano\/files\/2020\/04\/Genially-Orientaci\u00f3n-Covid-19-48x25.png 48w\" sizes=\"(max-width: 603px) 100vw, 603px\" \/><\/a><\/p>\n<p style=\"text-align: center\"><a href=\"https:\/\/view.genial.ly\/5e9ac72c6326780e1d04a47c\/horizontal-infographic-review-covid-19\">HAZ CLIC EN LA IMAGEN PARA ACCEDER A LA PRESENTACI\u00d3N<\/a><\/p>\n<\/td>\n<\/tr>\n<\/tbody>\n<\/table>\n","protected":false},"excerpt":{"rendered":"<p>&nbsp; ORIENTACI\u00d3N ACAD\u00c9MICO LABORAL CLIC EN LA IMAGEN PARA ACCEDER AL GENIALLY &nbsp; INFORMACI\u00d3N DEL DEPARTAMENTO DE ORIENTACI\u00d3N SOBRE EL NUEVO CURSO AL QUE VAS&hellip;<\/p>\n","protected":false},"author":5046,"featured_media":0,"parent":0,"menu_order":0,"comment_status":"closed","ping_status":"closed","template":"","meta":{"ngg_post_thumbnail":0,"footnotes":"","_mc_calendar":[]},"aioseo_notices":[],"_links":{"self":[{"href":"https:\/\/blogsaverroes.juntadeandalucia.es\/iessalvadorserrano\/wp-json\/wp\/v2\/pages\/5853"}],"collection":[{"href":"https:\/\/blogsaverroes.juntadeandalucia.es\/iessalvadorserrano\/wp-json\/wp\/v2\/pages"}],"about":[{"href":"https:\/\/blogsaverroes.juntadeandalucia.es\/iessalvadorserrano\/wp-json\/wp\/v2\/types\/page"}],"author":[{"embeddable":true,"href":"https:\/\/blogsaverroes.juntadeandalucia.es\/iessalvadorserrano\/wp-json\/wp\/v2\/users\/5046"}],"replies":[{"embeddable":true,"href":"https:\/\/blogsaverroes.juntadeandalucia.es\/iessalvadorserrano\/wp-json\/wp\/v2\/comments?post=5853"}],"version-history":[{"count":11,"href":"https:\/\/blogsaverroes.juntadeandalucia.es\/iessalvadorserrano\/wp-json\/wp\/v2\/pages\/5853\/revisions"}],"predecessor-version":[{"id":12030,"href":"https:\/\/blogsaverroes.juntadeandalucia.es\/iessalvadorserrano\/wp-json\/wp\/v2\/pages\/5853\/revisions\/12030"}],"wp:attachment":[{"href":"https:\/\/blogsaverroes.juntadeandalucia.es\/iessalvadorserrano\/wp-json\/wp\/v2\/media?parent=5853"}],"curies":[{"name":"wp","href":"https:\/\/api.w.org\/{rel}","templated":true}]}}