{"id":6034,"date":"2020-06-15T16:54:22","date_gmt":"2020-06-15T16:54:22","guid":{"rendered":"https:\/\/blogsaverroes.juntadeandalucia.es\/iessalvadorserrano\/?page_id=6034"},"modified":"2023-06-22T10:20:20","modified_gmt":"2023-06-22T10:20:20","slug":"el-candil","status":"publish","type":"page","link":"https:\/\/blogsaverroes.juntadeandalucia.es\/iessalvadorserrano\/el-candil\/","title":{"rendered":"Revista El Candil"},"content":{"rendered":"<p style=\"text-align: justify\">&nbsp; Ya est\u00e1 disponible <strong><span style=\"color: #993366\">El Candil<\/span><\/strong>, <strong><span style=\"color: #993366\"><em>la revista del IES Salvador Serrano<\/em><\/span><\/strong>, para este curso 2022-2023, la cual ha sido posible gracias a la coordinaci\u00f3n de <em>D\u00aa Guadalupe S\u00e1nchez y D\u00aa Raquel Martos L\u00f3pez<\/em>, al trabajo realizado por <em>D. Manuel Zafra,<\/em> que ha colaborado desinteresadamente llevando a cabo la maquetaci\u00f3n de la misma, a la colaboraci\u00f3n de AMPA Jarea y a las aportaciones del profesorado y alumnado en la elaboraci\u00f3n de los distintos art\u00edculos que la componen. Este curso, la revista ha vuelto al formato impreso, despu\u00e9s de 3 a\u00f1os en que la ten\u00edamos s\u00f3lo en digital.<\/p>\n<p style=\"text-align: justify\">&nbsp;&nbsp; Os deseamos que la disfrut\u00e9is.<\/p>\n<p style=\"text-align: center\"><a href=\"https:\/\/drive.google.com\/file\/d\/1QvcYd9Uih23PEbRIice1UHoZ4DaCTe0o\/view?usp=sharing\"><img loading=\"lazy\" decoding=\"async\" class=\"size-medium wp-image-10909 aligncenter\" src=\"https:\/\/blogsaverroes.juntadeandalucia.es\/iessalvadorserrano\/files\/2023\/06\/Portada-El-Candil-212x300.png\" alt=\"\" width=\"212\" height=\"300\" srcset=\"https:\/\/blogsaverroes.juntadeandalucia.es\/iessalvadorserrano\/files\/2023\/06\/Portada-El-Candil-212x300.png 212w, https:\/\/blogsaverroes.juntadeandalucia.es\/iessalvadorserrano\/files\/2023\/06\/Portada-El-Candil.png 673w\" sizes=\"(max-width: 212px) 100vw, 212px\" \/><\/a>&nbsp;&nbsp;<a href=\"https:\/\/drive.google.com\/file\/d\/1QvcYd9Uih23PEbRIice1UHoZ4DaCTe0o\/view?usp=sharing\">REVISTA EL CANDIL 2023<\/a><\/p>\n<p>Os dejamos tambi\u00e9n por aqu\u00ed la revista de los cursos anteriores, las cuales se hicieron en formato digital:<\/p>\n<p>&nbsp;<\/p>\n<p style=\"text-align: center\"><a href=\"https:\/\/blogsaverroes.juntadeandalucia.es\/iessalvadorserrano\/files\/2022\/07\/El-Candil_2022-b_comprimido.pdf\"><img loading=\"lazy\" decoding=\"async\" class=\"wp-image-9244 aligncenter\" src=\"https:\/\/blogsaverroes.juntadeandalucia.es\/iessalvadorserrano\/files\/2022\/07\/Portada_Candil_2021_22.jpg\" alt=\"\" width=\"246\" height=\"348\" srcset=\"https:\/\/blogsaverroes.juntadeandalucia.es\/iessalvadorserrano\/files\/2022\/07\/Portada_Candil_2021_22.jpg 476w, https:\/\/blogsaverroes.juntadeandalucia.es\/iessalvadorserrano\/files\/2022\/07\/Portada_Candil_2021_22-212x300.jpg 212w\" sizes=\"(max-width: 246px) 100vw, 246px\" \/>REVISTA EL CANDIL 2022<\/a><\/p>\n<p style=\"text-align: center\"><a href=\"https:\/\/blogsaverroes.juntadeandalucia.es\/iessalvadorserrano\/files\/2021\/06\/El-Candil_2021_IES_Salvador_Serrano.pdf\"><img loading=\"lazy\" decoding=\"async\" class=\"size-medium wp-image-7578 aligncenter\" src=\"https:\/\/blogsaverroes.juntadeandalucia.es\/iessalvadorserrano\/files\/2021\/06\/portadacandil21-212x300.jpg\" alt=\"\" width=\"212\" height=\"300\" srcset=\"https:\/\/blogsaverroes.juntadeandalucia.es\/iessalvadorserrano\/files\/2021\/06\/portadacandil21-212x300.jpg 212w, https:\/\/blogsaverroes.juntadeandalucia.es\/iessalvadorserrano\/files\/2021\/06\/portadacandil21.jpg 585w\" sizes=\"(max-width: 212px) 100vw, 212px\" \/><\/a><a href=\"https:\/\/blogsaverroes.juntadeandalucia.es\/iessalvadorserrano\/files\/2021\/06\/El-Candil_2021_IES_Salvador_Serrano.pdf\">REVISTA EL CANDIL 2021<\/a><\/p>\n<p style=\"text-align: center\"><a href=\"https:\/\/blogsaverroes.juntadeandalucia.es\/iessalvadorserrano\/files\/2022\/07\/portada_Candil_20.jpg\"><img loading=\"lazy\" decoding=\"async\" class=\"wp-image-9246 aligncenter\" src=\"https:\/\/blogsaverroes.juntadeandalucia.es\/iessalvadorserrano\/files\/2022\/07\/portada_Candil_20.jpg\" alt=\"\" width=\"213\" height=\"301\" srcset=\"https:\/\/blogsaverroes.juntadeandalucia.es\/iessalvadorserrano\/files\/2022\/07\/portada_Candil_20.jpg 476w, https:\/\/blogsaverroes.juntadeandalucia.es\/iessalvadorserrano\/files\/2022\/07\/portada_Candil_20-212x300.jpg 212w\" sizes=\"(max-width: 213px) 100vw, 213px\" \/><\/a><a href=\"https:\/\/blogsaverroes.juntadeandalucia.es\/iessalvadorserrano\/files\/2020\/06\/El-Candil_2020-WEB.pdf\">REVISTA EL CANDIL<\/a><a href=\"https:\/\/blogsaverroes.juntadeandalucia.es\/iessalvadorserrano\/files\/2020\/06\/El-Candil_2020-WEB.pdf\"> 2020<\/a><\/p>\n","protected":false},"excerpt":{"rendered":"<p>&nbsp; Ya est\u00e1 disponible El Candil, la revista del IES Salvador Serrano, para este curso 2022-2023, la cual ha sido posible gracias a la coordinaci\u00f3n&hellip;<\/p>\n","protected":false},"author":5046,"featured_media":0,"parent":0,"menu_order":0,"comment_status":"closed","ping_status":"closed","template":"","meta":{"ngg_post_thumbnail":0,"footnotes":"","_mc_calendar":[]},"aioseo_notices":[],"_links":{"self":[{"href":"https:\/\/blogsaverroes.juntadeandalucia.es\/iessalvadorserrano\/wp-json\/wp\/v2\/pages\/6034"}],"collection":[{"href":"https:\/\/blogsaverroes.juntadeandalucia.es\/iessalvadorserrano\/wp-json\/wp\/v2\/pages"}],"about":[{"href":"https:\/\/blogsaverroes.juntadeandalucia.es\/iessalvadorserrano\/wp-json\/wp\/v2\/types\/page"}],"author":[{"embeddable":true,"href":"https:\/\/blogsaverroes.juntadeandalucia.es\/iessalvadorserrano\/wp-json\/wp\/v2\/users\/5046"}],"replies":[{"embeddable":true,"href":"https:\/\/blogsaverroes.juntadeandalucia.es\/iessalvadorserrano\/wp-json\/wp\/v2\/comments?post=6034"}],"version-history":[{"count":7,"href":"https:\/\/blogsaverroes.juntadeandalucia.es\/iessalvadorserrano\/wp-json\/wp\/v2\/pages\/6034\/revisions"}],"predecessor-version":[{"id":10910,"href":"https:\/\/blogsaverroes.juntadeandalucia.es\/iessalvadorserrano\/wp-json\/wp\/v2\/pages\/6034\/revisions\/10910"}],"wp:attachment":[{"href":"https:\/\/blogsaverroes.juntadeandalucia.es\/iessalvadorserrano\/wp-json\/wp\/v2\/media?parent=6034"}],"curies":[{"name":"wp","href":"https:\/\/api.w.org\/{rel}","templated":true}]}}