{"id":6165,"date":"2020-09-09T18:53:38","date_gmt":"2020-09-09T18:53:38","guid":{"rendered":"https:\/\/blogsaverroes.juntadeandalucia.es\/iessalvadorserrano\/?page_id=6165"},"modified":"2022-09-19T19:29:29","modified_gmt":"2022-09-19T19:29:29","slug":"pasen","status":"publish","type":"page","link":"https:\/\/blogsaverroes.juntadeandalucia.es\/iessalvadorserrano\/pasen\/","title":{"rendered":"Pasen e iPasen"},"content":{"rendered":"<div class=\"osc-res-tab tabbable   osc-tabs-left\"><div style=\"clear:both;width: 100%;\"><ul class=\"nav osc-res-nav nav-tabs osc-tabs-left-ul\" id=\"oscitas-restabs-1-pasen-40369\"><li class=\"\"><a href=\"#ert_pane1-0\" data-toggle=\"tab\">Informaci\u00f3n general<\/a><\/li><li class=\"active\"><a href=\"#ert_pane1-1\" data-toggle=\"tab\">Videotutoriales<\/a><\/li><\/ul><\/div><div style=\"clear:both;width: 100%;\"><ul class=\"tab-content\" id=\"oscitas-restabcontent-1-pasen-40369\"><li class=\"tab-pane \" id=\"ert_pane1-0\"><p style=\"text-align: justify\"><strong><span style=\"color: #993366\">PASEN <\/span><\/strong>es servicio de la Consejer\u00eda de Educaci\u00f3n&nbsp;que permite la&nbsp;comunicaci\u00f3n entre los distintos miembros de la comunidad educativa&nbsp;(tutores\/as legales, alumnado, cargos directivos y profesorado).&nbsp;<\/p>\n<p><iframe loading=\"lazy\" title=\"PASEN\" width=\"843\" height=\"474\" src=\"https:\/\/www.youtube.com\/embed\/7ShGT1uK_Wg?feature=oembed\" frameborder=\"0\" allow=\"accelerometer; autoplay; clipboard-write; encrypted-media; gyroscope; picture-in-picture; web-share\" referrerpolicy=\"strict-origin-when-cross-origin\" allowfullscreen><\/iframe><\/p>\n<p style=\"text-align: center\">PASEN es el m\u00f3dulo de S\u00e9neca que permite la comunicaci\u00f3n entre los centros educativos y las familias, tutores legales y alumnado.<\/p>\n<p style=\"text-align: justify\">&nbsp; &nbsp;Pueden descargarse las versiones de <strong><span style=\"color: #993366\">iPasen<\/span> <\/strong>para iOS y Android. Ambas est\u00e1n disponibles en sus respectivos repositorios de la&nbsp;<strong>AppStore&nbsp;<\/strong>y&nbsp;<strong>Google Play<\/strong><\/p>\n<p style=\"text-align: justify\"><strong><span style=\"color: #993366\">Funcionalidades:<\/span><\/strong><\/p>\n<ul style=\"text-align: justify\">\n<li>Acceso con el mismo usuario\/contrase\u00f1a que a la aplicaci\u00f3n web PASEN.<\/li>\n<li>Cambio de contrase\u00f1a y acceso a &#8216;Mis datos&#8217; con toda la informaci\u00f3n de usuario relevante para el sistema.<\/li>\n<li>Acceso a la Mensajer\u00eda interna.<\/li>\n<li>Acceso a la Agenda personal.<\/li>\n<li>Consultas de los datos del centro educativo.<\/li>\n<li>Consulta del Calendario escolar oficial.<\/li>\n<li>Consulta del Tabl\u00f3n de anuncios.<\/li>\n<li>Consulta del Horario escolar de sus hijos.<\/li>\n<li>Consulta, justificaci\u00f3n y comunicaci\u00f3n de ausencias de sus hijos.<\/li>\n<li>Consulta de las Calificaciones en cualquier materia.<\/li>\n<li>Consulta de las actividades evaluables, tareas, controles, etc, creados en los Cuadernos de clase del profesorado.<\/li>\n<li>Consulta de las Observaciones que se hayan introducido por parte del profesorado sobre la marcha de sus hijos.<\/li>\n<li>Recepci\u00f3n de Notificaciones enviadas desde S\u00e9neca por ausencias de sus hijos o cualquier otro tipo de mensaje.<\/li>\n<li>Subida de la foto del alumnado a su ficha.<\/li>\n<\/ul>\n<p style=\"text-align: justify\"><span style=\"color: #993366\"><strong>Si no puede acceder a Pasen:<\/strong><\/span><\/p>\n<p style=\"text-align: justify\">&nbsp; &nbsp; Est\u00e1 disponible un nuevo procedimiento de \u00abautologin\u00bb para usuarios con perfiles tutor\/a legal y alumnado (tanto emancipado como no), mediante el cual cualquier padre\/madre o alumno\/a podr\u00e1 realizar un proceso de \u00abautologin\u00bb para obtener las credenciales de acceso a PASEN.<\/p>\n<p style=\"text-align: justify\">&nbsp; &nbsp; Para realizar el \u00abautologin\u00bb a trav\u00e9s de la aplicaci\u00f3n web o de la app iPasen, las familias deber\u00e1n pinchar en el enlace \u2018No tengo acceso\u2019 de la pantalla de login. Se requerir\u00e1n tres datos: El NIF, una fecha de nacimiento (de algunos de sus hijos\/as o la suya propia) y un n\u00famero de tel\u00e9fono m\u00f3vil donde recibir\u00e1 por SMS las credenciales. Este \u00faltimo deber\u00e1 coincidir con el que consta en S\u00e9neca para los tutores legales o para el alumnado.<\/p><\/li><li class=\"tab-pane active\" id=\"ert_pane1-1\"><p>En esta p\u00e1gina se muestran una serie de videotutoriales para que las familias conozcan la forma de realizar determinadas acciones a trav\u00e9s de Pasen o iPasen:<\/p>\n<table style=\"width: 100%;border-collapse: collapse;border-color: #000000\">\n<tbody>\n<tr>\n<td style=\"width: 40.5426%;border-color: #000000\"><span style=\"color: #993366\"><strong>Conocer claves para iPasen del alumnado<br \/>\n<\/strong><\/span><span style=\"color: #993366\"><strong>(esta clave es la misma en la cuenta @g.educaand.es y en Moodle)<\/strong><\/span><\/td>\n<td style=\"width: 59.4574%;border-color: #000000\"><iframe loading=\"lazy\" src=\"\/\/www.youtube.com\/embed\/zOanzI08qSg\" width=\"560\" height=\"314\"><\/iframe><\/td>\n<\/tr>\n<tr>\n<td style=\"width: 40.5426%;border-color: #000000\"><span style=\"color: #993366\"><strong>Recuperaci\u00f3n de la contrase\u00f1a de Pasen (iPasen) para las familias<\/strong><strong><br \/>\n<\/strong><\/span><\/td>\n<td style=\"width: 59.4574%;border-color: #000000\"><iframe loading=\"lazy\" src=\"\/\/www.youtube.com\/embed\/CTaUTYjFDYs\" width=\"560\" height=\"314\"><\/iframe><\/td>\n<\/tr>\n<tr>\n<td style=\"width: 40.5426%;border-color: #000000\"><span style=\"color: #993366\"><strong>Punto de recogida de documentos en iPasen (boletines, informes, &#8230;)<\/strong><\/span><\/td>\n<td style=\"width: 59.4574%;border-color: #000000\"><iframe loading=\"lazy\" src=\"\/\/www.youtube.com\/embed\/K7s5wXWcEdc\" width=\"560\" height=\"314\"><\/iframe><\/td>\n<\/tr>\n<tr>\n<td style=\"width: 40.5426%;border-color: #000000\"><strong><span style=\"color: #993366\">Ver las calificaciones en iPasen<\/span><\/strong><\/td>\n<td style=\"width: 59.4574%;border-color: #000000\"><iframe loading=\"lazy\" src=\"\/\/www.youtube.com\/embed\/7Go7245oB_E\" width=\"560\" height=\"314\"><\/iframe><\/td>\n<\/tr>\n<tr>\n<td style=\"width: 40.5426%;border-color: #000000\"><span style=\"color: #993366\"><strong>Justificar faltas en iPasen<\/strong><\/span><\/td>\n<td style=\"width: 59.4574%;border-color: #000000\"><iframe loading=\"lazy\" src=\"\/\/www.youtube.com\/embed\/W3a7pt1hqr8\" width=\"560\" height=\"314\"><\/iframe><\/td>\n<\/tr>\n<tr>\n<td style=\"width: 40.5426%;border-color: #000000\"><strong><span class=\"wrapper-img\" style=\"color: #993366\">Realizar el autologin en Pasen<\/span><\/strong><\/td>\n<td style=\"width: 59.4574%;border-color: #000000\"><span class=\"wrapper-img\"><iframe loading=\"lazy\" src=\"\/\/www.youtube.com\/embed\/3z6eWjQWnuc\" width=\"560\" height=\"314\"><\/iframe><\/span><\/td>\n<\/tr>\n<tr>\n<td style=\"width: 40.5426%;border-color: #000000\"><strong><span class=\"wrapper-img\" style=\"color: #993366\">Realizar el autologin en iPasen<\/span><\/strong><\/td>\n<td style=\"width: 59.4574%;border-color: #000000\"><iframe loading=\"lazy\" src=\"\/\/www.youtube.com\/embed\/cHLova48ULE\" width=\"560\" height=\"314\"><\/iframe><\/td>\n<\/tr>\n<\/tbody>\n<\/table><\/li><\/ul><\/div><\/div>\n","protected":false},"excerpt":{"rendered":"","protected":false},"author":5046,"featured_media":0,"parent":0,"menu_order":0,"comment_status":"closed","ping_status":"closed","template":"","meta":{"ngg_post_thumbnail":0,"footnotes":"","_mc_calendar":[]},"aioseo_notices":[],"_links":{"self":[{"href":"https:\/\/blogsaverroes.juntadeandalucia.es\/iessalvadorserrano\/wp-json\/wp\/v2\/pages\/6165"}],"collection":[{"href":"https:\/\/blogsaverroes.juntadeandalucia.es\/iessalvadorserrano\/wp-json\/wp\/v2\/pages"}],"about":[{"href":"https:\/\/blogsaverroes.juntadeandalucia.es\/iessalvadorserrano\/wp-json\/wp\/v2\/types\/page"}],"author":[{"embeddable":true,"href":"https:\/\/blogsaverroes.juntadeandalucia.es\/iessalvadorserrano\/wp-json\/wp\/v2\/users\/5046"}],"replies":[{"embeddable":true,"href":"https:\/\/blogsaverroes.juntadeandalucia.es\/iessalvadorserrano\/wp-json\/wp\/v2\/comments?post=6165"}],"version-history":[{"count":19,"href":"https:\/\/blogsaverroes.juntadeandalucia.es\/iessalvadorserrano\/wp-json\/wp\/v2\/pages\/6165\/revisions"}],"predecessor-version":[{"id":9305,"href":"https:\/\/blogsaverroes.juntadeandalucia.es\/iessalvadorserrano\/wp-json\/wp\/v2\/pages\/6165\/revisions\/9305"}],"wp:attachment":[{"href":"https:\/\/blogsaverroes.juntadeandalucia.es\/iessalvadorserrano\/wp-json\/wp\/v2\/media?parent=6165"}],"curies":[{"name":"wp","href":"https:\/\/api.w.org\/{rel}","templated":true}]}}