{"id":6169,"date":"2020-09-09T19:11:54","date_gmt":"2020-09-09T19:11:54","guid":{"rendered":"https:\/\/blogsaverroes.juntadeandalucia.es\/iessalvadorserrano\/?page_id=6169"},"modified":"2022-09-19T19:38:39","modified_gmt":"2022-09-19T19:38:39","slug":"moodle","status":"publish","type":"page","link":"https:\/\/blogsaverroes.juntadeandalucia.es\/iessalvadorserrano\/moodle\/","title":{"rendered":"Moodle"},"content":{"rendered":"<p dir=\"ltr\"><div class=\"osc-res-tab tabbable   osc-tabs-left\"><div style=\"clear:both;width: 100%;\"><ul class=\"nav osc-res-nav nav-tabs osc-tabs-left-ul\" id=\"oscitas-restabs-1-moodle-29153\"><li class=\"\"><a href=\"#ert_pane1-0\" data-toggle=\"tab\">Informaci\u00f3n general<\/a><\/li><li class=\"active\"><a href=\"#ert_pane1-1\" data-toggle=\"tab\">Tutoriales<\/a><\/li><\/ul><\/div><div style=\"clear:both;width: 100%;\"><ul class=\"tab-content\" id=\"oscitas-restabcontent-1-moodle-29153\"><li class=\"tab-pane \" id=\"ert_pane1-0\"><p dir=\"ltr\" style=\"text-align: justify\">&nbsp; &nbsp; La Consejer\u00eda de Educaci\u00f3n y Deporte ha desplegado la plataforma<strong>&nbsp;<a href=\"https:\/\/educacionadistancia.juntadeandalucia.es\/centros\/login\/index.php\" target=\"_blank\" rel=\"noopener noreferrer\">Moodle Centros<\/a><\/strong>&nbsp;para todos los centros educativos andaluces.<\/p>\n<p style=\"text-align: justify\">&nbsp; <strong><span style=\"color: #993366\">&nbsp;Moodle Centros<\/span><\/strong> es una herramienta de gesti\u00f3n de aprendizaje (LMS), de Software Libre y gratuito, que est\u00e1 concebida para ayudar al profesorado a crear comunidades de aprendizaje en l\u00ednea, facilitando la gesti\u00f3n de contenidos, la comunicaci\u00f3n y la evaluaci\u00f3n. Su dise\u00f1o est\u00e1 inspirado en el constructivismo y en el aprendizaje cooperativo.<\/p>\n<p><iframe loading=\"lazy\" src=\"\/\/www.youtube.com\/embed\/2NMrbIgeamo\" width=\"560\" height=\"314\"><\/iframe><\/p>\n<p><strong><span style=\"color: #993366\">M\u00e1s informaci\u00f3n:<\/span><\/strong><\/p>\n<ul>\n<li><a href=\"https:\/\/www.juntadeandalucia.es\/educacion\/portals\/web\/transformacion-digital-educativa\/moodle_canal_videos\/\">Acceso al canal de V\u00eddeos sobre Moodle Centros<\/a><\/li>\n<li><a href=\"https:\/\/www.juntadeandalucia.es\/educacion\/portals\/web\/transformacion-digital-educativa\/moodle_faq\">Acceso a preguntas frecuentes.<\/a><\/li>\n<li><a href=\"https:\/\/blogsaverroes.juntadeandalucia.es\/eaprendizaje\/moodle-centros\/\">Acceso a los manuales de Moodle Centros.<\/a><\/li>\n<\/ul>\n<p style=\"text-align: center\"><strong><span style=\"color: #993366\">El IES Salvador Serrano utiliza Moodle Centros. Se puede acceder a trav\u00e9s del enlace, en la esquina izquierda, en la p\u00e1gina de inicio de esta web \u00f3 bien a trav\u00e9s de este enlace:<\/span><\/strong><\/p>\n<p><a href=\"https:\/\/educacionadistancia.juntadeandalucia.es\/centros\/\"><img loading=\"lazy\" decoding=\"async\" class=\"size-full wp-image-4420 aligncenter\" src=\"https:\/\/blogsaverroes.juntadeandalucia.es\/iessalvadorserrano\/files\/2019\/01\/moodle-logo-F.png\" alt=\"\" width=\"536\" height=\"153\" srcset=\"https:\/\/blogsaverroes.juntadeandalucia.es\/iessalvadorserrano\/files\/2019\/01\/moodle-logo-F.png 536w, https:\/\/blogsaverroes.juntadeandalucia.es\/iessalvadorserrano\/files\/2019\/01\/moodle-logo-F-300x86.png 300w, https:\/\/blogsaverroes.juntadeandalucia.es\/iessalvadorserrano\/files\/2019\/01\/moodle-logo-F-24x7.png 24w, https:\/\/blogsaverroes.juntadeandalucia.es\/iessalvadorserrano\/files\/2019\/01\/moodle-logo-F-36x10.png 36w, https:\/\/blogsaverroes.juntadeandalucia.es\/iessalvadorserrano\/files\/2019\/01\/moodle-logo-F-48x14.png 48w\" sizes=\"(max-width: 536px) 100vw, 536px\" \/><\/a><\/li><li class=\"tab-pane active\" id=\"ert_pane1-1\"><table style=\"width: 100%;border-collapse: collapse;border-color: #000000\">\n<tbody>\n<tr>\n<td style=\"width: 45.3561%;border-color: #000000;text-align: center\"><a href=\"https:\/\/www.juntadeandalucia.es\/educacion\/portals\/web\/transformacion-digital-educativa\/moodle_canal_videos\/\">Acceso al canal de V\u00eddeos sobre Moodle Centros<\/a><\/td>\n<td style=\"width: 54.6439%;border-color: #000000;text-align: center\">Disponibles multitud de v\u00eddeos sobre cuestiones relativas al <strong>trabajo con la plataforma Moodle<\/strong>, desde la creaci\u00f3n de los cursos, gesti\u00f3n de perfiles, creaci\u00f3n de cuestionarios, integraci\u00f3n de aplicaciones en Moodle, etc.<\/p>\n<p><strong>Tambi\u00e9n hay manuales para el rol Estudiante.<\/strong><\/td>\n<\/tr>\n<tr>\n<td style=\"width: 45.3561%;border-color: #000000;text-align: center\"><a href=\"https:\/\/www.juntadeandalucia.es\/educacion\/eaprendizaje\/moodle-centros\/\">Plataforma eAprendizaje<\/a><\/td>\n<td style=\"width: 54.6439%;border-color: #000000;text-align: center\"><strong>Manuales, v\u00eddeos y tutoriales<\/strong> sobre la plataforma Moodle, adem\u00e1s de otro <strong>material de apoyo.<\/strong><\/td>\n<\/tr>\n<tr>\n<td style=\"width: 45.3561%;border-color: #000000\">\n<p style=\"text-align: center\"><a href=\"https:\/\/educacionadistancia.juntadeandalucia.es\/profesorado\/\">Curso en el AVFP <\/a><\/p>\n<p style=\"text-align: center\"><a href=\"https:\/\/educacionadistancia.juntadeandalucia.es\/profesorado\/\"><strong class=\"course-name\">\u00abRecursos formativos para plataformas digitales y otras aplicaciones educativas\u00bb<\/strong><\/a><\/p>\n<\/td>\n<td style=\"width: 54.6439%;border-color: #000000\">\n<p style=\"text-align: center\">Curso disponible para todo el profesorado, en el AVFP, al que se accede con usuario y contrase\u00f1a de S\u00e9neca.<\/p>\n<p style=\"text-align: center\">La <strong>secci\u00f3n 3<\/strong> de este curso es sobre la Plataforma Moodle.<\/p>\n<\/td>\n<\/tr>\n<\/tbody>\n<\/table><\/li><\/ul><\/div><\/div>\n","protected":false},"excerpt":{"rendered":"","protected":false},"author":5046,"featured_media":0,"parent":0,"menu_order":0,"comment_status":"closed","ping_status":"closed","template":"","meta":{"ngg_post_thumbnail":0,"footnotes":"","_mc_calendar":[]},"aioseo_notices":[],"_links":{"self":[{"href":"https:\/\/blogsaverroes.juntadeandalucia.es\/iessalvadorserrano\/wp-json\/wp\/v2\/pages\/6169"}],"collection":[{"href":"https:\/\/blogsaverroes.juntadeandalucia.es\/iessalvadorserrano\/wp-json\/wp\/v2\/pages"}],"about":[{"href":"https:\/\/blogsaverroes.juntadeandalucia.es\/iessalvadorserrano\/wp-json\/wp\/v2\/types\/page"}],"author":[{"embeddable":true,"href":"https:\/\/blogsaverroes.juntadeandalucia.es\/iessalvadorserrano\/wp-json\/wp\/v2\/users\/5046"}],"replies":[{"embeddable":true,"href":"https:\/\/blogsaverroes.juntadeandalucia.es\/iessalvadorserrano\/wp-json\/wp\/v2\/comments?post=6169"}],"version-history":[{"count":10,"href":"https:\/\/blogsaverroes.juntadeandalucia.es\/iessalvadorserrano\/wp-json\/wp\/v2\/pages\/6169\/revisions"}],"predecessor-version":[{"id":9309,"href":"https:\/\/blogsaverroes.juntadeandalucia.es\/iessalvadorserrano\/wp-json\/wp\/v2\/pages\/6169\/revisions\/9309"}],"wp:attachment":[{"href":"https:\/\/blogsaverroes.juntadeandalucia.es\/iessalvadorserrano\/wp-json\/wp\/v2\/media?parent=6169"}],"curies":[{"name":"wp","href":"https:\/\/api.w.org\/{rel}","templated":true}]}}