{"id":7480,"date":"2021-06-07T17:54:29","date_gmt":"2021-06-07T17:54:29","guid":{"rendered":"https:\/\/blogsaverroes.juntadeandalucia.es\/iessalvadorserrano\/?page_id=7480"},"modified":"2021-11-23T18:05:55","modified_gmt":"2021-11-23T18:05:55","slug":"proyecto-upcycling-from-recycling-to-upcycling","status":"publish","type":"page","link":"https:\/\/blogsaverroes.juntadeandalucia.es\/iessalvadorserrano\/proyecto-upcycling-from-recycling-to-upcycling\/","title":{"rendered":"Proyecto Upcycling (from recycling to upcycling)"},"content":{"rendered":"<p style=\"text-align: justify\">&nbsp;&nbsp; Dentro del proyecto <strong>Give a second life to your waste!!<\/strong>, el alumnado de 4\u00ba de ESO, desde la asignatura de Geograf\u00eda e Historia, ha llevado a cabo actuaciones encaminadas a estudiar la evoluci\u00f3n de las prendas de vestir y la moda en la sociedad, intentando sensibilizar sobre la necesidad de concienciaci\u00f3n en el respeto al medio ambiente. Para ello, han creado distintas webs con sus creaciones de l\u00edneas de ropa.<\/p>\n<p>&nbsp;&nbsp; En ese proyecto (llamado <strong>Upcycling<\/strong>) han participado tambi\u00e9n los alumnos de otros niveles educativos.<\/p>\n<p style=\"text-align: center\"><a href=\"https:\/\/sites.google.com\/g.educaand.es\/upcycle\/inicio?authuser=0\">&nbsp;&nbsp; Visita la web del proyecto aqu\u00ed<\/a><\/p>\n<table style=\"border-collapse: collapse;width: 100%\">\n<tbody>\n<tr>\n<td style=\"width: 50%\"><a href=\"https:\/\/blogsaverroes.juntadeandalucia.es\/iessalvadorserrano\/files\/2021\/06\/fotoweb1.jpg\"><img loading=\"lazy\" decoding=\"async\" class=\"alignnone size-full wp-image-7481\" src=\"https:\/\/blogsaverroes.juntadeandalucia.es\/iessalvadorserrano\/files\/2021\/06\/fotoweb1.jpg\" alt=\"\" width=\"1600\" height=\"687\" srcset=\"https:\/\/blogsaverroes.juntadeandalucia.es\/iessalvadorserrano\/files\/2021\/06\/fotoweb1.jpg 1600w, https:\/\/blogsaverroes.juntadeandalucia.es\/iessalvadorserrano\/files\/2021\/06\/fotoweb1-300x129.jpg 300w, https:\/\/blogsaverroes.juntadeandalucia.es\/iessalvadorserrano\/files\/2021\/06\/fotoweb1-1024x440.jpg 1024w, https:\/\/blogsaverroes.juntadeandalucia.es\/iessalvadorserrano\/files\/2021\/06\/fotoweb1-768x330.jpg 768w, https:\/\/blogsaverroes.juntadeandalucia.es\/iessalvadorserrano\/files\/2021\/06\/fotoweb1-1536x660.jpg 1536w\" sizes=\"(max-width: 1600px) 100vw, 1600px\" \/><\/a><\/td>\n<td style=\"width: 50%\"><a href=\"https:\/\/blogsaverroes.juntadeandalucia.es\/iessalvadorserrano\/files\/2021\/06\/fotoweb2.jpg\"><img loading=\"lazy\" decoding=\"async\" class=\"alignnone size-full wp-image-7482\" src=\"https:\/\/blogsaverroes.juntadeandalucia.es\/iessalvadorserrano\/files\/2021\/06\/fotoweb2.jpg\" alt=\"\" width=\"1600\" height=\"863\" srcset=\"https:\/\/blogsaverroes.juntadeandalucia.es\/iessalvadorserrano\/files\/2021\/06\/fotoweb2.jpg 1600w, https:\/\/blogsaverroes.juntadeandalucia.es\/iessalvadorserrano\/files\/2021\/06\/fotoweb2-300x162.jpg 300w, https:\/\/blogsaverroes.juntadeandalucia.es\/iessalvadorserrano\/files\/2021\/06\/fotoweb2-1024x552.jpg 1024w, https:\/\/blogsaverroes.juntadeandalucia.es\/iessalvadorserrano\/files\/2021\/06\/fotoweb2-768x414.jpg 768w, https:\/\/blogsaverroes.juntadeandalucia.es\/iessalvadorserrano\/files\/2021\/06\/fotoweb2-1536x828.jpg 1536w\" sizes=\"(max-width: 1600px) 100vw, 1600px\" \/><\/a><\/td>\n<\/tr>\n<\/tbody>\n<\/table>\n","protected":false},"excerpt":{"rendered":"<p>&nbsp;&nbsp; Dentro del proyecto Give a second life to your waste!!, el alumnado de 4\u00ba de ESO, desde la asignatura de Geograf\u00eda e Historia, ha&hellip;<\/p>\n","protected":false},"author":5046,"featured_media":0,"parent":0,"menu_order":0,"comment_status":"closed","ping_status":"closed","template":"","meta":{"ngg_post_thumbnail":0,"footnotes":"","_mc_calendar":[]},"aioseo_notices":[],"_links":{"self":[{"href":"https:\/\/blogsaverroes.juntadeandalucia.es\/iessalvadorserrano\/wp-json\/wp\/v2\/pages\/7480"}],"collection":[{"href":"https:\/\/blogsaverroes.juntadeandalucia.es\/iessalvadorserrano\/wp-json\/wp\/v2\/pages"}],"about":[{"href":"https:\/\/blogsaverroes.juntadeandalucia.es\/iessalvadorserrano\/wp-json\/wp\/v2\/types\/page"}],"author":[{"embeddable":true,"href":"https:\/\/blogsaverroes.juntadeandalucia.es\/iessalvadorserrano\/wp-json\/wp\/v2\/users\/5046"}],"replies":[{"embeddable":true,"href":"https:\/\/blogsaverroes.juntadeandalucia.es\/iessalvadorserrano\/wp-json\/wp\/v2\/comments?post=7480"}],"version-history":[{"count":2,"href":"https:\/\/blogsaverroes.juntadeandalucia.es\/iessalvadorserrano\/wp-json\/wp\/v2\/pages\/7480\/revisions"}],"predecessor-version":[{"id":8165,"href":"https:\/\/blogsaverroes.juntadeandalucia.es\/iessalvadorserrano\/wp-json\/wp\/v2\/pages\/7480\/revisions\/8165"}],"wp:attachment":[{"href":"https:\/\/blogsaverroes.juntadeandalucia.es\/iessalvadorserrano\/wp-json\/wp\/v2\/media?parent=7480"}],"curies":[{"name":"wp","href":"https:\/\/api.w.org\/{rel}","templated":true}]}}