{"id":77,"date":"2015-03-16T06:54:56","date_gmt":"2015-03-16T06:54:56","guid":{"rendered":"http:\/\/blogsaverroes.juntadeandalucia.es\/pre\/ceip\/?page_id=77"},"modified":"2025-01-17T11:45:44","modified_gmt":"2025-01-17T11:45:44","slug":"secretaria","status":"publish","type":"page","link":"https:\/\/blogsaverroes.juntadeandalucia.es\/iessalvadorserrano\/secretaria\/","title":{"rendered":"Secretar\u00eda"},"content":{"rendered":"<p><a href=\"https:\/\/blogsaverroes.juntadeandalucia.es\/iessalvadorserrano\/files\/2021\/02\/logosecretaria.png\"><img loading=\"lazy\" decoding=\"async\" class=\"wp-image-7077 aligncenter\" src=\"https:\/\/blogsaverroes.juntadeandalucia.es\/iessalvadorserrano\/files\/2021\/02\/logosecretaria.png\" alt=\"\" width=\"400\" height=\"285\" srcset=\"https:\/\/blogsaverroes.juntadeandalucia.es\/iessalvadorserrano\/files\/2021\/02\/logosecretaria.png 1280w, https:\/\/blogsaverroes.juntadeandalucia.es\/iessalvadorserrano\/files\/2021\/02\/logosecretaria-300x214.png 300w, https:\/\/blogsaverroes.juntadeandalucia.es\/iessalvadorserrano\/files\/2021\/02\/logosecretaria-1024x730.png 1024w, https:\/\/blogsaverroes.juntadeandalucia.es\/iessalvadorserrano\/files\/2021\/02\/logosecretaria-768x547.png 768w\" sizes=\"(max-width: 400px) 100vw, 400px\" \/><\/a>La <strong>Secretar\u00eda<\/strong> desarrolla muchas funciones importantes en la vida de un centro, especialmente en la relaci\u00f3n que mantiene con las familias en los diferentes tr\u00e1mites administrativos a lo largo de la escolarizaci\u00f3n: admisi\u00f3n, matr\u00edcula, &nbsp;becas, etc. En esta p\u00e1gina encontrar\u00e1s enlaces para poder acceder a dichos tr\u00e1mites.<\/p>\n<table style=\"width: 391.8px\">\n<tbody>\n<tr>\n<td style=\"width: 371.8px\"><strong>Horario de atenci\u00f3n al p\u00fablico:<\/strong> 9:00 a 14:00<\/td>\n<\/tr>\n<tr>\n<td style=\"width: 371.8px\"><strong>Tel\u00e9fono de contacto:&nbsp;<\/strong>953366963 &#8211; 671537714<\/td>\n<\/tr>\n<tr>\n<td style=\"width: 371.8px\"><strong>Fax: <\/strong>953366969<\/td>\n<\/tr>\n<\/tbody>\n<\/table>\n<p>&nbsp;<\/p>\n<hr>\n<p><strong>Solicitud de T\u00edtulo<\/strong><\/p>\n<hr>\n<ul>\n<li><a href=\"https:\/\/blogsaverroes.juntadeandalucia.es\/iessalvadorserrano\/files\/2025\/01\/InstruccionesSolicitudTitulo_25.pdf\">Instrucciones Solicitud de T\u00edtulo. CUMPLIMENTACI\u00d3N DEL MODELO 046<\/a><span style=\"color: #ff0000\"><br \/>\n<\/span><\/li>\n<li><a href=\"http:\/\/www.juntadeandalucia.es\/economiayhacienda\/apl\/surweb\/modelos\/modelo046\/046.jsp\">Modelo 046.<\/a><\/li>\n<li><a href=\"https:\/\/blogsaverroes.juntadeandalucia.es\/iessalvadorserrano\/files\/2015\/03\/SolicitudDeTitulo.doc\">Modelo de Solicitud.<\/a><\/li>\n<\/ul>\n<hr>\n<p><strong>Becas y Ayudas<\/strong><\/p>\n<hr>\n<ul>\n<li><a href=\"http:\/\/www.juntadeandalucia.es\/educacion\/portals\/web\/becas-y-ayudas\">Portal de Becas y Ayudas al Estudio (Junta de Andaluc\u00eda).<\/a><\/li>\n<li><a href=\"https:\/\/www.juntadeandalucia.es\/educacion\/becasweb\/consultawebbecas\/\">Consulta personalizada.<\/a><\/li>\n<\/ul>\n<hr>\n<p><strong>Enlace a la Secretar\u00eda Virtual de los centros educativos<\/strong><\/p>\n<hr>\n<p><a href=\"https:\/\/www.juntadeandalucia.es\/educacion\/secretariavirtual\/\"><img loading=\"lazy\" decoding=\"async\" class=\"wp-image-6042 aligncenter\" src=\"https:\/\/blogsaverroes.juntadeandalucia.es\/iessalvadorserrano\/files\/2020\/06\/Secretar\u00eda-virtual.png\" alt=\"\" width=\"486\" height=\"66\" srcset=\"https:\/\/blogsaverroes.juntadeandalucia.es\/iessalvadorserrano\/files\/2020\/06\/Secretar\u00eda-virtual.png 691w, https:\/\/blogsaverroes.juntadeandalucia.es\/iessalvadorserrano\/files\/2020\/06\/Secretar\u00eda-virtual-300x41.png 300w, https:\/\/blogsaverroes.juntadeandalucia.es\/iessalvadorserrano\/files\/2020\/06\/Secretar\u00eda-virtual-24x3.png 24w, https:\/\/blogsaverroes.juntadeandalucia.es\/iessalvadorserrano\/files\/2020\/06\/Secretar\u00eda-virtual-36x5.png 36w, https:\/\/blogsaverroes.juntadeandalucia.es\/iessalvadorserrano\/files\/2020\/06\/Secretar\u00eda-virtual-48x7.png 48w\" sizes=\"(max-width: 486px) 100vw, 486px\" \/><\/a><\/p>\n","protected":false},"excerpt":{"rendered":"<p>La Secretar\u00eda desarrolla muchas funciones importantes en la vida de un centro, especialmente en la relaci\u00f3n que mantiene con las familias en los diferentes tr\u00e1mites&hellip;<\/p>\n","protected":false},"author":1,"featured_media":2413,"parent":0,"menu_order":0,"comment_status":"closed","ping_status":"open","template":"page-cs.php","meta":{"ngg_post_thumbnail":0,"footnotes":"","_mc_calendar":[]},"aioseo_notices":[],"_links":{"self":[{"href":"https:\/\/blogsaverroes.juntadeandalucia.es\/iessalvadorserrano\/wp-json\/wp\/v2\/pages\/77"}],"collection":[{"href":"https:\/\/blogsaverroes.juntadeandalucia.es\/iessalvadorserrano\/wp-json\/wp\/v2\/pages"}],"about":[{"href":"https:\/\/blogsaverroes.juntadeandalucia.es\/iessalvadorserrano\/wp-json\/wp\/v2\/types\/page"}],"author":[{"embeddable":true,"href":"https:\/\/blogsaverroes.juntadeandalucia.es\/iessalvadorserrano\/wp-json\/wp\/v2\/users\/1"}],"replies":[{"embeddable":true,"href":"https:\/\/blogsaverroes.juntadeandalucia.es\/iessalvadorserrano\/wp-json\/wp\/v2\/comments?post=77"}],"version-history":[{"count":23,"href":"https:\/\/blogsaverroes.juntadeandalucia.es\/iessalvadorserrano\/wp-json\/wp\/v2\/pages\/77\/revisions"}],"predecessor-version":[{"id":12995,"href":"https:\/\/blogsaverroes.juntadeandalucia.es\/iessalvadorserrano\/wp-json\/wp\/v2\/pages\/77\/revisions\/12995"}],"wp:featuredmedia":[{"embeddable":true,"href":"https:\/\/blogsaverroes.juntadeandalucia.es\/iessalvadorserrano\/wp-json\/wp\/v2\/media\/2413"}],"wp:attachment":[{"href":"https:\/\/blogsaverroes.juntadeandalucia.es\/iessalvadorserrano\/wp-json\/wp\/v2\/media?parent=77"}],"curies":[{"name":"wp","href":"https:\/\/api.w.org\/{rel}","templated":true}]}}