{"id":9083,"date":"2022-06-22T11:13:41","date_gmt":"2022-06-22T11:13:41","guid":{"rendered":"https:\/\/blogsaverroes.juntadeandalucia.es\/iessalvadorserrano\/?page_id=9083"},"modified":"2022-06-22T12:38:13","modified_gmt":"2022-06-22T12:38:13","slug":"trabajo-sobre-el-uso-de-las-redes-sociales-4-c","status":"publish","type":"page","link":"https:\/\/blogsaverroes.juntadeandalucia.es\/iessalvadorserrano\/trabajo-sobre-el-uso-de-las-redes-sociales-4-c\/","title":{"rendered":"Trabajo sobre el uso de las redes sociales (alumnado de 4\u00ba C)"},"content":{"rendered":"<p style=\"text-align: justify\">&nbsp;&nbsp;&nbsp; Los alumnos de 4\u00baC realizaron una investigaci\u00f3n sobre el uso de las <strong>redes sociales<\/strong> y las consecuencias de una mala gesti\u00f3n de las mismas, especialmente entre adolescentes.<\/p>\n<p style=\"text-align: justify\">&nbsp;&nbsp; Hicieron una b\u00fasqueda y seleccionaron informaci\u00f3n de inter\u00e9s en temas como el <strong>ciberbullying<\/strong>, las \u00ab<strong>fake news<\/strong>\u00ab, <strong>contenido comprometido<\/strong>, c\u00f3mo las redes sociales nos hacen distraernos f\u00e1cilmente o c\u00f3mo afectan a nuestra autoestima, entre otros muchos temas m\u00e1s.<\/p>\n<p style=\"text-align: justify\">&nbsp;&nbsp;&nbsp; Nos encantar\u00eda, desde la clase de ingl\u00e9s, compartir con todos vosotros esta informaci\u00f3n tan interesante como importante y alarmante. Puedes hacer clic en el bot\u00f3n de <strong>Siguiente<\/strong> y\/o <strong>Volver<\/strong> para moverte por los distintos trabajos realizados.<\/p>\nngg_shortcode_0_placeholder\n<p style=\"text-align: right\">Grupo: 4\u00baC<br \/>\nProfesora: Cristina Ruiz Ruiz.<\/p>\n","protected":false},"excerpt":{"rendered":"<p>&nbsp;&nbsp;&nbsp; Los alumnos de 4\u00baC realizaron una investigaci\u00f3n sobre el uso de las redes sociales y las consecuencias de una mala gesti\u00f3n de las mismas,&hellip;<\/p>\n","protected":false},"author":5046,"featured_media":0,"parent":0,"menu_order":0,"comment_status":"closed","ping_status":"closed","template":"","meta":{"ngg_post_thumbnail":0,"footnotes":"","_mc_calendar":[]},"aioseo_notices":[],"_links":{"self":[{"href":"https:\/\/blogsaverroes.juntadeandalucia.es\/iessalvadorserrano\/wp-json\/wp\/v2\/pages\/9083"}],"collection":[{"href":"https:\/\/blogsaverroes.juntadeandalucia.es\/iessalvadorserrano\/wp-json\/wp\/v2\/pages"}],"about":[{"href":"https:\/\/blogsaverroes.juntadeandalucia.es\/iessalvadorserrano\/wp-json\/wp\/v2\/types\/page"}],"author":[{"embeddable":true,"href":"https:\/\/blogsaverroes.juntadeandalucia.es\/iessalvadorserrano\/wp-json\/wp\/v2\/users\/5046"}],"replies":[{"embeddable":true,"href":"https:\/\/blogsaverroes.juntadeandalucia.es\/iessalvadorserrano\/wp-json\/wp\/v2\/comments?post=9083"}],"version-history":[{"count":7,"href":"https:\/\/blogsaverroes.juntadeandalucia.es\/iessalvadorserrano\/wp-json\/wp\/v2\/pages\/9083\/revisions"}],"predecessor-version":[{"id":9154,"href":"https:\/\/blogsaverroes.juntadeandalucia.es\/iessalvadorserrano\/wp-json\/wp\/v2\/pages\/9083\/revisions\/9154"}],"wp:attachment":[{"href":"https:\/\/blogsaverroes.juntadeandalucia.es\/iessalvadorserrano\/wp-json\/wp\/v2\/media?parent=9083"}],"curies":[{"name":"wp","href":"https:\/\/api.w.org\/{rel}","templated":true}]}}