{"id":1480,"date":"2017-11-08T00:02:05","date_gmt":"2017-11-08T00:02:05","guid":{"rendered":"http:\/\/iessanalvaro.es\/?page_id=1480"},"modified":"2026-04-17T08:28:46","modified_gmt":"2026-04-17T08:28:46","slug":"oferta-educativa","status":"publish","type":"page","link":"https:\/\/blogsaverroes.juntadeandalucia.es\/iessanalvaro\/oferta-educativa\/","title":{"rendered":"Oferta educativa"},"content":{"rendered":"<h4 style=\"padding-left: 60px\"><strong>EDUCACI\u00d3N SECUNDARIA OBLIGATORIA<\/strong><\/h4>\n<p style=\"padding-left: 80px\">1\u00ba, 2\u00ba, 3\u00ba y 4\u00ba curso de Educaci\u00f3n Secundaria Obligatoria<\/p>\n<hr>\n<h4 style=\"padding-left: 60px\"><strong>BACHILLERATO<\/strong><\/h4>\n<ul>\n<li style=\"list-style-type: none\">\n<ul>\n<li style=\"list-style-type: none\">\n<ul style=\"list-style-type: disc\">\n<li>Ciencias y Tecnolog\u00eda<\/li>\n<li>Humanidades y ciencias sociales<\/li>\n<\/ul>\n<\/li>\n<\/ul>\n<\/li>\n<\/ul>\n<hr>\n<h4 style=\"padding-left: 60px\">&nbsp;<strong>CICLOS FORMATIVOS ( O GRADOS D) DE GRADO MEDIO<\/strong><\/h4>\n<ul>\n<li style=\"list-style-type: none\">\n<ul>\n<li style=\"list-style-type: none\">\n<ul>\n<li>T\u00e9cnico en Cuidados Auxiliares de Enfermer\u00eda (Turno de ma\u00f1ana y de tarde)<\/li>\n<li>T\u00e9cnico en Cuidados Auxiliares de Enfermer\u00eda &#8211; Adultos (Turno de tarde)<\/li>\n<li>T\u00e9cnico en Farmacia y Parafarmacia (Turno de ma\u00f1ana y de tarde)<\/li>\n<\/ul>\n<\/li>\n<\/ul>\n<\/li>\n<\/ul>\n<h4 style=\"padding-left: 60px\"><strong>CICLOS FORMATIVOS ( O GRADOS D) DE GRADO SUPERIOR<\/strong><\/h4>\n<ul>\n<li style=\"list-style-type: none\">\n<ul>\n<li style=\"list-style-type: none\">\n<ul>\n<li>T\u00e9cnico Superior en Imagen para el Diagn\u00f3stico y Medicina Nuclear (Turno de ma\u00f1ana y de tarde)<\/li>\n<li>T\u00e9cnico Superior en Radioterapia y Dosimetr\u00eda (Turno de ma\u00f1ana\/ tarde seg\u00fan el curso acad\u00e9mico)<\/li>\n<li>T\u00e9cnico Superior en Documentaci\u00f3n y Administraci\u00f3n Sanitarias (Turno de tarde)<\/li>\n<\/ul>\n<\/li>\n<\/ul>\n<\/li>\n<\/ul>\n","protected":false},"excerpt":{"rendered":"<p>EDUCACI\u00d3N SECUNDARIA OBLIGATORIA 1\u00ba, 2\u00ba, 3\u00ba y 4\u00ba curso de Educaci\u00f3n Secundaria Obligatoria BACHILLERATO Ciencias y Tecnolog\u00eda Humanidades y ciencias sociales &nbsp;CICLOS FORMATIVOS ( O&hellip;<\/p>\n","protected":false},"author":18399,"featured_media":0,"parent":0,"menu_order":0,"comment_status":"closed","ping_status":"closed","template":"","meta":{"ngg_post_thumbnail":0,"footnotes":""},"aioseo_notices":[],"_links":{"self":[{"href":"https:\/\/blogsaverroes.juntadeandalucia.es\/iessanalvaro\/wp-json\/wp\/v2\/pages\/1480"}],"collection":[{"href":"https:\/\/blogsaverroes.juntadeandalucia.es\/iessanalvaro\/wp-json\/wp\/v2\/pages"}],"about":[{"href":"https:\/\/blogsaverroes.juntadeandalucia.es\/iessanalvaro\/wp-json\/wp\/v2\/types\/page"}],"author":[{"embeddable":true,"href":"https:\/\/blogsaverroes.juntadeandalucia.es\/iessanalvaro\/wp-json\/wp\/v2\/users\/18399"}],"replies":[{"embeddable":true,"href":"https:\/\/blogsaverroes.juntadeandalucia.es\/iessanalvaro\/wp-json\/wp\/v2\/comments?post=1480"}],"version-history":[{"count":5,"href":"https:\/\/blogsaverroes.juntadeandalucia.es\/iessanalvaro\/wp-json\/wp\/v2\/pages\/1480\/revisions"}],"predecessor-version":[{"id":4807,"href":"https:\/\/blogsaverroes.juntadeandalucia.es\/iessanalvaro\/wp-json\/wp\/v2\/pages\/1480\/revisions\/4807"}],"wp:attachment":[{"href":"https:\/\/blogsaverroes.juntadeandalucia.es\/iessanalvaro\/wp-json\/wp\/v2\/media?parent=1480"}],"curies":[{"name":"wp","href":"https:\/\/api.w.org\/{rel}","templated":true}]}}