{"id":1498,"date":"2017-11-08T00:13:00","date_gmt":"2017-11-08T00:13:00","guid":{"rendered":"http:\/\/iessanalvaro.es\/?page_id=1498"},"modified":"2017-11-08T00:13:00","modified_gmt":"2017-11-08T00:13:00","slug":"secretaria","status":"publish","type":"page","link":"https:\/\/blogsaverroes.juntadeandalucia.es\/iessanalvaro\/secretaria\/","title":{"rendered":"Secretar\u00eda"},"content":{"rendered":"<p>[vc_row][vc_column][vc_custom_heading text=\u00bbCONTACTA CON SECRETAR\u00cdA\u00bb font_container=\u00bbtag:h2|text_align:center\u00bb google_fonts=\u00bbfont_family:Montserrat%3Aregular%2C700|font_style:400%20regular%3A400%3Anormal\u00bb][vc_icon icon_fontawesome=\u00bbfa fa-envelope-o\u00bb color=\u00bbgreen\u00bb size=\u00bblg\u00bb align=\u00bbcenter\u00bb link=\u00bburl:mailto%3Asecretaria%40iessanalvaro.es|title:Contacta%20con%20la%20Secretar%C3%ADa%20del%20centro.||\u00bb][ctitle title=\u00bbContacta con la secretar\u00eda virtual.\u00bb font_size=\u00bb14&#8243; position=\u00bbcenter\u00bb][vc_row_inner][vc_column_inner width=\u00bb1\/3&#8243;][\/vc_column_inner][vc_column_inner width=\u00bb1\/3&#8243;][vc_column_text]<\/p>\n<p style=\"text-align: center\"><a href=\"https:\/\/www.juntadeandalucia.es\/educacion\/secretariavirtual\/\" rel=\"attachment wp-att-1894\"><img decoding=\"async\" class=\"alignnone size-medium wp-image-1894\" src=\"http:\/\/iessanalvaro.es\/wp-content\/uploads\/2017\/11\/logo_secretaria_virtual-300x68.png\" alt=\"\" width=\"300\" height=\"68\" \/><\/a><\/p>\n<p>[\/vc_column_text][\/vc_column_inner][vc_column_inner width=\u00bb1\/3&#8243;][\/vc_column_inner][\/vc_row_inner][vc_separator][\/vc_column][\/vc_row][vc_row][vc_column][vc_custom_heading text=\u00bbCalendario curso 2010-2021&#8243; font_container=\u00bbtag:h2|text_align:center\u00bb google_fonts=\u00bbfont_family:Montserrat%3Aregular%2C700|font_style:400%20regular%3A400%3Anormal\u00bb link=\u00bb|title:Descarga%20el%20calendario.|target:%20_blank|\u00bb][vc_custom_heading text=\u00bbDocumentos escolarizaci\u00f3n ESO-Bachillerato 2020\/2021&#8243; font_container=\u00bbtag:h2|text_align:center\u00bb google_fonts=\u00bbfont_family:Montserrat%3Aregular%2C700|font_style:400%20regular%3A400%3Anormal\u00bb][vc_column_text][fontawesome icon=\u00bbfa fa-file-pdf-o\u00bb] <a href=\"http:\/\/iessanalvaro.es\/wp-content\/uploads\/2017\/11\/Decreto-21-2020-de-17-febrero_escolarizacion.pdf\">Decreto por el que se regulan criterios y procedimiento de admisi\u00f3n<\/a><br \/>\n[\/vc_column_text][vc_column_text][fontawesome icon=\u00bbfa fa-file-pdf-o\u00bb] <a href=\"http:\/\/iessanalvaro.es\/wp-content\/uploads\/2017\/11\/Certificado-publicaci\u00f3n.pdf\">Certificado de la publicaci\u00f3n<\/a>[\/vc_column_text][vc_column_text]<br \/>\n[fontawesome icon=\u00bbfa fa-file-pdf-o\u00bb] <a href=\"http:\/\/iessanalvaro.es\/wp-content\/uploads\/2017\/11\/Oferta-educativa.pdf\">Oferta educativa<\/a>[\/vc_column_text][vc_column_text][fontawesome icon=\u00bbfa fa-file-pdf-o\u00bb] <a href=\"http:\/\/iessanalvaro.es\/wp-content\/uploads\/2017\/11\/Aclaraciones-a-la-relaciones-de-calles-20_21.pdf\">Areas de influencia<\/a>[\/vc_column_text][vc_column_text][fontawesome icon=\u00bbfa fa-file-pdf-o\u00bb] <a href=\"http:\/\/iessanalvaro.es\/wp-content\/uploads\/2017\/11\/Cuadro-informativo_criterios-baremaci\u00f3n-20-21.pdf\">Criterios baremaci\u00f3n<\/a><br \/>\n[fontawesome icon=\u00bbfa fa-file-pdf-o\u00bb] <a href=\"http:\/\/iessanalvaro.es\/wp-content\/uploads\/2017\/11\/Informacion-escolarizaci-\u00f3n.pdf\">Procedimiento de admisi\u00f3n<\/a>[\/vc_column_text][vc_column_text][fontawesome icon=\u00bbfa fa-file-pdf-o\u00bb] <a href=\"http:\/\/iessanalvaro.es\/wp-content\/uploads\/2017\/11\/Nota-Informativa_20-21.pdf\">Nota informativa Familias solicitantes<\/a><br \/>\n[fontawesome icon=\u00bbfa fa-file-pdf-o\u00bb] <a href=\"http:\/\/iessanalvaro.es\/wp-content\/uploads\/2017\/11\/Nota-informativa_NO-amplicaci\u00f3n-de-ratio_20-21.pdf\">Ampliaci\u00f3n de ratio<\/a>[\/vc_column_text][vc_column_text][fontawesome icon=\u00bbfa fa-file-pdf-o\u00bb] <a href=\"http:\/\/iessanalvaro.es\/wp-content\/uploads\/2017\/11\/Impreso_Solicitud_Admision_Anexo_III.pdf\">Impreso de solicitud<\/a>[\/vc_column_text][vc_separator][\/vc_column][\/vc_row][vc_row][vc_column][vc_custom_heading text=\u00bbAbierto el plazo de escolarizaci\u00f3n desde 2\u00ba Ciclo de Infantil hasta Bachillerato\u00bb font_container=\u00bbtag:h2|text_align:center\u00bb google_fonts=\u00bbfont_family:Montserrat%3Aregular%2C700|font_style:400%20regular%3A400%3Anormal\u00bb][\/vc_column][\/vc_row][vc_row][vc_column][vc_column_text]<\/p>\n<header class=\"portlet-topper\">\n<h2 class=\"portlet-title\" style=\"text-align: center\"><a href=\"http:\/\/www.juntadeandalucia.es\/educacion\/portals\/web\/escolarizacion\/inicio?p_p_auth=lLcuI7t5&amp;p_p_id=49&amp;p_p_lifecycle=1&amp;p_p_state=normal&amp;p_p_mode=view&amp;_49_struts_action=%2Fmy_sites%2Fview&amp;_49_groupId=22069&amp;_49_privateLayout=false\"><span class=\"portlet-title-text\"><img decoding=\"async\" class=\"size-medium wp-image-1755 aligncenter\" src=\"http:\/\/iessanalvaro.es\/wp-content\/uploads\/2017\/11\/layout_set_logo-300x90.png\" alt=\"\" width=\"300\" height=\"90\" \/><\/span><\/a><\/h2>\n<h2 class=\"portlet-title\" style=\"text-align: center\"><span class=\"portlet-title-text\">Consulta aqu\u00ed el <em><strong><a href=\"http:\/\/www.juntadeandalucia.es\/educacion\/portals\/web\/escolarizacion\/infantil-a-bachillerato\/calendario\">calendario<\/a><\/strong><\/em><\/span><\/h2>\n<\/header>\n<p>[\/vc_column_text][vc_separator][\/vc_column][\/vc_row][vc_row][vc_column][vc_custom_heading text=\u00bbBECA 6000&#8243; font_container=\u00bbtag:h2|text_align:center\u00bb google_fonts=\u00bbfont_family:Montserrat%3Aregular%2C700|font_style:700%20bold%20regular%3A700%3Anormal\u00bb link=\u00bburl:http%3A%2F%2Fportals.ced.junta-andalucia.es%2Feducacion%2Fportals%2Fweb%2Fbecas-y-ayudas%2Fbeca-6000%2Fimpresos||target:%20_blank|\u00bb][\/vc_column][\/vc_row][vc_row][vc_column][vc_column_text]<\/p>\n<header class=\"portlet-topper\">\n<h1 class=\"portlet-title\"><span class=\"portlet-title-text\">Solicitud BECA 6000<\/span><\/h1>\n<menu id=\"portlet-topper-toolbar_ABACO_WEB_WAR_abacoportlet_INSTANCE_cP7X\" class=\"portlet-topper-toolbar\" type=\"toolbar\"><\/menu>\n<\/header>\n<div class=\"portlet-content\">\n<div class=\" portlet-content-container\">\n<div class=\"portlet-body\">\n<div class=\"contenido_portlet \">\n<div class=\"portlet_web\">\n<div class=\"detalle web\">\n<div class=\"contenido_detalle\">\n<section class=\"cuerpo detalle_html\">\n<div class=\"inner_cuerpo\">\nCon fecha 22\u00a0de noviembre de 2019 se ha publicado en el Bolet\u00edn Oficial de la Junta de Andaluc\u00eda la Resoluci\u00f3n de 14\u00a0de noviembre\u00a0de 2019, de la Direcci\u00f3n General de Participaci\u00f3n y Equidad, por la que se efect\u00faa la convocatoria p\u00fablica de la Beca 6000, dirigida a facilitar la permanencia en el sistema educativo del alumnado de Bachillerato o de ciclos formativos de grado medio de formaci\u00f3n profesional inicial para el curso escolar 2019-2020.<br \/>\nEl plazo de presentaci\u00f3n ser\u00e1 desde el 23\u00a0de noviembre al 23\u00a0de diciembre de 2019.<br \/>\nM\u00e1s informaci\u00f3n:<\/p>\n<ul>\n<li><a href=\"http:\/\/www.juntadeandalucia.es\/educacion\/portals\/delegate\/content\/7ad50fa1-0a1e-40e6-9670-54ca31dd19a1\/BOJA%206000%2019-20\">Acceso a la resoluci\u00f3n<\/a><\/li>\n<\/ul>\n<p>Acceso a la presentaci\u00f3n telem\u00e1tica de la solicitud:<\/p>\n<ul>\n<li><a class=\"ico_enlaceExt\" title=\"Se abre en una nueva ventana\" href=\"https:\/\/www.juntadeandalucia.es\/educacion\/secretariavirtual\" target=\"_blank\" rel=\"noopener noreferrer\">Secretar\u00eda Virtual de los Centros Educativos<\/a><\/li>\n<\/ul>\n<\/div>\n<\/section>\n<\/div>\n<\/div>\n<\/div>\n<\/div>\n<\/div>\n<\/div>\n<\/div>\n<p>[\/vc_column_text][vc_separator][\/vc_column][\/vc_row][vc_row][vc_column][vc_custom_heading text=\u00bbPlazo de solicitudes para estudiar Formaci\u00f3n Profesional presencial de grado medio y superior\u00bb google_fonts=\u00bbfont_family:Montserrat%3Aregular%2C700|font_style:400%20regular%3A400%3Anormal\u00bb][\/vc_column][\/vc_row][vc_row][vc_column][vc_column_text]<\/p>\n<h5>Andaluc\u00eda abre el plazo de solicitudes para estudiar Formaci\u00f3n Profesional presencial de grado medio y superior el 15 de junio<\/h5>\n<p><a href=\"http:\/\/www.todofp.es\/sobre-fp\/actualidad\/inscripciones-matriculas\/inscripciones-matriculas-1920.html#ancla01-1\" rel=\"attachment wp-att-2294\"><img fetchpriority=\"high\" decoding=\"async\" class=\"size-medium wp-image-2294 aligncenter\" src=\"http:\/\/iessanalvaro.es\/wp-content\/uploads\/2019\/06\/fp_2019-300x169.jpg\" alt=\"\" width=\"300\" height=\"169\" \/><\/a>[\/vc_column_text][\/vc_column][\/vc_row]<\/p>\n","protected":false},"excerpt":{"rendered":"<p>[vc_row][vc_column][vc_custom_heading text=\u00bbCONTACTA CON SECRETAR\u00cdA\u00bb font_container=\u00bbtag:h2|text_align:center\u00bb google_fonts=\u00bbfont_family:Montserrat%3Aregular%2C700|font_style:400%20regular%3A400%3Anormal\u00bb][vc_icon icon_fontawesome=\u00bbfa fa-envelope-o\u00bb color=\u00bbgreen\u00bb size=\u00bblg\u00bb align=\u00bbcenter\u00bb link=\u00bburl:mailto%3Asecretaria%40iessanalvaro.es|title:Contacta%20con%20la%20Secretar%C3%ADa%20del%20centro.||\u00bb][ctitle title=\u00bbContacta con la secretar\u00eda virtual.\u00bb font_size=\u00bb14&#8243; position=\u00bbcenter\u00bb][vc_row_inner][vc_column_inner width=\u00bb1\/3&#8243;][\/vc_column_inner][vc_column_inner width=\u00bb1\/3&#8243;][vc_column_text] [\/vc_column_text][\/vc_column_inner][vc_column_inner width=\u00bb1\/3&#8243;][\/vc_column_inner][\/vc_row_inner][vc_separator][\/vc_column][\/vc_row][vc_row][vc_column][vc_custom_heading text=\u00bbCalendario curso&hellip;<\/p>\n","protected":false},"author":18399,"featured_media":0,"parent":0,"menu_order":0,"comment_status":"closed","ping_status":"closed","template":"","meta":{"ngg_post_thumbnail":0,"footnotes":""},"aioseo_notices":[],"_links":{"self":[{"href":"https:\/\/blogsaverroes.juntadeandalucia.es\/iessanalvaro\/wp-json\/wp\/v2\/pages\/1498"}],"collection":[{"href":"https:\/\/blogsaverroes.juntadeandalucia.es\/iessanalvaro\/wp-json\/wp\/v2\/pages"}],"about":[{"href":"https:\/\/blogsaverroes.juntadeandalucia.es\/iessanalvaro\/wp-json\/wp\/v2\/types\/page"}],"author":[{"embeddable":true,"href":"https:\/\/blogsaverroes.juntadeandalucia.es\/iessanalvaro\/wp-json\/wp\/v2\/users\/18399"}],"replies":[{"embeddable":true,"href":"https:\/\/blogsaverroes.juntadeandalucia.es\/iessanalvaro\/wp-json\/wp\/v2\/comments?post=1498"}],"version-history":[{"count":0,"href":"https:\/\/blogsaverroes.juntadeandalucia.es\/iessanalvaro\/wp-json\/wp\/v2\/pages\/1498\/revisions"}],"wp:attachment":[{"href":"https:\/\/blogsaverroes.juntadeandalucia.es\/iessanalvaro\/wp-json\/wp\/v2\/media?parent=1498"}],"curies":[{"name":"wp","href":"https:\/\/api.w.org\/{rel}","templated":true}]}}