{"id":1528,"date":"2017-11-30T12:11:15","date_gmt":"2017-11-30T12:11:15","guid":{"rendered":"http:\/\/iessanalvaro.es\/?page_id=1528"},"modified":"2017-11-30T12:11:15","modified_gmt":"2017-11-30T12:11:15","slug":"feie","status":"publish","type":"page","link":"https:\/\/blogsaverroes.juntadeandalucia.es\/iessanalvaro\/feie\/","title":{"rendered":"FEIE"},"content":{"rendered":"<p>[vc_row][vc_column][\/vc_column][\/vc_row][vc_row][vc_column][vc_custom_heading text=\u00bbDepartamento de Formaci\u00f3n, Evaluaci\u00f3n e Innovaci\u00f3n Educativa.\u00bb][vc_custom_heading text=\u00bbProgramaci\u00f3n del departamento FEIE\u00bb link=\u00bburl:http%3A%2F%2Fiessanalvaro.es%2Fwp-content%2Fuploads%2F2017%2F11%2FPROGRAMACI%C3%93N-FEIE-2017-2018.pdf|title:Ver%20documento|target:%20_blank|\u00bb][vc_column_text]<a href=\"http:\/\/iessanalvaro.es\/wp-content\/uploads\/2017\/11\/PROGRAMACI\u00d3N-FEIE-2017-2018.pdf\">[fontawesome icon=\u00bbfa fa-file-pdf-o\u00bb]Programaci\u00f3n FEIE 2017-2018<\/a>[\/vc_column_text][vc_column_text]<br \/>\n&nbsp;<\/p>\n<ul>\n<li><strong>FORMACI\u00d3N:<\/strong><\/li>\n<\/ul>\n<p><a href=\"http:\/\/www.cepcordoba.org\/\"><img decoding=\"async\" class=\"wp-image-1663 aligncenter\" src=\"http:\/\/iessanalvaro.es\/wp-content\/uploads\/2017\/11\/logocep-300x270.png\" alt=\"\" width=\"110\" height=\"80\" \/><\/a><br \/>\n<a href=\"http:\/\/educacionadistancia.juntadeandalucia.es\/profesorado\/\"><img decoding=\"async\" class=\"alignnone wp-image-1664 aligncenter\" src=\"http:\/\/iessanalvaro.es\/wp-content\/uploads\/2017\/11\/logo_junta.fw_-300x68.png\" alt=\"\" width=\"252\" height=\"56\" \/><\/a><br \/>\n<a href=\"http:\/\/www.ite.educacion.es\/\"><img decoding=\"async\" class=\"wp-image-1665 aligncenter\" src=\"http:\/\/iessanalvaro.es\/wp-content\/uploads\/2017\/11\/Intef_2.jpg\" alt=\"\" width=\"146\" height=\"91\" \/><\/a><\/p>\n<ul>\n<li>EVALUACI\u00d3N<\/li>\n<\/ul>\n<p><a href=\"http:\/\/agaeve.ced.junta-andalucia.es\/educacion\/agaeve\/index.html\"><img loading=\"lazy\" decoding=\"async\" class=\"size-medium wp-image-1666 aligncenter\" src=\"http:\/\/iessanalvaro.es\/wp-content\/uploads\/2017\/11\/logo_junta_AGAEVE-300x54.png\" alt=\"\" width=\"300\" height=\"54\" \/><\/a><\/p>\n<ul>\n<li>INNOVACI\u00d3N EDUCATIVA<\/li>\n<\/ul>\n<p style=\"text-align: center\"><a title=\"Ir a la p\u00e1gina de inicio.\" href=\"http:\/\/competenciasbasicascordoba.webnode.es\/home\/\"><span id=\"rbcSystemIdentifierLogo\">Educar en Competencias<\/span><\/a><\/p>\n<p style=\"text-align: center\"><a href=\"http:\/\/www.juntadeandalucia.es\/educacion\/agaeve\/profesorado-secundaria-evaluacion.html\">Gu\u00edas de evaluaci\u00f3n de CCBB<\/a><\/p>\n<p>[\/vc_column_text][\/vc_column][\/vc_row]<\/p>\n","protected":false},"excerpt":{"rendered":"<p>[vc_row][vc_column][\/vc_column][\/vc_row][vc_row][vc_column][vc_custom_heading text=\u00bbDepartamento de Formaci\u00f3n, Evaluaci\u00f3n e Innovaci\u00f3n Educativa.\u00bb][vc_custom_heading text=\u00bbProgramaci\u00f3n del departamento FEIE\u00bb link=\u00bburl:http%3A%2F%2Fiessanalvaro.es%2Fwp-content%2Fuploads%2F2017%2F11%2FPROGRAMACI%C3%93N-FEIE-2017-2018.pdf|title:Ver%20documento|target:%20_blank|\u00bb][vc_column_text][fontawesome icon=\u00bbfa fa-file-pdf-o\u00bb]Programaci\u00f3n FEIE 2017-2018[\/vc_column_text][vc_column_text] &nbsp; FORMACI\u00d3N: EVALUACI\u00d3N INNOVACI\u00d3N EDUCATIVA Educar en Competencias&hellip;<\/p>\n","protected":false},"author":18399,"featured_media":0,"parent":0,"menu_order":0,"comment_status":"closed","ping_status":"closed","template":"","meta":{"ngg_post_thumbnail":0,"footnotes":""},"aioseo_notices":[],"_links":{"self":[{"href":"https:\/\/blogsaverroes.juntadeandalucia.es\/iessanalvaro\/wp-json\/wp\/v2\/pages\/1528"}],"collection":[{"href":"https:\/\/blogsaverroes.juntadeandalucia.es\/iessanalvaro\/wp-json\/wp\/v2\/pages"}],"about":[{"href":"https:\/\/blogsaverroes.juntadeandalucia.es\/iessanalvaro\/wp-json\/wp\/v2\/types\/page"}],"author":[{"embeddable":true,"href":"https:\/\/blogsaverroes.juntadeandalucia.es\/iessanalvaro\/wp-json\/wp\/v2\/users\/18399"}],"replies":[{"embeddable":true,"href":"https:\/\/blogsaverroes.juntadeandalucia.es\/iessanalvaro\/wp-json\/wp\/v2\/comments?post=1528"}],"version-history":[{"count":0,"href":"https:\/\/blogsaverroes.juntadeandalucia.es\/iessanalvaro\/wp-json\/wp\/v2\/pages\/1528\/revisions"}],"wp:attachment":[{"href":"https:\/\/blogsaverroes.juntadeandalucia.es\/iessanalvaro\/wp-json\/wp\/v2\/media?parent=1528"}],"curies":[{"name":"wp","href":"https:\/\/api.w.org\/{rel}","templated":true}]}}