{"id":16,"date":"2020-01-10T08:42:15","date_gmt":"2020-01-10T07:42:15","guid":{"rendered":"http:\/\/blogsaverroes.juntadeandalucia.es\/pre\/nuevoies2v2\/?page_id=16"},"modified":"2025-02-19T15:31:50","modified_gmt":"2025-02-19T15:31:50","slug":"enlaces_interes","status":"publish","type":"page","link":"https:\/\/blogsaverroes.juntadeandalucia.es\/iessanalvaro\/enlaces_interes\/","title":{"rendered":"Enlaces de Inter\u00e9s"},"content":{"rendered":"<p>PORTAL DE FORMACI\u00d3N PROFESIONAL DEL MINISTERIO DE EDUCACI\u00d3N&nbsp; &nbsp; &nbsp; <a href=\"https:\/\/www.todofp.es\/inicio.html\"><img decoding=\"async\" class=\"\" src=\"https:\/\/www.todofp.es\/.resources\/todofp\/webresources\/img\/cabecera\/logo-todoFP.svg\" alt=\"Logotipo de TodoFP\" width=\"150\" height=\"46\" data-wp-editing=\"1\"><\/a><br \/>\nPORTAL DE FORMACI\u00d3N PROFESIONAL DE LA JUNTA DE ANDALUC\u00cdA <a href=\"https:\/\/www.juntadeandalucia.es\/educacion\/portals\/web\/formacion-profesional-andaluza\"><img decoding=\"async\" class=\"wp-image-3413 alignnone\" src=\"https:\/\/blogsaverroes.juntadeandalucia.es\/iessanalvaro\/files\/2022\/01\/logo_fpandalucia-300x69.png\" alt=\"logo fpandalucia\" width=\"187\" height=\"43\" srcset=\"https:\/\/blogsaverroes.juntadeandalucia.es\/iessanalvaro\/files\/2022\/01\/logo_fpandalucia-300x69.png 300w, https:\/\/blogsaverroes.juntadeandalucia.es\/iessanalvaro\/files\/2022\/01\/logo_fpandalucia.png 499w\" sizes=\"(max-width: 187px) 100vw, 187px\" \/><\/a><br \/>\n&nbsp;<\/p>\n","protected":false},"excerpt":{"rendered":"<p>PORTAL DE FORMACI\u00d3N PROFESIONAL DEL MINISTERIO DE EDUCACI\u00d3N&nbsp; &nbsp; &nbsp; PORTAL DE FORMACI\u00d3N PROFESIONAL DE LA JUNTA DE ANDALUC\u00cdA &nbsp;<\/p>\n","protected":false},"author":18399,"featured_media":0,"parent":0,"menu_order":0,"comment_status":"closed","ping_status":"closed","template":"","meta":{"ngg_post_thumbnail":0,"footnotes":""},"aioseo_notices":[],"_links":{"self":[{"href":"https:\/\/blogsaverroes.juntadeandalucia.es\/iessanalvaro\/wp-json\/wp\/v2\/pages\/16"}],"collection":[{"href":"https:\/\/blogsaverroes.juntadeandalucia.es\/iessanalvaro\/wp-json\/wp\/v2\/pages"}],"about":[{"href":"https:\/\/blogsaverroes.juntadeandalucia.es\/iessanalvaro\/wp-json\/wp\/v2\/types\/page"}],"author":[{"embeddable":true,"href":"https:\/\/blogsaverroes.juntadeandalucia.es\/iessanalvaro\/wp-json\/wp\/v2\/users\/18399"}],"replies":[{"embeddable":true,"href":"https:\/\/blogsaverroes.juntadeandalucia.es\/iessanalvaro\/wp-json\/wp\/v2\/comments?post=16"}],"version-history":[{"count":2,"href":"https:\/\/blogsaverroes.juntadeandalucia.es\/iessanalvaro\/wp-json\/wp\/v2\/pages\/16\/revisions"}],"predecessor-version":[{"id":4299,"href":"https:\/\/blogsaverroes.juntadeandalucia.es\/iessanalvaro\/wp-json\/wp\/v2\/pages\/16\/revisions\/4299"}],"wp:attachment":[{"href":"https:\/\/blogsaverroes.juntadeandalucia.es\/iessanalvaro\/wp-json\/wp\/v2\/media?parent=16"}],"curies":[{"name":"wp","href":"https:\/\/api.w.org\/{rel}","templated":true}]}}