{"id":2220,"date":"2019-05-03T08:31:15","date_gmt":"2019-05-03T08:31:15","guid":{"rendered":"http:\/\/iessanalvaro.es\/?page_id=2220"},"modified":"2019-05-03T08:31:15","modified_gmt":"2019-05-03T08:31:15","slug":"formacion-profesional-dual","status":"publish","type":"page","link":"https:\/\/blogsaverroes.juntadeandalucia.es\/iessanalvaro\/formacion-profesional-dual\/","title":{"rendered":"Formaci\u00f3n Profesional DUAL"},"content":{"rendered":"<h5 style=\"text-align: center\">CFGM DE T\u00c9CNICO EN FARMACIA Y PARAFARMACIA. MODALIDAD DUAL<\/h5>\n<p>El IES San \u00c1lvaro desde el curso 2017\/18 incorpora en su oferta educativa las ense\u00f1anzas de FP dual de T\u00e9cnico en Farmacia y Parafarmacia.<br \/>\nEl n\u00famero de plazas ofertadas para el alumnado de primer curso en esta modalidad es de 20.<br \/>\nLos m\u00f3dulos profesionales se configuran del siguiente modo:<br \/>\n&nbsp;<\/p>\n<table width=\"709\" cellspacing=\"0\" cellpadding=\"7\">\n<colgroup>\n<col width=\"354\">\n<col width=\"325\"> <\/colgroup>\n<tbody>\n<tr valign=\"top\">\n<td width=\"354\">\n<p align=\"center\"><span style=\"font-size: medium\"><b>PRIMER CURSO<\/b><\/span><\/p>\n<\/td>\n<td width=\"325\">\n<p align=\"center\"><span style=\"font-size: medium\"><b>SEGUNDO CURSO<\/b><\/span><\/p>\n<\/td>\n<\/tr>\n<tr valign=\"top\">\n<td style=\"background: #d9d9d9\" width=\"354\" bgcolor=\"#d9d9d9\"><span style=\"font-size: medium\"><b>En alternancia <\/b><\/span><\/td>\n<td style=\"background: #d9d9d9\" width=\"325\" bgcolor=\"#d9d9d9\"><span style=\"font-size: medium\"><b>En alternancia<\/b><\/span><\/td>\n<\/tr>\n<tr valign=\"top\">\n<td width=\"354\"><span style=\"font-size: medium\">0099 Disposici\u00f3n y venta de productos<\/span><\/td>\n<td width=\"325\"><span style=\"font-size: medium\">0100 Oficina de farmacia<\/span><\/td>\n<\/tr>\n<tr valign=\"top\">\n<td width=\"354\"><span style=\"font-size: medium\">0102 Dispensaci\u00f3n de productos parafarmac\u00e9uticos<\/span><\/td>\n<td width=\"325\"><span style=\"font-size: medium\">0101 Dispensaci\u00f3n de productos farmac\u00e9uticos<\/span><\/td>\n<\/tr>\n<tr valign=\"top\">\n<td width=\"354\"><span style=\"font-size: medium\">0103 Operaciones b\u00e1sicas de laboratorio<\/span><\/td>\n<td width=\"325\"><span style=\"font-size: medium\">0104 Formulaci\u00f3n magistral<\/span><\/td>\n<\/tr>\n<tr valign=\"top\">\n<td width=\"354\"><span style=\"font-size: medium\">0105 Promoci\u00f3n de la salud<\/span><\/td>\n<td width=\"325\"><span style=\"font-size: medium\">Horas de libre configuraci\u00f3n (asociadas a 0101)<\/span><\/td>\n<\/tr>\n<tr valign=\"top\">\n<td style=\"background: #d9d9d9\" width=\"354\" bgcolor=\"#d9d9d9\"><span style=\"font-size: medium\"><b>No en alternancia<\/b><\/span><\/td>\n<td style=\"background: #d9d9d9\" width=\"325\" bgcolor=\"#d9d9d9\"><span style=\"font-size: medium\"><b>No en alternancia<\/b><\/span><\/td>\n<\/tr>\n<tr valign=\"top\">\n<td width=\"354\"><span style=\"font-size: medium\">0020 Primeros auxilios<\/span><\/td>\n<td width=\"325\"><span style=\"font-size: medium\">0107 Empresa e iniciativa emprendedora<\/span><\/td>\n<\/tr>\n<tr valign=\"top\">\n<td width=\"354\"><span style=\"font-size: medium\">0061 Anatomofisiolog\u00eda y patolog\u00eda b\u00e1sica<\/span><\/td>\n<td width=\"325\"><span style=\"font-size: medium\">0108 Formaci\u00f3n en centros de trabajo<\/span><\/td>\n<\/tr>\n<tr valign=\"top\">\n<td width=\"354\"><span style=\"font-size: medium\">0106 Formaci\u00f3n y orientaci\u00f3n laboral<\/span><\/td>\n<td style=\"text-align: center\" width=\"325\">&nbsp;<\/td>\n<\/tr>\n<\/tbody>\n<\/table>\n<p>&nbsp;<br \/>\n<span style=\"font-size: medium\"><strong>CRITERIOS DE SELECCI\u00d3N DEL ALUMNADO POR PARTE DEL CENTRO EDUCATIVO<\/strong>:<\/span><br \/>\n<span style=\"font-family: Calibri, serif\">El alumnado matriculado firmar\u00e1 de forma voluntaria un compromiso de participaci\u00f3n <\/span><a href=\"https:\/\/drive.google.com\/file\/d\/1C6HKeb-KzKGbDG0sAfqHt7Z2iRZiwe2f\/view?usp=sharing\"><span style=\"color: #ff0000\"><span style=\"font-family: Calibri, serif\">DESCARGAR AQU\u00cd<\/span><\/span><\/a><br \/>\n<span style=\"font-family: Calibri, serif\">Durante el primer trimestre se realizar\u00e1 la selecci\u00f3n del alumnado atendiendo a los siguientes criterios:<\/span><br \/>\n<span style=\"font-family: Calibri, serif\"><u>Competencias personales: <\/u><\/span><span style=\"font-family: Calibri, serif\"> ( 35%): motivaci\u00f3n por el ciclo de T\u00e9cnico en Farmacia y Parafarmacia, iniciativa y buena disposici\u00f3n entre otros.<\/span><br \/>\n<span style=\"font-family: Calibri, serif\"><u>Competencias sociales <\/u><\/span><span style=\"font-family: Calibri, serif\"> ( 30%): sinton\u00eda , colaboraci\u00f3n y trato cordial.<\/span><br \/>\n<span style=\"font-family: Calibri, serif\"><u>Competencias profesionales <\/u><\/span><span style=\"font-family: Calibri, serif\">( 35%) : aprovechamiento en clase, destrezas y uso de las TIC<\/span><\/p>\n<p align=\"justify\"><span style=\"font-size: medium\"><strong><span style=\"font-family: Calibri, serif\">CRITERIOS DE ASIGNACI\u00d3N DEL ALUMNADO POR PARTE DE LAS EMPRESAS<\/span><\/strong><\/span><span style=\"font-family: Calibri, serif\">:<\/span><\/p>\n<p><span style=\"font-family: Calibri, serif\">Se realizar\u00e1 una entrevista personal en el centro de trabajo.<\/span><br \/>\n&nbsp;<\/p>\n<hr \/>\n<p>&nbsp;<\/p>\n<h5 style=\"text-align: center\">CFGM DE T\u00c9CNICO EN DOCUMENTACI\u00d3N Y ADMINISTRACI\u00d3N SANITARIAS. MODALIDAD DUAL<\/h5>\n<p><strong>CARACTER\u00cdSTICAS Y CONDICIONES DEL PROYECTO FP DUAL DOCUMENTACI\u00d3N Y ADMINISTRACI\u00d3N SANITARIAS QUE EL ALUMNADO DEBE CONOCER Y ACEPTAR<\/strong><br \/>\n<strong>&nbsp;<\/strong><br \/>\n&nbsp;<br \/>\nEl Proyecto Dual del Ciclo Formativo de Documentaci\u00f3n y Administraci\u00f3n Sanitarias engloba al alumnado que se matricule en el curso 2023\/2024 y finalice en junio de 2025.<br \/>\nAl ser un Ciclo Formativo de nueva implantaci\u00f3n en nuestro Centro durante el pr\u00f3ximo curso 23\/24 s\u00f3lo se impartir\u00e1n los M\u00f3dulos Profesionales de 1\u00ba curso.<br \/>\nEl Proyecto est\u00e1 destinado a un grupo de un m\u00e1ximo de 15 alumn@s y tod@s ell@ en modalidad Dual, en horario de TARDE.<br \/>\nLa Formaci\u00f3n Profesional Dual implica que el alumnado adquiere conocimientos y competencias en alternancia entre el Centro Educativo y las instituciones y empresas con las que el Centro tiene compromiso de colaboraci\u00f3n. Este hecho hace que el aprendizaje tenga un car\u00e1cter m\u00e1s pr\u00e1ctico y cercano a la realidad del trabajo y a las funciones que desarrolla un T\u00e9cnico en Documentaci\u00f3n y Administraci\u00f3n Sanitarias.<br \/>\nEl Proyecto est\u00e1 formado por los M\u00f3dulos Profesionales en los cuales la formaci\u00f3n se llevar\u00e1 a cabo en alternancia entre el IES y los centros de trabajo. Estos M\u00f3dulos son:<\/p>\n<ul>\n<li>Archivo y documentaci\u00f3n sanitarios (primer curso)<\/li>\n<li>Extracci\u00f3n de diagn\u00f3sticos y procedimientos (primer curso)<\/li>\n<li>Gesti\u00f3n de pacientes (primer curso)<\/li>\n<li>Ofim\u00e1tica y proceso de la informaci\u00f3n (primer curso)<\/li>\n<li>Sistemas de informaci\u00f3n y clasificaci\u00f3n<\/li>\n<li>sanitarios (primer curso)<\/li>\n<li>Codificaci\u00f3n sanitaria (segundo curso)<\/li>\n<li>Gesti\u00f3n administrativa sanitaria (segundo curso)<\/li>\n<li>Horas de Libre Configuraci\u00f3n (segundo curso)<\/li>\n<li>Formaci\u00f3n en Centros de Trabajo (segundo curso)<\/li>\n<\/ul>\n<p>&nbsp;<br \/>\nLa distribuci\u00f3n temporal de nuestro Ciclo Formativo es la siguiente:<br \/>\nEn 1\u00ba curso:<\/p>\n<ul>\n<li>Del 15 de septiembre al 22 de diciembre de 2023: Formaci\u00f3n Inicial<\/li>\n<\/ul>\n<p>Durante este periodo la totalidad del horario semanal se desarrollar\u00e1 \u00edntegramente en el IES (horario de tarde)<\/p>\n<ul>\n<li>De enero al 31 mayo 2024: Formaci\u00f3n en Alternancia.<\/li>\n<\/ul>\n<p>Durante este periodo se alterna la formaci\u00f3n en el IES con la formaci\u00f3n pr\u00e1ctica en los centros de trabajo. Informar que durante este periodo el alumnado acudir\u00e1 al IES dos d\u00edas semanales (horario de tarde) y al centro de trabajo los tres d\u00edas de la semana restantes. Este periodo de alternancia de 1\u00ba curso se divide, a su vez, en 2 per\u00edodos: uno de enero a marzo en el que la formaci\u00f3n pr\u00e1ctica se desarrollar\u00e1 en HURS (Hospital Universitario Reina Sof\u00eda); y un segundo periodo, de marzo a mayo, en el que esta formaci\u00f3n pr\u00e1ctica se desarrollar\u00e1 en distintos Centros Sanitarios de la Provincia.<br \/>\nEn 2\u00ba curso:<\/p>\n<ul>\n<li>Del 15 septiembre al 31 de octubre de 2024: Formaci\u00f3n Inicial<\/li>\n<\/ul>\n<p>Durante este periodo la totalidad del horario semanal se desarrollar\u00e1 \u00edntegramente en el IES (horario de tarde).<\/p>\n<ul>\n<li>Del 4 de noviembre 2024 a marzo de 2025: Formaci\u00f3n en Alternancia.<\/li>\n<\/ul>\n<p>Durante este periodo se alterna la formaci\u00f3n en el IES con la formaci\u00f3n pr\u00e1ctica en los centros de trabajo. Informar que durante este periodo el alumnado acudir\u00e1 al IES tres d\u00edas semanales (horario de tarde) y al centro de trabajo los dos d\u00edas de la semana restantes.<\/p>\n<ul>\n<li>De marzo a junio de 2025: Formaci\u00f3n en Centros de Trabajo (FCT).<\/li>\n<\/ul>\n<p>Formaci\u00f3n \u00edntegramente pr\u00e1ctica (de lunes a viernes) en los centros de trabajo.<br \/>\nToda la formaci\u00f3n pr\u00e1ctica de 2\u00ba curso se desarrollar\u00e1 en HURS.<br \/>\n&nbsp;<br \/>\nInformar que, aunque la formaci\u00f3n en el IES sea en horario de tardes, la formaci\u00f3n pr\u00e1ctica en los Centros de Trabajo se podr\u00e1 desarrollar en horario de ma\u00f1anas, tardes o de partido, en funci\u00f3n de las caracter\u00edsticas de cada uno de estos Centros y de los puestos formativos por los que alumnado pueda rotar.<br \/>\n&nbsp;<br \/>\nLos <u>requisitos<\/u> que deben cumplir el alumnado que quiera cursar este Ciclo Formativo son los siguientes:<\/p>\n<ul>\n<li>Para poder matricularse en este Ciclo Formativo el alumnado (o tutores legales si es menor de edad) deber\u00e1 firmar el impreso de conocimiento y aceptaci\u00f3n de las caracter\u00edsticas\/condiciones de este Proyecto Dual que vendr\u00e1 incluido en matr\u00edcula. (<em>ESTA ES CONDICI\u00d3N OBLIGATORIA PARA PODER MATRICULARSE)<\/em><\/li>\n<li>Para poder cursar el Ciclo Formativo en esta modalidad Dual el alumnado no deber\u00e1 tener M\u00f3dulos Profesionales Duales superados de cursos anteriores ni convalidados, seg\u00fan la <em>Orden de 20 de enero de 2023 (BOJA de 1 de febrero de 2023)<\/em>.<\/li>\n<li>Durante el periodo de Formaci\u00f3n Inicial de 1\u00ba curso y con anterioridad a su incorporaci\u00f3n al Centro de trabajo, el alumnado deber\u00e1 cumplir:\n<ol>\n<li>No ser alumnado absentista.<\/li>\n<li>No tener partes disciplinarios por comportamientos contrarios a las normas.<\/li>\n<\/ol>\n<\/li>\n<li>Igualmente, el alumnado que durante la formaci\u00f3n pr\u00e1ctica en el Centro de Trabajo incurriera en faltas disciplinarias por incumplimiento de las normas o indicaciones de los responsables laborales o docentes, podr\u00e1 abandonar la formaci\u00f3n en dicho Centro de Trabajo.<\/li>\n<li>El compromiso del alumnado a desempe\u00f1ar todas las actividades formativas incluidas en el proyecto formativo.<\/li>\n<\/ul>\n<p>&nbsp;<\/p>\n<hr \/>\n<h5 style=\"text-align: center\">CFGM DE T\u00c9CNICO EN CUIDADOS AUXILIARES DE ENFERMER\u00cdA (TCAE). MODALIDAD DUAL<\/h5>\n<p><strong>CARACTER\u00cdSTICAS Y CONDICIONES DEL PROYECTO FP DUAL DE T\u00c9CNICO EN CUIDADOS AUXILIARES DE ENFERMER\u00cdA (TCAE)&nbsp; QUE EL ALUMNADO DEBE CONOCER Y ACEPTAR<\/strong><br \/>\n<strong>&nbsp;<\/strong><br \/>\nEl Proyecto Dual del Ciclo Formativo de T\u00e9cnico en Cuidados Auxiliares de Enfermer\u00eda (TCAE) engloba al alumnado que se matricule en el curso 2023\/2024 y finalice en enero de 2025.<br \/>\nEl Proyecto est\u00e1 destinado al grupo de tardes para un m\u00e1ximo de 20 alumn@s y tod@s ell@ en modalidad Dual, en horario de TARDE. Nuestro IES tambi\u00e9n oferta este Ciclo Formativo en r\u00e9gimen general presencial en horario de ma\u00f1anas y en r\u00e9gimen de adultos en horario de tardes.<br \/>\nLa Formaci\u00f3n Profesional Dual implica que el alumnado adquiere conocimientos y competencias en alternancia entre el Centro Educativo y las instituciones y empresas con las que el Centro tiene compromiso de colaboraci\u00f3n. Este hecho hace que el aprendizaje tenga un car\u00e1cter m\u00e1s pr\u00e1ctico y cercano a la realidad del trabajo y a las funciones que desarrolla un T\u00e9cnico en CAE.<br \/>\nEl Proyecto est\u00e1 formado por los M\u00f3dulos Profesionales en los cuales la formaci\u00f3n se llevar\u00e1 a cabo en alternancia entre el IES y los centros de trabajo. Estos M\u00f3dulos son:<\/p>\n<ul>\n<li>T\u00e9cnicas B\u00e1sicas de Enfermer\u00eda (primer curso)<\/li>\n<li>Higiene del Medio Hospitalario (primer curso)<\/li>\n<li>Promoci\u00f3n de la Salud y Apoyo Psicol\u00f3gico al paciente (primer curso)<\/li>\n<li>Formaci\u00f3n en Centros de Trabajo (segundo curso)<\/li>\n<\/ul>\n<p>&nbsp;<br \/>\nLa distribuci\u00f3n temporal de nuestro Ciclo Formativo es la siguiente:<br \/>\nEn 1\u00ba curso:<\/p>\n<ul>\n<li>Del 15 de septiembre al 22 de diciembre de 2023: Formaci\u00f3n Inicial<\/li>\n<\/ul>\n<p>Durante este periodo la totalidad del horario semanal se desarrollar\u00e1 \u00edntegramente en el IES (horario de tarde)<\/p>\n<ul>\n<li>De enero al 31 mayo 2024: Formaci\u00f3n en Alternancia.<\/li>\n<\/ul>\n<p>Durante este periodo se alterna la formaci\u00f3n en el IES con la formaci\u00f3n pr\u00e1ctica en los centros de trabajo. Informar que durante este periodo el alumnado acudir\u00e1 al IES dos d\u00edas semanales (horario de tarde) y al centro de trabajo los tres d\u00edas de la semana restantes. Los Centros Sanitarios de Trabajo en los que se formar\u00e1n durante este 1\u00ba curso est\u00e1n ubicados en el municipio de C\u00f3rdoba.<br \/>\nEn 2\u00ba curso:<\/p>\n<ul>\n<li>De septiembre a diciembre de 2024: Formaci\u00f3n en Centros de Trabajo (FCT).<\/li>\n<\/ul>\n<p>Formaci\u00f3n \u00edntegramente pr\u00e1ctica (de lunes a viernes) en los centros de trabajo.<br \/>\nToda la formaci\u00f3n pr\u00e1ctica de 2\u00ba curso se desarrollar\u00e1 preferentemente en HURS.<br \/>\n&nbsp;<br \/>\nInformar que, aunque la formaci\u00f3n en el IES sea en horario de tardes, la formaci\u00f3n pr\u00e1ctica en los Centros de Trabajo se podr\u00e1 desarrollar en horario de ma\u00f1anas, tardes o de partido, en funci\u00f3n de las caracter\u00edsticas de cada uno de estos Centros y de los puestos formativos por los que alumnado pueda rotar.<br \/>\n&nbsp;<br \/>\nLos <u>requisitos<\/u> que deben cumplir el alumnado que quiera cursar este Ciclo Formativo son los siguientes:<\/p>\n<ul>\n<li>Para poder matricularse en este Ciclo Formativo el alumnado (o tutores legales si es menor de edad) deber\u00e1 firmar el impreso de conocimiento y aceptaci\u00f3n de las caracter\u00edsticas\/condiciones de este Proyecto Dual que vendr\u00e1 incluido en matr\u00edcula. (<em>ESTA ES CONDICI\u00d3N OBLIGATORIA PARA PODER MATRICULARSE)<\/em><\/li>\n<li>Para poder cursar el Ciclo Formativo en esta modalidad Dual el alumnado no deber\u00e1 tener M\u00f3dulos Profesionales Duales superados de cursos anteriores ni convalidados, seg\u00fan la <em>Orden de 20 de enero de 2023 (BOJA de 1 de febrero de 2023)<\/em>.<\/li>\n<li>Durante el periodo de Formaci\u00f3n Inicial de 1\u00ba curso y con anterioridad a su incorporaci\u00f3n al Centro de trabajo, el alumnado deber\u00e1 cumplir:\n<ol>\n<li>No ser alumnado absentista.<\/li>\n<li>No tener partes disciplinarios por comportamientos contrarios a las normas.<\/li>\n<\/ol>\n<\/li>\n<li>Igualmente, el alumnado que durante la formaci\u00f3n pr\u00e1ctica en el Centro de Trabajo incurriera en faltas disciplinarias por incumplimiento de las normas o indicaciones de los responsables laborales o docentes, podr\u00e1 abandonar la formaci\u00f3n en dicho Centro de Trabajo.<\/li>\n<li>La asignaci\u00f3n del alumnado a cada uno de los Centros de Trabajo se realizar\u00e1 durante el 1\u00ba trimestre del 1\u00ba curso, atendiendo a los siguientes criterios: perfil demandado y entrevista personal por parte del Centro de Trabajo, perfil y elecci\u00f3n del alumnado, calificaciones obtenidas durante este 1\u00ba trimestre, reducir los desplazamientos del alumnado.<\/li>\n<li>El alumnado se compromete a desempe\u00f1ar todas las actividades formativas incluidas en el proyecto formativo.<\/li>\n<\/ul>\n<p>&nbsp;<br \/>\n&nbsp;<\/p>\n","protected":false},"excerpt":{"rendered":"<p>CFGM DE T\u00c9CNICO EN FARMACIA Y PARAFARMACIA. MODALIDAD DUAL El IES San \u00c1lvaro desde el curso 2017\/18 incorpora en su oferta educativa las ense\u00f1anzas de&hellip;<\/p>\n","protected":false},"author":18399,"featured_media":0,"parent":0,"menu_order":0,"comment_status":"closed","ping_status":"closed","template":"","meta":{"ngg_post_thumbnail":0,"footnotes":""},"aioseo_notices":[],"_links":{"self":[{"href":"https:\/\/blogsaverroes.juntadeandalucia.es\/iessanalvaro\/wp-json\/wp\/v2\/pages\/2220"}],"collection":[{"href":"https:\/\/blogsaverroes.juntadeandalucia.es\/iessanalvaro\/wp-json\/wp\/v2\/pages"}],"about":[{"href":"https:\/\/blogsaverroes.juntadeandalucia.es\/iessanalvaro\/wp-json\/wp\/v2\/types\/page"}],"author":[{"embeddable":true,"href":"https:\/\/blogsaverroes.juntadeandalucia.es\/iessanalvaro\/wp-json\/wp\/v2\/users\/18399"}],"replies":[{"embeddable":true,"href":"https:\/\/blogsaverroes.juntadeandalucia.es\/iessanalvaro\/wp-json\/wp\/v2\/comments?post=2220"}],"version-history":[{"count":0,"href":"https:\/\/blogsaverroes.juntadeandalucia.es\/iessanalvaro\/wp-json\/wp\/v2\/pages\/2220\/revisions"}],"wp:attachment":[{"href":"https:\/\/blogsaverroes.juntadeandalucia.es\/iessanalvaro\/wp-json\/wp\/v2\/media?parent=2220"}],"curies":[{"name":"wp","href":"https:\/\/api.w.org\/{rel}","templated":true}]}}