{"id":262,"date":"2020-01-23T12:37:13","date_gmt":"2020-01-23T11:37:13","guid":{"rendered":"http:\/\/blogsaverroes.juntadeandalucia.es\/pre\/nuevoies2v2\/?page_id=262"},"modified":"2025-04-04T16:25:58","modified_gmt":"2025-04-04T16:25:58","slug":"nuestra-historia","status":"publish","type":"page","link":"https:\/\/blogsaverroes.juntadeandalucia.es\/iessanalvaro\/nuestra-historia\/","title":{"rendered":"Nuestra Historia"},"content":{"rendered":"<h2>Nuestra Historia<\/h2>\nngg_shortcode_0_placeholder\n<p style=\"text-align: justify\">El IES San \u00c1lvaro se encuentra en la barriada de&nbsp;<strong>Fray Albino en la zona sur de la ciudad de C\u00f3rdoba.<\/strong><\/p>\n<p style=\"text-align: justify\">Este centro se crea en el curso escolar <strong>1984-85<\/strong> como un centro de FP <span style=\"font-weight: 400\">con dos ramas profesionales: <strong>Metalurgia <\/strong>(Estructuras Met\u00e1licas) y <strong>Jard\u00edn de Infancia<\/strong>. Su directora fue Ana Salinas. <\/span><\/p>\n<p style=\"text-align: justify\"><span style=\"font-weight: 400\">A <\/span>lo largo de su historia va incorporando ramas diferentes (Construcciones Met\u00e1licas, Administrativo, Servicios socioculturales y a la comunidad, y Sanitaria) hasta la incorporaci\u00f3n de los Ciclos Formativos de grado medio y grado superior que conforman actualmente su oferta.&nbsp;<\/p>\n<p style=\"text-align: justify\"><span style=\"font-weight: 400\">En <strong>1986<\/strong> pasar\u00e1 a Elena Reyes el cargo de directora y Antonio Paredes comenzar\u00e1 con la especialidad de<strong> Diet\u00e9tica y Nutrici\u00f3n<\/strong>.<\/span><\/p>\n<p style=\"text-align: justify\"><span style=\"font-weight: 400\">Despu\u00e9s el director ser\u00eda Juan Adame que empieza a instaurar los <strong>Ciclos de Sanidad de Radiodiagn\u00f3stico<\/strong>, <strong>Radioterapia<\/strong>, <strong>Enfermer\u00eda<\/strong> y <strong>Farmacia<\/strong>.<\/span><\/p>\n<p style=\"text-align: justify\">A partir del curso <strong>1998-99<\/strong> se a\u00f1ade a la oferta las ense\u00f1anzas de Educaci\u00f3n Secundaria Obligatoria y Bachillerato.<\/p>\n<p>&nbsp;<\/p>\n<p>&nbsp;<\/p>\n","protected":false},"excerpt":{"rendered":"<p>Nuestra Historia El IES San \u00c1lvaro se encuentra en la barriada de&nbsp;Fray Albino en la zona sur de la ciudad de C\u00f3rdoba. Este centro se&hellip;<\/p>\n","protected":false},"author":18399,"featured_media":0,"parent":0,"menu_order":0,"comment_status":"closed","ping_status":"closed","template":"","meta":{"ngg_post_thumbnail":0,"footnotes":""},"aioseo_notices":[],"_links":{"self":[{"href":"https:\/\/blogsaverroes.juntadeandalucia.es\/iessanalvaro\/wp-json\/wp\/v2\/pages\/262"}],"collection":[{"href":"https:\/\/blogsaverroes.juntadeandalucia.es\/iessanalvaro\/wp-json\/wp\/v2\/pages"}],"about":[{"href":"https:\/\/blogsaverroes.juntadeandalucia.es\/iessanalvaro\/wp-json\/wp\/v2\/types\/page"}],"author":[{"embeddable":true,"href":"https:\/\/blogsaverroes.juntadeandalucia.es\/iessanalvaro\/wp-json\/wp\/v2\/users\/18399"}],"replies":[{"embeddable":true,"href":"https:\/\/blogsaverroes.juntadeandalucia.es\/iessanalvaro\/wp-json\/wp\/v2\/comments?post=262"}],"version-history":[{"count":28,"href":"https:\/\/blogsaverroes.juntadeandalucia.es\/iessanalvaro\/wp-json\/wp\/v2\/pages\/262\/revisions"}],"predecessor-version":[{"id":4400,"href":"https:\/\/blogsaverroes.juntadeandalucia.es\/iessanalvaro\/wp-json\/wp\/v2\/pages\/262\/revisions\/4400"}],"wp:attachment":[{"href":"https:\/\/blogsaverroes.juntadeandalucia.es\/iessanalvaro\/wp-json\/wp\/v2\/media?parent=262"}],"curies":[{"name":"wp","href":"https:\/\/api.w.org\/{rel}","templated":true}]}}