{"id":3070,"date":"2021-04-27T09:08:51","date_gmt":"2021-04-27T09:08:51","guid":{"rendered":"http:\/\/iessanalvaro.es\/?page_id=3070"},"modified":"2021-04-27T09:08:51","modified_gmt":"2021-04-27T09:08:51","slug":"solicitud-de-titulos","status":"publish","type":"page","link":"https:\/\/blogsaverroes.juntadeandalucia.es\/iessanalvaro\/solicitud-de-titulos\/","title":{"rendered":"Solicitud de t\u00edtulos"},"content":{"rendered":"<h2 style=\"text-align: center\"><strong>\u00bfC\u00f3mo solicitar su t\u00edtulo v\u00eda telem\u00e1tica?<\/strong><\/h2>\n<h4><strong>Para solicitar su titulaci\u00f3n, deber\u00e1 clicar el siguiente enlace:<\/strong><\/h4>\n<h4><strong><a href=\"https:\/\/www.juntadeandalucia.es\/educacion\/secretariavirtual\/accesoTramite\/302\/\">https:\/\/www.juntadeandalucia.es\/educacion\/secretariavirtual\/accesoTramite\/302\/<\/a><\/strong><\/h4>\n<p><a href=\"http:\/\/iessanalvaro.es\/wp-content\/uploads\/2021\/04\/Captura-web-1.png\"><img fetchpriority=\"high\" decoding=\"async\" class=\"alignnone size-full wp-image-3071\" src=\"http:\/\/iessanalvaro.es\/wp-content\/uploads\/2021\/04\/Captura-web-1.png\" alt=\"\" width=\"1911\" height=\"930\" \/><\/a><br \/>\n&nbsp;<\/p>\n<h4><strong>A continuaci\u00f3n deber\u00e1 acceder a trav\u00e9s de su clave iANDe, CL@VE-PIN, CL@VE-PERMANENTE, o con su certificado digital.<\/strong><\/h4>\n<h4><strong>Rellene todos los campos, y siga las instrucciones que le proporcionar\u00e1 la p\u00e1gina. Una vez rellenados los campos de identificaci\u00f3n, no olvide seleccionar el t\u00edtulo que desea solicitar, y el instituto donde se realiz\u00f3.<\/strong><\/h4>\n<h4><strong>Si tiene alguna duda, cons\u00faltanos.<\/strong><\/h4>\n<p>&nbsp;<\/p>\n","protected":false},"excerpt":{"rendered":"<p>\u00bfC\u00f3mo solicitar su t\u00edtulo v\u00eda telem\u00e1tica? Para solicitar su titulaci\u00f3n, deber\u00e1 clicar el siguiente enlace: https:\/\/www.juntadeandalucia.es\/educacion\/secretariavirtual\/accesoTramite\/302\/ &nbsp; A continuaci\u00f3n deber\u00e1 acceder a trav\u00e9s de su&hellip;<\/p>\n","protected":false},"author":18399,"featured_media":0,"parent":0,"menu_order":0,"comment_status":"closed","ping_status":"closed","template":"","meta":{"ngg_post_thumbnail":0,"footnotes":""},"aioseo_notices":[],"_links":{"self":[{"href":"https:\/\/blogsaverroes.juntadeandalucia.es\/iessanalvaro\/wp-json\/wp\/v2\/pages\/3070"}],"collection":[{"href":"https:\/\/blogsaverroes.juntadeandalucia.es\/iessanalvaro\/wp-json\/wp\/v2\/pages"}],"about":[{"href":"https:\/\/blogsaverroes.juntadeandalucia.es\/iessanalvaro\/wp-json\/wp\/v2\/types\/page"}],"author":[{"embeddable":true,"href":"https:\/\/blogsaverroes.juntadeandalucia.es\/iessanalvaro\/wp-json\/wp\/v2\/users\/18399"}],"replies":[{"embeddable":true,"href":"https:\/\/blogsaverroes.juntadeandalucia.es\/iessanalvaro\/wp-json\/wp\/v2\/comments?post=3070"}],"version-history":[{"count":0,"href":"https:\/\/blogsaverroes.juntadeandalucia.es\/iessanalvaro\/wp-json\/wp\/v2\/pages\/3070\/revisions"}],"wp:attachment":[{"href":"https:\/\/blogsaverroes.juntadeandalucia.es\/iessanalvaro\/wp-json\/wp\/v2\/media?parent=3070"}],"curies":[{"name":"wp","href":"https:\/\/api.w.org\/{rel}","templated":true}]}}