{"id":3104,"date":"2021-04-27T10:23:45","date_gmt":"2021-04-27T10:23:45","guid":{"rendered":"http:\/\/iessanalvaro.es\/?page_id=3104"},"modified":"2025-02-19T15:42:01","modified_gmt":"2025-02-19T15:42:01","slug":"distrito-unico-andaluz","status":"publish","type":"page","link":"https:\/\/blogsaverroes.juntadeandalucia.es\/iessanalvaro\/distrito-unico-andaluz\/","title":{"rendered":"Distrito \u00fanico andaluz"},"content":{"rendered":"<h4><strong>Enlace al portal del Distrito \u00danico Andaluz (DUA), donde podr\u00e1s encontrar informaci\u00f3n con respecto a la PEVAU, notas de corte, titulaciones, etc.<\/p>\n<p><\/strong><a href=\"https:\/\/www.juntadeandalucia.es\/economiaconocimientoempresasyuniversidad\/sguit\/\"><img decoding=\"async\" class=\"aligncenter wp-image-4301 size-medium\" src=\"https:\/\/blogsaverroes.juntadeandalucia.es\/iessanalvaro\/files\/2025\/02\/logoDUA-300x43.png\" alt=\"DUA\" width=\"300\" height=\"43\" srcset=\"https:\/\/blogsaverroes.juntadeandalucia.es\/iessanalvaro\/files\/2025\/02\/logoDUA-300x43.png 300w, https:\/\/blogsaverroes.juntadeandalucia.es\/iessanalvaro\/files\/2025\/02\/logoDUA.png 402w\" sizes=\"(max-width: 300px) 100vw, 300px\" \/><\/a><\/h4>\n<p>&nbsp;<br \/>\n&nbsp;<\/p>\n","protected":false},"excerpt":{"rendered":"<p>Enlace al portal del Distrito \u00danico Andaluz (DUA), donde podr\u00e1s encontrar informaci\u00f3n con respecto a la PEVAU, notas de corte, titulaciones, etc. &nbsp; &nbsp;<\/p>\n","protected":false},"author":18399,"featured_media":0,"parent":0,"menu_order":0,"comment_status":"closed","ping_status":"closed","template":"","meta":{"ngg_post_thumbnail":0,"footnotes":""},"aioseo_notices":[],"_links":{"self":[{"href":"https:\/\/blogsaverroes.juntadeandalucia.es\/iessanalvaro\/wp-json\/wp\/v2\/pages\/3104"}],"collection":[{"href":"https:\/\/blogsaverroes.juntadeandalucia.es\/iessanalvaro\/wp-json\/wp\/v2\/pages"}],"about":[{"href":"https:\/\/blogsaverroes.juntadeandalucia.es\/iessanalvaro\/wp-json\/wp\/v2\/types\/page"}],"author":[{"embeddable":true,"href":"https:\/\/blogsaverroes.juntadeandalucia.es\/iessanalvaro\/wp-json\/wp\/v2\/users\/18399"}],"replies":[{"embeddable":true,"href":"https:\/\/blogsaverroes.juntadeandalucia.es\/iessanalvaro\/wp-json\/wp\/v2\/comments?post=3104"}],"version-history":[{"count":3,"href":"https:\/\/blogsaverroes.juntadeandalucia.es\/iessanalvaro\/wp-json\/wp\/v2\/pages\/3104\/revisions"}],"predecessor-version":[{"id":4303,"href":"https:\/\/blogsaverroes.juntadeandalucia.es\/iessanalvaro\/wp-json\/wp\/v2\/pages\/3104\/revisions\/4303"}],"wp:attachment":[{"href":"https:\/\/blogsaverroes.juntadeandalucia.es\/iessanalvaro\/wp-json\/wp\/v2\/media?parent=3104"}],"curies":[{"name":"wp","href":"https:\/\/api.w.org\/{rel}","templated":true}]}}