{"id":3112,"date":"2021-04-28T07:34:57","date_gmt":"2021-04-28T07:34:57","guid":{"rendered":"http:\/\/iessanalvaro.es\/?page_id=3112"},"modified":"2021-04-28T07:34:57","modified_gmt":"2021-04-28T07:34:57","slug":"como-llegar","status":"publish","type":"page","link":"https:\/\/blogsaverroes.juntadeandalucia.es\/iessanalvaro\/como-llegar\/","title":{"rendered":"C\u00f3mo llegar"},"content":{"rendered":"<h2 style=\"text-align: center\"><span style=\"font-size: 14pt;color: #000080\"><strong>\u00bfC\u00f3mo se llega al IES San \u00c1lvaro?<\/strong><\/span><\/h2>\n<h2 style=\"text-align: center\"><span style=\"font-size: 14pt;color: #000080\"><strong><iframe src=\"https:\/\/www.google.com\/maps\/embed?pb=!1m14!1m8!1m3!1d12599.315841354224!2d-4.7722325!3d37.8642923!3m2!1i1024!2i768!4f13.1!3m3!1m2!1s0x0%3A0x7bfe494d0977a9a4!2sIES%20San%20%C3%81lvaro!5e0!3m2!1ses!2ses!4v1619594893661!5m2!1ses!2ses\" width=\"600\" height=\"450\"><\/iframe><\/strong><\/span><\/h2>\n<h3 style=\"text-align: left\"><span style=\"font-size: 12pt\"><strong>Nos encontramos en la zona alta del Campo de la Verdad, al sur de la capital cordobesa y concretamente en la calle de Poeta Marcial, S\/N.&nbsp;<\/strong><\/span><\/h3>\n<h3><span style=\"font-size: 12pt\">Recomendamos venir caminando o en bicicleta.<\/span><\/h3>\n<h3><span style=\"font-size: 12pt\">La l\u00ednea de autob\u00fas que llega hasta el IES San \u00c1lvaro es: &nbsp;&nbsp; <\/span><a href=\"https:\/\/moovitapp.com\/index\/es\/transporte_p%C3%BAblico-line-6-Cordoba-2944-853316-2976600-0\">L\u00ednea 6<\/a><\/h3>\n<h3 style=\"text-align: center\">&nbsp;<\/h3>\n<p>&nbsp;<\/p>\n","protected":false},"excerpt":{"rendered":"<p>\u00bfC\u00f3mo se llega al IES San \u00c1lvaro? Nos encontramos en la zona alta del Campo de la Verdad, al sur de la capital cordobesa y&hellip;<\/p>\n","protected":false},"author":18399,"featured_media":0,"parent":0,"menu_order":0,"comment_status":"closed","ping_status":"closed","template":"","meta":{"ngg_post_thumbnail":0,"footnotes":""},"aioseo_notices":[],"_links":{"self":[{"href":"https:\/\/blogsaverroes.juntadeandalucia.es\/iessanalvaro\/wp-json\/wp\/v2\/pages\/3112"}],"collection":[{"href":"https:\/\/blogsaverroes.juntadeandalucia.es\/iessanalvaro\/wp-json\/wp\/v2\/pages"}],"about":[{"href":"https:\/\/blogsaverroes.juntadeandalucia.es\/iessanalvaro\/wp-json\/wp\/v2\/types\/page"}],"author":[{"embeddable":true,"href":"https:\/\/blogsaverroes.juntadeandalucia.es\/iessanalvaro\/wp-json\/wp\/v2\/users\/18399"}],"replies":[{"embeddable":true,"href":"https:\/\/blogsaverroes.juntadeandalucia.es\/iessanalvaro\/wp-json\/wp\/v2\/comments?post=3112"}],"version-history":[{"count":0,"href":"https:\/\/blogsaverroes.juntadeandalucia.es\/iessanalvaro\/wp-json\/wp\/v2\/pages\/3112\/revisions"}],"wp:attachment":[{"href":"https:\/\/blogsaverroes.juntadeandalucia.es\/iessanalvaro\/wp-json\/wp\/v2\/media?parent=3112"}],"curies":[{"name":"wp","href":"https:\/\/api.w.org\/{rel}","templated":true}]}}