{"id":4318,"date":"2025-03-12T10:17:01","date_gmt":"2025-03-12T10:17:01","guid":{"rendered":"https:\/\/blogsaverroes.juntadeandalucia.es\/iessanalvaro\/?page_id=4318"},"modified":"2025-04-12T10:13:28","modified_gmt":"2025-04-12T10:13:28","slug":"repositorio","status":"publish","type":"page","link":"https:\/\/blogsaverroes.juntadeandalucia.es\/iessanalvaro\/repositorio\/","title":{"rendered":"Repositorio"},"content":{"rendered":"<p style=\"text-align: center\"><em><span style=\"font-size: 24pt\"><strong>Repositorio por materias<\/strong><\/span><\/em><\/p>\n<table style=\"border-collapse: collapse;width: 100%;height: 49px\">\n<tbody>\n<tr style=\"height: 24px\">\n<td style=\"width: 50%;height: 24px\"><strong>Buscador de Situaciones de Aprendizaje&nbsp;<\/strong><\/p>\n<p><a href=\"https:\/\/intef.es\/recursos-educativos\/situaciones-aprendizaje\/\"><img decoding=\"async\" class=\"alignnone size-medium wp-image-4469\" src=\"https:\/\/blogsaverroes.juntadeandalucia.es\/iessanalvaro\/files\/2025\/04\/iNTEF-300x66.png\" alt=\"\" width=\"300\" height=\"66\" srcset=\"https:\/\/blogsaverroes.juntadeandalucia.es\/iessanalvaro\/files\/2025\/04\/iNTEF-300x66.png 300w, https:\/\/blogsaverroes.juntadeandalucia.es\/iessanalvaro\/files\/2025\/04\/iNTEF.png 372w\" sizes=\"(max-width: 300px) 100vw, 300px\" \/><\/a><\/td>\n<td style=\"width: 50%;height: 24px\"><strong>Gu\u00eda de Competencia Digital<\/strong><\/p>\n<p><a href=\"https:\/\/edea.juntadeandalucia.es\/bancorecursos\/file\/331d44a5-1375-4539-a828-c0bbf510ca6c\/1\/guia_competencia_digital_REA_Andalucia.zip\/index.html\"><img decoding=\"async\" class=\"alignnone size-thumbnail wp-image-4470\" src=\"https:\/\/blogsaverroes.juntadeandalucia.es\/iessanalvaro\/files\/2025\/04\/PORTADAS_COMP._DIGITAL-150x150.jpg\" alt=\"\" width=\"150\" height=\"150\"><\/a><\/td>\n<\/tr>\n<tr style=\"height: 25px\">\n<td style=\"width: 50%;height: 25px\"><a href=\"https:\/\/www.picuino.com\/es\/recursos-images.html\"><span style=\"font-weight: 400\">Im\u00e1genes con licencia libre<\/span><\/a><\/td>\n<td style=\"width: 50%;height: 25px\"><span style=\"font-weight: 400\">&nbsp;<a href=\"https:\/\/sandboxeducacion.es\/canva\">Recursos para Canva<\/a><\/span><\/td>\n<\/tr>\n<\/tbody>\n<\/table>\n<table style=\"border-collapse: collapse;width: 100%\">\n<tbody>\n<tr>\n<td style=\"width: 50%\">&nbsp;<\/td>\n<td style=\"width: 50%\">&nbsp;<\/td>\n<\/tr>\n<tr>\n<td style=\"width: 50%\">&nbsp;<\/td>\n<td style=\"width: 50%\">&nbsp;<\/td>\n<\/tr>\n<\/tbody>\n<\/table>\n<p style=\"text-align: left\">&nbsp;<\/p>\n<p style=\"text-align: center\"><span style=\"font-weight: 400\"><span style=\"font-size: 18pt\"><strong><span style=\"color: #008000\">Anatom\u00eda (AFPB)<\/span><br \/>\n<\/strong><\/span><\/span><\/p>\n<hr>\n<p><span style=\"font-weight: 400\">-Anatom\u00eda en 3D:&nbsp;<\/span><a href=\"https:\/\/www.visiblebody.com\/es\/learn\/\"><span style=\"font-weight: 400\">https:\/\/www.visiblebody.com\/es\/learn\/<\/span><\/a><\/p>\n<p><span style=\"font-weight: 400\">-V\u00eddeos sobre anatomofisiolog\u00eda y patolog\u00edas:&nbsp;<\/span><a href=\"https:\/\/www.youtube.com\/@espanolnucleus\"><span style=\"font-weight: 400\">https:\/\/www.youtube.com\/@espanolnucleus<\/span><\/a><\/p>\n<p><span style=\"font-weight: 400\">-Biblioteca de art\u00edculos:&nbsp;<\/span><a href=\"https:\/\/www.kenhub.com\/es\/articles\"><span style=\"font-weight: 400\">https:\/\/www.kenhub.com\/es\/articles<\/span><\/a><\/p>\n<p><span style=\"font-weight: 400\">-Histolog\u00eda:&nbsp;<\/span><a href=\"https:\/\/mmegias.webs.uvigo.es\/\"><span style=\"font-weight: 400\">https:\/\/mmegias.webs.uvigo.es\/<\/span><\/a><\/p>\n<p>&nbsp;<\/p>\n<p style=\"text-align: center\"><span style=\"font-size: 18pt\"><strong><span style=\"color: #008000\">Computaci\u00f3n y Rob\u00f3tica (CyR)<\/span><br \/>\n<\/strong><\/span><\/p>\n<hr>\n<p><span style=\"font-weight: 400\">Veritasium en espa\u00f1ol (<\/span><span style=\"font-weight: 400\">Videos de Ciencia y Tecnolog\u00eda doblados al espa\u00f1ol): <\/span><a href=\"https:\/\/www.youtube.com\/channel\/UCXtxgWwk55kVJo9lCCZRdmg\"><span style=\"font-weight: 400\">https:\/\/www.youtube.com\/channel\/UCXtxgWwk55kVJo9lCCZRdmg<\/span><\/a><\/p>\n<p>Selector de color de im\u00e1genes: <a href=\"https:\/\/imagecolorpicker.online\/es\/\">https:\/\/imagecolorpicker.online\/es\/<\/a><\/p>\n<p><span style=\"font-weight: 400\">Computaci\u00f3n y Rob\u00f3tica (REAs)<\/span><\/p>\n<ul>\n<li style=\"font-weight: 400\"><span style=\"font-weight: 400\">Nuestra placa rob\u00f3tica se comunica con el mundo:&nbsp; &nbsp; <\/span><a href=\"https:\/\/lajunta.es\/3tpjo\"><span style=\"font-weight: 400\">REA alumnado<\/span><\/a><span style=\"font-weight: 400\"> &nbsp; &#8211; &nbsp; <\/span><a href=\"https:\/\/lajunta.es\/40v53\"><span style=\"font-weight: 400\">Gu\u00eda docente<\/span><\/a><\/li>\n<li style=\"font-weight: 400\"><span style=\"font-weight: 400\">Te cuento mi historia:&nbsp; &nbsp; <\/span><a href=\"https:\/\/lajunta.es\/3yu3s\"><span style=\"font-weight: 400\">REA alumnado<\/span><\/a><span style=\"font-weight: 400\"> &nbsp; &#8211; &nbsp; <\/span><a href=\"https:\/\/edea.juntadeandalucia.es\/bancorecursos\/file\/2ad150d5-5c90-4499-a505-67e45fb886ea\/2\/COM_1ESO_GUIA_REA_02_v01.zip\/index.html\"><span style=\"font-weight: 400\">Gu\u00eda docente<\/span><\/a><\/li>\n<li style=\"font-weight: 400\"><span style=\"font-weight: 400\">Mi propio videojuego:&nbsp; &nbsp; <\/span><a href=\"https:\/\/lajunta.es\/3ylpc\"><span style=\"font-weight: 400\">REA alumnado<\/span><\/a><span style=\"font-weight: 400\"> &nbsp; &#8211; &nbsp; <\/span><a href=\"https:\/\/lajunta.es\/40v55\"><span style=\"font-weight: 400\">Gu\u00eda docente<\/span><\/a><\/li>\n<li style=\"font-weight: 400\"><span style=\"font-weight: 400\">Periodismo de datos:&nbsp; &nbsp; <\/span><a href=\"https:\/\/lajunta.es\/40v20\"><span style=\"font-weight: 400\">REA alumnado<\/span><\/a><span style=\"font-weight: 400\"> &nbsp; &#8211; &nbsp; <\/span><a href=\"https:\/\/lajunta.es\/40vd8\"><span style=\"font-weight: 400\">Gu\u00eda docente<\/span><\/a><\/li>\n<li style=\"font-weight: 400\"><span style=\"font-weight: 400\">Los sentidos artificiales:&nbsp; &nbsp; <\/span><a href=\"https:\/\/lajunta.es\/40v2a\"><span style=\"font-weight: 400\">REA alumnado<\/span><\/a><span style=\"font-weight: 400\"> &nbsp; &#8211; &nbsp; <\/span><a href=\"https:\/\/lajunta.es\/40v2c\"><span style=\"font-weight: 400\">Gu\u00eda docente<\/span><\/a><\/li>\n<li style=\"font-weight: 400\"><span style=\"font-weight: 400\">Dame una app:&nbsp; &nbsp; <\/span><a href=\"https:\/\/lajunta.es\/3ykdb\"><span style=\"font-weight: 400\">REA alumnado<\/span><\/a><span style=\"font-weight: 400\"> &nbsp; &#8211; &nbsp; <\/span><a href=\"https:\/\/lajunta.es\/3yt81\"><span style=\"font-weight: 400\">Gu\u00eda docente<\/span><\/a><\/li>\n<li style=\"font-weight: 400\"><span style=\"font-weight: 400\">\u00a1Adi\u00f3s, agenda escolar, adi\u00f3s!:&nbsp; &nbsp; <\/span><a href=\"https:\/\/lajunta.es\/3txgg\"><span style=\"font-weight: 400\">REA alumnado<\/span><\/a><span style=\"font-weight: 400\"> &nbsp; &#8211; &nbsp; <\/span><a href=\"https:\/\/lajunta.es\/3uxj6\"><span style=\"font-weight: 400\">Gu\u00eda docente<\/span><\/a><\/li>\n<li style=\"font-weight: 400\"><span style=\"font-weight: 400\">Mi Smart Home:&nbsp; &nbsp; <\/span><a href=\"https:\/\/lajunta.es\/3txgh\"><span style=\"font-weight: 400\">REA alumnado<\/span><\/a><span style=\"font-weight: 400\"> &nbsp; &#8211; &nbsp; <\/span><a href=\"https:\/\/lajunta.es\/3uxj7\"><span style=\"font-weight: 400\">Gu\u00eda docente<\/span><\/a><\/li>\n<li style=\"font-weight: 400\"><span style=\"font-weight: 400\">\u00bfQu\u00e9 tiempo hace hoy?:&nbsp; &nbsp; <\/span><a href=\"https:\/\/lajunta.es\/3txgi\"><span style=\"font-weight: 400\">REA alumnado<\/span><\/a><span style=\"font-weight: 400\"> &nbsp; &#8211; &nbsp; <\/span><a href=\"https:\/\/lajunta.es\/3uxj9\"><span style=\"font-weight: 400\">Gu\u00eda docente<\/span><\/a><\/li>\n<li style=\"font-weight: 400\"><span style=\"font-weight: 400\">\u00bfControlas las redes? Que no dejes que te controlen:&nbsp; &nbsp; <\/span><a href=\"https:\/\/lajunta.es\/3txgj\"><span style=\"font-weight: 400\">REA alumnado<\/span><\/a><span style=\"font-weight: 400\"> &nbsp; &#8211; &nbsp; <\/span><a href=\"https:\/\/lajunta.es\/3uxja\"><span style=\"font-weight: 400\">Gu\u00eda docente<\/span><\/a><\/li>\n<li style=\"font-weight: 400\"><span style=\"font-weight: 400\">Hola, \u00bfnecesitas ayuda?:&nbsp; &nbsp; <\/span><a href=\"https:\/\/lajunta.es\/3yt94\"><span style=\"font-weight: 400\">REA alumnado<\/span><\/a><span style=\"font-weight: 400\"> &nbsp; &#8211; &nbsp; <\/span><a href=\"https:\/\/lajunta.es\/40v56\"><span style=\"font-weight: 400\">Gu\u00eda docente<\/span><\/a><\/li>\n<li style=\"font-weight: 400\"><span style=\"font-weight: 400\">Nos comunicamos con la Lengua de Signos:&nbsp; &nbsp; <\/span><a href=\"https:\/\/lajunta.es\/3u2fa\"><span style=\"font-weight: 400\">REA alumnado<\/span><\/a><span style=\"font-weight: 400\"> &nbsp; &#8211; &nbsp; <\/span><a href=\"https:\/\/lajunta.es\/40v3c\"><span style=\"font-weight: 400\">Gu\u00eda docente<\/span><\/a><\/li>\n<li style=\"font-weight: 400\"><span style=\"font-weight: 400\">\u00bfPar o impar?:&nbsp; &nbsp; <\/span><a href=\"https:\/\/lajunta.es\/40v2j\"><span style=\"font-weight: 400\">REA alumnado<\/span><\/a><span style=\"font-weight: 400\"> &nbsp; &#8211; &nbsp; <\/span><a href=\"https:\/\/lajunta.es\/40v2l\"><span style=\"font-weight: 400\">Gu\u00eda docente<\/span><\/a><\/li>\n<li style=\"font-weight: 400\"><span style=\"font-weight: 400\">Nos desplazamos con seguridad:&nbsp; &nbsp; <\/span><a href=\"https:\/\/lajunta.es\/40v3z\"><span style=\"font-weight: 400\">REA alumnado<\/span><\/a><span style=\"font-weight: 400\"> &nbsp; &#8211; &nbsp; <\/span><a href=\"https:\/\/lajunta.es\/40v41\"><span style=\"font-weight: 400\">Gu\u00eda docente<\/span><\/a><\/li>\n<li style=\"font-weight: 400\"><span style=\"font-weight: 400\">Computaci\u00f3n y Rob\u00f3tica para todos:&nbsp; &nbsp; <\/span><a href=\"https:\/\/lajunta.es\/40v47\"><span style=\"font-weight: 400\">REA alumnado<\/span><\/a><span style=\"font-weight: 400\"> &nbsp; &#8211; &nbsp; <\/span><a href=\"https:\/\/lajunta.es\/40v48\"><span style=\"font-weight: 400\">Gu\u00eda docente<\/span><\/a><br \/>\n<span style=\"font-weight: 400\">Cuestionarios:<\/span><\/p>\n<ul>\n<li style=\"list-style-type: none\">\n<ul>\n<li style=\"font-weight: 400\"><span style=\"font-weight: 400\">Arduino: <\/span><a href=\"https:\/\/www.picuino.com\/es\/arduprog\/index.html\"><span style=\"font-weight: 400\">https:\/\/www.picuino.com\/es\/arduprog\/index.html<\/span><\/a><\/li>\n<li style=\"font-weight: 400\"><span style=\"font-weight: 400\">Ciberseguridad: <\/span><a href=\"https:\/\/www.picuino.com\/test\/index.html#ciberseguridad\"><span style=\"font-weight: 400\">https:\/\/www.picuino.com\/test\/index.html#ciberseguridad<\/span><\/a><\/li>\n<li style=\"font-weight: 400\"><span style=\"font-weight: 400\">Electr\u00f3nica_c\u00f3digo de colores-1: <\/span><a href=\"https:\/\/www.picuino.com\/test\/es-electric-color-code-1.html\"><span style=\"font-weight: 400\">https:\/\/www.picuino.com\/test\/es-electric-color-code-1.html<\/span><\/a><\/li>\n<li style=\"font-weight: 400\"><span style=\"font-weight: 400\">Electr\u00f3nica_c\u00f3digo de colores-2: <\/span><a href=\"https:\/\/www.picuino.com\/test\/es-electric-color-code-1.html\"><span style=\"font-weight: 400\">https:\/\/www.picuino.com\/test\/es-electric-color-code-2.html<\/span><\/a><\/li>\n<\/ul>\n<\/li>\n<\/ul>\n<p style=\"text-align: center\"><span style=\"font-weight: 400\"><span style=\"font-size: 18pt;color: #008000\"><strong><br \/>\nCreaci\u00f3n Digital y Pensamiento Computacional (CDPC)<\/strong><\/span><br \/>\n<\/span><\/p>\n<hr>\n<ul>\n<li style=\"font-weight: 400\"><span style=\"font-weight: 400\">Sombreros Negros vs Sombreros Blancos:&nbsp; &nbsp; <\/span><a href=\"https:\/\/lajunta.es\/3yt92\"><span style=\"font-weight: 400\">REA alumnado<\/span><\/a><span style=\"font-weight: 400\"> &nbsp; &#8211; &nbsp; <\/span><a href=\"https:\/\/lajunta.es\/3yt93\"><span style=\"font-weight: 400\">Gu\u00eda docente<\/span><\/a><\/li>\n<li style=\"font-weight: 400\"><span style=\"font-weight: 400\">\u00a1Soy minero&#8230;!:&nbsp; &nbsp; <\/span><a href=\"https:\/\/lajunta.es\/3txgd\"><span style=\"font-weight: 400\">REA alumnado<\/span><\/a><span style=\"font-weight: 400\"> &nbsp; &#8211; &nbsp; <\/span><a href=\"https:\/\/lajunta.es\/3uxiw\"><span style=\"font-weight: 400\">Gu\u00eda docente<\/span><\/a><\/li>\n<li style=\"font-weight: 400\"><span style=\"font-weight: 400\">Animamos tu evento:&nbsp; &nbsp; <\/span><a href=\"https:\/\/lajunta.es\/3txge\"><span style=\"font-weight: 400\">REA alumnado<\/span><\/a><span style=\"font-weight: 400\"> &nbsp; &#8211; &nbsp; <\/span><a href=\"https:\/\/lajunta.es\/3uxix\"><span style=\"font-weight: 400\">Gu\u00eda docente<\/span><\/a><\/li>\n<li style=\"font-weight: 400\"><span style=\"font-weight: 400\">Game Over:&nbsp; &nbsp; <\/span><a href=\"https:\/\/lajunta.es\/40v4g\"><span style=\"font-weight: 400\">REA alumnado<\/span><\/a><span style=\"font-weight: 400\"> &nbsp; &#8211; &nbsp; <\/span><a href=\"https:\/\/lajunta.es\/40v4h\"><span style=\"font-weight: 400\">Gu\u00eda docente<\/span><\/a><\/li>\n<li style=\"font-weight: 400\"><span style=\"font-weight: 400\">Mi asistente personal:&nbsp; &nbsp; <\/span><a href=\"https:\/\/lajunta.es\/40v4i\"><span style=\"font-weight: 400\">REA alumnado<\/span><\/a><span style=\"font-weight: 400\"> &nbsp; &#8211; &nbsp; <\/span><a href=\"https:\/\/lajunta.es\/40v4j\"><span style=\"font-weight: 400\">Gu\u00eda docente<\/span><\/a><\/li>\n<li style=\"font-weight: 400\"><span style=\"font-weight: 400\">\u00bfUn mundo feliz?:&nbsp; &nbsp; <\/span><a href=\"https:\/\/lajunta.es\/40v4k\"><span style=\"font-weight: 400\">REA alumnado<\/span><\/a><span style=\"font-weight: 400\"> &nbsp; &#8211; &nbsp; <\/span><a href=\"https:\/\/lajunta.es\/40v4l\"><span style=\"font-weight: 400\">Gu\u00eda docente<\/span><\/a><\/li>\n<\/ul>\n<\/li>\n<\/ul>\n<p style=\"text-align: center\"><span style=\"font-size: 18pt;color: #008000\"><strong>Lat\u00edn<\/strong><\/span><\/p>\n<hr>\n<ul>\n<li><a href=\"http:\/\/lexica.linguax.com\/forc.php\"><span style=\"font-weight: 400\">lexica.linguax.com\/forc.php<\/span><\/a><\/li>\n<li><a href=\"http:\/\/www.verbix.com\/languages\/latin\">www.verbix.com\/languages\/latin<\/a><\/li>\n<li><a href=\"http:\/\/es.glosbe.com\/la\/es\">es.glosbe.com\/la\/es<\/a><\/li>\n<li><a href=\"http:\/\/www.didacterion.com\/esddlt.php\">www.didacterion.com\/esddlt.php<\/a><\/li>\n<\/ul>\n<p style=\"text-align: center\"><span style=\"font-size: 18pt;color: #008000\"><strong>Lengua<\/strong><\/span><\/p>\n<hr>\n<ul>\n<li><a href=\"https:\/\/aliciafilol.wixsite.com\/elhuertoliterario\"><span style=\"font-weight: 400\">https:\/\/aliciafilol.wixsite.com\/elhuertoliterario<\/span><\/a><\/li>\n<li><a href=\"https:\/\/www.elbolsillodelazarillo.com\"><span style=\"font-weight: 400\">https:\/\/www.elbolsillodelazarillo.com<\/span><\/a><\/li>\n<li><a href=\"https:\/\/blogsaverroes.juntadeandalucia.es\/ellocodelamochila\/\"><span style=\"font-weight: 400\">https:\/\/blogsaverroes.juntadeandalucia.es\/ellocodelamochila\/<\/span><\/a><\/li>\n<li><a href=\"https:\/\/www.educarex.es\"><span style=\"font-weight: 400\">https:\/\/www.educarex.es<\/span><\/a><\/li>\n<li><a href=\"http:\/\/aulabalzac.blogspot.com\"><span style=\"font-weight: 400\">http:\/\/aulabalzac.blogspot.com<\/span><\/a><\/li>\n<li><a href=\"http:\/\/vueleo.blogspot.com\"><span style=\"font-weight: 400\">http:\/\/vueleo.blogspot.com<\/span><\/a><\/li>\n<\/ul>\n<p style=\"text-align: center\"><span style=\"font-size: 18pt;color: #008000\"><strong>M\u00fasica<\/strong><\/span><\/p>\n<hr>\n<p style=\"text-align: left\"><span style=\"font-weight: 400\">&#8211; Diversos recursos y unidades did\u00e1cticas secuenciadas del Ministerio:&nbsp;<\/span><a href=\"http:\/\/www.recursos.cnice.mec.es\/bancoimagenes\/sonidos\"><span style=\"font-weight: 400\">http:\/\/www.recursos.cnice.mec.es\/bancoimagenes\/sonidos<\/span><\/a><\/p>\n<p><span style=\"font-weight: 400\">&#8211; P\u00e1gina del Centro de Documentaci\u00f3n Musical de Andaluc\u00eda (Granada):&nbsp;<\/span><a href=\"http:\/\/www.juntadeandalucia.es\/cultura\/centrodocumentacionmusical\/\"><span style=\"font-weight: 400\">http:\/\/www.juntadeandalucia.es\/cultura\/centrodocumentacionmusical\/<\/span><\/a><\/p>\n<p><span style=\"font-weight: 400\">&#8211; P\u00e1gina con material audiovisual y enlaces relacionados con el D\u00eda de Andaluc\u00eda:&nbsp;<\/span><a href=\"http:\/\/webs.ono.com\/becrea\/andalucia\/andalucia3.htm\"><span style=\"font-weight: 400\">http:\/\/webs.ono.com\/becrea\/andalucia\/andalucia3.htm<\/span><\/a><\/p>\n<p><span style=\"font-weight: 400\">&#8211; P\u00e1gina de divulgaci\u00f3n de art\u00edculos de m\u00fasica de inter\u00e9s pedag\u00f3gico :<\/span><a href=\"http:\/\/www.filomusica.com\/filo52\/tic.html\"><span style=\"font-weight: 400\">http:\/\/www.filomusica.com\/filo52\/tic.html<\/span><\/a><\/p>\n<p><span style=\"font-weight: 400\">&#8211; Sobre teor\u00eda de la m\u00fasica, historia:&nbsp;<\/span><a href=\"http:\/\/www.history.org\/history\/teaching\/enewsletter\/february03\/worksongs.cfm\"><span style=\"font-weight: 400\">http:\/\/www.history.org\/history\/teaching\/enewsletter\/february03\/worksongs.cfm<\/span><\/a><\/p>\n<p><span style=\"font-weight: 400\">&#8211; Descubre el papel de muchas compositoras a lo largo de la historia, creada por Bel\u00e9n Mart\u00ednez Garz\u00f3n:<\/span><a href=\"http:\/\/www.gratisweb.com\/compositoras\/index.htm\"> <span style=\"font-weight: 400\">http:\/\/www.gratisweb.com\/compositoras\/index.htm<\/span><\/a><\/p>\n<p><span style=\"font-weight: 400\">&#8211; Sobre las notas musicales y el sonido, creada por Paula M\u00aa Arnao Irisarri:&nbsp;<\/span><a href=\"http:\/\/mural.uv.es\/pauari\/pauari.htm\"><span style=\"font-weight: 400\">http:\/\/mural.uv.es\/pauari\/pauari.htm<\/span><\/a><\/p>\n<p><span style=\"font-weight: 400\">&#8211; Reconocimiento de timbres de los instrumentos musicales, autora Estela Garrigues Rivera:<\/span><a href=\"http:\/\/www.edutic.ua.es\/visualiza_wq\/descripcion.asp?opt=introduccion&amp;id=205\"> <span style=\"font-weight: 400\">http:\/\/www.edutic.ua.es\/visualiza_wq\/descripcion.asp?opt=introduccion&amp;id=205<\/span><\/a><\/p>\n<p><span style=\"font-weight: 400\">&#8211; Conocimiento de las familias instrumentales y la orquesta, por Ana M\u00aa For\u00e9s Prats:&nbsp;<\/span><a href=\"http:\/\/www.edutic.ua.es\/visualiza_wq\/descripcion.asp?id=213\"><span style=\"font-weight: 400\">http:\/\/www.edutic.ua.es\/visualiza_wq\/descripcion.asp?id=213<\/span><\/a><\/p>\n<p><span style=\"font-weight: 400\">&#8211; Sobre los diferentes estilos de la m\u00fasica actual, autora Aurora Manzanaro S\u00e1ez:&nbsp;<\/span><a href=\"http:\/\/www.edutic.ua.es\/visualiza_wq\/descripcion.asp?id=389\"><span style=\"font-weight: 400\">http:\/\/www.edutic.ua.es\/visualiza_wq\/descripcion.asp?id=389<\/span><\/a><\/p>\n<p><span style=\"font-weight: 400\">&#8211; Webquest sobre los instrumentos musicales, autora Amparo Nogales Valderas:&nbsp;<\/span><a href=\"http:\/\/www.phpwebquest.org\/wq\/instrumentos_musicales\/index.htm\"><span style=\"font-weight: 400\">http:\/\/www.phpwebquest.org\/wq\/instrumentos_musicales\/index.htm<\/span><\/a><\/p>\n<p>&nbsp;<\/p>\n<p style=\"text-align: center\"><span style=\"font-weight: 400\"><span style=\"font-size: 18pt\"><strong><span style=\"color: #008000\">Programaci\u00f3n y Computaci\u00f3n (PyC)<\/span><br \/>\n<\/strong><\/span><\/span><\/p>\n<hr>\n<ul>\n<li style=\"font-weight: 400\"><span style=\"font-weight: 400\">Cambiamos el mundo:&nbsp; &nbsp; <\/span><a href=\"https:\/\/lajunta.es\/413du\"><span style=\"font-weight: 400\">REA alumnado<\/span><\/a><span style=\"font-weight: 400\"> &nbsp; &#8211; &nbsp; <\/span><a href=\"https:\/\/lajunta.es\/3zrnb\"><span style=\"font-weight: 400\">Gu\u00eda docente<\/span><\/a><\/li>\n<li style=\"font-weight: 400\"><span style=\"font-weight: 400\">Las 4 butacas:&nbsp; &nbsp; <\/span><a href=\"https:\/\/lajunta.es\/3u2f9\"><span style=\"font-weight: 400\">REA alumnado<\/span><\/a><span style=\"font-weight: 400\"> &nbsp; &#8211; &nbsp; <\/span><a href=\"https:\/\/lajunta.es\/3zrnc\"><span style=\"font-weight: 400\">Gu\u00eda docente<\/span><\/a><\/li>\n<li style=\"font-weight: 400\"><span style=\"font-weight: 400\">La contrase\u00f1a segura:&nbsp; &nbsp; <\/span><a href=\"https:\/\/lajunta.es\/3unb2\"><span style=\"font-weight: 400\">REA alumnado<\/span><\/a><span style=\"font-weight: 400\"> &nbsp; &#8211; &nbsp; <\/span><a href=\"https:\/\/lajunta.es\/3zrnd\"><span style=\"font-weight: 400\">Gu\u00eda docente<\/span><\/a><\/li>\n<li style=\"font-weight: 400\"><span style=\"font-weight: 400\">La Soluci\u00f3n: una base de datos:&nbsp; &nbsp; <\/span><a href=\"https:\/\/lajunta.es\/40v4m\"><span style=\"font-weight: 400\">REA alumnado<\/span><\/a><span style=\"font-weight: 400\"> &nbsp; &#8211; &nbsp; <\/span><a href=\"https:\/\/lajunta.es\/40v4n\"><span style=\"font-weight: 400\">Gu\u00eda docente<\/span><\/a><\/li>\n<li style=\"font-weight: 400\"><span style=\"font-weight: 400\">Actividades extraescolares, un bonito recuerdo:&nbsp; &nbsp; <\/span><a href=\"https:\/\/lajunta.es\/40v4o\"><span style=\"font-weight: 400\">REA alumnado<\/span><\/a><span style=\"font-weight: 400\"> &nbsp; &#8211; &nbsp; <\/span><a href=\"https:\/\/lajunta.es\/40v4p\"><span style=\"font-weight: 400\">Gu\u00eda docente<\/span><\/a><\/li>\n<li style=\"font-weight: 400\"><span style=\"font-weight: 400\">Un juego IoT:&nbsp; &nbsp; <\/span><a href=\"https:\/\/lajunta.es\/40v4q\"><span style=\"font-weight: 400\">REA alumnado<\/span><\/a><span style=\"font-weight: 400\"> &nbsp; &#8211; &nbsp; <\/span><a href=\"https:\/\/lajunta.es\/40v4r\"><span style=\"font-weight: 400\">Gu\u00eda docente<\/span><\/a><br \/>\n&nbsp;<\/li>\n<\/ul>\n<p><span style=\"font-weight: 400\">&#8211; Ciberseguridad: <\/span><a href=\"https:\/\/www.picuino.com\/es\/informatica-ciberseguridad-index.html\"><span style=\"font-weight: 400\">https:\/\/www.picuino.com\/es\/informatica-ciberseguridad-index.html<\/span><\/a><\/p>\n<p><span style=\"font-weight: 400\">&#8211; Cuestionario de Ciberseguridad: <\/span><a href=\"https:\/\/www.picuino.com\/test\/index.html#ciberseguridad\"><span style=\"font-weight: 400\">https:\/\/www.picuino.com\/test\/index.html#ciberseguridad<\/span><\/a><\/p>\n<p><span style=\"font-weight: 400\">&#8211; Inteligencia Artificial: <\/span><a href=\"https:\/\/www.picuino.com\/es\/informatica-machine-learning.html\"><span style=\"font-weight: 400\">https:\/\/www.picuino.com\/es\/informatica-machine-learning.html<\/span><\/a><\/p>\n<p><span style=\"font-weight: 400\">&#8211; Programaci\u00f3n: <\/span><a href=\"https:\/\/www.picuino.com\/es\/prog-index.html\"><span style=\"font-weight: 400\">https:\/\/www.picuino.com\/es\/prog-index.html<\/span><\/a><\/p>\n<p>&nbsp;<\/p>\n<p style=\"text-align: center\"><span style=\"font-size: 18pt;color: #008000\"><strong>Tecnolog\u00edas de la Informaci\u00f3n y la Comunicaci\u00f3n (TIC)<\/strong><\/span><\/p>\n<hr>\n<ul>\n<li><a href=\"https:\/\/edea.juntadeandalucia.es\/bancorecursos\/file\/331d44a5-1375-4539-a828-c0bbf510ca6c\/1\/guia_competencia_digital_REA_Andalucia.zip\/index.html\">REA-Gu\u00eda de competencia digital<\/a><\/li>\n<li><a href=\"https:\/\/materiales.ipepcordoba.com\/informatica\/TIYC2\/seguridad\/sda3_seguridad_informatica\/\">REA- Seguridad inform\u00e1tica (TIC II)<\/a><\/li>\n<li><span style=\"font-weight: 400\">Inform\u00e1tica: <\/span><a href=\"https:\/\/www.picuino.com\/es\/informatica-index.html\"><span style=\"font-weight: 400\">https:\/\/www.picuino.com\/es\/informatica-index.html<\/span><\/a><\/li>\n<li><span style=\"font-weight: 400\">Recursos para inform\u00e1tica: <\/span><a href=\"https:\/\/www.picuino.com\/es\/informatica-recursos.html\"><span style=\"font-weight: 400\">https:\/\/www.picuino.com\/es\/informatica-recursos.html<\/span><\/a><\/li>\n<li><a href=\"https:\/\/www.youtube-nocookie.com\/embed\/PQeS7sfMxR4\">V\u00eddeo: Computadoras anal\u00f3gicas y digitales<\/a><\/li>\n<li><span style=\"font-weight: 400\">Writer: <\/span><a href=\"https:\/\/www.picuino.com\/es\/informatica-tutowriter.html\"><span style=\"font-weight: 400\">https:\/\/www.picuino.com\/es\/informatica-tutowriter.html<\/span><\/a><\/li>\n<li><span style=\"font-weight: 400\">Writer 7: <\/span><a href=\"https:\/\/www.picuino.com\/es\/writer-index.html\"><span style=\"font-weight: 400\">https:\/\/www.picuino.com\/es\/writer-index.html<\/span><\/a><\/li>\n<li><span style=\"font-weight: 400\">Calc: <\/span><a href=\"https:\/\/www.picuino.com\/es\/informatica-tutocalc.html\"><span style=\"font-weight: 400\">https:\/\/www.picuino.com\/es\/informatica-tutocalc.html<\/span><\/a><\/li>\n<li><span style=\"font-weight: 400\">Impress: <\/span><a href=\"https:\/\/www.picuino.com\/es\/informatica-tutoimpress.html\"><span style=\"font-weight: 400\">https:\/\/www.picuino.com\/es\/informatica-tutoimpress.html<\/span><\/a><\/li>\n<li><span style=\"font-weight: 400\">Gimp: <\/span><a href=\"https:\/\/www.picuino.com\/es\/informatica-tutogimp.html\"><span style=\"font-weight: 400\">https:\/\/www.picuino.com\/es\/informatica-tutogimp.html<\/span><\/a><\/li>\n<li><span style=\"font-weight: 400\">InkScape: <\/span><a href=\"https:\/\/www.picuino.com\/es\/inkscape-index.html\"><span style=\"font-weight: 400\">https:\/\/www.picuino.com\/es\/inkscape-index.html<\/span><\/a><\/li>\n<\/ul>\n<p><span style=\"font-weight: 400\">Cuestionarios:<\/span><\/p>\n<ul>\n<li style=\"font-weight: 400\"><span style=\"font-weight: 400\">Sociedad y tecnolog\u00eda: <\/span><a href=\"https:\/\/www.picuino.com\/test\/index.html#tecnologia\"><span style=\"font-weight: 400\">https:\/\/www.picuino.com\/test\/index.html#tecnologia<\/span><\/a><\/li>\n<\/ul>\n<p>&nbsp;<\/p>\n","protected":false},"excerpt":{"rendered":"<p>Repositorio por materias Buscador de Situaciones de Aprendizaje&nbsp; Gu\u00eda de Competencia Digital Im\u00e1genes con licencia libre &nbsp;Recursos para Canva &nbsp; &nbsp; &nbsp; &nbsp; &nbsp; Anatom\u00eda&hellip;<\/p>\n","protected":false},"author":19881,"featured_media":0,"parent":0,"menu_order":0,"comment_status":"closed","ping_status":"closed","template":"","meta":{"ngg_post_thumbnail":0,"footnotes":""},"aioseo_notices":[],"_links":{"self":[{"href":"https:\/\/blogsaverroes.juntadeandalucia.es\/iessanalvaro\/wp-json\/wp\/v2\/pages\/4318"}],"collection":[{"href":"https:\/\/blogsaverroes.juntadeandalucia.es\/iessanalvaro\/wp-json\/wp\/v2\/pages"}],"about":[{"href":"https:\/\/blogsaverroes.juntadeandalucia.es\/iessanalvaro\/wp-json\/wp\/v2\/types\/page"}],"author":[{"embeddable":true,"href":"https:\/\/blogsaverroes.juntadeandalucia.es\/iessanalvaro\/wp-json\/wp\/v2\/users\/19881"}],"replies":[{"embeddable":true,"href":"https:\/\/blogsaverroes.juntadeandalucia.es\/iessanalvaro\/wp-json\/wp\/v2\/comments?post=4318"}],"version-history":[{"count":29,"href":"https:\/\/blogsaverroes.juntadeandalucia.es\/iessanalvaro\/wp-json\/wp\/v2\/pages\/4318\/revisions"}],"predecessor-version":[{"id":4542,"href":"https:\/\/blogsaverroes.juntadeandalucia.es\/iessanalvaro\/wp-json\/wp\/v2\/pages\/4318\/revisions\/4542"}],"wp:attachment":[{"href":"https:\/\/blogsaverroes.juntadeandalucia.es\/iessanalvaro\/wp-json\/wp\/v2\/media?parent=4318"}],"curies":[{"name":"wp","href":"https:\/\/api.w.org\/{rel}","templated":true}]}}