{"id":4320,"date":"2025-03-12T10:41:18","date_gmt":"2025-03-12T10:41:18","guid":{"rendered":"https:\/\/blogsaverroes.juntadeandalucia.es\/iessanalvaro\/?page_id=4320"},"modified":"2025-04-05T10:12:56","modified_gmt":"2025-04-05T10:12:56","slug":"familias","status":"publish","type":"page","link":"https:\/\/blogsaverroes.juntadeandalucia.es\/iessanalvaro\/familias\/","title":{"rendered":"Familias"},"content":{"rendered":"<p style=\"text-align: center\"><span style=\"font-size: 24pt\"><strong>Enlaces de inter\u00e9s para familias<\/strong><\/span><\/p>\n<p><a href=\"https:\/\/www.juntadeandalucia.es\/educacion\/portals\/web\/escuela-familias\"><img fetchpriority=\"high\" decoding=\"async\" class=\"alignnone wp-image-4424 size-full\" src=\"https:\/\/blogsaverroes.juntadeandalucia.es\/iessanalvaro\/files\/2025\/04\/escuelaFamilias.png\" alt=\"\" width=\"1417\" height=\"347\" srcset=\"https:\/\/blogsaverroes.juntadeandalucia.es\/iessanalvaro\/files\/2025\/04\/escuelaFamilias.png 1417w, https:\/\/blogsaverroes.juntadeandalucia.es\/iessanalvaro\/files\/2025\/04\/escuelaFamilias-300x73.png 300w, https:\/\/blogsaverroes.juntadeandalucia.es\/iessanalvaro\/files\/2025\/04\/escuelaFamilias-1024x251.png 1024w, https:\/\/blogsaverroes.juntadeandalucia.es\/iessanalvaro\/files\/2025\/04\/escuelaFamilias-768x188.png 768w\" sizes=\"(max-width: 1417px) 100vw, 1417px\" \/><\/a><\/p>\n<table style=\"border-collapse: collapse;width: 100%\">\n<tbody>\n<tr>\n<td style=\"width: 43.5682%\">\n<ul>\n<li><a href=\"https:\/\/blogsaverroes.juntadeandalucia.es\/iessanalvaro\/files\/2025\/03\/Guia_uso_responsable_de_equipos_y_dispositivos.pdf\" target=\"_blank\" rel=\"noopener\">Guia_uso_responsable_de_equipos_y_dispositivos IES SAN \u00c1LVARO<\/a><\/li>\n<li><a href=\"https:\/\/www.incibe.es\/menores\/recursos\/normas-para-usar-los-dispositivos-en-el-aula\" target=\"_blank\" rel=\"noopener\">Normas para el uso de los dispositivos en el aula<\/a><\/li>\n<li><a href=\"https:\/\/edea.juntadeandalucia.es\/bancorecursos\/file\/331d44a5-1375-4539-a828-c0bbf510ca6c\/1\/guia_competencia_digital_REA_Andalucia.zip\/index.html\">Gu\u00eda de competencia digital<\/a><\/li>\n<\/ul>\n<p><span style=\"font-size: 18pt\"><span style=\"font-size: 18pt\">&nbsp;<\/span><\/span><\/p>\n<div class=\"mceTemp\">&nbsp;<\/div>\n<\/td>\n<td style=\"width: 56.4318%\">\n<p><figure id=\"attachment_4434\" aria-describedby=\"caption-attachment-4434\" style=\"width: 300px\" class=\"wp-caption alignnone\"><a href=\"https:\/\/www.pantallasamigas.net\/\"><img decoding=\"async\" class=\"wp-image-4434 size-medium\" src=\"https:\/\/blogsaverroes.juntadeandalucia.es\/iessanalvaro\/files\/2025\/04\/Pantallas-amigas-logo-1024x596-2972427234-300x175.jpg\" alt=\"\" width=\"300\" height=\"175\" srcset=\"https:\/\/blogsaverroes.juntadeandalucia.es\/iessanalvaro\/files\/2025\/04\/Pantallas-amigas-logo-1024x596-2972427234-300x175.jpg 300w, https:\/\/blogsaverroes.juntadeandalucia.es\/iessanalvaro\/files\/2025\/04\/Pantallas-amigas-logo-1024x596-2972427234-768x447.jpg 768w, https:\/\/blogsaverroes.juntadeandalucia.es\/iessanalvaro\/files\/2025\/04\/Pantallas-amigas-logo-1024x596-2972427234.jpg 1024w\" sizes=\"(max-width: 300px) 100vw, 300px\" \/><\/a><figcaption id=\"caption-attachment-4434\" class=\"wp-caption-text\">Ciudadan\u00eda digital responsable<\/figcaption><\/figure><\/td>\n<\/tr>\n<tr>\n<td style=\"width: 43.5682%\">\n<ul>\n<li><a href=\"https:\/\/www.incibe.es\/menores\/blog\/competencias-digitales-en-familia\" target=\"_blank\" rel=\"noopener\">Competencias digitales en familia<\/a><\/li>\n<li><a href=\"https:\/\/www.incibe.es\/menores\/juegos\" target=\"_blank\" rel=\"noopener\">Test sobre ciberseguridad<\/a><\/li>\n<li>Recursos para el buen uso de los dispositivos en familia\n<ul>\n<li><a href=\"https:\/\/www.incibe.es\/menores\/recursos\/pactos-de-buen-uso\" target=\"_blank\" rel=\"noopener\">Pacto para el buen uso de dispositivos e Internet en familia<\/a><\/li>\n<li><a href=\"https:\/\/www.incibe.es\/menores\/blog\/pactos-familiares-como-llegar-acuerdos-en-el-uso-de-los-dispositivos\" target=\"_blank\" rel=\"noopener\">Pactos familiares: c\u00f3mo llegar a acuerdos en el uso de los dispositivos<\/a><\/li>\n<li><a href=\"https:\/\/www.incibe.es\/menores\/recursos\/vales-de-tiempo\" target=\"_blank\" rel=\"noopener\">Vales de tiempo<\/a><\/li>\n<li><a href=\"https:\/\/www.incibe.es\/menores\/blog\/ayuda-tus-hijosas-saber-parar-cuando-juegan-videojuegos-o-usan-internet\" target=\"_blank\" rel=\"noopener\">Ayuda a tus hijos\/as a saber parar cuando juegan a videojuegos o usan Internet<\/a><\/li>\n<\/ul>\n<\/li>\n<li><a href=\"https:\/\/www.incibe.es\/menores\/tematicas\/fraudes-online\" target=\"_blank\" rel=\"noopener\">Fraudes online dirigidos a ni\u00f1os, ni\u00f1as y adolescentes<\/a><\/li>\n<li><a href=\"https:\/\/www.incibe.es\/menores\/familias\/ciberseguridad\" target=\"_blank\" rel=\"noopener\">Ciberseguridad en familia<\/a><\/li>\n<\/ul>\n<\/td>\n<td style=\"width: 56.4318%\"><a title=\"Tutorial de comunicaci\u00f3n con el Centro con PASEN\" href=\"https:\/\/www.youtube.com\/watch?v=33A9Mwfead8\" target=\"_blank\" rel=\"nofollow noopener\"><img decoding=\"async\" class=\"alignnone wp-image-4427\" src=\"https:\/\/blogsaverroes.juntadeandalucia.es\/iessanalvaro\/files\/2025\/04\/Pasen.png\" alt=\"\" width=\"152\" height=\"53\"><\/a><\/p>\n<header class=\"\">\n<h2 id=\"detalle_pasen-18wyuav20h45l\" class=\"titulo\">\u00bfQu\u00e9 es Pasen \/ iPasen?<\/h2>\n<\/header>\n<div class=\"contenido_detalle\">\n<section class=\"cuerpo detalle_html\">\n<div class=\"inner_cuerpo\">\n<p>iPasen es la aplicaci\u00f3n m\u00f3vil de la Consejer\u00eda de Educaci\u00f3n y Deporte que permite la comunicaci\u00f3n entre los distintos miembros de la comunidad educativa (tutores\/as legales, alumnado, cargos directivos y profesorado).<\/p>\n<p>Esta aplicaci\u00f3n dispone de muchas funcionalidades, entre las que se pueden destacar:<\/p>\n<ul>\n<li>El seguimiento de las calificaciones, observaciones y faltas de asistencia e incidencias del alumnado;<\/li>\n<li>La comunicaci\u00f3n directa entre el profesorado y los tutores\/as legales;<\/li>\n<li>La visualizaci\u00f3n del calendario de ex\u00e1menes y los horarios de clase;<\/li>\n<li>Tr\u00e1mites como acceso al Punto de Recogida, acceso a la Secretar\u00eda Virtual, firmas de autorizaciones y documentos;<\/li>\n<li>Un muro de los centros educativos en el que se muestra su calendario de eventos, las noticias y novedades, la informaci\u00f3n del centro\u2026<\/li>\n<\/ul>\n<h5 class=\"title style-scope ytd-video-primary-info-renderer\"><a href=\"https:\/\/www.youtube.com\/watch?v=OR7r9OcG8sE\" target=\"_blank\" rel=\"noopener noreferrer\">1.- iPASEN: RECUPERAR ACCESO<\/a><\/h5>\n<h5>2.-&nbsp;<a href=\"https:\/\/www.youtube.com\/watch?v=3z6eWjQWnuc&amp;feature=youtu.be\" target=\"_blank\" rel=\"noopener noreferrer\">VIDEO TUTORIAL: AUTOLOGIN&nbsp;<\/a>(GENERAR NUEVA CLAVE PARA PASEN E IPASEN POR PARTE DE LAS FAMILIAS)<\/h5>\n<h5>3.-<a href=\"http:\/\/comunicaci\u00f3n con el Centro mediante PASEN\">VIDEO TUTORIAL: comunicaci\u00f3n con el Centro mediante PASEN<\/a><\/h5>\n<h5>&nbsp;<\/h5>\n<\/div>\n<\/section>\n<\/div>\n<\/td>\n<\/tr>\n<\/tbody>\n<\/table>\n<p>&nbsp;<\/p>\n<p>&nbsp;<\/p>\n","protected":false},"excerpt":{"rendered":"<p>Enlaces de inter\u00e9s para familias Guia_uso_responsable_de_equipos_y_dispositivos IES SAN \u00c1LVARO Normas para el uso de los dispositivos en el aula Gu\u00eda de competencia digital &nbsp; &nbsp;&hellip;<\/p>\n","protected":false},"author":19881,"featured_media":0,"parent":0,"menu_order":0,"comment_status":"closed","ping_status":"closed","template":"","meta":{"ngg_post_thumbnail":0,"footnotes":""},"aioseo_notices":[],"_links":{"self":[{"href":"https:\/\/blogsaverroes.juntadeandalucia.es\/iessanalvaro\/wp-json\/wp\/v2\/pages\/4320"}],"collection":[{"href":"https:\/\/blogsaverroes.juntadeandalucia.es\/iessanalvaro\/wp-json\/wp\/v2\/pages"}],"about":[{"href":"https:\/\/blogsaverroes.juntadeandalucia.es\/iessanalvaro\/wp-json\/wp\/v2\/types\/page"}],"author":[{"embeddable":true,"href":"https:\/\/blogsaverroes.juntadeandalucia.es\/iessanalvaro\/wp-json\/wp\/v2\/users\/19881"}],"replies":[{"embeddable":true,"href":"https:\/\/blogsaverroes.juntadeandalucia.es\/iessanalvaro\/wp-json\/wp\/v2\/comments?post=4320"}],"version-history":[{"count":24,"href":"https:\/\/blogsaverroes.juntadeandalucia.es\/iessanalvaro\/wp-json\/wp\/v2\/pages\/4320\/revisions"}],"predecessor-version":[{"id":4468,"href":"https:\/\/blogsaverroes.juntadeandalucia.es\/iessanalvaro\/wp-json\/wp\/v2\/pages\/4320\/revisions\/4468"}],"wp:attachment":[{"href":"https:\/\/blogsaverroes.juntadeandalucia.es\/iessanalvaro\/wp-json\/wp\/v2\/media?parent=4320"}],"curies":[{"name":"wp","href":"https:\/\/api.w.org\/{rel}","templated":true}]}}