{"id":4412,"date":"2025-04-04T21:37:32","date_gmt":"2025-04-04T21:37:32","guid":{"rendered":"https:\/\/blogsaverroes.juntadeandalucia.es\/iessanalvaro\/?page_id=4412"},"modified":"2025-04-24T08:19:02","modified_gmt":"2025-04-24T08:19:02","slug":"tde","status":"publish","type":"page","link":"https:\/\/blogsaverroes.juntadeandalucia.es\/iessanalvaro\/tde\/","title":{"rendered":"TDE"},"content":{"rendered":"<p>&nbsp;<\/p>\n<table style=\"border-collapse: collapse;width: 100%\">\n<tbody>\n<tr>\n<td style=\"width: 50%\">\n<h3>Marco de Referencia de la Competencia Digital&nbsp; &nbsp; &nbsp; &nbsp; &nbsp; &nbsp; &nbsp; &nbsp; &nbsp; &nbsp; &nbsp; &nbsp; &nbsp; &nbsp; &nbsp; &nbsp; &nbsp; &nbsp; &nbsp; &nbsp; &nbsp; &nbsp; &nbsp; &nbsp; &nbsp; &nbsp; &nbsp; &nbsp; &nbsp;<\/h3>\n<table style=\"border-collapse: collapse;width: 100%;height: 96px\">\n<tbody>\n<tr style=\"height: 96px\">\n<td style=\"width: 33.3333%;height: 96px\"><a href=\"https:\/\/intef.es\/competencia-digital-educativa\/competencia-digital-del-alumnado\/\"><img fetchpriority=\"high\" decoding=\"async\" class=\"alignnone wp-image-4491 size-medium\" src=\"https:\/\/blogsaverroes.juntadeandalucia.es\/iessanalvaro\/files\/2025\/04\/DigComp-300x276.png\" alt=\"\" width=\"300\" height=\"276\" srcset=\"https:\/\/blogsaverroes.juntadeandalucia.es\/iessanalvaro\/files\/2025\/04\/DigComp-300x276.png 300w, https:\/\/blogsaverroes.juntadeandalucia.es\/iessanalvaro\/files\/2025\/04\/DigComp.png 506w\" sizes=\"(max-width: 300px) 100vw, 300px\" \/><\/a><\/p>\n<p><span style=\"font-size: 10pt\">Competencia Digital Ciudadana <strong>#DigComp&nbsp;<\/strong><\/span><\/td>\n<td style=\"width: 33.3333%;height: 96px\"><a href=\"https:\/\/intef.es\/competencia-digital-educativa\/competencia-digital-centros-educativos\/\" target=\"_blank\" rel=\"noopener\"><img decoding=\"async\" class=\"alignnone wp-image-4490 \" src=\"https:\/\/blogsaverroes.juntadeandalucia.es\/iessanalvaro\/files\/2025\/04\/DigCompOrg-300x218.png\" alt=\"\" width=\"255\" height=\"185\" srcset=\"https:\/\/blogsaverroes.juntadeandalucia.es\/iessanalvaro\/files\/2025\/04\/DigCompOrg-300x218.png 300w, https:\/\/blogsaverroes.juntadeandalucia.es\/iessanalvaro\/files\/2025\/04\/DigCompOrg-768x558.png 768w, https:\/\/blogsaverroes.juntadeandalucia.es\/iessanalvaro\/files\/2025\/04\/DigCompOrg.png 1024w\" sizes=\"(max-width: 255px) 100vw, 255px\" \/><\/a><\/p>\n<p>&nbsp;<\/p>\n<p>&nbsp;<\/p>\n<p><span style=\"font-size: 10pt\">Organizaciones Educativas Digitalmente Competentes<\/span><\/p>\n<p><span style=\"font-size: 10pt\"><strong>#DigCompOrg&nbsp; &nbsp;<\/strong><\/span><\/td>\n<td style=\"width: 33.3333%;height: 96px\"><a href=\"https:\/\/intef.es\/competencia-digital-educativa\/competencia-digital-docente\/\" target=\"_blank\" rel=\"noopener\"><img decoding=\"async\" class=\"alignnone wp-image-4489 size-medium\" src=\"https:\/\/blogsaverroes.juntadeandalucia.es\/iessanalvaro\/files\/2025\/04\/digcompedu-300x168.png\" alt=\"\" width=\"300\" height=\"168\" srcset=\"https:\/\/blogsaverroes.juntadeandalucia.es\/iessanalvaro\/files\/2025\/04\/digcompedu-300x168.png 300w, https:\/\/blogsaverroes.juntadeandalucia.es\/iessanalvaro\/files\/2025\/04\/digcompedu-768x429.png 768w, https:\/\/blogsaverroes.juntadeandalucia.es\/iessanalvaro\/files\/2025\/04\/digcompedu.png 897w\" sizes=\"(max-width: 300px) 100vw, 300px\" \/><\/a><\/p>\n<p>&nbsp;<\/p>\n<p>&nbsp;<\/p>\n<p>&nbsp;<\/p>\n<p><span style=\"font-size: 10pt\">Competencia Digital Docente (CDD)<\/span><\/p>\n<p><span style=\"font-size: 10pt\"><strong>#DigCompEdu<\/strong><\/span><\/td>\n<\/tr>\n<\/tbody>\n<\/table>\n<p>&nbsp;<\/p>\n<p><img loading=\"lazy\" decoding=\"async\" class=\"alignnone wp-image-4413\" src=\"https:\/\/blogsaverroes.juntadeandalucia.es\/iessanalvaro\/files\/2025\/04\/compDigEdu-300x101.png\" alt=\"\" width=\"401\" height=\"135\" srcset=\"https:\/\/blogsaverroes.juntadeandalucia.es\/iessanalvaro\/files\/2025\/04\/compDigEdu-300x101.png 300w, https:\/\/blogsaverroes.juntadeandalucia.es\/iessanalvaro\/files\/2025\/04\/compDigEdu.png 766w\" sizes=\"(max-width: 401px) 100vw, 401px\" \/><\/p>\n<p><span class=\"css-1jxf684 r-bcqeeo r-1ttztb7 r-qvutc0 r-poiln3\">Publicada Resoluci\u00f3n que establece medidas para el impulso de la competencia digital en el \u00e1mbito del Programa de cooperaci\u00f3n territorial <\/span><span class=\"r-18u37iz\"><a class=\"css-1jxf684 r-bcqeeo r-1ttztb7 r-qvutc0 r-poiln3 r-1loqt21\" dir=\"ltr\" role=\"link\" href=\"https:\/\/x.com\/hashtag\/CompDigEdu?src=hashtag_click\">#CompDigEdu<\/a><\/span><span class=\"css-1jxf684 r-bcqeeo r-1ttztb7 r-qvutc0 r-poiln3\">&nbsp;(<a href=\"https:\/\/www.juntadeandalucia.es\/educacion\/portals\/web\/inspeccion-educativa\/normativa-d\/-\/contenidos\/detalle\/resolucion-de-11-de-septiembre-de-2024-de-la-direccion-general-de-innovacion-y-formacion-del-profesorado-sobre-medidas-1hluseaowi4oj\"><strong>Instrucciones TDE<\/strong><\/a>).&nbsp;&nbsp;<\/span><span class=\"css-1jxf684 r-bcqeeo r-1ttztb7 r-qvutc0 r-poiln3\">Esta resoluci\u00f3n estar\u00e1 vigente para el curso 2024-2025.<\/span><\/p>\n<p>&nbsp;<\/p>\n<h3><strong>Recursos sobre BLOG AVERROES<\/strong><\/h3>\n<h3><a href=\"https:\/\/recursostde.notion.site\/BlogsAverroes-56e68c62d3d24fbaae4ed6eca6760b8f\" target=\"_blank\" rel=\"noopener\"><img loading=\"lazy\" decoding=\"async\" class=\"alignnone wp-image-4476 size-medium\" src=\"https:\/\/blogsaverroes.juntadeandalucia.es\/iessanalvaro\/files\/2025\/04\/blogAverroes-300x115.png\" alt=\"\" width=\"300\" height=\"115\" srcset=\"https:\/\/blogsaverroes.juntadeandalucia.es\/iessanalvaro\/files\/2025\/04\/blogAverroes-300x115.png 300w, https:\/\/blogsaverroes.juntadeandalucia.es\/iessanalvaro\/files\/2025\/04\/blogAverroes.png 372w\" sizes=\"(max-width: 300px) 100vw, 300px\" \/><\/a>&nbsp;<\/h3>\n<p style=\"text-align: justify\">El profesorado de los centros educativos andaluces puede <strong>crear sus blogs<\/strong> iniciando sesi\u00f3n en la web&nbsp;<a href=\"https:\/\/blogsaverroes.juntadeandalucia.es\/\">https:\/\/blogsaverroes.juntadeandalucia.es\/<\/a> con su usuario y clave de IdEA (S\u00e9neca).<\/p>\n<p>&nbsp;<\/p>\n<p><a href=\"https:\/\/blogsaverroes.juntadeandalucia.es\/iesvirgendelsocorro\/files\/2021\/02\/TUTORIAL-BLOGS-AVERROES-CEP-RONDA.pdf\">TUTORIAL para crear BLOG EDUCATIVO EN AVERROES<\/a><\/p>\n<h3>&nbsp;<\/h3>\n<p><a href=\"https:\/\/recursostde.notion.site\/Herramientas-digitales-9d53544586d14a9bbe91ee4b90ced847\" target=\"_blank\" rel=\"noopener\"><img loading=\"lazy\" decoding=\"async\" class=\"alignnone wp-image-4495 size-medium\" src=\"https:\/\/blogsaverroes.juntadeandalucia.es\/iessanalvaro\/files\/2025\/04\/herramientasDigitales-300x225.jpg\" alt=\"\" width=\"300\" height=\"225\" srcset=\"https:\/\/blogsaverroes.juntadeandalucia.es\/iessanalvaro\/files\/2025\/04\/herramientasDigitales-300x225.jpg 300w, https:\/\/blogsaverroes.juntadeandalucia.es\/iessanalvaro\/files\/2025\/04\/herramientasDigitales-1024x769.jpg 1024w, https:\/\/blogsaverroes.juntadeandalucia.es\/iessanalvaro\/files\/2025\/04\/herramientasDigitales-768x576.jpg 768w, https:\/\/blogsaverroes.juntadeandalucia.es\/iessanalvaro\/files\/2025\/04\/herramientasDigitales.jpg 1435w\" sizes=\"(max-width: 300px) 100vw, 300px\" \/><\/a><\/p>\n<p>&nbsp;<\/p>\n<p>&nbsp;<\/p>\n<p>&nbsp;<\/td>\n<td style=\"width: 50%\"><a href=\"https:\/\/www.juntadeandalucia.es\/educacion\/portals\/web\/transformacion-digital-educativa\" target=\"_blank\" rel=\"noopener\"><img loading=\"lazy\" decoding=\"async\" class=\"alignnone wp-image-4436\" src=\"https:\/\/blogsaverroes.juntadeandalucia.es\/iessanalvaro\/files\/2025\/04\/logo_TDE-1-300x300-1.png\" alt=\"\" width=\"147\" height=\"147\" srcset=\"https:\/\/blogsaverroes.juntadeandalucia.es\/iessanalvaro\/files\/2025\/04\/logo_TDE-1-300x300-1.png 300w, https:\/\/blogsaverroes.juntadeandalucia.es\/iessanalvaro\/files\/2025\/04\/logo_TDE-1-300x300-1-150x150.png 150w\" sizes=\"(max-width: 147px) 100vw, 147px\" \/><\/a><\/p>\n<p><span style=\"font-size: 14pt\"><strong>\u00bfEn qu\u00e9 consiste TDE?<\/strong><\/span><\/p>\n<p style=\"text-align: justify\">El concepto de Transformaci\u00f3n Digital Educativa (<strong>TDE<\/strong>) incluye el conjunto de actuaciones orientadas a la mejora y modernizaci\u00f3n de los procesos, los procedimientos, los h\u00e1bitos y comportamientos de las organizaciones educativas y de las personas que, haciendo uso de las tecnolog\u00edas digitales, desarrollen su capacidad de hacer frente a los retos de la sociedad actual.<\/p>\n<p style=\"text-align: justify\">De esta forma, la TDE supondr\u00e1 una contribuci\u00f3n en el aprendizaje competencial, en la consecuci\u00f3n de los resultados de aprendizaje del alumnado y en el acceso a las tecnolog\u00edas desde un principio de equidad, bas\u00e1ndose en los Marcos de Referencia Europeos relativos a la competencia digital (DigCompOrg, DigCompEdu y DigComp).<\/p>\n<p><strong>Elementos de la TDE<\/strong><\/p>\n<ul>\n<li style=\"text-align: justify\"><strong>Diagn\u00f3stico de la competencia digital.<\/strong><\/li>\n<\/ul>\n<p style=\"text-align: justify\">A trav\u00e9s del <strong>Test CDD<\/strong>, el profesorado puede autodiagnosticar su nivel de competencia digital tomando como referencia el Marco DigCompEdu. Una vez realizado el Test CDD, el profesorado podr\u00e1 obtener un Informe Individual con la valoraci\u00f3n global de su nivel competencial (A1-C2) en el \u00e1mbito digital.<\/p>\n<ul style=\"text-align: justify\">\n<li><strong>Competencia Digital de Centro.<\/strong><\/li>\n<\/ul>\n<p style=\"text-align: justify\">A trav\u00e9s de la <strong>R\u00fabrica TDE<\/strong> cada centro realizar\u00e1 la autoevaluaci\u00f3n de la competencia digital del centro tomando como referencia el Marco DigCompOrg, mediante la cumplimentaci\u00f3n, por parte del equipo directivo o de la persona que coordina TDE, de la r\u00fabrica implementada en el Sistema de Informaci\u00f3n S\u00e9neca.<\/p>\n<p style=\"text-align: justify\">La propia herramienta genera el <strong>Informe de R\u00fabrica TDE<\/strong>, reflejando los puntos fuertes y d\u00e9biles del uso de la tecnolog\u00eda que hace el centro educativo. Este informe se puede descargar y contiene orientaciones para el desarrollo de actuaciones para la mejora de la competencia digital del centro.<\/p>\n<ul style=\"text-align: justify\">\n<li><strong>Plan de Actuaci\u00f3n Digital (PAD).<\/strong><\/li>\n<\/ul>\n<p style=\"text-align: justify\">El <strong>PAD<\/strong> se estructura en tres \u00e1mbitos de actuaci\u00f3n (organizaci\u00f3n y gesti\u00f3n del centro, procesos de ense\u00f1anza-aprendizaje e informaci\u00f3n y comunicaci\u00f3n), que toman a su vez como referente el Marco de Competencia Digital para Organizaciones Educativas, DigCompOrg.<\/p>\n<p style=\"text-align: justify\">Tiene como objetivo general la planificaci\u00f3n y desarrollo de capacidades digitales eficaces para mejorar la calidad de la ense\u00f1anza relacionada con las tecnolog\u00edas digitales y favorecer el uso y dise\u00f1o de herramientas digitales aplicadas a las diferentes metodolog\u00edas did\u00e1cticas.<\/p>\n<p>&nbsp;<\/p>\n<p><a href=\"https:\/\/www.juntadeandalucia.es\/educacion\/eaprendizaje\/tde\/\" target=\"_blank\" rel=\"noopener\"><img loading=\"lazy\" decoding=\"async\" class=\"alignnone wp-image-4455 size-full\" src=\"https:\/\/blogsaverroes.juntadeandalucia.es\/iessanalvaro\/files\/2025\/04\/logo-eaprendizaje-mod-300x56-1.png\" alt=\"\" width=\"300\" height=\"56\"><\/a><\/p>\n<p>Acceso a la web eAprendizaje con todas las medidas de&nbsp;<strong>Transformaci\u00f3n Digital Educativa<\/strong>&nbsp;en el sistema educativo no universitario de Andaluc\u00eda.<\/td>\n<\/tr>\n<tr>\n<td style=\"width: 50%\">&nbsp;<\/p>\n<p>&nbsp;<\/p>\n<p>&nbsp;<\/p>\n<p>&nbsp;<\/td>\n<td style=\"width: 50%\"><a href=\"https:\/\/recursostde.notion.site\/\"><img loading=\"lazy\" decoding=\"async\" class=\"alignnone wp-image-4461\" src=\"https:\/\/blogsaverroes.juntadeandalucia.es\/iessanalvaro\/files\/2025\/04\/Logo-Repositorio-TDE-300x258.png\" alt=\"\" width=\"251\" height=\"216\" srcset=\"https:\/\/blogsaverroes.juntadeandalucia.es\/iessanalvaro\/files\/2025\/04\/Logo-Repositorio-TDE-300x258.png 300w, https:\/\/blogsaverroes.juntadeandalucia.es\/iessanalvaro\/files\/2025\/04\/Logo-Repositorio-TDE.png 410w\" sizes=\"(max-width: 251px) 100vw, 251px\" \/><\/a><\/p>\n<p style=\"text-align: justify\">Tutoriales y mucho m\u00e1s sobre S\u00e9neca, Plataformas Virtuales, Recursos, Software, STEAM,\u2026<\/p>\n<p style=\"text-align: justify\">Elaborado y dise\u00f1ado por:<br \/>\nSebasti\u00e1n Giraldo Jim\u00e9nez (@sebgiraldo), Miguel \u00c1ngel Gonz\u00e1lez Lozano (@miguecba), Ernesto J. Abad Fern\u00e1ndez (@ProfeZana), Jose M Rinc\u00f3n Neva (@iesamurojrin) y Juan Jos\u00e9 Caballero Mu\u00f1oz (@JuanJosCaball15), cinco docentes implicados con la Transformaci\u00f3n Digital Educativa andaluza en todos sus \u00e1mbitos.<\/p>\n<\/td>\n<\/tr>\n<\/tbody>\n<\/table>\n<p><span class=\"css-1jxf684 r-bcqeeo r-1ttztb7 r-qvutc0 r-poiln3\">&nbsp;<\/span><\/p>\n<table style=\"border-collapse: collapse;width: 100%\">\n<tbody>\n<tr>\n<td style=\"width: 50%\"><strong>Crea recursos educativos con eXeLearning<\/strong><\/p>\n<p><a href=\"https:\/\/blogsaverroes.juntadeandalucia.es\/iespmtde\/2022\/11\/20\/crea-recursos-educativos-con-exelearning\/\" target=\"_blank\" rel=\"noopener\"><img loading=\"lazy\" decoding=\"async\" class=\"alignnone wp-image-4441\" src=\"https:\/\/blogsaverroes.juntadeandalucia.es\/iessanalvaro\/files\/2025\/04\/exelearning-300x271-1.png\" alt=\"\" width=\"216\" height=\"195\"><\/a><\/p>\n<p style=\"text-align: justify\">Con <strong>eXeLearning<\/strong>,&nbsp; podemos crear los materiales educativos para dar una clase o una unidad did\u00e1ctica completa, con este programa podemos crear una p\u00e1gina web, que se ver\u00e1 bien en ordenador, tablet o smartphone, y en la que integramos todos los recursos, apuntes, im\u00e1genes, fotos, v\u00eddeos, animaciones, otras p\u00e1ginas web,\u2026 . Tambi\u00e9n podemos integrar nuestras actividades que pueden ser de muchos tipos, incluso interactivas, y podemos insertar actividades creadas con otras aplicaciones como Geogebra, Jclic, etc.<\/p>\n<p style=\"text-align: justify\">Adem\u00e1s de crear una p\u00e1gina web podemos exportar los recursos que creemos a varios formatos entre otros IMS y&nbsp; SCORM, que nos pertitir\u00e1n integrar los contenidos f\u00e1cilmente en Moodle.<\/p>\n<p style=\"text-align: justify\">Esta aplicaci\u00f3n puede funcionar sin problema en GNU\/ Linux, Microsoft Windows, macOS, para descargar el programa o para saber m\u00e1s, puedes visitar la p\u00e1gina del proyecto:&nbsp;<a href=\"https:\/\/exelearning.net\/\" target=\"_blank\" rel=\"noopener noreferrer\">https:\/\/exelearning.net<\/a><\/p>\n<\/td>\n<td style=\"width: 50%\"><strong>Contenidos y Recursos Educativos de Andaluc\u00eda (CREA)<\/strong><\/p>\n<p><a href=\"https:\/\/www.juntadeandalucia.es\/educacion\/permanente\/materiales\/\" target=\"_blank\" rel=\"noopener\"><img loading=\"lazy\" decoding=\"async\" class=\"alignnone wp-image-4445\" src=\"https:\/\/blogsaverroes.juntadeandalucia.es\/iessanalvaro\/files\/2025\/04\/CREA.png\" alt=\"\" width=\"261\" height=\"172\"><\/a><\/p>\n<p style=\"text-align: justify\"><strong>CREA<\/strong>&nbsp;(que es la abreviatura de \u00abcontenidos y recursos educativos de Andaluc\u00eda\u00bb) es un \u00edndice online de recursos educativos abiertos, organizados por ense\u00f1anzas y materias y que recoge el curr\u00edculo de las ense\u00f1anzas regladas en modalidad semipresencial y a distancia que el Servicio de Educaci\u00f3n Permanente de la Consejer\u00eda de Educaci\u00f3n y Deportes pone a disposici\u00f3n de todo el profesorado andaluz y de la ciudadan\u00eda en general.<\/p>\n<p style=\"text-align: justify\">Podemos decir que es un recurso educativo abierto que la Junta de Andaluc\u00eda pone a disposici\u00f3n de los alumnos de ense\u00f1anzas regladas en semipresencial y distancia de forma telem\u00e1tica.<\/p>\n<p style=\"text-align: justify\"><a href=\"https:\/\/www.youtube.com\/watch?v=iC3wg3UJy0M\" target=\"_blank\" rel=\"noopener noreferrer\">Bancos de Recursos Educativos Abiertos: CREA Andalucia \u2013 YouTube<\/a><\/p>\n<\/td>\n<\/tr>\n<tr>\n<td style=\"width: 50%\"><strong>Proyecto REA\/DUA<\/strong><\/p>\n<p><a href=\"https:\/\/www.juntadeandalucia.es\/educacion\/portals\/web\/transformacion-digital-educativa\/rea\"><img loading=\"lazy\" decoding=\"async\" class=\"alignnone size-medium wp-image-4448\" src=\"https:\/\/blogsaverroes.juntadeandalucia.es\/iessanalvaro\/files\/2025\/04\/REA-DUA-300x200.jpg\" alt=\"\" width=\"300\" height=\"200\" srcset=\"https:\/\/blogsaverroes.juntadeandalucia.es\/iessanalvaro\/files\/2025\/04\/REA-DUA-300x200.jpg 300w, https:\/\/blogsaverroes.juntadeandalucia.es\/iessanalvaro\/files\/2025\/04\/REA-DUA.jpg 400w\" sizes=\"(max-width: 300px) 100vw, 300px\" \/><\/a><\/p>\n<p style=\"text-align: justify\">La Consejer\u00eda de Desarrollo Educativo y Formaci\u00f3n Profesional presenta&nbsp;el #ProyectoREADUAAndaluc\u00eda, conformado por m\u00e1s de 250 recursos educativos abiertos (REA) de distintas materias de Primaria, Secundaria y Bachillerato.<\/p>\n<p style=\"text-align: justify\">Estos recursos giran en torno a situaciones de aprendizaje en las cuales el alumnado adquiere y desarrolla&nbsp;las competencias espec\u00edficas de cada \u00e1rea o materia.<\/p>\n<p style=\"text-align: justify\">Sus gu\u00edas did\u00e1cticas justifican la situaci\u00f3n de aprendizaje propuesta, el reto que el alumnado debe alcanzar, el producto final que tiene que desarrollar, la concreci\u00f3n curricular, la secuencia did\u00e1ctica, y la explicitaci\u00f3n de las pautas DUA, multinivelaci\u00f3n y procesos cognitivos elegidos en cada actividad en las que se materializa la secuencia, para favorecer la atenci\u00f3n a la diversidad del alumnado, as\u00ed como los criterios de evaluaci\u00f3n de las competencias espec\u00edficas que permite evaluar y los instrumentos que facilita dicha evaluaci\u00f3n.<\/p>\n<\/td>\n<td style=\"width: 50%\"><strong>Plataforma MoocEdu<\/strong><\/p>\n<p><a href=\"https:\/\/moocedu.juntadeandalucia.es\/\"><img loading=\"lazy\" decoding=\"async\" class=\"alignnone wp-image-4452\" src=\"https:\/\/blogsaverroes.juntadeandalucia.es\/iessanalvaro\/files\/2025\/04\/mooc-edu-300x86.jpg\" alt=\"\" width=\"485\" height=\"139\" srcset=\"https:\/\/blogsaverroes.juntadeandalucia.es\/iessanalvaro\/files\/2025\/04\/mooc-edu-300x86.jpg 300w, https:\/\/blogsaverroes.juntadeandalucia.es\/iessanalvaro\/files\/2025\/04\/mooc-edu.jpg 418w\" sizes=\"(max-width: 485px) 100vw, 485px\" \/><\/a><\/p>\n<p>MoocEdu es la&nbsp;<b>plataforma de cursos abiertos en l\u00ednea masivos<\/b>&nbsp;(\u201cMOOC\u201d por sus siglas en ingl\u00e9s) de la Consejer\u00eda de Desarrollo&nbsp;<span role=\"tooltip\"><span class=\"povykd\" role=\"button\" data-enable-toggle-animation=\"true\" data-extra-container-classes=\"ZLo7Eb\" data-hover-hide-delay=\"1000\" data-hover-open-delay=\"500\" data-send-open-event=\"true\" data-theme=\"0\" data-width=\"250\" data-ved=\"2ahUKEwiU3qXE0Jb7AhVxg_0HHcvtDkwQmpgGegQIDhAD\"><span class=\"JPfdse\" data-bubble-link=\"\" data-segment-text=\"Educativo\">Educativo<\/span><\/span><\/span>&nbsp;y Formaci\u00f3n Profesional de la Junta de Andaluc\u00eda. Los cursos tienen como objetivo principal poner a disposici\u00f3n de los centros educativos recursos para su transformaci\u00f3n digital. &nbsp;<\/p>\n<p>MoocEdu est\u00e1 disponible para toda la comunidad educativa andaluza, que puede acceder con sus credenciales IdEA.&nbsp; &nbsp; &nbsp;<\/td>\n<\/tr>\n<\/tbody>\n<\/table>\n<div class=\"vc_row wpb_row vc_row-fluid\">\n<div class=\"wpb_column vc_column_container vc_col-sm-12\">\n<div class=\"vc_column-inner\">\n<div class=\"wpb_wrapper\">\n<div id=\"ultimate-heading-656667f0522f3c891\" class=\"uvc-heading ult-adjust-bottom-margin ultimate-heading-656667f0522f3c891 uvc-1178 \" data-hspacer=\"no_spacer\" data-halign=\"left\">\n<div class=\"uvc-main-heading ult-responsive\" data-ultimate-target=\".uvc-heading.ultimate-heading-656667f0522f3c891 h3\" data-responsive-json-new=\"{&quot;font-size&quot;:&quot;&quot;,&quot;line-height&quot;:&quot;&quot;}\">&nbsp;<\/div>\n<\/div>\n<\/div>\n<\/div>\n<\/div>\n<\/div>\n<div class=\"css-175oi2r r-xoduu5\">&nbsp;<\/div>\n","protected":false},"excerpt":{"rendered":"<p>&nbsp; Marco de Referencia de la Competencia Digital&nbsp; &nbsp; &nbsp; &nbsp; &nbsp; &nbsp; &nbsp; &nbsp; &nbsp; &nbsp; &nbsp; &nbsp; &nbsp; &nbsp; &nbsp; &nbsp; &nbsp; &nbsp;&hellip;<\/p>\n","protected":false},"author":19881,"featured_media":0,"parent":0,"menu_order":0,"comment_status":"closed","ping_status":"closed","template":"","meta":{"ngg_post_thumbnail":0,"footnotes":""},"aioseo_notices":[],"_links":{"self":[{"href":"https:\/\/blogsaverroes.juntadeandalucia.es\/iessanalvaro\/wp-json\/wp\/v2\/pages\/4412"}],"collection":[{"href":"https:\/\/blogsaverroes.juntadeandalucia.es\/iessanalvaro\/wp-json\/wp\/v2\/pages"}],"about":[{"href":"https:\/\/blogsaverroes.juntadeandalucia.es\/iessanalvaro\/wp-json\/wp\/v2\/types\/page"}],"author":[{"embeddable":true,"href":"https:\/\/blogsaverroes.juntadeandalucia.es\/iessanalvaro\/wp-json\/wp\/v2\/users\/19881"}],"replies":[{"embeddable":true,"href":"https:\/\/blogsaverroes.juntadeandalucia.es\/iessanalvaro\/wp-json\/wp\/v2\/comments?post=4412"}],"version-history":[{"count":48,"href":"https:\/\/blogsaverroes.juntadeandalucia.es\/iessanalvaro\/wp-json\/wp\/v2\/pages\/4412\/revisions"}],"predecessor-version":[{"id":4551,"href":"https:\/\/blogsaverroes.juntadeandalucia.es\/iessanalvaro\/wp-json\/wp\/v2\/pages\/4412\/revisions\/4551"}],"wp:attachment":[{"href":"https:\/\/blogsaverroes.juntadeandalucia.es\/iessanalvaro\/wp-json\/wp\/v2\/media?parent=4412"}],"curies":[{"name":"wp","href":"https:\/\/api.w.org\/{rel}","templated":true}]}}