{"id":2088,"date":"2024-01-11T19:03:39","date_gmt":"2024-01-11T18:03:39","guid":{"rendered":"https:\/\/blogsaverroes.juntadeandalucia.es\/iessanblas\/?page_id=2088"},"modified":"2024-03-31T11:40:43","modified_gmt":"2024-03-31T09:40:43","slug":"ciclos-formativos-fp","status":"publish","type":"page","link":"https:\/\/blogsaverroes.juntadeandalucia.es\/iessanblas\/orientacion\/ciclos-formativos-fp\/","title":{"rendered":"Ciclos Formativos FP"},"content":{"rendered":"<p><a href=\"https:\/\/blogsaverroes.juntadeandalucia.es\/iessanblas\/files\/2024\/01\/Banner-FP.jpg\"><img loading=\"lazy\" decoding=\"async\" class=\"aligncenter size-medium wp-image-2084\" src=\"https:\/\/blogsaverroes.juntadeandalucia.es\/iessanblas\/files\/2024\/01\/Banner-FP-300x147.jpg\" alt=\"\" width=\"300\" height=\"147\"><\/a><\/p>\n<p>&nbsp;<\/p>\n<ul>\n<li><span style=\"font-size: 12pt\"><strong><a title=\"Pruebas de acceso\" href=\"https:\/\/www.juntadeandalucia.es\/educacion\/portals\/delegate\/content\/3c6edb0f-cdbd-47a0-98cd-4412d216be47\/Texto%20de%20la%20Resoluci%C3%B3n%20(BOJA)\" target=\"_blank\" rel=\"noopener noreferrer\">Pruebas de acceso a Ciclos Formativos 2023 2024<\/a><\/strong>: Resoluci\u00f3n de 17 de noviembre de 2023, de la Direcci\u00f3n General de Formaci\u00f3n Profesional, por la que se convocan las pruebas de acceso a los Ciclos <\/span><span style=\"font-size: 12pt\">Formativos de Grado Medio y Grado Superior de Formaci\u00f3n Profesional en el curso escolar 2023\/20244. (<a href=\"https:\/\/www.juntadeandalucia.es\/educacion\/portals\/delegate\/content\/3c6edb0f-cdbd-47a0-98cd-4412d216be47\/Texto%20de%20la%20Resoluci%C3%B3n%20(BOJA)\" target=\"_blank\" rel=\"noopener noreferrer\"><strong>pulsa aqu\u00ed<\/strong><\/a>)<br \/>\n<\/span><\/p>\n<ul>\n<li style=\"list-style-type: none\">\n<ul>\n<li><span style=\"font-size: 12pt\">Informaci\u00f3n oficial sobre las Pruebas de Acceso (<a href=\"https:\/\/www.juntadeandalucia.es\/educacion\/portals\/web\/formacion-profesional-andaluza\/quiero-formarme\/pruebas-y-procedimientos\/pruebas-acceso\" target=\"_blank\" rel=\"noopener noreferrer\"><strong>pulsa aqu\u00ed<\/strong><\/a>).<\/span><\/li>\n<li><span style=\"font-size: 12pt\">Requisitos de acceso si no se tiene el t\u00edtulo de la ESO o de Bachillerato. Para Grado Medio (<a href=\"https:\/\/www.juntadeandalucia.es\/educacion\/portals\/web\/formacion-profesional-andaluza\/quiero-formarme\/ensenanzas\/fp-grado-medio\/requisitos\" target=\"_blank\" rel=\"noopener noreferrer\"><strong>pulsa aqu\u00ed<\/strong><\/a>). Para Grado Superior (<a href=\"https:\/\/www.juntadeandalucia.es\/educacion\/portals\/web\/formacion-profesional-andaluza\/quiero-formarme\/ensenanzas\/fp-grado-superior\/requisitos\" target=\"_blank\" rel=\"noopener noreferrer\"><strong>pulsa aqu\u00ed<\/strong><\/a>).<\/span><\/li>\n<li><span style=\"font-size: 12pt\">Plazo de inscripci\u00f3n <strong>del 15 al 26 de enero de 2024.<\/strong><\/span><span style=\"font-size: 12pt\"><span dir=\"ltr\" style=\"font-family: sans-serif\" role=\"presentation\"><br \/>\n<\/span><\/span><\/li>\n<li><span style=\"font-size: 12pt\">Solicitud de participaci\u00f3n (Secretar\u00eda Virtual de los Centros Educativos): (<a title=\"Solicitud\" href=\"https:\/\/www.juntadeandalucia.es\/educacion\/secretariavirtual\/solicitudes\/\" target=\"_blank\" rel=\"noopener noreferrer\"><strong>pulsa aqu\u00ed<\/strong><\/a>).<\/span><\/li>\n<li><span style=\"font-size: 12pt\">Plazo para la realizaci\u00f3n de las pruebas <strong>del 1 al 26 de abril de 2024.<\/strong><\/span><\/li>\n<li><span style=\"font-size: 12pt\">Infograf\u00eda oficial sobre todo el proceso (<a href=\"https:\/\/blogsaverroes.juntadeandalucia.es\/iessanblas\/files\/2024\/01\/INFOGRAFIA_PACF_2324.pdf\" target=\"_blank\" rel=\"noopener noreferrer\"><strong>pulsa aqu\u00ed<\/strong><\/a>).<\/span><\/li>\n<li><span style=\"font-size: 12pt\">Otra buena infograf\u00eda del Departamento de Orientaci\u00f3n del IES Heliche de Olivares (Sevilla) (<a href=\"https:\/\/blogsaverroes.juntadeandalucia.es\/iessanblas\/files\/2024\/01\/PACF_HELICHE.pdf\" target=\"_blank\" rel=\"noopener noreferrer\"><strong>pulsa aqu\u00ed<\/strong><\/a>).<\/span><\/li>\n<li><span style=\"font-size: 12pt\">Pruebas de cursos anteriores (<a href=\"https:\/\/www.juntadeandalucia.es\/educacion\/portals\/web\/formacion-profesional-andaluza\/quiero-formarme\/pruebas-y-procedimientos\/pruebas-acceso\/ejercicios_anteriores\" target=\"_blank\" rel=\"noopener noreferrer\"><strong>pulsa aqu\u00ed<\/strong><\/a>).<\/span><\/li>\n<\/ul>\n<\/li>\n<\/ul>\n<\/li>\n<li><span style=\"font-size: 12pt\"><a title=\"Pruebas para la obtenci\u00f3n de t\u00edtulo FP\" href=\"https:\/\/www.juntadeandalucia.es\/educacion\/portals\/web\/formacion-profesional-andaluza\/quiero-formarme\/pruebas-y-procedimientos\/pruebas-obtencion-titulos\/procedimiento\" target=\"_blank\" rel=\"noopener noreferrer\"><strong>Prueba de obtenci\u00f3n del t\u00edtulo de t\u00e9cnico (CF Grado Medio) y t\u00e9cnico superior (CF Grado Superior): <\/strong><\/a>Orden de 15 de febrero de 2024, por la que se convocan las pruebas para la obtenci\u00f3n de t\u00edtulo de T\u00e9cnico y T\u00e9cnico Superior de ciclos formativos (<a title=\"Convocatoria de pruebas\" href=\"https:\/\/www.juntadeandalucia.es\/educacion\/portals\/delegate\/content\/a8a6d004-a555-4718-99dd-e22a90beb20c\/Orden%20de%2015%20de%20febrero%20de%202024,%20por%20la%20que%20se%20convocan%20las%20pruebas%20para%20la%20obtenci%C3%B3n%20de%20t%C3%ADtulo%20de%20T%C3%A9cnico%20y%20T%C3%A9cnico%20Superior%20de%20ciclos%20formativos%20de%20Formaci%C3%B3n%20Profesional%20del%20sistema%20educativo%20en%20el%20a%C3%B1o%202024\" target=\"_blank\" rel=\"noopener noreferrer\"><strong>pulsa aqu\u00ed<\/strong><\/a>).<br \/>\n<\/span><\/p>\n<ul>\n<li style=\"list-style-type: none\">\n<ul>\n<li><span style=\"font-size: 12pt\">Plazo de presentaci\u00f3n de solicitudes de Admisi\u00f3n-Matriculaci\u00f3n a trav\u00e9s de la Secretar\u00eda Virtual de los centros educativos, del <strong>27 de febrero al 12 de marzo de 2024<\/strong>, ambos inclusive.<\/span><\/li>\n<li><span style=\"font-size: 12pt\">Requisitos para presentarse en las pruebas (<a title=\"Requisitos\" href=\"https:\/\/www.juntadeandalucia.es\/educacion\/portals\/web\/formacion-profesional-andaluza\/quiero-formarme\/pruebas-y-procedimientos\/pruebas-obtencion-titulos\/requisitos\" target=\"_blank\" rel=\"noopener noreferrer\"><strong>pulsa aqu\u00ed<\/strong><\/a>).<\/span><\/li>\n<\/ul>\n<\/li>\n<\/ul>\n<\/li>\n<li><span style=\"font-size: 12pt\"><span style=\"font-size: 12pt\"><a title=\"Pruebas competencias clave FP\" href=\"https:\/\/www.juntadeandalucia.es\/organismos\/empleoempresaytrabajoautonomo\/areas\/formacion-empleo\/quiero-formarme\/competencias-clave\/paginas\/competencias-clave-2023-2.html\" target=\"_blank\" rel=\"noopener noreferrer\"><strong>Convocatoria para las pruebas de evaluaci\u00f3n de competencias clave para el acceso a la formaci\u00f3n de los certificados profesionales de los niveles 2 y 3 de cualificaci\u00f3n profesional:<\/strong><\/a> Convocadas en la <a title=\"BOJA\" href=\"https:\/\/www.juntadeandalucia.es\/boja\/2023\/212\/BOJA23-212-00014-16876-01_00291871.pdf\" target=\"_blank\" rel=\"noopener noreferrer\"><strong>resoluci\u00f3n de 30 de octubre de 2023<\/strong><\/a>, de la Direcci\u00f3n General de Formaci\u00f3n Profesional para el Empleo. <\/span><\/span><span style=\"font-size: 12pt\">Es una oportunidad para aquellas personas que carezcan de estudios, puesto que la superaci\u00f3n de estas pruebas les posibilita el acceso a Certificados de Profesionalidad. Un certificado de profesionalidad acredita, en el \u00e1mbito laboral, el conjunto de competencias profesionales que ha de poseer una persona para el desarrollo de una actividad laboral, por lo que facilita la inserci\u00f3n laboral y el desarrollo profesional. Para m\u00e1s informaci\u00f3n, <a title=\"Pruebas Competencia Profesional.\" href=\"https:\/\/www.juntadeandalucia.es\/organismos\/empleoempresaytrabajoautonomo\/servicios\/procedimientos\/detalle\/24823.html\" target=\"_blank\" rel=\"noopener noreferrer\"><strong>pulsa este enlace<\/strong><\/a>.<br \/>\n&nbsp; <\/span><span style=\"font-size: 12pt\">Tendr\u00e1n lugar el d\u00eda 10 de febrero de 2024. <\/span><span style=\"font-size: 12pt\">El plazo para la presentaci\u00f3n de solicitudes de inscripci\u00f3n para las pruebas ser\u00e1 de veinte d\u00edas h\u00e1biles contados a partir del d\u00eda siguiente al de la publicaci\u00f3n de la resoluci\u00f3n de convocatoria en el Bolet\u00edn Oficial de la Junta de Andaluc\u00eda, e ir\u00e1n dirigidas a la persona titular de la Direcci\u00f3n General de Formaci\u00f3n Profesional para el Empleo.<\/span><\/li>\n<li><span style=\"font-size: 12pt\"><a title=\"Cat\u00e1logo FP\" href=\"https:\/\/blogsaverroes.juntadeandalucia.es\/iessanblas\/files\/2024\/01\/catalogo-fp-2023-2.pdf\" target=\"_blank\" rel=\"noopener noreferrer\"><strong>Cat\u00e1logo de Familias Profesionales y de Grados<\/strong><\/a>: Gran p\u00f3ster con todas las familias profesionales de FP con sus grados correspondientes actualizado al curso 2023 2024. (<a href=\"https:\/\/blogsaverroes.juntadeandalucia.es\/iessanblas\/files\/2024\/01\/catalogo-fp-2023-2.pdf\" target=\"_blank\" rel=\"noopener noreferrer\"><strong>pulsa aqu\u00ed<\/strong><\/a>)<br \/>\n<\/span><\/li>\n<li><span style=\"font-size: 12pt\"><strong><a title=\"Portal FPA\" href=\"https:\/\/www.juntadeandalucia.es\/educacion\/portals\/web\/formacion-profesional-andaluza\" target=\"_blank\" rel=\"noopener noreferrer\">Portal de Formaci\u00f3n Profesional de Andaluc\u00eda<\/a><\/strong> Toda la informaci\u00f3n sobre la Formaci\u00f3n Profesional en nuestra comunidad aut\u00f3noma. (<a href=\"https:\/\/www.juntadeandalucia.es\/educacion\/portals\/web\/formacion-profesional-andaluza\" target=\"_blank\" rel=\"noopener noreferrer\"><strong>pulsa aqu\u00ed<\/strong><\/a>)<br \/>\n<\/span><\/li>\n<li><span style=\"font-size: 12pt\"><strong>Oferta de Ciclos Formativos de Formaci\u00f3n Profesional en la provincia de Huelva curso 2023-2024<\/strong>, elaborado por el Equipo T\u00e9cnico Provincial de Orientaci\u00f3n Educativa y Profesional (ETPOEP):<\/span>\n<ul>\n<li><a title=\"CFGB Huelva\" href=\"https:\/\/blogsaverroes.juntadeandalucia.es\/iessanblas\/files\/2024\/03\/OFERTA_CFGB_2023_2024.pdf\" target=\"_blank\" rel=\"noopener noreferrer\"><strong><span style=\"font-size: 12pt\">Grado B\u00e1sico (CFGB).<\/span><\/strong><\/a><\/li>\n<li><a title=\"CFGM Huelva\" href=\"https:\/\/blogsaverroes.juntadeandalucia.es\/iessanblas\/files\/2024\/03\/OFERTA_CFGM_2023_2024.pdf\" target=\"_blank\" rel=\"noopener noreferrer\"><strong><span style=\"font-size: 12pt\">Grado Medio (CFGM).<\/span><\/strong><\/a><\/li>\n<li><a title=\"CFGS Huelva\" href=\"https:\/\/blogsaverroes.juntadeandalucia.es\/iessanblas\/files\/2024\/03\/OFERTA_CFGS_2023_2024.pdf\" target=\"_blank\" rel=\"noopener noreferrer\"><strong><span style=\"font-size: 12pt\">Grado Superior (CFGS).<\/span><\/strong><\/a><\/li>\n<\/ul>\n<\/li>\n<li><a title=\"FP Andaluc\u00eda 2023 2024\" href=\"https:\/\/www.juntadeandalucia.es\/educacion\/secretariavirtual\/consulta\/oferta-educativa-formacion-profesional-basica\/\" target=\"_blank\" rel=\"noopener noreferrer\"><strong><span style=\"font-size: 12pt\">Oferta de Formaci\u00f3n Profesional en Andaluc\u00eda, curso 2023-2024 (consulta on-line).<\/span><\/strong><\/a><\/li>\n<li><span style=\"font-size: 12pt\"><a title=\"Cursos de Especializaci\u00f3n\" href=\"https:\/\/todofp.es\/que-estudiar\/ciclos\/curso-especializacion.html\" target=\"_blank\" rel=\"noopener noreferrer\"><strong>Cursos de Especializaci\u00f3n CE<\/strong><\/a> : Los cursos de especializaci\u00f3n complementan y profundizan en las competencias de quienes ya disponen de un t\u00edtulo de formaci\u00f3n profesional.<br \/>\nEst\u00e1n destinados a titulados en Ciclos Formativos de Grado Medio o Superior. Tienen una duraci\u00f3n de un curso escolar, entre 300 y 900 horas. Algunos de los cursos de especializaci\u00f3n incluyen un m\u00f3dulo profesional de Formaci\u00f3n en Centros de Trabajo (FCT), donde se ponen en pr\u00e1ctica los conocimientos que se han adquirido en un entorno real.<br \/>\n&nbsp;&nbsp; Al finalizar estos estudios se obtiene el T\u00cdTULO DE ESPECIALISTA para los Cursos de Especializaci\u00f3n de Grado Medio y T\u00cdTULO DE M\u00c1STER DE FORMACI\u00d3N PROFESIONAL para los Cursos de Especializaci\u00f3n de Grado Superior.<\/span><\/p>\n<ul>\n<li><span style=\"font-size: 12pt\">Normativa reguladora de los cursos de especializaci\u00f3n : <strong><a title=\"Normativa CE\" href=\"https:\/\/www.boe.es\/boe\/dias\/2023\/07\/22\/pdfs\/BOE-A-2023-16889.pdf\" target=\"_blank\" rel=\"noopener noreferrer\">Real Decreto 659\/2023 de 18 de julio<\/a>.<\/strong><\/span><\/li>\n<li><span style=\"font-size: 12pt\"><a title=\"Oferta CE Andaluc\u00eda 23 24\" href=\"https:\/\/blogsaverroes.juntadeandalucia.es\/iessanblas\/files\/2024\/03\/OFERTA_CE_2023_2024.pdf\" target=\"_blank\" rel=\"noopener noreferrer\"><strong>Oferta de Cursos de Especializaci\u00f3n (CE) en Andaluc\u00eda, curso 2023-2024.<\/strong><\/a><\/span><\/li>\n<\/ul>\n<\/li>\n<li><span style=\"font-size: 12pt\"><strong><a title=\"TodoFP\" href=\"https:\/\/todofp.es\/que-estudiar\/ciclos.html\" target=\"_blank\" rel=\"noopener noreferrer\">TodoFP<\/a><\/strong> Web del Ministerio de Educaci\u00f3n con toda la informaci\u00f3n sobre Formaci\u00f3n profesional en Espa\u00f1a. (<a href=\"https:\/\/todofp.es\/que-estudiar\/ciclos.html\" target=\"_blank\" rel=\"noopener noreferrer\"><strong>pulsa aqu\u00ed<\/strong><\/a>)<br \/>\n<\/span><\/li>\n<li><span style=\"font-size: 12pt\"><a title=\"Ponderaciones 2024 2025\" href=\"https:\/\/www.juntadeandalucia.es\/boja\/2023\/107\/32\" target=\"_blank\" rel=\"noopener noreferrer\"><strong>Oferta de Ciclos Formativos y notas de acceso<\/strong><\/a> Toda la oferta en centros docentes sostenidos con fondos p\u00fablicos de ciclos formativos para el curso 2023\/2024. Tambi\u00e9n pueden consultarse las notas de acceso. (<a href=\"https:\/\/www.juntadeandalucia.es\/boja\/2023\/107\/32\" target=\"_blank\" rel=\"noopener noreferrer\"><strong>pulsa aqu\u00ed<\/strong><\/a>)<br \/>\n<\/span><\/li>\n<li><span style=\"font-size: 12pt\"><a title=\"Notas de acceso\" href=\"https:\/\/www.juntadeandalucia.es\/economiaconocimientoempresasyuniversidad\/sguit\/?q=grados&amp;d=g_not_cor_anteriores_top.php\" target=\"_blank\" rel=\"noopener noreferrer\"><strong>Notas de acceso<\/strong><\/a> : Distrito \u00danico Andaluz con las notas de acceso en cursos anteriores. (<a href=\"https:\/\/www.juntadeandalucia.es\/economiaconocimientoempresasyuniversidad\/sguit\/?q=grados&amp;d=g_not_cor_anteriores_top.php\" target=\"_blank\" rel=\"noopener noreferrer\"><strong>pulsa aqu\u00ed<\/strong><\/a>)<br \/>\n<\/span><\/li>\n<li><span style=\"font-size: 12pt\"><a title=\"Acceso desde FP\" href=\"https:\/\/www.juntadeandalucia.es\/economiaconocimientoempresasyuniversidad\/sguit\/?q=grados&amp;d=g_acceso_titulacion_top.php\" target=\"_blank\" rel=\"noopener noreferrer\"><strong>Acceso a la Universidad desde Formaci\u00f3n Profesional<\/strong><\/a> Distrito \u00danico Andaluz: Preferencias de acceso entre Ciclos Formativos y Grados. (<a href=\"https:\/\/www.juntadeandalucia.es\/economiaconocimientoempresasyuniversidad\/sguit\/?q=grados&amp;d=g_acceso_titulacion_top.php\" target=\"_blank\" rel=\"noopener noreferrer\"><strong>pulsa aqu\u00ed<\/strong><\/a>).<br \/>\n<\/span><\/li>\n<\/ul>\n","protected":false},"excerpt":{"rendered":"<p>&nbsp; Pruebas de acceso a Ciclos Formativos 2023 2024: Resoluci\u00f3n de 17 de noviembre de 2023, de la Direcci\u00f3n General de Formaci\u00f3n Profesional, por la que se convocan las pruebas de acceso a los Ciclos Formativos de Grado Medio y Grado Superior de Formaci\u00f3n Profesional en el curso escolar 2023\/20244. (pulsa aqu\u00ed) Informaci\u00f3n oficial sobre [&hellip;]<\/p>\n","protected":false},"author":18154,"featured_media":2084,"parent":831,"menu_order":0,"comment_status":"closed","ping_status":"closed","template":"","meta":{"_et_pb_use_builder":"","_et_pb_old_content":"","_et_gb_content_width":"","ngg_post_thumbnail":0,"footnotes":"","_mc_calendar":[]},"aioseo_notices":[],"_links":{"self":[{"href":"https:\/\/blogsaverroes.juntadeandalucia.es\/iessanblas\/wp-json\/wp\/v2\/pages\/2088"}],"collection":[{"href":"https:\/\/blogsaverroes.juntadeandalucia.es\/iessanblas\/wp-json\/wp\/v2\/pages"}],"about":[{"href":"https:\/\/blogsaverroes.juntadeandalucia.es\/iessanblas\/wp-json\/wp\/v2\/types\/page"}],"author":[{"embeddable":true,"href":"https:\/\/blogsaverroes.juntadeandalucia.es\/iessanblas\/wp-json\/wp\/v2\/users\/18154"}],"replies":[{"embeddable":true,"href":"https:\/\/blogsaverroes.juntadeandalucia.es\/iessanblas\/wp-json\/wp\/v2\/comments?post=2088"}],"version-history":[{"count":19,"href":"https:\/\/blogsaverroes.juntadeandalucia.es\/iessanblas\/wp-json\/wp\/v2\/pages\/2088\/revisions"}],"predecessor-version":[{"id":2915,"href":"https:\/\/blogsaverroes.juntadeandalucia.es\/iessanblas\/wp-json\/wp\/v2\/pages\/2088\/revisions\/2915"}],"up":[{"embeddable":true,"href":"https:\/\/blogsaverroes.juntadeandalucia.es\/iessanblas\/wp-json\/wp\/v2\/pages\/831"}],"wp:featuredmedia":[{"embeddable":true,"href":"https:\/\/blogsaverroes.juntadeandalucia.es\/iessanblas\/wp-json\/wp\/v2\/media\/2084"}],"wp:attachment":[{"href":"https:\/\/blogsaverroes.juntadeandalucia.es\/iessanblas\/wp-json\/wp\/v2\/media?parent=2088"}],"curies":[{"name":"wp","href":"https:\/\/api.w.org\/{rel}","templated":true}]}}