{"id":2203,"date":"2024-01-15T18:18:43","date_gmt":"2024-01-15T17:18:43","guid":{"rendered":"https:\/\/blogsaverroes.juntadeandalucia.es\/iessanblas\/?page_id=2203"},"modified":"2024-01-15T18:21:28","modified_gmt":"2024-01-15T17:21:28","slug":"uso-de-los-moviles","status":"publish","type":"page","link":"https:\/\/blogsaverroes.juntadeandalucia.es\/iessanblas\/uso-de-los-moviles\/","title":{"rendered":"Uso de los M\u00f3viles"},"content":{"rendered":"<table style=\"border-collapse: collapse;width: 100%\">\n<tbody>\n<tr>\n<td style=\"width: 75.6637%\"><span style=\"font-size: 14pt;color: #000000\"> El 4 de diciembre de 2023 se ha publicado una instrucci\u00f3n sobre la regulaci\u00f3n del uso de los tel\u00e9fonos m\u00f3viles en los centros educativos.Puede consultarla en <a title=\"Uso de los m\u00f3viles\" href=\"https:\/\/blogsaverroes.juntadeandalucia.es\/iessanblas\/files\/2024\/01\/Instrucci\u00f3n-4-de-diciembre-de-Viceconsejer\u00eda-1.pdf\" target=\"_blank\" rel=\"noopener noreferrer\"><strong>este enlace.<\/strong><\/a><\/span><\/td>\n<td style=\"width: 24.3363%\"><a href=\"https:\/\/blogsaverroes.juntadeandalucia.es\/iessanblas\/files\/2024\/01\/Prohibido_Movil.jpg\"><img loading=\"lazy\" decoding=\"async\" class=\"aligncenter size-medium wp-image-2201\" src=\"https:\/\/blogsaverroes.juntadeandalucia.es\/iessanblas\/files\/2024\/01\/Prohibido_Movil-300x300.jpg\" alt=\"\" width=\"300\" height=\"300\"><\/a><\/td>\n<\/tr>\n<tr>\n<td style=\"width: 75.6637%\">&nbsp;<\/td>\n<td style=\"width: 24.3363%;text-align: center\">(<a title=\"Freepik\" href=\"https:\/\/www.freepik.es\/\" target=\"_blank\" rel=\"noopener noreferrer\">Imagen de Freepik<\/a>)<\/td>\n<\/tr>\n<\/tbody>\n<\/table>\n<p><span style=\"font-size: 12pt;color: #000000\">&nbsp;<\/span><\/p>\n","protected":false},"excerpt":{"rendered":"<p>El 4 de diciembre de 2023 se ha publicado una instrucci\u00f3n sobre la regulaci\u00f3n del uso de los tel\u00e9fonos m\u00f3viles en los centros educativos.Puede consultarla en este enlace. &nbsp; (Imagen de Freepik) &nbsp;<\/p>\n","protected":false},"author":18154,"featured_media":2201,"parent":0,"menu_order":0,"comment_status":"closed","ping_status":"closed","template":"","meta":{"_et_pb_use_builder":"","_et_pb_old_content":"","_et_gb_content_width":"","ngg_post_thumbnail":0,"footnotes":"","_mc_calendar":[]},"aioseo_notices":[],"_links":{"self":[{"href":"https:\/\/blogsaverroes.juntadeandalucia.es\/iessanblas\/wp-json\/wp\/v2\/pages\/2203"}],"collection":[{"href":"https:\/\/blogsaverroes.juntadeandalucia.es\/iessanblas\/wp-json\/wp\/v2\/pages"}],"about":[{"href":"https:\/\/blogsaverroes.juntadeandalucia.es\/iessanblas\/wp-json\/wp\/v2\/types\/page"}],"author":[{"embeddable":true,"href":"https:\/\/blogsaverroes.juntadeandalucia.es\/iessanblas\/wp-json\/wp\/v2\/users\/18154"}],"replies":[{"embeddable":true,"href":"https:\/\/blogsaverroes.juntadeandalucia.es\/iessanblas\/wp-json\/wp\/v2\/comments?post=2203"}],"version-history":[{"count":1,"href":"https:\/\/blogsaverroes.juntadeandalucia.es\/iessanblas\/wp-json\/wp\/v2\/pages\/2203\/revisions"}],"predecessor-version":[{"id":2204,"href":"https:\/\/blogsaverroes.juntadeandalucia.es\/iessanblas\/wp-json\/wp\/v2\/pages\/2203\/revisions\/2204"}],"wp:featuredmedia":[{"embeddable":true,"href":"https:\/\/blogsaverroes.juntadeandalucia.es\/iessanblas\/wp-json\/wp\/v2\/media\/2201"}],"wp:attachment":[{"href":"https:\/\/blogsaverroes.juntadeandalucia.es\/iessanblas\/wp-json\/wp\/v2\/media?parent=2203"}],"curies":[{"name":"wp","href":"https:\/\/api.w.org\/{rel}","templated":true}]}}