{"id":2347,"date":"2024-01-21T12:15:14","date_gmt":"2024-01-21T11:15:14","guid":{"rendered":"https:\/\/blogsaverroes.juntadeandalucia.es\/iessanblas\/?page_id=2347"},"modified":"2024-01-24T13:04:42","modified_gmt":"2024-01-24T12:04:42","slug":"pruebas-para-obtencion-de-titulos","status":"publish","type":"page","link":"https:\/\/blogsaverroes.juntadeandalucia.es\/iessanblas\/orientacion\/pruebas-para-obtencion-de-titulos\/","title":{"rendered":"Pruebas para Obtenci\u00f3n de T\u00edtulos"},"content":{"rendered":"<p><span style=\"font-size: 12pt\">Est\u00e1n abiertos los procesos de las pruebas para la obtenci\u00f3n de t\u00edtulos (POT) para personas adultas. En los siguientes enlaces encontrar\u00e1s toda la informaci\u00f3n sobre las mismas:<\/span><\/p>\n<ul>\n<li><span style=\"font-size: 12pt\">Pruebas para la obtenci\u00f3n del t\u00edtulo de <strong>Bachiller<\/strong> para personas mayores de 20 a\u00f1os. (<a href=\"https:\/\/blogsaverroes.juntadeandalucia.es\/iessanblas\/orientacion\/pruebas-para-obtencion-de-titulos\/pot-bachillerato-2024\/\"><strong>pulsa aqu\u00ed<\/strong><\/a>)<\/span><\/li>\n<li><span style=\"font-size: 12pt\">Pruebas para la obtenci\u00f3n del t\u00edtulo de la <strong>E.S.O.<\/strong> para personas mayores de 18 a\u00f1os. (<a href=\"https:\/\/blogsaverroes.juntadeandalucia.es\/iessanblas\/orientacion\/pruebas-para-obtencion-de-titulos\/pot-eso-2024-2\/\"><strong>pulsa aqu\u00ed<\/strong><\/a>)<\/span><\/li>\n<\/ul>\n","protected":false},"excerpt":{"rendered":"<p>Est\u00e1n abiertos los procesos de las pruebas para la obtenci\u00f3n de t\u00edtulos (POT) para personas adultas. En los siguientes enlaces encontrar\u00e1s toda la informaci\u00f3n sobre las mismas: Pruebas para la obtenci\u00f3n del t\u00edtulo de Bachiller para personas mayores de 20 a\u00f1os. (pulsa aqu\u00ed) Pruebas para la obtenci\u00f3n del t\u00edtulo de la E.S.O. para personas mayores [&hellip;]<\/p>\n","protected":false},"author":18154,"featured_media":2348,"parent":831,"menu_order":0,"comment_status":"closed","ping_status":"closed","template":"","meta":{"_et_pb_use_builder":"","_et_pb_old_content":"","_et_gb_content_width":"","ngg_post_thumbnail":0,"footnotes":"","_mc_calendar":[]},"aioseo_notices":[],"_links":{"self":[{"href":"https:\/\/blogsaverroes.juntadeandalucia.es\/iessanblas\/wp-json\/wp\/v2\/pages\/2347"}],"collection":[{"href":"https:\/\/blogsaverroes.juntadeandalucia.es\/iessanblas\/wp-json\/wp\/v2\/pages"}],"about":[{"href":"https:\/\/blogsaverroes.juntadeandalucia.es\/iessanblas\/wp-json\/wp\/v2\/types\/page"}],"author":[{"embeddable":true,"href":"https:\/\/blogsaverroes.juntadeandalucia.es\/iessanblas\/wp-json\/wp\/v2\/users\/18154"}],"replies":[{"embeddable":true,"href":"https:\/\/blogsaverroes.juntadeandalucia.es\/iessanblas\/wp-json\/wp\/v2\/comments?post=2347"}],"version-history":[{"count":8,"href":"https:\/\/blogsaverroes.juntadeandalucia.es\/iessanblas\/wp-json\/wp\/v2\/pages\/2347\/revisions"}],"predecessor-version":[{"id":2491,"href":"https:\/\/blogsaverroes.juntadeandalucia.es\/iessanblas\/wp-json\/wp\/v2\/pages\/2347\/revisions\/2491"}],"up":[{"embeddable":true,"href":"https:\/\/blogsaverroes.juntadeandalucia.es\/iessanblas\/wp-json\/wp\/v2\/pages\/831"}],"wp:featuredmedia":[{"embeddable":true,"href":"https:\/\/blogsaverroes.juntadeandalucia.es\/iessanblas\/wp-json\/wp\/v2\/media\/2348"}],"wp:attachment":[{"href":"https:\/\/blogsaverroes.juntadeandalucia.es\/iessanblas\/wp-json\/wp\/v2\/media?parent=2347"}],"curies":[{"name":"wp","href":"https:\/\/api.w.org\/{rel}","templated":true}]}}