{"id":2424,"date":"2024-01-23T10:45:11","date_gmt":"2024-01-23T09:45:11","guid":{"rendered":"https:\/\/blogsaverroes.juntadeandalucia.es\/iessanblas\/?page_id=2424"},"modified":"2025-02-25T19:02:47","modified_gmt":"2025-02-25T18:02:47","slug":"departamento-de-matematicas","status":"publish","type":"page","link":"https:\/\/blogsaverroes.juntadeandalucia.es\/iessanblas\/departamento-de-matematicas\/","title":{"rendered":"Departamento de Matem\u00e1ticas"},"content":{"rendered":"<h1 id=\"tituloItem\" class=\"blockTituloItem\"><span class=\"tituloItem\" style=\"font-size: 20pt;color: #000000\">Programaciones Did\u00e1cticas 2024 \/ 2025<\/span><\/h1>\n<div id=\"contenido_sitio\">\n<p><span class=\"titulo\" style=\"font-size: 12pt;color: #000000\">&nbsp;<\/span><\/p>\n<ul>\n<li><a href=\"https:\/\/blogsaverroes.juntadeandalucia.es\/iessanblas\/files\/2025\/02\/P_1o_2o_3o.pdf\" target=\"_blank\" rel=\"noopener noreferrer\"><span class=\"texto\" style=\"font-size: 12pt;color: #000000\"><span style=\"color: #0000ff\">Matem\u00e1ticas 1\u00ba , 2\u00ba y 3\u00ba E.S.O.<\/span><\/span><\/a><\/li>\n<li><span style=\"color: #0000ff\"><a style=\"color: #0000ff\" href=\"https:\/\/blogsaverroes.juntadeandalucia.es\/iessanblas\/files\/2025\/02\/P_4o-MAT-A.pdf\" target=\"_blank\" rel=\"noopener noreferrer\"><span class=\"texto\" style=\"font-size: 12pt\">Matem\u00e1ticas Opci\u00f3n A 4\u00ba de E.S.O.<\/span><\/a><\/span><\/li>\n<li><span style=\"color: #0000ff\"><a style=\"color: #0000ff\" href=\"https:\/\/blogsaverroes.juntadeandalucia.es\/iessanblas\/files\/2025\/02\/P_4o-MAT-B.pdf\" target=\"_blank\" rel=\"noopener noreferrer\"><span class=\"texto\" style=\"font-size: 12pt\">Matem\u00e1ticas Opci\u00f3n B&nbsp; 4\u00ba de E.S.O.<\/span><\/a><\/span><\/li>\n<\/ul>\n<hr>\n<ul>\n<li><span style=\"color: #0000ff\"><a style=\"color: #0000ff\" href=\"https:\/\/blogsaverroes.juntadeandalucia.es\/iessanblas\/files\/2025\/02\/P_MAT-I_MAT-II.pdf\" target=\"_blank\" rel=\"noopener noreferrer\"><span class=\"titulo\" style=\"font-size: 12pt\"><span class=\"texto\"> Matem\u00e1ticas I y II de Bachillerato.<\/span><\/span><\/a><\/span><\/li>\n<li><a href=\"https:\/\/blogsaverroes.juntadeandalucia.es\/iessanblas\/files\/2025\/02\/P_CCSS-1o-y-2o.pdf\" target=\"_blank\" rel=\"noopener noreferrer\"><span style=\"font-size: 12pt;color: #000000\"><span class=\"titulo\"><span class=\"texto\"><span style=\"color: #0000ff\">Matem\u00e1ticas Aplicadas a las Ciencias Sociales I y II de Bachillerato.<\/span><\/span><\/span><\/span><\/a><\/li>\n<\/ul>\n<hr>\n<ul>\n<li><span style=\"color: #0000ff\"><a style=\"color: #0000ff\" href=\"https:\/\/blogsaverroes.juntadeandalucia.es\/iessanblas\/files\/2025\/02\/P_ESPA.pdf\" target=\"_blank\" rel=\"noopener noreferrer\"><span class=\"titulo\" style=\"font-size: 12pt\"><span class=\"texto\">\u00c1mbito Cient\u00edfico Tecnol\u00f3gico de E.S.P.A. Semipresencial.<\/span><\/span><\/a><\/span><\/li>\n<li><span style=\"color: #0000ff\"><a style=\"color: #0000ff\" href=\"https:\/\/blogsaverroes.juntadeandalucia.es\/iessanblas\/files\/2025\/02\/P_1oBach-adultos.pdf\" target=\"_blank\" rel=\"noopener noreferrer\"><span class=\"texto\" style=\"font-size: 12pt\">Matem\u00e1ticas Aplicadas a las Ciencias Sociales I de 1\u00ba Bachillerato de Adultos.<\/span><\/a><\/span><\/li>\n<li><a href=\"https:\/\/blogsaverroes.juntadeandalucia.es\/iessanblas\/files\/2025\/02\/P_2oBach-adultos.pdf\" target=\"_blank\" rel=\"noopener noreferrer\"><span class=\"texto\" style=\"font-size: 12pt;color: #000000\"><span style=\"color: #0000ff\">Matem\u00e1ticas Aplicadas a las Ciencias Sociales II de 2\u00ba Bachillerato de Adultos.<\/span><\/span><\/a><\/li>\n<\/ul>\n<\/div>\n","protected":false},"excerpt":{"rendered":"<p>Programaciones Did\u00e1cticas 2024 \/ 2025 &nbsp; Matem\u00e1ticas 1\u00ba , 2\u00ba y 3\u00ba E.S.O. Matem\u00e1ticas Opci\u00f3n A 4\u00ba de E.S.O. Matem\u00e1ticas Opci\u00f3n B&nbsp; 4\u00ba de E.S.O. Matem\u00e1ticas I y II de Bachillerato. Matem\u00e1ticas Aplicadas a las Ciencias Sociales I y II de Bachillerato. \u00c1mbito Cient\u00edfico Tecnol\u00f3gico de E.S.P.A. Semipresencial. Matem\u00e1ticas Aplicadas a las Ciencias Sociales I [&hellip;]<\/p>\n","protected":false},"author":18154,"featured_media":0,"parent":0,"menu_order":0,"comment_status":"closed","ping_status":"closed","template":"","meta":{"_et_pb_use_builder":"","_et_pb_old_content":"","_et_gb_content_width":"","ngg_post_thumbnail":0,"footnotes":"","_mc_calendar":[]},"aioseo_notices":[],"_links":{"self":[{"href":"https:\/\/blogsaverroes.juntadeandalucia.es\/iessanblas\/wp-json\/wp\/v2\/pages\/2424"}],"collection":[{"href":"https:\/\/blogsaverroes.juntadeandalucia.es\/iessanblas\/wp-json\/wp\/v2\/pages"}],"about":[{"href":"https:\/\/blogsaverroes.juntadeandalucia.es\/iessanblas\/wp-json\/wp\/v2\/types\/page"}],"author":[{"embeddable":true,"href":"https:\/\/blogsaverroes.juntadeandalucia.es\/iessanblas\/wp-json\/wp\/v2\/users\/18154"}],"replies":[{"embeddable":true,"href":"https:\/\/blogsaverroes.juntadeandalucia.es\/iessanblas\/wp-json\/wp\/v2\/comments?post=2424"}],"version-history":[{"count":6,"href":"https:\/\/blogsaverroes.juntadeandalucia.es\/iessanblas\/wp-json\/wp\/v2\/pages\/2424\/revisions"}],"predecessor-version":[{"id":3799,"href":"https:\/\/blogsaverroes.juntadeandalucia.es\/iessanblas\/wp-json\/wp\/v2\/pages\/2424\/revisions\/3799"}],"wp:attachment":[{"href":"https:\/\/blogsaverroes.juntadeandalucia.es\/iessanblas\/wp-json\/wp\/v2\/media?parent=2424"}],"curies":[{"name":"wp","href":"https:\/\/api.w.org\/{rel}","templated":true}]}}