{"id":2487,"date":"2024-01-24T12:58:32","date_gmt":"2024-01-24T11:58:32","guid":{"rendered":"https:\/\/blogsaverroes.juntadeandalucia.es\/iessanblas\/?page_id=2487"},"modified":"2024-01-24T12:58:32","modified_gmt":"2024-01-24T11:58:32","slug":"pot-bachillerato-2024","status":"publish","type":"page","link":"https:\/\/blogsaverroes.juntadeandalucia.es\/iessanblas\/orientacion\/pruebas-para-obtencion-de-titulos\/pot-bachillerato-2024\/","title":{"rendered":"POT Bachillerato 2024"},"content":{"rendered":"<p>&nbsp;<\/p>\n<table class=\" aligncenter\" style=\"height: 507px;width: 84.8084%;border-collapse: collapse\">\n<tbody>\n<tr>\n<td style=\"width: 50%;vertical-align: top\">\n<ul>\n<li><span style=\"font-size: 12pt\">Publicada en <a title=\"BOJA\" href=\"https:\/\/www.juntadeandalucia.es\/boja\/2024\/16\/24\" target=\"_blank\" rel=\"noopener noreferrer\"><strong>BOJA la Resoluci\u00f3n de 11 de enero de 2024 <\/strong><\/a>por la que se convocan las <strong><a title=\"POT Bachiller\" href=\"https:\/\/www.juntadeandalucia.es\/educacion\/portals\/web\/educacion-permanente\/pruebas\/pruebas-obtencion-titulo-bachiller\" target=\"_blank\" rel=\"noopener noreferrer\">Pruebas para la Obtenci\u00f3n de T\u00edtulo (POT) de Bachiller para personas mayores de 20 a\u00f1os<\/a>.<\/strong><\/span>\n<ul>\n<li><span style=\"font-size: 12pt\">Las pruebas tendr\u00e1n lugar los s\u00e1bados 6 de abril la primera y 27 de abril la segunda. Puedes ver el calendario completo en la siguiente infograf\u00eda: <a title=\"POT Bachiller 2024\" href=\"https:\/\/blogsaverroes.juntadeandalucia.es\/iessanblas\/files\/2024\/01\/INFOGRAFIA_POT_BACH_2024.pdf\" target=\"_blank\" rel=\"noopener noreferrer\"><strong>POT Bachillerato +20 2024<\/strong><\/a><\/span><\/li>\n<li><span style=\"font-size: 12pt\">Plazos de presentaci\u00f3n de solicitudes: <strong>Desde el 24 de enero al 6 de febrero<\/strong>.<\/span><\/li>\n<li><span style=\"font-size: 12pt\">En el <strong><a title=\"Portal de Educaci\u00f3n Permanente\" href=\"https:\/\/www.juntadeandalucia.es\/educacion\/portals\/web\/educacion-permanente\/pruebas\/pruebas-obtencion-titulo-bachiller\" target=\"_blank\" rel=\"noopener noreferrer\">Portal de Educaci\u00f3n Permanente<\/a> <\/strong>encontrar\u00e1s toda la informaci\u00f3n actualizada sobre las pruebas.<\/span><\/li>\n<li><span style=\"font-size: 12pt\">La normativa que regula la prueba se recoge en la <a title=\"BOJA\" href=\"https:\/\/www.juntadeandalucia.es\/boja\/2019\/200\/BOJA19-200-00023-15128-01_00163346.pdf\" target=\"_blank\" rel=\"noopener noreferrer\"><strong>Orden de 16 de septiembre de 2019<\/strong><\/a>.<\/span><\/li>\n<\/ul>\n<\/li>\n<\/ul>\n<\/td>\n<td style=\"width: 34.9558%\"><a href=\"https:\/\/blogsaverroes.juntadeandalucia.es\/iessanblas\/files\/2024\/01\/INFOGRAFIA_POT_BACH_2024.pdf\" target=\"_blank\" rel=\"noopener noreferrer\"><img loading=\"lazy\" decoding=\"async\" class=\"aligncenter size-large wp-image-2480\" src=\"https:\/\/blogsaverroes.juntadeandalucia.es\/iessanblas\/files\/2024\/01\/INFOGRAFIA_POT_BACH_2024-724x1024.png\" alt=\"\" width=\"724\" height=\"1024\" srcset=\"https:\/\/blogsaverroes.juntadeandalucia.es\/iessanblas\/files\/2024\/01\/INFOGRAFIA_POT_BACH_2024-724x1024.png 724w, https:\/\/blogsaverroes.juntadeandalucia.es\/iessanblas\/files\/2024\/01\/INFOGRAFIA_POT_BACH_2024-480x679.png 480w\" sizes=\"(min-width: 0px) and (max-width: 480px) 480px, (min-width: 481px) 724px, 100vw\" \/><\/a><\/td>\n<\/tr>\n<\/tbody>\n<\/table>\n<p>&nbsp;<\/p>\n","protected":false},"excerpt":{"rendered":"<p>&nbsp; Publicada en BOJA la Resoluci\u00f3n de 11 de enero de 2024 por la que se convocan las Pruebas para la Obtenci\u00f3n de T\u00edtulo (POT) de Bachiller para personas mayores de 20 a\u00f1os. Las pruebas tendr\u00e1n lugar los s\u00e1bados 6 de abril la primera y 27 de abril la segunda. Puedes ver el calendario completo [&hellip;]<\/p>\n","protected":false},"author":18154,"featured_media":2480,"parent":2347,"menu_order":0,"comment_status":"closed","ping_status":"closed","template":"","meta":{"_et_pb_use_builder":"","_et_pb_old_content":"","_et_gb_content_width":"","ngg_post_thumbnail":0,"footnotes":"","_mc_calendar":[]},"aioseo_notices":[],"_links":{"self":[{"href":"https:\/\/blogsaverroes.juntadeandalucia.es\/iessanblas\/wp-json\/wp\/v2\/pages\/2487"}],"collection":[{"href":"https:\/\/blogsaverroes.juntadeandalucia.es\/iessanblas\/wp-json\/wp\/v2\/pages"}],"about":[{"href":"https:\/\/blogsaverroes.juntadeandalucia.es\/iessanblas\/wp-json\/wp\/v2\/types\/page"}],"author":[{"embeddable":true,"href":"https:\/\/blogsaverroes.juntadeandalucia.es\/iessanblas\/wp-json\/wp\/v2\/users\/18154"}],"replies":[{"embeddable":true,"href":"https:\/\/blogsaverroes.juntadeandalucia.es\/iessanblas\/wp-json\/wp\/v2\/comments?post=2487"}],"version-history":[{"count":1,"href":"https:\/\/blogsaverroes.juntadeandalucia.es\/iessanblas\/wp-json\/wp\/v2\/pages\/2487\/revisions"}],"predecessor-version":[{"id":2488,"href":"https:\/\/blogsaverroes.juntadeandalucia.es\/iessanblas\/wp-json\/wp\/v2\/pages\/2487\/revisions\/2488"}],"up":[{"embeddable":true,"href":"https:\/\/blogsaverroes.juntadeandalucia.es\/iessanblas\/wp-json\/wp\/v2\/pages\/2347"}],"wp:featuredmedia":[{"embeddable":true,"href":"https:\/\/blogsaverroes.juntadeandalucia.es\/iessanblas\/wp-json\/wp\/v2\/media\/2480"}],"wp:attachment":[{"href":"https:\/\/blogsaverroes.juntadeandalucia.es\/iessanblas\/wp-json\/wp\/v2\/media?parent=2487"}],"curies":[{"name":"wp","href":"https:\/\/api.w.org\/{rel}","templated":true}]}}