{"id":2651,"date":"2024-02-07T21:01:03","date_gmt":"2024-02-07T20:01:03","guid":{"rendered":"https:\/\/blogsaverroes.juntadeandalucia.es\/iessanblas\/?page_id=2651"},"modified":"2025-02-24T20:01:58","modified_gmt":"2025-02-24T19:01:58","slug":"departamento-de-fisica-y-quimica","status":"publish","type":"page","link":"https:\/\/blogsaverroes.juntadeandalucia.es\/iessanblas\/departamento-de-fisica-y-quimica\/","title":{"rendered":"Departamento de F\u00edsica y Qu\u00edmica"},"content":{"rendered":"<h1 id=\"tituloItem\" class=\"blockTituloItem\"><span class=\"tituloItem\" style=\"font-size: 20pt;color: #000000\">Programaciones Did\u00e1cticas 2024 \/ 2025<\/span><\/h1>\n<div id=\"contenido_sitio\">\n<ul>\n<li><a title=\"Programaci\u00f3n\" href=\"https:\/\/blogsaverroes.juntadeandalucia.es\/iessanblas\/files\/2025\/02\/Programacion-Fisica-y-Quimica-ESO-24-25.pdf\" target=\"_blank\" rel=\"noopener noreferrer\"><span class=\"texto\" style=\"font-size: 12pt;color: #000000\"><span style=\"color: #0000ff\">F\u00edsica y Qu\u00edmica 2\u00ba , 3\u00ba y 4\u00ba E.S.O.<\/span><\/span><\/a><\/li>\n<li><a title=\"Programaci\u00f3n\" href=\"https:\/\/blogsaverroes.juntadeandalucia.es\/iessanblas\/files\/2025\/02\/Programacion-Ambito-Cientifico-Tecnologico-3o-y-4oESO-24-25.pdf\" target=\"_blank\" rel=\"noopener noreferrer\"><span style=\"color: #0000ff\"><span class=\"texto\" style=\"font-size: 12pt\">\u00c1mbito Cient\u00edfico-Tecnol\u00f3gico 3\u00ba y 4\u00ba de E.S.O. Diversificaci\u00f3n<\/span><\/span><\/a><\/li>\n<li><a title=\"Programaci\u00f3n\" href=\"https:\/\/blogsaverroes.juntadeandalucia.es\/iessanblas\/files\/2025\/02\/Programacion-Metodos-de-la-Ciencia-2oESO-24-25.docx.pdf\" target=\"_blank\" rel=\"noopener noreferrer\"><span style=\"color: #0000ff\"><span class=\"texto\" style=\"font-size: 12pt\">M\u00e9todos de la Ciencia&nbsp; 2\u00ba de E.S.O.<\/span><\/span><\/a><\/li>\n<li><a title=\"Programaci\u00f3n\" href=\"https:\/\/blogsaverroes.juntadeandalucia.es\/iessanblas\/files\/2025\/02\/Programacion-Laboratorio-de-Ciencias-4oESO-24-25.docx.pdf\" target=\"_blank\" rel=\"noopener noreferrer\"><span style=\"color: #0000ff\"><span class=\"texto\" style=\"font-size: 12pt\">Laboratorio de Ciencias 4\u00ba de E.S.O.<\/span><\/span><\/a><\/li>\n<\/ul>\n<hr>\n<ul>\n<li><a title=\"Programaci\u00f3n\" href=\"https:\/\/blogsaverroes.juntadeandalucia.es\/iessanblas\/files\/2025\/02\/Programacion-Fisica-y-Quimica-1oBach-24-25.pdf\" target=\"_blank\" rel=\"noopener noreferrer\"><span style=\"color: #0000ff\"><span class=\"titulo\" style=\"font-size: 12pt\"><span class=\"texto\"> F\u00edsica y Qu\u00edmica de 1\u00ba de Bachillerato.<\/span><\/span><\/span><\/a><\/li>\n<li><a title=\"Programaci\u00f3n\" href=\"https:\/\/blogsaverroes.juntadeandalucia.es\/iessanblas\/files\/2025\/02\/Programacion-Fisica-24-25.pdf\" target=\"_blank\" rel=\"noopener noreferrer\"><span style=\"color: #0000ff\"><span class=\"texto\" style=\"font-size: 12pt\">F\u00edsica de 2\u00ba de Bachillerato.<\/span><\/span><\/a><\/li>\n<li><a title=\"Programaci\u00f3n\" href=\"https:\/\/blogsaverroes.juntadeandalucia.es\/iessanblas\/files\/2025\/02\/Programacion-Quimica-24-25.pdf\" target=\"_blank\" rel=\"noopener noreferrer\"><span class=\"texto\" style=\"font-size: 12pt;color: #000000\"><span style=\"color: #0000ff\">Qu\u00edmica de 2\u00ba de Bachillerato.<\/span><\/span><\/a><\/li>\n<li><a title=\"Programaciones\" href=\"https:\/\/blogsaverroes.juntadeandalucia.es\/iessanblas\/files\/2025\/02\/Programacion-Laboratorio-de-Quimica-2oBach-24-25.docx.pdf\" target=\"_blank\" rel=\"noopener\"><span style=\"font-size: 12pt;color: #0000ff\">Laboratorio de Qu\u00edmica de 2\u00ba de Bachillerato<\/span><\/a><\/li>\n<\/ul>\n<\/div>\n","protected":false},"excerpt":{"rendered":"<p>Programaciones Did\u00e1cticas 2024 \/ 2025 F\u00edsica y Qu\u00edmica 2\u00ba , 3\u00ba y 4\u00ba E.S.O. \u00c1mbito Cient\u00edfico-Tecnol\u00f3gico 3\u00ba y 4\u00ba de E.S.O. Diversificaci\u00f3n M\u00e9todos de la Ciencia&nbsp; 2\u00ba de E.S.O. Laboratorio de Ciencias 4\u00ba de E.S.O. F\u00edsica y Qu\u00edmica de 1\u00ba de Bachillerato. F\u00edsica de 2\u00ba de Bachillerato. Qu\u00edmica de 2\u00ba de Bachillerato. Laboratorio de Qu\u00edmica [&hellip;]<\/p>\n","protected":false},"author":18154,"featured_media":0,"parent":0,"menu_order":0,"comment_status":"closed","ping_status":"closed","template":"","meta":{"_et_pb_use_builder":"","_et_pb_old_content":"","_et_gb_content_width":"","ngg_post_thumbnail":0,"footnotes":"","_mc_calendar":[]},"aioseo_notices":[],"_links":{"self":[{"href":"https:\/\/blogsaverroes.juntadeandalucia.es\/iessanblas\/wp-json\/wp\/v2\/pages\/2651"}],"collection":[{"href":"https:\/\/blogsaverroes.juntadeandalucia.es\/iessanblas\/wp-json\/wp\/v2\/pages"}],"about":[{"href":"https:\/\/blogsaverroes.juntadeandalucia.es\/iessanblas\/wp-json\/wp\/v2\/types\/page"}],"author":[{"embeddable":true,"href":"https:\/\/blogsaverroes.juntadeandalucia.es\/iessanblas\/wp-json\/wp\/v2\/users\/18154"}],"replies":[{"embeddable":true,"href":"https:\/\/blogsaverroes.juntadeandalucia.es\/iessanblas\/wp-json\/wp\/v2\/comments?post=2651"}],"version-history":[{"count":3,"href":"https:\/\/blogsaverroes.juntadeandalucia.es\/iessanblas\/wp-json\/wp\/v2\/pages\/2651\/revisions"}],"predecessor-version":[{"id":3779,"href":"https:\/\/blogsaverroes.juntadeandalucia.es\/iessanblas\/wp-json\/wp\/v2\/pages\/2651\/revisions\/3779"}],"wp:attachment":[{"href":"https:\/\/blogsaverroes.juntadeandalucia.es\/iessanblas\/wp-json\/wp\/v2\/media?parent=2651"}],"curies":[{"name":"wp","href":"https:\/\/api.w.org\/{rel}","templated":true}]}}