{"id":2695,"date":"2024-02-09T12:53:14","date_gmt":"2024-02-09T11:53:14","guid":{"rendered":"https:\/\/blogsaverroes.juntadeandalucia.es\/iessanblas\/?page_id=2695"},"modified":"2025-03-04T21:39:34","modified_gmt":"2025-03-04T20:39:34","slug":"departamento-de-ingles","status":"publish","type":"page","link":"https:\/\/blogsaverroes.juntadeandalucia.es\/iessanblas\/departamento-de-ingles\/","title":{"rendered":"Departamento de Ingl\u00e9s"},"content":{"rendered":"<h1 id=\"tituloItem\" class=\"blockTituloItem\"><span class=\"tituloItem\" style=\"font-size: 20pt;color: #000000\">Programaciones Did\u00e1cticas 2024 \/ 2025<\/span><\/h1>\n<div id=\"contenido_sitio\">\n<ul>\n<li><a title=\"Programaci\u00f3n\" href=\"https:\/\/blogsaverroes.juntadeandalucia.es\/iessanblas\/files\/2025\/03\/Programacion-Ingles_ESO_con-cambios.pdf\" target=\"_blank\" rel=\"noopener noreferrer\"><span class=\"texto\" style=\"font-size: 12pt;color: #000000\"><span style=\"color: #0000ff\">Ingl\u00e9s 1\u00ba , 2\u00ba , 3\u00ba y 4\u00ba de E.S.O.<\/span><\/span><\/a><\/li>\n<li><a title=\"Programaci\u00f3n\" href=\"https:\/\/blogsaverroes.juntadeandalucia.es\/iessanblas\/files\/2025\/03\/Programacion-Cooltura-Anglosajona_4o-ESO.pdf\" target=\"_blank\" rel=\"noopener noreferrer\"><span style=\"font-size: 12pt;color: #0000ff\">Cultura Anglosajona 4\u00ba de E.S.O.<\/span><\/a><\/li>\n<li><a title=\"Programaci\u00f3n\" href=\"https:\/\/blogsaverroes.juntadeandalucia.es\/iessanblas\/files\/2025\/03\/Programacion_Ambito-Linguistico-y-Social_4oESO.pdf\" target=\"_blank\" rel=\"noopener noreferrer\"><span style=\"color: #0000ff\"><span class=\"texto\" style=\"font-size: 12pt\">\u00c1mbito Ling\u00fc\u00edstico y Social 4\u00ba de E.S.O.<\/span><\/span><\/a><\/li>\n<\/ul>\n<hr>\n<ul>\n<li><a title=\"Programaci\u00f3n\" href=\"https:\/\/blogsaverroes.juntadeandalucia.es\/iessanblas\/files\/2025\/03\/Programacion-Ingles_Bach_con-cambios.pdf\" target=\"_blank\" rel=\"noopener noreferrer\"><span style=\"color: #0000ff\"><span class=\"titulo\" style=\"font-size: 12pt\"><span class=\"texto\"> Ingl\u00e9s 1\u00ba y 2\u00ba de Bachillerato. Todas las modalidades.<\/span><\/span><\/span><\/a><\/li>\n<\/ul>\n<hr>\n<ul>\n<li><a title=\"Programaci\u00f3n\" href=\"https:\/\/blogsaverroes.juntadeandalucia.es\/iessanblas\/files\/2025\/03\/Programacion_Ambito-Comunicacion_Adultos_Semipresencial.pdf\" target=\"_blank\" rel=\"noopener noreferrer\"><span style=\"color: #0000ff\"><span class=\"titulo\" style=\"font-size: 12pt\"><span class=\"texto\">\u00c1mbito de Comunicaci\u00f3n E.S.P.A. I y II Adultos-Semipresencial.<\/span><\/span><\/span><\/a><\/li>\n<li><a title=\"Programaci\u00f3n\" href=\"https:\/\/blogsaverroes.juntadeandalucia.es\/iessanblas\/files\/2025\/03\/Programacion_Ambito-Comunicacion_Adultos_presencial.pdf\" target=\"_blank\" rel=\"noopener noreferrer\"><span class=\"titulo\" style=\"font-size: 12pt;color: #0000ff\"><span class=\"texto\">\u00c1mbito de Comunicaci\u00f3n E.S.P.A. I y II Adultos-Presencial.<\/span><\/span><\/a><\/li>\n<li><a title=\"Programaci\u00f3n\" href=\"https:\/\/blogsaverroes.juntadeandalucia.es\/iessanblas\/files\/2025\/03\/Programacion_Ingles_Adultos_Bach.pdf\" target=\"_blank\" rel=\"noopener noreferrer\"><span style=\"color: #0000ff\"><span class=\"texto\" style=\"font-size: 12pt\">Ingl\u00e9s 1\u00ba y 2\u00ba de Bachillerato de Adultos.<\/span><\/span><\/a><\/li>\n<\/ul>\n<hr>\n<ul>\n<li><a title=\"Programaci\u00f3n\" href=\"https:\/\/blogsaverroes.juntadeandalucia.es\/iessanblas\/files\/2025\/03\/Programacion_Ambito-comunicacion-y-CCSS.pdf\" target=\"_blank\" rel=\"noopener noreferrer\"><span style=\"color: #0000ff\"><span class=\"titulo\" style=\"font-size: 12pt\"><span class=\"texto\">\u00c1mbito de Comunicaci\u00f3n y Ciencias Sociales 1\u00ba C.D.C.F.G.B.<\/span><\/span><\/span><\/a><\/li>\n<\/ul>\n<\/div>\n","protected":false},"excerpt":{"rendered":"<p>Programaciones Did\u00e1cticas 2024 \/ 2025 Ingl\u00e9s 1\u00ba , 2\u00ba , 3\u00ba y 4\u00ba de E.S.O. Cultura Anglosajona 4\u00ba de E.S.O. \u00c1mbito Ling\u00fc\u00edstico y Social 4\u00ba de E.S.O. Ingl\u00e9s 1\u00ba y 2\u00ba de Bachillerato. Todas las modalidades. \u00c1mbito de Comunicaci\u00f3n E.S.P.A. I y II Adultos-Semipresencial. \u00c1mbito de Comunicaci\u00f3n E.S.P.A. I y II Adultos-Presencial. Ingl\u00e9s 1\u00ba y [&hellip;]<\/p>\n","protected":false},"author":18154,"featured_media":0,"parent":0,"menu_order":0,"comment_status":"closed","ping_status":"closed","template":"","meta":{"_et_pb_use_builder":"","_et_pb_old_content":"","_et_gb_content_width":"","ngg_post_thumbnail":0,"footnotes":"","_mc_calendar":[]},"aioseo_notices":[],"_links":{"self":[{"href":"https:\/\/blogsaverroes.juntadeandalucia.es\/iessanblas\/wp-json\/wp\/v2\/pages\/2695"}],"collection":[{"href":"https:\/\/blogsaverroes.juntadeandalucia.es\/iessanblas\/wp-json\/wp\/v2\/pages"}],"about":[{"href":"https:\/\/blogsaverroes.juntadeandalucia.es\/iessanblas\/wp-json\/wp\/v2\/types\/page"}],"author":[{"embeddable":true,"href":"https:\/\/blogsaverroes.juntadeandalucia.es\/iessanblas\/wp-json\/wp\/v2\/users\/18154"}],"replies":[{"embeddable":true,"href":"https:\/\/blogsaverroes.juntadeandalucia.es\/iessanblas\/wp-json\/wp\/v2\/comments?post=2695"}],"version-history":[{"count":4,"href":"https:\/\/blogsaverroes.juntadeandalucia.es\/iessanblas\/wp-json\/wp\/v2\/pages\/2695\/revisions"}],"predecessor-version":[{"id":3896,"href":"https:\/\/blogsaverroes.juntadeandalucia.es\/iessanblas\/wp-json\/wp\/v2\/pages\/2695\/revisions\/3896"}],"wp:attachment":[{"href":"https:\/\/blogsaverroes.juntadeandalucia.es\/iessanblas\/wp-json\/wp\/v2\/media?parent=2695"}],"curies":[{"name":"wp","href":"https:\/\/api.w.org\/{rel}","templated":true}]}}