{"id":3112,"date":"2024-04-22T18:17:58","date_gmt":"2024-04-22T16:17:58","guid":{"rendered":"https:\/\/blogsaverroes.juntadeandalucia.es\/iessanblas\/?page_id=3112"},"modified":"2024-04-22T18:17:58","modified_gmt":"2024-04-22T16:17:58","slug":"andalucia-acredita","status":"publish","type":"page","link":"https:\/\/blogsaverroes.juntadeandalucia.es\/iessanblas\/andalucia-acredita\/","title":{"rendered":"Andaluc\u00eda ACREDITA"},"content":{"rendered":"<p><span style=\"font-size: 12pt;color: #000000\">Un curso m\u00e1s, el IES San Blas vuelve a ser sede del procedimiento ACREDITA mediante el cual se puede conseguir la acreditaci\u00f3n en competencias profesionales:<\/span><\/p>\n<ul>\n<li><span style=\"font-size: 12pt;color: #000000\">Es una acreditaci\u00f3n v\u00e1lida en toda Espa\u00f1a.<\/span><\/li>\n<li><span style=\"font-size: 12pt;color: #000000\">Permite el acceso a empleos regulados normativamente.<\/span><\/li>\n<li><span style=\"font-size: 12pt;color: #000000\">Multiplica las opciones profesionales de quienes consiguen las acreditaciones.<\/span><\/li>\n<\/ul>\n<p><a title=\"IACP\" href=\"https:\/\/www.juntadeandalucia.es\/educacion\/portals\/web\/iacp\" target=\"_blank\" rel=\"noopener\"><span style=\"color: #0000ff\"><strong><span style=\"font-size: 12pt\">M\u00e1s informaci\u00f3n en el portal web del IACP (Instituto Andaluz de Cualificaciones Profesionales).<\/span><\/strong><\/span><\/a><\/p>\n<p><a title=\"D\u00edptico Acredita\" href=\"https:\/\/blogsaverroes.juntadeandalucia.es\/iessanblas\/files\/2024\/04\/Diptico-Acredita-C20I1-PRTR.pdf\" target=\"_blank\" rel=\"noopener\"><span style=\"color: #0000ff\"><strong><span style=\"font-size: 12pt\">Descarga el d\u00edptico con toda la informaci\u00f3n del proceso.<\/span><\/strong><\/span><\/a><\/p>\n<p style=\"text-align: center\"><a title=\"IACP\" href=\"https:\/\/www.juntadeandalucia.es\/educacion\/portals\/web\/iacp\" target=\"_blank\" rel=\"noopener\"><img loading=\"lazy\" decoding=\"async\" class=\"aligncenter size-full wp-image-3114\" src=\"https:\/\/blogsaverroes.juntadeandalucia.es\/iessanblas\/files\/2024\/04\/Piedefirmaacredita.png\" alt=\"\" width=\"782\" height=\"401\" srcset=\"https:\/\/blogsaverroes.juntadeandalucia.es\/iessanblas\/files\/2024\/04\/Piedefirmaacredita.png 782w, https:\/\/blogsaverroes.juntadeandalucia.es\/iessanblas\/files\/2024\/04\/Piedefirmaacredita-480x246.png 480w\" sizes=\"(min-width: 0px) and (max-width: 480px) 480px, (min-width: 481px) 782px, 100vw\" \/><\/a><\/p>\n","protected":false},"excerpt":{"rendered":"<p>Un curso m\u00e1s, el IES San Blas vuelve a ser sede del procedimiento ACREDITA mediante el cual se puede conseguir la acreditaci\u00f3n en competencias profesionales: Es una acreditaci\u00f3n v\u00e1lida en toda Espa\u00f1a. Permite el acceso a empleos regulados normativamente. Multiplica las opciones profesionales de quienes consiguen las acreditaciones. M\u00e1s informaci\u00f3n en el portal web del [&hellip;]<\/p>\n","protected":false},"author":18154,"featured_media":0,"parent":0,"menu_order":0,"comment_status":"closed","ping_status":"closed","template":"","meta":{"_et_pb_use_builder":"","_et_pb_old_content":"","_et_gb_content_width":"","ngg_post_thumbnail":0,"footnotes":"","_mc_calendar":[]},"aioseo_notices":[],"_links":{"self":[{"href":"https:\/\/blogsaverroes.juntadeandalucia.es\/iessanblas\/wp-json\/wp\/v2\/pages\/3112"}],"collection":[{"href":"https:\/\/blogsaverroes.juntadeandalucia.es\/iessanblas\/wp-json\/wp\/v2\/pages"}],"about":[{"href":"https:\/\/blogsaverroes.juntadeandalucia.es\/iessanblas\/wp-json\/wp\/v2\/types\/page"}],"author":[{"embeddable":true,"href":"https:\/\/blogsaverroes.juntadeandalucia.es\/iessanblas\/wp-json\/wp\/v2\/users\/18154"}],"replies":[{"embeddable":true,"href":"https:\/\/blogsaverroes.juntadeandalucia.es\/iessanblas\/wp-json\/wp\/v2\/comments?post=3112"}],"version-history":[{"count":1,"href":"https:\/\/blogsaverroes.juntadeandalucia.es\/iessanblas\/wp-json\/wp\/v2\/pages\/3112\/revisions"}],"predecessor-version":[{"id":3115,"href":"https:\/\/blogsaverroes.juntadeandalucia.es\/iessanblas\/wp-json\/wp\/v2\/pages\/3112\/revisions\/3115"}],"wp:attachment":[{"href":"https:\/\/blogsaverroes.juntadeandalucia.es\/iessanblas\/wp-json\/wp\/v2\/media?parent=3112"}],"curies":[{"name":"wp","href":"https:\/\/api.w.org\/{rel}","templated":true}]}}