{"id":3124,"date":"2024-04-22T20:55:49","date_gmt":"2024-04-22T18:55:49","guid":{"rendered":"https:\/\/blogsaverroes.juntadeandalucia.es\/iessanblas\/?page_id=3124"},"modified":"2024-04-22T20:55:49","modified_gmt":"2024-04-22T18:55:49","slug":"fanzine-2","status":"publish","type":"page","link":"https:\/\/blogsaverroes.juntadeandalucia.es\/iessanblas\/biblioteca\/fanzine-2\/","title":{"rendered":"Fanzine #2"},"content":{"rendered":"<p><span style=\"font-size: 14pt\">&nbsp;&nbsp; Fanzine #2, versi\u00f3n digital. Nuevo n\u00famero del fanzine elaborado por alumnado y profesorado del IES San Blas <a href=\"https:\/\/blogsaverroes.juntadeandalucia.es\/iessanblas\/files\/2024\/04\/FANZINE_24_DIGITAL_FINAL.png\"><img loading=\"lazy\" decoding=\"async\" class=\"alignright size-medium wp-image-3126\" src=\"https:\/\/blogsaverroes.juntadeandalucia.es\/iessanblas\/files\/2024\/04\/FANZINE_24_DIGITAL_FINAL-212x300.png\" alt=\"\" width=\"212\" height=\"300\"><\/a>durante este curso 2023\/2024 y editado por un grupo de alumnos y alumnas pertenecientes al Club del C\u00f3mic del instituto. Con las donaciones recaudadas de su versi\u00f3n impresa se podr\u00e1n adquirir nuevos ejemplares de c\u00f3mic occidental y manga para la secci\u00f3n de c\u00f3mic de la biblioteca.<\/span><\/p>\n<p style=\"text-align: center\"><a title=\"Fanzine 2\" href=\"https:\/\/blogsaverroes.juntadeandalucia.es\/iessanblas\/files\/2024\/04\/FANZINE_24_DIGITAL_FINAL.pdf\" target=\"_blank\" rel=\"noopener\"><span style=\"font-size: 18pt\">Pulsa para descargar<\/span><\/a><\/p>\n<p>&nbsp;<\/p>\n","protected":false},"excerpt":{"rendered":"<p>&nbsp;&nbsp; Fanzine #2, versi\u00f3n digital. Nuevo n\u00famero del fanzine elaborado por alumnado y profesorado del IES San Blas durante este curso 2023\/2024 y editado por un grupo de alumnos y alumnas pertenecientes al Club del C\u00f3mic del instituto. Con las donaciones recaudadas de su versi\u00f3n impresa se podr\u00e1n adquirir nuevos ejemplares de c\u00f3mic occidental y [&hellip;]<\/p>\n","protected":false},"author":18154,"featured_media":3126,"parent":64,"menu_order":0,"comment_status":"closed","ping_status":"closed","template":"","meta":{"_et_pb_use_builder":"","_et_pb_old_content":"","_et_gb_content_width":"","ngg_post_thumbnail":0,"footnotes":"","_mc_calendar":[]},"aioseo_notices":[],"_links":{"self":[{"href":"https:\/\/blogsaverroes.juntadeandalucia.es\/iessanblas\/wp-json\/wp\/v2\/pages\/3124"}],"collection":[{"href":"https:\/\/blogsaverroes.juntadeandalucia.es\/iessanblas\/wp-json\/wp\/v2\/pages"}],"about":[{"href":"https:\/\/blogsaverroes.juntadeandalucia.es\/iessanblas\/wp-json\/wp\/v2\/types\/page"}],"author":[{"embeddable":true,"href":"https:\/\/blogsaverroes.juntadeandalucia.es\/iessanblas\/wp-json\/wp\/v2\/users\/18154"}],"replies":[{"embeddable":true,"href":"https:\/\/blogsaverroes.juntadeandalucia.es\/iessanblas\/wp-json\/wp\/v2\/comments?post=3124"}],"version-history":[{"count":1,"href":"https:\/\/blogsaverroes.juntadeandalucia.es\/iessanblas\/wp-json\/wp\/v2\/pages\/3124\/revisions"}],"predecessor-version":[{"id":3127,"href":"https:\/\/blogsaverroes.juntadeandalucia.es\/iessanblas\/wp-json\/wp\/v2\/pages\/3124\/revisions\/3127"}],"up":[{"embeddable":true,"href":"https:\/\/blogsaverroes.juntadeandalucia.es\/iessanblas\/wp-json\/wp\/v2\/pages\/64"}],"wp:featuredmedia":[{"embeddable":true,"href":"https:\/\/blogsaverroes.juntadeandalucia.es\/iessanblas\/wp-json\/wp\/v2\/media\/3126"}],"wp:attachment":[{"href":"https:\/\/blogsaverroes.juntadeandalucia.es\/iessanblas\/wp-json\/wp\/v2\/media?parent=3124"}],"curies":[{"name":"wp","href":"https:\/\/api.w.org\/{rel}","templated":true}]}}