{"id":3203,"date":"2024-05-20T18:23:32","date_gmt":"2024-05-20T16:23:32","guid":{"rendered":"https:\/\/blogsaverroes.juntadeandalucia.es\/iessanblas\/?page_id=3203"},"modified":"2025-06-16T09:06:39","modified_gmt":"2025-06-16T07:06:39","slug":"revisiones-y-reclamaciones","status":"publish","type":"page","link":"https:\/\/blogsaverroes.juntadeandalucia.es\/iessanblas\/revisiones-y-reclamaciones\/","title":{"rendered":"Revisiones y Reclamaciones"},"content":{"rendered":"<div id=\"contenido_sitio\">\n<div><span style=\"font-size: 12pt\">&nbsp;&nbsp; En este apartado se pueden encontrar los enlaces a los plazos y a los modelos necesarios para poder solicitar la revisi\u00f3n y reclamaci\u00f3n de calificaciones o decisiones de promoci\u00f3n, permanencia o titulaci\u00f3n.<\/span><\/div>\n<blockquote>\n<div>\n<ul>\n<li><a title=\"Atenci\u00f3n Familias junio 2025\" href=\"https:\/\/blogsaverroes.juntadeandalucia.es\/iessanblas\/files\/2025\/06\/4_Atencion_familias_junio_2025.pdf\" target=\"_blank\" rel=\"noopener\"><span style=\"font-size: 12pt;color: #0000ff\"><strong>D\u00edas de atenci\u00f3n a las familias Junio 2025.<\/strong> <\/span><\/a><\/li>\n<li><a title=\"Reclamaciones junio 2025\" href=\"https:\/\/blogsaverroes.juntadeandalucia.es\/iessanblas\/files\/2025\/06\/Publicacion_plazos-_tablon_web_2024_25-1.pdf\" target=\"_blank\" rel=\"noopener\"><strong><span style=\"font-size: 12pt;color: #0000ff\">Curso 2024\/2025. Plazos para Revisiones y Reclamaciones Junio 2025.<\/span><\/strong><\/a><\/li>\n<li><span style=\"color: #0000ff\"><a style=\"color: #0000ff\" title=\"Atenci\u00f3n Familias\" href=\"https:\/\/blogsaverroes.juntadeandalucia.es\/iessanblas\/files\/2025\/05\/3_Atencion_familias_mayo_2025.pdf\" target=\"_blank\" rel=\"noopener\"><span style=\"font-size: 12pt\"><strong>D\u00edas de atenci\u00f3n a las familias de 2\u00ba de Bachillerato y 2\u00ba de Ciclos Formativos de Formaci\u00f3n Profesional.<\/strong> <\/span><\/a><\/span><\/li>\n<li><a title=\"Revisiones y Reclamaciones\" href=\"https:\/\/blogsaverroes.juntadeandalucia.es\/iessanblas\/files\/2025\/05\/Publicacion_plazos-_tablon_web_2024_25.pdf\" target=\"_blank\" rel=\"noopener\"><span style=\"color: #0000ff\"><strong><span style=\"font-size: 12pt\">Curso 2024\/2025. Plazos para Revisiones y Reclamaciones de 2\u00ba de Bachillerato y 2\u00ba de Ciclos Formativos de Formaci\u00f3n Profesional.<\/span><\/strong><\/span><\/a><\/li>\n<\/ul>\n<p>&nbsp;<\/p>\n<div><span style=\"font-size: 12pt\"><strong>MODELOS PARA REALIZAR LAS REVISIONES y\/o RECLAMACIONES:<\/strong><\/span><\/div>\n<div>&nbsp;<\/div>\n<ul>\n<li><span style=\"font-size: 12pt\">MODELO 1: Modelo de solicitud de revisi\u00f3n de calificaciones o decisiones de promoci\u00f3n, permanencia&nbsp;o titulaci\u00f3n ANTE EL CENTRO.<\/span>\n<ul>\n<li><a title=\"Anexo I odt\" href=\"https:\/\/blogsaverroes.juntadeandalucia.es\/iessanblas\/files\/2025\/05\/1.ANEXO_I_Revision_solicitud.odt\" target=\"_blank\" rel=\"noopener\"><span style=\"color: #0000ff\"><strong><span style=\"font-size: 12pt\">Anexo I : Modelo en versi\u00f3n editable (odt)<\/span><\/strong><\/span><\/a><\/li>\n<li><a title=\"Anexo I pdf\" href=\"https:\/\/blogsaverroes.juntadeandalucia.es\/iessanblas\/files\/2025\/05\/1.ANEXO_I_Revision_solicitud.pdf\" target=\"_blank\" rel=\"noopener\"><span style=\"color: #0000ff\"><strong><span style=\"font-size: 12pt\">Anexo I : Modelo en versi\u00f3n no editable (pdf)<\/span><\/strong><\/span><\/a><\/li>\n<\/ul>\n<\/li>\n<\/ul>\n<ul>\n<li><span style=\"font-size: 12pt\">MODELO 2 : Modelo de solicitud para elevar reclamaciones de calificaciones o decisiones de promoci\u00f3n, permanencia o titulaci\u00f3n a la DELEGACI\u00d3N TERRITORIAL DE EDUCACI\u00d3N DE HUELVA.<\/span>\n<ul>\n<li><a title=\"Anexo II odt\" href=\"https:\/\/blogsaverroes.juntadeandalucia.es\/iessanblas\/files\/2025\/05\/2.ANEXO_II_ReclamacionDT_solicitud.odt\" target=\"_blank\" rel=\"noopener\"><span style=\"color: #0000ff\"><strong><span style=\"font-size: 12pt\">Anexo II : Modelo en versi\u00f3n editable (odt)<\/span><\/strong><\/span><\/a><\/li>\n<li><a title=\"Anexo II pdf\" href=\"https:\/\/blogsaverroes.juntadeandalucia.es\/iessanblas\/files\/2025\/05\/2.ANEXO_II_ReclamacionDT_solicitud.pdf\" target=\"_blank\" rel=\"noopener\"><span style=\"color: #0000ff\"><strong><span style=\"font-size: 12pt\">Anexo II : Modelo en versi\u00f3n no editable (pdf)<\/span><\/strong><\/span><\/a><\/li>\n<\/ul>\n<\/li>\n<\/ul>\n<\/div>\n<\/blockquote>\n<div>\n<div>\n<div>\n<div>&nbsp;<\/div>\n<\/div>\n<\/div>\n<\/div>\n<\/div>\n<div>&nbsp;<\/div>\n","protected":false},"excerpt":{"rendered":"<p>&nbsp;&nbsp; En este apartado se pueden encontrar los enlaces a los plazos y a los modelos necesarios para poder solicitar la revisi\u00f3n y reclamaci\u00f3n de calificaciones o decisiones de promoci\u00f3n, permanencia o titulaci\u00f3n. D\u00edas de atenci\u00f3n a las familias Junio 2025. Curso 2024\/2025. Plazos para Revisiones y Reclamaciones Junio 2025. D\u00edas de atenci\u00f3n a las [&hellip;]<\/p>\n","protected":false},"author":18154,"featured_media":0,"parent":0,"menu_order":0,"comment_status":"closed","ping_status":"closed","template":"","meta":{"_et_pb_use_builder":"","_et_pb_old_content":"","_et_gb_content_width":"","ngg_post_thumbnail":0,"footnotes":"","_mc_calendar":[]},"aioseo_notices":[],"_links":{"self":[{"href":"https:\/\/blogsaverroes.juntadeandalucia.es\/iessanblas\/wp-json\/wp\/v2\/pages\/3203"}],"collection":[{"href":"https:\/\/blogsaverroes.juntadeandalucia.es\/iessanblas\/wp-json\/wp\/v2\/pages"}],"about":[{"href":"https:\/\/blogsaverroes.juntadeandalucia.es\/iessanblas\/wp-json\/wp\/v2\/types\/page"}],"author":[{"embeddable":true,"href":"https:\/\/blogsaverroes.juntadeandalucia.es\/iessanblas\/wp-json\/wp\/v2\/users\/18154"}],"replies":[{"embeddable":true,"href":"https:\/\/blogsaverroes.juntadeandalucia.es\/iessanblas\/wp-json\/wp\/v2\/comments?post=3203"}],"version-history":[{"count":5,"href":"https:\/\/blogsaverroes.juntadeandalucia.es\/iessanblas\/wp-json\/wp\/v2\/pages\/3203\/revisions"}],"predecessor-version":[{"id":4152,"href":"https:\/\/blogsaverroes.juntadeandalucia.es\/iessanblas\/wp-json\/wp\/v2\/pages\/3203\/revisions\/4152"}],"wp:attachment":[{"href":"https:\/\/blogsaverroes.juntadeandalucia.es\/iessanblas\/wp-json\/wp\/v2\/media?parent=3203"}],"curies":[{"name":"wp","href":"https:\/\/api.w.org\/{rel}","templated":true}]}}