{"id":3877,"date":"2025-03-03T13:20:46","date_gmt":"2025-03-03T12:20:46","guid":{"rendered":"https:\/\/blogsaverroes.juntadeandalucia.es\/iessanblas\/?page_id=3877"},"modified":"2025-03-03T13:29:17","modified_gmt":"2025-03-03T12:29:17","slug":"religion-catolica-y-sus-alternativas","status":"publish","type":"page","link":"https:\/\/blogsaverroes.juntadeandalucia.es\/iessanblas\/religion-catolica-y-sus-alternativas\/","title":{"rendered":"Religi\u00f3n Cat\u00f3lica y sus alternativas"},"content":{"rendered":"<h1 id=\"tituloItem\" class=\"blockTituloItem\"><span class=\"tituloItem\" style=\"font-size: 20pt;color: #000000\">Programaciones Did\u00e1cticas 2024 \/ 2025<\/span><\/h1>\n<div id=\"contenido_sitio\">\n<hr>\n<ul>\n<li><a title=\"Programaci\u00f3n\" href=\"https:\/\/blogsaverroes.juntadeandalucia.es\/iessanblas\/files\/2025\/03\/Programacion-Religion-Catolica-1o-ESO-24_25.pdf\" target=\"_blank\" rel=\"noopener\"><span style=\"font-size: 12pt;color: #000000\"><span class=\"titulo\"><span class=\"texto\"><span style=\"color: #0000ff\">Religi\u00f3n Cat\u00f3lica de 1\u00ba de E.S.O.<\/span><\/span><\/span><\/span><\/a><\/li>\n<li><a title=\"Programaci\u00f3n\" href=\"https:\/\/blogsaverroes.juntadeandalucia.es\/iessanblas\/files\/2025\/03\/Programacion-Religion-Catolica-2o-ESO-24_25.pdf\" target=\"_blank\" rel=\"noopener noreferrer\"><span style=\"font-size: 12pt;color: #0000ff\">Religi\u00f3n Cat\u00f3lica de 2\u00ba de E.S.O.<\/span><\/a><\/li>\n<li><a title=\"Programaci\u00f3n\" href=\"https:\/\/blogsaverroes.juntadeandalucia.es\/iessanblas\/files\/2025\/03\/Programacion-Religion-Catolica-3o-ESO-24_25.pdf\" target=\"_blank\" rel=\"noopener\"><span style=\"color: #0000ff;font-size: 12pt\">Religi\u00f3n Cat\u00f3lica de 3\u00ba de E.S.O.<\/span><\/a><\/li>\n<li><a title=\"Programaci\u00f3n\" href=\"https:\/\/blogsaverroes.juntadeandalucia.es\/iessanblas\/files\/2025\/03\/Programacion-Religion-Catolica-4o-ESO-24_25.pdf\" target=\"_blank\" rel=\"noopener noreferrer\"><span style=\"font-size: 12pt;color: #0000ff\">Religi\u00f3n Cat\u00f3lica de 4\u00ba de E.S.O.<\/span><\/a><\/li>\n<li><a title=\"Programaciones\" href=\"https:\/\/blogsaverroes.juntadeandalucia.es\/iessanblas\/files\/2025\/03\/PROGRAMACION-ATEDU-24_25.pdf\" target=\"_blank\" rel=\"noopener\"><span style=\"font-size: 12pt\"><span style=\"color: #0000ff\">Atenci\u00f3n Educativa de E.S.O.<\/span><\/span><\/a><\/li>\n<\/ul>\n<hr>\n<ul>\n<li><a title=\"Programaci\u00f3n\" href=\"https:\/\/blogsaverroes.juntadeandalucia.es\/iessanblas\/files\/2025\/03\/Programacion-Religion-Catolica-1o-bach-Arte-24_25.pdf\" target=\"_blank\" rel=\"noopener noreferrer\"><span style=\"font-size: 12pt;color: #0000ff\"><span class=\"titulo\"><span class=\"texto\">Religi\u00f3n Cat\u00f3lica de 1\u00ba de Bachillerato de Artes.<\/span><\/span><\/span><\/a><\/li>\n<li><a title=\"Programaci\u00f3n\" href=\"https:\/\/blogsaverroes.juntadeandalucia.es\/iessanblas\/files\/2025\/03\/Programacion-Religion-Catolica-1o-bach-CCyT-24_25.pdf\" target=\"_blank\" rel=\"noopener noreferrer\"><span style=\"font-size: 12pt;color: #0000ff\">Religi\u00f3n Cat\u00f3lica de 1\u00ba de Bachillerato de Ciencias y Tecnolog\u00eda.<\/span><\/a><\/li>\n<li><a title=\"Programaci\u00f3n\" href=\"https:\/\/blogsaverroes.juntadeandalucia.es\/iessanblas\/files\/2025\/03\/Programacion-Religion-Catolica-1o-bach-HHCCSS-24_25.pdf\" target=\"_blank\" rel=\"noopener noreferrer\"><span style=\"font-size: 12pt;color: #0000ff\">Religi\u00f3n Cat\u00f3lica de 1\u00ba de Bachillerato de Humanidades y Ciencias Sociales.<\/span><\/a><\/li>\n<li><a title=\"Programaci\u00f3n\" href=\"https:\/\/blogsaverroes.juntadeandalucia.es\/iessanblas\/files\/2025\/03\/Programacion-Religion-Catolica-2o-bach-Arte-24_25.pdf\" target=\"_blank\" rel=\"noopener noreferrer\"><span style=\"font-size: 12pt;color: #0000ff\">Religi\u00f3n Cat\u00f3lica de 2\u00ba de Bachillerato de Artes.<\/span><\/a><\/li>\n<li><a title=\"Programaci\u00f3n\" href=\"https:\/\/blogsaverroes.juntadeandalucia.es\/iessanblas\/files\/2025\/03\/Programacion-Religion-Catolica-2o-bach-CCyT-24_25.pdf\" target=\"_blank\" rel=\"noopener noreferrer\"><span style=\"font-size: 12pt;color: #0000ff\">Religi\u00f3n Cat\u00f3lica de 2\u00ba de Bachillerato de Ciencias y Tecnolog\u00eda.<\/span><\/a><\/li>\n<li><a title=\"Programaciones\" href=\"https:\/\/blogsaverroes.juntadeandalucia.es\/iessanblas\/files\/2025\/03\/Programacion-Religion-Catolica-2o-bach-HHCCSS-24_25.pdf\" target=\"_blank\" rel=\"noopener\"><span style=\"font-size: 12pt;color: #0000ff\">Religi\u00f3n Cat\u00f3lica de 2\u00ba de Bachillerato de Humanidades y Ciencias Sociales.<\/span><\/a><\/li>\n<li><a title=\"Programaciones\" href=\"https:\/\/blogsaverroes.juntadeandalucia.es\/iessanblas\/files\/2025\/03\/PROGRAMACION-PTEV-24_25.pdf\" target=\"_blank\" rel=\"noopener\"><span style=\"font-size: 12pt;color: #0000ff\">Proyectos Transversales de Educaci\u00f3n en Valores.<\/span><\/a><\/li>\n<\/ul>\n<\/div>\n","protected":false},"excerpt":{"rendered":"<p>Programaciones Did\u00e1cticas 2024 \/ 2025 Religi\u00f3n Cat\u00f3lica de 1\u00ba de E.S.O. Religi\u00f3n Cat\u00f3lica de 2\u00ba de E.S.O. Religi\u00f3n Cat\u00f3lica de 3\u00ba de E.S.O. Religi\u00f3n Cat\u00f3lica de 4\u00ba de E.S.O. Atenci\u00f3n Educativa de E.S.O. Religi\u00f3n Cat\u00f3lica de 1\u00ba de Bachillerato de Artes. Religi\u00f3n Cat\u00f3lica de 1\u00ba de Bachillerato de Ciencias y Tecnolog\u00eda. Religi\u00f3n Cat\u00f3lica de 1\u00ba [&hellip;]<\/p>\n","protected":false},"author":18154,"featured_media":0,"parent":0,"menu_order":0,"comment_status":"closed","ping_status":"closed","template":"","meta":{"_et_pb_use_builder":"","_et_pb_old_content":"","_et_gb_content_width":"","ngg_post_thumbnail":0,"footnotes":"","_mc_calendar":[]},"aioseo_notices":[],"_links":{"self":[{"href":"https:\/\/blogsaverroes.juntadeandalucia.es\/iessanblas\/wp-json\/wp\/v2\/pages\/3877"}],"collection":[{"href":"https:\/\/blogsaverroes.juntadeandalucia.es\/iessanblas\/wp-json\/wp\/v2\/pages"}],"about":[{"href":"https:\/\/blogsaverroes.juntadeandalucia.es\/iessanblas\/wp-json\/wp\/v2\/types\/page"}],"author":[{"embeddable":true,"href":"https:\/\/blogsaverroes.juntadeandalucia.es\/iessanblas\/wp-json\/wp\/v2\/users\/18154"}],"replies":[{"embeddable":true,"href":"https:\/\/blogsaverroes.juntadeandalucia.es\/iessanblas\/wp-json\/wp\/v2\/comments?post=3877"}],"version-history":[{"count":2,"href":"https:\/\/blogsaverroes.juntadeandalucia.es\/iessanblas\/wp-json\/wp\/v2\/pages\/3877\/revisions"}],"predecessor-version":[{"id":3883,"href":"https:\/\/blogsaverroes.juntadeandalucia.es\/iessanblas\/wp-json\/wp\/v2\/pages\/3877\/revisions\/3883"}],"wp:attachment":[{"href":"https:\/\/blogsaverroes.juntadeandalucia.es\/iessanblas\/wp-json\/wp\/v2\/media?parent=3877"}],"curies":[{"name":"wp","href":"https:\/\/api.w.org\/{rel}","templated":true}]}}