{"id":4020,"date":"2025-04-21T12:53:49","date_gmt":"2025-04-21T10:53:49","guid":{"rendered":"https:\/\/blogsaverroes.juntadeandalucia.es\/iessanblas\/?page_id=4020"},"modified":"2025-04-21T12:59:33","modified_gmt":"2025-04-21T10:59:33","slug":"fanzine-3","status":"publish","type":"page","link":"https:\/\/blogsaverroes.juntadeandalucia.es\/iessanblas\/biblioteca\/fanzine-3\/","title":{"rendered":"Fanzine #3"},"content":{"rendered":"<p><span style=\"font-size: 14pt\">&nbsp;&nbsp; Fanzine #3, versi\u00f3n digital. Nuevo n\u00famero del fanzine <a href=\"https:\/\/blogsaverroes.juntadeandalucia.es\/iessanblas\/files\/2025\/04\/Fanzine_25_portada.png\"><img loading=\"lazy\" decoding=\"async\" class=\"alignright size-medium wp-image-4014\" src=\"https:\/\/blogsaverroes.juntadeandalucia.es\/iessanblas\/files\/2025\/04\/Fanzine_25_portada-211x300.png\" alt=\"\" width=\"211\" height=\"300\"><\/a>elaborado por alumnado y profesorado del IES San Blas durante este curso 2024\/2025 y editado por un grupo de alumnos y alumnas pertenecientes al Club del C\u00f3mic del instituto. Con las donaciones recaudadas de su versi\u00f3n impresa se podr\u00e1n adquirir nuevos ejemplares de c\u00f3mic occidental y manga para la secci\u00f3n de c\u00f3mic de la biblioteca.<\/span><\/p>\n<p style=\"text-align: center\"><a title=\"FAnzine #3\" href=\"https:\/\/drive.google.com\/file\/d\/1KwZchvgfrzsKnsh7osE-WgNh0NOofY1P\/view\"><span style=\"font-size: 18pt\">Pulsa para descargar<\/span><\/a><\/p>\n<p>&nbsp;<\/p>\n","protected":false},"excerpt":{"rendered":"<p>&nbsp;&nbsp; Fanzine #3, versi\u00f3n digital. Nuevo n\u00famero del fanzine elaborado por alumnado y profesorado del IES San Blas durante este curso 2024\/2025 y editado por un grupo de alumnos y alumnas pertenecientes al Club del C\u00f3mic del instituto. Con las donaciones recaudadas de su versi\u00f3n impresa se podr\u00e1n adquirir nuevos ejemplares de c\u00f3mic occidental y [&hellip;]<\/p>\n","protected":false},"author":18154,"featured_media":0,"parent":64,"menu_order":0,"comment_status":"closed","ping_status":"closed","template":"","meta":{"_et_pb_use_builder":"","_et_pb_old_content":"","_et_gb_content_width":"","ngg_post_thumbnail":0,"footnotes":"","_mc_calendar":[]},"aioseo_notices":[],"_links":{"self":[{"href":"https:\/\/blogsaverroes.juntadeandalucia.es\/iessanblas\/wp-json\/wp\/v2\/pages\/4020"}],"collection":[{"href":"https:\/\/blogsaverroes.juntadeandalucia.es\/iessanblas\/wp-json\/wp\/v2\/pages"}],"about":[{"href":"https:\/\/blogsaverroes.juntadeandalucia.es\/iessanblas\/wp-json\/wp\/v2\/types\/page"}],"author":[{"embeddable":true,"href":"https:\/\/blogsaverroes.juntadeandalucia.es\/iessanblas\/wp-json\/wp\/v2\/users\/18154"}],"replies":[{"embeddable":true,"href":"https:\/\/blogsaverroes.juntadeandalucia.es\/iessanblas\/wp-json\/wp\/v2\/comments?post=4020"}],"version-history":[{"count":4,"href":"https:\/\/blogsaverroes.juntadeandalucia.es\/iessanblas\/wp-json\/wp\/v2\/pages\/4020\/revisions"}],"predecessor-version":[{"id":4025,"href":"https:\/\/blogsaverroes.juntadeandalucia.es\/iessanblas\/wp-json\/wp\/v2\/pages\/4020\/revisions\/4025"}],"up":[{"embeddable":true,"href":"https:\/\/blogsaverroes.juntadeandalucia.es\/iessanblas\/wp-json\/wp\/v2\/pages\/64"}],"wp:attachment":[{"href":"https:\/\/blogsaverroes.juntadeandalucia.es\/iessanblas\/wp-json\/wp\/v2\/media?parent=4020"}],"curies":[{"name":"wp","href":"https:\/\/api.w.org\/{rel}","templated":true}]}}