{"id":4220,"date":"2026-03-09T11:00:56","date_gmt":"2026-03-09T10:00:56","guid":{"rendered":"https:\/\/blogsaverroes.juntadeandalucia.es\/iessanblas\/?page_id=4220"},"modified":"2026-03-09T12:51:31","modified_gmt":"2026-03-09T11:51:31","slug":"programaciones-didacticas-25-26","status":"publish","type":"page","link":"https:\/\/blogsaverroes.juntadeandalucia.es\/iessanblas\/programaciones-didacticas-25-26\/","title":{"rendered":"Programaciones Did\u00e1cticas 25-26"},"content":{"rendered":"<h2><strong>ESO Y BACHILLERATO<\/strong><\/h2>\n<ul>\n<li><strong>LENGUA Y LITERATURA<\/strong><\/li>\n<\/ul>\n<p><a href=\"https:\/\/blogsaverroes.juntadeandalucia.es\/iessanblas\/files\/2026\/03\/Programacion-Ambito-Sociolinguistico.pdf\">Programaci\u00f3n \u00c1mbito Socioling\u00fc\u00edstico<\/a><br \/>\n<a href=\"https:\/\/blogsaverroes.juntadeandalucia.es\/iessanblas\/files\/2026\/03\/Programacion-Artes-Escenicas.pdf\">Programaci\u00f3n Artes Esc\u00e9nicas<\/a><br \/>\n<a href=\"https:\/\/blogsaverroes.juntadeandalucia.es\/iessanblas\/files\/2026\/03\/Programacion-ESPA.pdf\">Programaci\u00f3n ESPA<\/a><br \/>\n<a href=\"https:\/\/blogsaverroes.juntadeandalucia.es\/iessanblas\/files\/2026\/03\/Programacion-Lengua-Bach-Adultos.pdf\">Programaci\u00f3n Lengua Bach Adultos<\/a><br \/>\n<a href=\"https:\/\/blogsaverroes.juntadeandalucia.es\/iessanblas\/files\/2026\/03\/Programacion-Lengua-Bachillerato.pdf\">Programaci\u00f3n Lengua Bachillerato<\/a><br \/>\n<a href=\"https:\/\/blogsaverroes.juntadeandalucia.es\/iessanblas\/files\/2026\/03\/Programacion-Lengua-ESO.pdf\">Programaci\u00f3n Lengua ESO<\/a><br \/>\n<a href=\"https:\/\/blogsaverroes.juntadeandalucia.es\/iessanblas\/files\/2026\/03\/Programacion-Lita-Univ-Adultos.pdf\">Programaci\u00f3n Lit\u00aa Univ Adultos<\/a><br \/>\n<a href=\"https:\/\/blogsaverroes.juntadeandalucia.es\/iessanblas\/files\/2026\/03\/Programacion-Literatura-Universal.pdf\">Programaci\u00f3n Literatura Universal<\/a><\/p>\n<ul>\n<li><strong>BIOLOG\u00cdA &#8211; GEOLOG\u00cdA<\/strong><\/li>\n<\/ul>\n<p><a href=\"https:\/\/blogsaverroes.juntadeandalucia.es\/iessanblas\/files\/2026\/03\/BG_Ambito-CT_ESPA-II_25-26.pdf\">BG_\u00c1mbito CT_ESPA II_25-26<\/a><br \/>\n<a href=\"https:\/\/blogsaverroes.juntadeandalucia.es\/iessanblas\/files\/2026\/03\/BG_Anatomia-Aplicada_1o-bach_25-26.pdf\">BG_Anatom\u00eda Aplicada_1\u00ba bach_25-26<\/a><br \/>\n<a href=\"https:\/\/blogsaverroes.juntadeandalucia.es\/iessanblas\/files\/2026\/03\/BG_Biologia-y-Geologia_1o-ESO_25-26.pdf\">BG_Biolog\u00eda y Geolog\u00eda_1\u00ba ESO_25-26<\/a><br \/>\n<a href=\"https:\/\/blogsaverroes.juntadeandalucia.es\/iessanblas\/files\/2026\/03\/BG_Biologia-y-Geologia_3o-ESO_25-26.pdf\">BG_Biolog\u00eda y Geolog\u00eda_3\u00ba ESO_25-26<\/a><br \/>\n<a href=\"https:\/\/blogsaverroes.juntadeandalucia.es\/iessanblas\/files\/2026\/03\/BG_Biologia-y-Geologia_4o-ESO_25-26.pdf\">BG_Biolog\u00eda y Geolog\u00eda_4\u00ba ESO_25-26<\/a><br \/>\n<a href=\"https:\/\/blogsaverroes.juntadeandalucia.es\/iessanblas\/files\/2026\/03\/BG_Biologia-Geologia-y-CCAA_1o-bach_25-26.pdf\">BG_Biolog\u00eda, Geolog\u00eda y CCAA_1\u00ba bach_25-26<\/a><br \/>\n<a href=\"https:\/\/blogsaverroes.juntadeandalucia.es\/iessanblas\/files\/2026\/03\/BG_Biologia_2o-bach_25-26.pdf\">BG_Biolog\u00eda_2\u00ba bach_25-26<\/a><br \/>\n<a href=\"https:\/\/blogsaverroes.juntadeandalucia.es\/iessanblas\/files\/2026\/03\/BG_Ciencias-Aplicadas-I-CFGB-Agro.pdf\">BG_Ciencias Aplicadas I (CFGB Agro)<\/a><br \/>\n<a href=\"https:\/\/blogsaverroes.juntadeandalucia.es\/iessanblas\/files\/2026\/03\/BG_Laboratorio-4\u00b0ESO_25-26.pdf\">BG_Laboratorio 4\u00b0ESO_25-26<\/a><br \/>\n<a href=\"https:\/\/blogsaverroes.juntadeandalucia.es\/iessanblas\/files\/2026\/03\/BG_Laboratorio_1\u00b0ESO_25-26.pdf\">BG_Laboratorio_1\u00b0ESO_25-26<\/a><br \/>\n<a href=\"https:\/\/blogsaverroes.juntadeandalucia.es\/iessanblas\/files\/2026\/03\/BG_Metodos-de-la-Ciencia_3\u00b0ESO_25-26.pdf\">BG_M\u00e9todos de la Ciencia_3\u00b0ESO_25-26<\/a><br \/>\n<a href=\"https:\/\/blogsaverroes.juntadeandalucia.es\/iessanblas\/files\/2026\/03\/BIO-GEO_AMBITO-CT_ESPA-II_Adultos.pdf\">BIO-GEO_\u00c1MBITO CT_ESPA II_Adultos<\/a><\/p>\n<ul>\n<li><strong>CL\u00c1SICAS-FRANC\u00c9S<\/strong><\/li>\n<\/ul>\n<p><a href=\"https:\/\/blogsaverroes.juntadeandalucia.es\/iessanblas\/files\/2026\/03\/Clasicas_Frances_Latin_I_1o_BTOPA.pdf\">Clasicas_Frances_Latin_I_1\u00ba_BTOPA<\/a><br \/>\n<a href=\"https:\/\/blogsaverroes.juntadeandalucia.es\/iessanblas\/files\/2026\/03\/Clasicas_Frances_Latin_II_2o_BTOPA.pdf\">Clasicas_Frances_Latin_II_2\u00ba_BTOPA<\/a><br \/>\n<a href=\"https:\/\/blogsaverroes.juntadeandalucia.es\/iessanblas\/files\/2026\/03\/Clasicas_Frances_Mitologia_Clasica_2o_BTOPA.pdf\">Clasicas_Frances_Mitologia_Clasica_2\u00ba_BTOPA<\/a><br \/>\n<a href=\"https:\/\/blogsaverroes.juntadeandalucia.es\/iessanblas\/files\/2026\/03\/FRANCES-ESO-.pdf\">FRANCES ESO<\/a><br \/>\n<a href=\"https:\/\/blogsaverroes.juntadeandalucia.es\/iessanblas\/files\/2026\/03\/FRANCES-BACH.pdf\">FRANCES BACH<\/a><br \/>\n<a href=\"https:\/\/blogsaverroes.juntadeandalucia.es\/iessanblas\/files\/2026\/03\/GRIEGO-BACH.pdf\">GRIEGO BACH<\/a><br \/>\n<a href=\"https:\/\/blogsaverroes.juntadeandalucia.es\/iessanblas\/files\/2026\/03\/LATIN-4-ESO.pdf\">LATIN 4 ESO<\/a> <a href=\"https:\/\/blogsaverroes.juntadeandalucia.es\/iessanblas\/files\/2026\/03\/LATIN-BACHILLERATO-.pdf\">LATIN BACHILLERATO<\/a><\/p>\n<ul>\n<li><strong>ENSE\u00d1ANZAS ART\u00cdSTITCAS<\/strong><\/li>\n<\/ul>\n<p><a href=\"https:\/\/blogsaverroes.juntadeandalucia.es\/iessanblas\/files\/2026\/03\/Dibujo-Artistico12Programaciones_didacticas-43.pdf\">Dibujo Art\u00edstico1,2Programaciones_didacticas-43<\/a><br \/>\n<a href=\"https:\/\/blogsaverroes.juntadeandalucia.es\/iessanblas\/files\/2026\/03\/Dibujo-Tecnico-4Programaciones_didacticas-38.pdf\">Dibujo T\u00e9cnico 4Programaciones_didacticas-38<\/a><br \/>\n<a href=\"https:\/\/blogsaverroes.juntadeandalucia.es\/iessanblas\/files\/2026\/03\/Dibujo-Tecnico-Aplicado1Programaciones_didacticas-45.pdf\">Dibujo T\u00e9cnico Aplicado1Programaciones_didacticas-45<\/a><br \/>\n<a href=\"https:\/\/blogsaverroes.juntadeandalucia.es\/iessanblas\/files\/2026\/03\/Dibujo-Tecnico12Programaciones_didacticas-47.pdf\">Dibujo T\u00e9cnico1,2Programaciones_didacticas-47<\/a><br \/>\n<a href=\"https:\/\/blogsaverroes.juntadeandalucia.es\/iessanblas\/files\/2026\/03\/Diseno-2Programaciones_didacticas-48.pdf\">Dise\u00f1o 2Programaciones_didacticas-48<\/a><br \/>\n<a href=\"https:\/\/blogsaverroes.juntadeandalucia.es\/iessanblas\/files\/2026\/03\/EPVA14Programaciones_didacticas-39.pdf\">EPVA1,4Programaciones_didacticas-39<\/a><br \/>\n<a href=\"https:\/\/blogsaverroes.juntadeandalucia.es\/iessanblas\/files\/2026\/03\/Fundamentos-ArtisticosProgramaciones_didacticas-49.pdf\">Fundamentos Art\u00edsticosProgramaciones_didacticas-49<\/a><br \/>\n<a href=\"https:\/\/blogsaverroes.juntadeandalucia.es\/iessanblas\/files\/2026\/03\/Musica124Programaciones_didacticas-37.pdf\">M\u00fasica1,2,4Programaciones_didacticas-37<\/a><br \/>\n<a href=\"https:\/\/blogsaverroes.juntadeandalucia.es\/iessanblas\/files\/2026\/03\/PEPA-2Programaciones_didacticas-41.pdf\">PEPA 2Programaciones_didacticas-41<\/a><br \/>\n<a href=\"https:\/\/blogsaverroes.juntadeandalucia.es\/iessanblas\/files\/2026\/03\/Proyectos-Artisticos1Programaciones_didacticas-42-1.pdf\">Proyectos Art\u00edsticos1Programaciones_didacticas-42 (1)<\/a><br \/>\n<a href=\"https:\/\/blogsaverroes.juntadeandalucia.es\/iessanblas\/files\/2026\/03\/TEGP2Programaciones_didacticas-44.pdf\">TEGP2Programaciones_didacticas-44<\/a><br \/>\n<a href=\"https:\/\/blogsaverroes.juntadeandalucia.es\/iessanblas\/files\/2026\/03\/Volumen-1Programaciones_didacticas-46.pdf\">Volumen 1Programaciones_didacticas-46<\/a><\/p>\n<ul>\n<li><strong>ECONOM\u00cdA<\/strong><\/li>\n<\/ul>\n<p><a href=\"https:\/\/blogsaverroes.juntadeandalucia.es\/iessanblas\/files\/2026\/03\/DPTO.-ECO.-Empresa-2oBTOPA.pdf\">DPTO. ECO. Empresa 2\u00baBTOPA<\/a><br \/>\n<a href=\"https:\/\/blogsaverroes.juntadeandalucia.es\/iessanblas\/files\/2026\/03\/DPTO.-ECO.-Economia-1oBTOPA.pdf\">DPTO. ECO. Econom\u00eda 1\u00baBTOPA<\/a><br \/>\n<a href=\"https:\/\/blogsaverroes.juntadeandalucia.es\/iessanblas\/files\/2026\/03\/DPTO-ECO.-FOPP-4o-ESO.pdf\">DPTO ECO. FOPP 4\u00ba ESO<\/a><br \/>\n<a href=\"https:\/\/blogsaverroes.juntadeandalucia.es\/iessanblas\/files\/2026\/03\/DPTO-ECO.-EMPRESA-2o-BCH.pdf\">DPTO ECO. EMPRESA 2\u00ba BCH<\/a><br \/>\n<a href=\"https:\/\/blogsaverroes.juntadeandalucia.es\/iessanblas\/files\/2026\/03\/DPTO-ECO.-ECONOMIA-4o-ESO.pdf\">DPTO ECO. ECONOM\u00cdA 4\u00ba ESO<\/a><br \/>\n<a href=\"https:\/\/blogsaverroes.juntadeandalucia.es\/iessanblas\/files\/2026\/03\/DPTO-ECO.-ECONOMIA-1o-BCH.pdf\">DPTO ECO. ECONOM\u00cdA 1\u00ba BCH<\/a><br \/>\n<a href=\"https:\/\/blogsaverroes.juntadeandalucia.es\/iessanblas\/files\/2026\/03\/DPTO-ECO.-CULTURA-EMPRENDORA-1o-BCH.pdf\">DPTO ECO. CULTURA EMPRENDORA 1\u00ba BCH<\/a><\/p>\n<ul>\n<li><strong>FILOSOF\u00cdA<\/strong><\/li>\n<\/ul>\n<p><a href=\"https:\/\/blogsaverroes.juntadeandalucia.es\/iessanblas\/files\/2026\/03\/Dto.-Filosofia-Programacion-Filosofia-1o-Bto.-Adultos.pdf\">Dto. Filosof\u00eda Programaci\u00f3n Filosof\u00eda 1\u00ba Bto. Adultos<\/a><br \/>\n<a href=\"https:\/\/blogsaverroes.juntadeandalucia.es\/iessanblas\/files\/2026\/03\/Dto.-Filosofia-Programacion-Filosofia-y-cine-1o-Bto.-Adultos.pdf\">Dto. Filosof\u00eda Programaci\u00f3n Filosof\u00eda y cine 1\u00ba Bto. Adultos<\/a><br \/>\n<a href=\"https:\/\/blogsaverroes.juntadeandalucia.es\/iessanblas\/files\/2026\/03\/Dto.-Filosofia-Programacion-Historia-Filosofia-2o-Bto.-Adultos.pdf\">Dto. Filosof\u00eda Programaci\u00f3n Historia Filosof\u00eda 2\u00ba Bto. Adultos<\/a><br \/>\n<a href=\"https:\/\/blogsaverroes.juntadeandalucia.es\/iessanblas\/files\/2026\/03\/Programacion-Dto.-Filosofia-_ESO.pdf\">Programaci\u00f3n Dto. Filosof\u00eda _ESO<\/a><br \/>\n<a href=\"https:\/\/blogsaverroes.juntadeandalucia.es\/iessanblas\/files\/2026\/03\/Programacion-Dto.-Filosofia_1oBACHTO.pdf\">Programaci\u00f3n Dto. Filosof\u00eda_1\u00baBACHTO<\/a><br \/>\n<a href=\"https:\/\/blogsaverroes.juntadeandalucia.es\/iessanblas\/files\/2026\/03\/Programacion-Dto.-Filosofia_2oBACHTO_PSICOLOGIA.pdf\">Programaci\u00f3n Dto. Filosof\u00eda_2\u00baBACHTO_PSICOLOG\u00cdA<\/a><br \/>\n<a href=\"https:\/\/blogsaverroes.juntadeandalucia.es\/iessanblas\/files\/2026\/03\/Programacion-Dto.-Filosofia_2oBACHTO_PTVE.pdf\">Programaci\u00f3n Dto. Filosof\u00eda_2\u00baBACHTO_PTVE<\/a><br \/>\n<a href=\"https:\/\/blogsaverroes.juntadeandalucia.es\/iessanblas\/files\/2026\/03\/Programacion-Dto.-Filosofia_2oBACHTO_SOCIOLOGiA.pdf\">Programaci\u00f3n Dto. Filosof\u00eda_2\u00baBACHTO_SOCIOLOG\u00edA<\/a><br \/>\n<a href=\"https:\/\/blogsaverroes.juntadeandalucia.es\/iessanblas\/files\/2026\/03\/Programacion-Dto.-Filosofia_2oBACHTOpdf.pdf\">Programaci\u00f3n Dto. Filosof\u00eda_2\u00baBACHTOpdf<\/a><br \/>\n<a href=\"https:\/\/blogsaverroes.juntadeandalucia.es\/iessanblas\/files\/2026\/03\/Programacion-Dto.-Filosofia_ESO_ATEDU.pdf\">Programaci\u00f3n Dto. Filosof\u00eda_ESO_ATEDU<\/a><br \/>\n<a href=\"https:\/\/blogsaverroes.juntadeandalucia.es\/iessanblas\/files\/2026\/03\/Programacion-Dto.-Filosofia_ESO_E.VALORES.pdf\">Programaci\u00f3n Dto. Filosof\u00eda_ESO_E.VALORES<\/a><br \/>\n<a href=\"https:\/\/blogsaverroes.juntadeandalucia.es\/iessanblas\/files\/2026\/03\/Programacion-Dto.-Filosofia_ESO_ORATORIA.pdf\">Programaci\u00f3n Dto. Filosof\u00eda_ESO_ORATORIA<\/a><\/p>\n<ul>\n<li><strong>F\u00cdSICA Y QU\u00cdMICA<\/strong><\/li>\n<\/ul>\n<p><a href=\"https:\/\/blogsaverroes.juntadeandalucia.es\/iessanblas\/files\/2026\/03\/Programacion-Metodos-de-la-Ciencia-2oESO-25-26.pdf\">Programaci\u00f3n M\u00e9todos de la Ciencia 2\u00baESO 25-26<\/a><br \/>\n<a href=\"https:\/\/blogsaverroes.juntadeandalucia.es\/iessanblas\/files\/2026\/03\/Programacion_didactica_Fisica-y-Quimica_3o-ESO.pdf\">Programaci\u00f3n_didactica_F\u00edsica y Qu\u00edmica_3\u00ba ESO<\/a><br \/>\n<a href=\"https:\/\/blogsaverroes.juntadeandalucia.es\/iessanblas\/files\/2026\/03\/Programacion_didactica_Fisica_2oBach.pdf\">Programaci\u00f3n_didactica_F\u00edsica_2\u00baBach<\/a><br \/>\n<a href=\"https:\/\/blogsaverroes.juntadeandalucia.es\/iessanblas\/files\/2026\/03\/Programacion_didactica_Fisica-Qu-imica-1o-Bach.pdf\">Programaci\u00f3n_didactica_F\u00edsica-Qu-imica 1\u00ba Bach<\/a><br \/>\n<a href=\"https:\/\/blogsaverroes.juntadeandalucia.es\/iessanblas\/files\/2026\/03\/Programacion_didactica_Fisica-quimica-2o-ESO.pdf\">Programaci\u00f3n_didactica_Fisica-qu\u00edmica 2\u00ba ESO<\/a><br \/>\n<a href=\"https:\/\/blogsaverroes.juntadeandalucia.es\/iessanblas\/files\/2026\/03\/Programacion_didactica_Quimica_2o-Bach.pdf\">Programacion_didactica_Quimica_2\u00ba Bach<\/a><br \/>\n<a href=\"https:\/\/blogsaverroes.juntadeandalucia.es\/iessanblas\/files\/2026\/03\/Programacion_didacticas_Fisica-quimica-4o-ESO.pdf\">Programaci\u00f3n_didacticas_F\u00edsica-qu\u00edmica 4\u00ba ESO<\/a><\/p>\n<ul>\n<li><strong>GEOGRAF\u00cdA E HISTORIA<\/strong><\/li>\n<\/ul>\n<p><a href=\"https:\/\/blogsaverroes.juntadeandalucia.es\/iessanblas\/files\/2026\/03\/GEH-1o-2o-3o-y-4o-ESO.pdf\">GEH 1\u00ba, 2\u00ba 3\u00ba y 4\u00ba ESO<\/a><br \/>\n<a href=\"https:\/\/blogsaverroes.juntadeandalucia.es\/iessanblas\/files\/2026\/03\/GEH-4o-ESO-DIVERSIFICACION.pdf\">GEH 4\u00ba ESO DIVERSIFICACI\u00d3N<\/a><br \/>\n<a href=\"https:\/\/blogsaverroes.juntadeandalucia.es\/iessanblas\/files\/2026\/03\/GEH-ATEDU-ESO.pdf\">GEH ATEDU ESO<\/a><br \/>\n<a href=\"https:\/\/blogsaverroes.juntadeandalucia.es\/iessanblas\/files\/2026\/03\/GEH-FPB-1o-COCINA-AMBCOMUNICACION-Y-CIENCIAS-SOCIALES-I-.pdf\">GEH FPB 1\u00ba COCINA AMBCOMUNICACI\u00d3N Y CIENCIAS SOCIALES I<\/a><br \/>\n<a href=\"https:\/\/blogsaverroes.juntadeandalucia.es\/iessanblas\/files\/2026\/03\/GEH-FPB-2o-COCINA-COMUNICACION-Y-CIENCIAS-SOCIALES-II.pdf\">GEH FPB 2\u00ba COCINA COMUNICACI\u00d3N Y CIENCIAS SOCIALES II<\/a><br \/>\n<a href=\"https:\/\/blogsaverroes.juntadeandalucia.es\/iessanblas\/files\/2026\/03\/GEH-Geografia-2o-Bach.pdf\">GEH Geograf\u00eda 2\u00ba Bach<\/a><br \/>\n<a href=\"https:\/\/blogsaverroes.juntadeandalucia.es\/iessanblas\/files\/2026\/03\/GEH-Ha-Arte-2o-BACH.pdf\">GEH H\u00aa Arte 2\u00ba BACH<\/a><br \/>\n<a href=\"https:\/\/blogsaverroes.juntadeandalucia.es\/iessanblas\/files\/2026\/03\/GEH-Historia-de-Espana-2o-BACH.pdf\">GEH Historia de Espa\u00f1a 2\u00ba BACH<\/a><br \/>\n<a href=\"https:\/\/blogsaverroes.juntadeandalucia.es\/iessanblas\/files\/2026\/03\/GEH-HMC-1oBach.pdf\">GEH HMC 1\u00baBach<\/a><br \/>\n<a href=\"https:\/\/blogsaverroes.juntadeandalucia.es\/iessanblas\/files\/2026\/03\/GEH-Patrimonio-1o-BACH.pdf\">GEH Patrimonio 1\u00ba BACH<\/a><br \/>\n<a href=\"https:\/\/blogsaverroes.juntadeandalucia.es\/iessanblas\/files\/2026\/03\/GEH-PTEV-1o-BACH.pdf\">GEH PTEV 1\u00ba BACH<\/a><br \/>\n<a href=\"https:\/\/blogsaverroes.juntadeandalucia.es\/iessanblas\/files\/2026\/03\/GEH_Ambito-Social_ESPA_Adultos.pdf\">GEH_\u00c1mbito Social_ESPA_Adultos<\/a><br \/>\n<a href=\"https:\/\/blogsaverroes.juntadeandalucia.es\/iessanblas\/files\/2026\/03\/GEH_Historia-del-Arte_Adultos.pdf\">GEH_Historia del Arte_Adultos<\/a><br \/>\n<a href=\"https:\/\/blogsaverroes.juntadeandalucia.es\/iessanblas\/files\/2026\/03\/GEH_Historia-Espana_Adultos.pdf\">GEH_Historia Espa\u00f1a_Adultos<\/a><br \/>\n<a href=\"https:\/\/blogsaverroes.juntadeandalucia.es\/iessanblas\/files\/2026\/03\/GEH_Historia-Mundo-Contemporaneo_Adultos.pdf\">GEH_Historia Mundo Contempor\u00e1neo_Adultos<\/a><br \/>\n<a href=\"https:\/\/blogsaverroes.juntadeandalucia.es\/iessanblas\/files\/2026\/03\/Prog.-Geografia-1o-Bach.pdf\">Prog. Geograf\u00eda 1\u00ba Bach<\/a><\/p>\n<ul>\n<li><strong>INGL\u00c9S<\/strong><\/li>\n<\/ul>\n<p><a href=\"https:\/\/blogsaverroes.juntadeandalucia.es\/iessanblas\/files\/2026\/03\/PD-INGLES-BACH-2025-2026.pdf\">PD INGLES BACH 2025-2026<\/a><br \/>\n<a href=\"https:\/\/blogsaverroes.juntadeandalucia.es\/iessanblas\/files\/2026\/03\/PD-INGLES-BACH-ADULTOS-SEMI-25-26.pdf\">PD INGLES BACH ADULTOS SEMI 25-26<\/a><br \/>\n<a href=\"https:\/\/blogsaverroes.juntadeandalucia.es\/iessanblas\/files\/2026\/03\/PD-INGLES-ESO-2025-2026.pdf\">PD INGLES ESO 2025-2026<\/a><br \/>\n<a href=\"https:\/\/blogsaverroes.juntadeandalucia.es\/iessanblas\/files\/2026\/03\/PD_INGLES_ESPA-I-y-II_Adultos.pdf\">PD_INGL\u00c9S_ESPA I y II_Adultos<\/a><\/p>\n<ul>\n<li><strong>MATEM\u00c1TICAS<\/strong><\/li>\n<\/ul>\n<p><a href=\"https:\/\/blogsaverroes.juntadeandalucia.es\/iessanblas\/files\/2026\/03\/AMB_CT.pdf\">AMB_CT<\/a><br \/>\n<a href=\"https:\/\/blogsaverroes.juntadeandalucia.es\/iessanblas\/files\/2026\/03\/MAT_BACH_CCSS.pdf\">MAT_BACH_CCSS<\/a><br \/>\n<a href=\"https:\/\/blogsaverroes.juntadeandalucia.es\/iessanblas\/files\/2026\/03\/MAT_BACH_Estadistica.pdf\">MAT_BACH_Estad\u00edstica<\/a><br \/>\n<a href=\"https:\/\/blogsaverroes.juntadeandalucia.es\/iessanblas\/files\/2026\/03\/MAT_BACH_MAT.pdf\">MAT_BACH_MAT<\/a><br \/>\n<a href=\"https:\/\/blogsaverroes.juntadeandalucia.es\/iessanblas\/files\/2026\/03\/MAT_ESO_1.2.3.pdf\">MAT_ESO_1.2.3<\/a><br \/>\n<a href=\"https:\/\/blogsaverroes.juntadeandalucia.es\/iessanblas\/files\/2026\/03\/MAT_ESO_4MatA.pdf\">MAT_ESO_4MatA<\/a> <a href=\"https:\/\/blogsaverroes.juntadeandalucia.es\/iessanblas\/files\/2026\/03\/MAT_ESO_4MatB.pdf\">MAT_ESO_4MatB<\/a><br \/>\n<a href=\"https:\/\/blogsaverroes.juntadeandalucia.es\/iessanblas\/files\/2026\/03\/MATEM_AMBITO-CT_ESPA-I_Adultos.pdf\">MATEM_\u00c1MBITO CT_ESPA I_Adultos<\/a><br \/>\n<a href=\"https:\/\/blogsaverroes.juntadeandalucia.es\/iessanblas\/files\/2026\/03\/MATEM_Matem-Aplic-CCSS_1oBTOPA_Adultos.pdf\">MATEM_Matem Aplic CCSS_1\u00baBTOPA_Adultos<\/a><br \/>\n<a href=\"https:\/\/blogsaverroes.juntadeandalucia.es\/iessanblas\/files\/2026\/03\/MATEM_Matem-Aplic-CCSS_2oBTOPA_Adultos.pdf\">MATEM_Matem Aplic CCSS_2\u00baBTOPA_Adultos<\/a><\/p>\n<ul>\n<li><strong>RELIGI\u00d3N<\/strong><\/li>\n<\/ul>\n<p><a href=\"https:\/\/blogsaverroes.juntadeandalucia.es\/iessanblas\/files\/2026\/03\/RELIGION-Programaciones_didacticas-2-bach-arte.pdf\">RELIGION Programaciones_didacticas 2 bach arte<\/a><br \/>\n<a href=\"https:\/\/blogsaverroes.juntadeandalucia.es\/iessanblas\/files\/2026\/03\/RELIGION-Programaciones_didacticas-1-bach-ciencia-Tec.pdf\">RELIGION Programaciones_didacticas 1 bach ciencia Tec<\/a><br \/>\n<a href=\"https:\/\/blogsaverroes.juntadeandalucia.es\/iessanblas\/files\/2026\/03\/RELIGION-Programaciones_didacticas-1-Bach-general.pdf\">RELIGION Programaciones_didacticas 1 Bach general<\/a><br \/>\n<a href=\"https:\/\/blogsaverroes.juntadeandalucia.es\/iessanblas\/files\/2026\/03\/RELIGION-Programaciones_didacticas-1-bach-Hum-CS.pdf\">RELIGION Programaciones_didacticas 1 bach Hum CS<\/a><br \/>\n<a href=\"https:\/\/blogsaverroes.juntadeandalucia.es\/iessanblas\/files\/2026\/03\/RELIGION-Programaciones_didacticas-2-Bach-Cienc-Tec.pdf\">RELIGION Programaciones_didacticas 2 Bach Cienc Tec<\/a><br \/>\n<a href=\"https:\/\/blogsaverroes.juntadeandalucia.es\/iessanblas\/files\/2026\/03\/RELIGION-Programaciones_didacticas-2-Bach-Hum-CS.pdf\">RELIGION Programaciones_didacticas 2 Bach Hum CS<\/a><br \/>\n<a href=\"https:\/\/blogsaverroes.juntadeandalucia.es\/iessanblas\/files\/2026\/03\/RELIGION-Programaciones_didacticas-3-ESO.pdf\">RELIGION Programaciones_didacticas 3 ESO<\/a><br \/>\n<a href=\"https:\/\/blogsaverroes.juntadeandalucia.es\/iessanblas\/files\/2026\/03\/RELIGION-Programaciones_didacticas-4-ESO.pdf\">RELIGION Programaciones_didacticas 4 ESO<\/a><br \/>\n<a href=\"https:\/\/blogsaverroes.juntadeandalucia.es\/iessanblas\/files\/2026\/03\/RELIGION-Programaciones_didacticas1-bach-arte.pdf\">RELIGION Programaciones_didacticas1 bach arte<\/a><\/p>\n<ul>\n<li><strong>TECNOLOG\u00cdA E INFORM\u00c1TICA<\/strong><\/li>\n<\/ul>\n<p><a href=\"https:\/\/blogsaverroes.juntadeandalucia.es\/iessanblas\/files\/2026\/03\/TECNOTIC_Computacion-y-Robotica_1o-2o-3o-ESO_25_26.pdf\">TECNOTIC_Computaci\u00f3n y Rob\u00f3tica_1\u00ba, 2\u00ba, 3\u00ba ESO_25_26<\/a><br \/>\n<a href=\"https:\/\/blogsaverroes.juntadeandalucia.es\/iessanblas\/files\/2026\/03\/TECNOTIC_Digitalizacion_4oESO_25_26.pdf\">TECNOTIC_Digitalizacion_4\u00baESO_25_26<\/a><br \/>\n<a href=\"https:\/\/blogsaverroes.juntadeandalucia.es\/iessanblas\/files\/2026\/03\/TECNOTIC_Programacion-y-Computacion_2oBAC_25_26.pdf\">TECNOTIC_Programaci\u00f3n y Computaci\u00f3n_2\u00baBAC_25_26<\/a><br \/>\n<a href=\"https:\/\/blogsaverroes.juntadeandalucia.es\/iessanblas\/files\/2026\/03\/TECNOTIC_Tecnologia-4o-ESO_25_26.pdf\">TECNOTIC_Tecnolog\u00eda 4\u00ba ESO_25_26<\/a><br \/>\n<a href=\"https:\/\/blogsaverroes.juntadeandalucia.es\/iessanblas\/files\/2026\/03\/TECNOTIC_Tecnologia-e-Ingenieria_BAC_25_26.pdf\">TECNOTIC_Tecnologia e Ingenieria_BAC_25_26<\/a><br \/>\n<a href=\"https:\/\/blogsaverroes.juntadeandalucia.es\/iessanblas\/files\/2026\/03\/TECNOTIC_Tecnologia-y-Digitalizacion_2o-Y-3o-ESO_25_26.pdf\">TECNOTIC_Tecnolog\u00eda y Digitalizaci\u00f3n_2\u00ba Y 3\u00ba ESO_25_26<\/a><br \/>\n<a href=\"https:\/\/blogsaverroes.juntadeandalucia.es\/iessanblas\/files\/2026\/03\/TECNOTIC_TIC_BAC_25_26.pdf\">TECNOTIC_TIC_BAC_25_26<\/a><\/p>\n<hr>\n<h2>&nbsp;<\/h2>\n<h2><strong>FORMACI\u00d3N PROFESIONAL<\/strong><\/h2>\n<ul>\n<li><strong>GRADO B\u00c1SICO<\/strong><\/li>\n<\/ul>\n<p><a href=\"https:\/\/blogsaverroes.juntadeandalucia.es\/iessanblas\/files\/2026\/03\/PD-1o-GDCFGB-Ciencias-Aplicadas-I-25_26.pdf\">PD 1\u00ba GDCFGB Ciencias Aplicadas I 25_26<\/a><br \/>\n<a href=\"https:\/\/blogsaverroes.juntadeandalucia.es\/iessanblas\/files\/2026\/03\/PD-1o-GDCFGB-Comunicacion-y-Ciencias-Sociales-I-25_26.pdf\">PD 1\u00ba GDCFGB Comunicacio\u0301n y Ciencias Sociales I 25_26<\/a><br \/>\n<a href=\"https:\/\/blogsaverroes.juntadeandalucia.es\/iessanblas\/files\/2026\/03\/PD-1o-GDCFGB-Itinerario-Personal-para-la-Empleabilidad.pdf\">PD 1\u00ba GDCFGB Itinerario Personal para la Empleabilidad<\/a><br \/>\n<a href=\"https:\/\/blogsaverroes.juntadeandalucia.es\/iessanblas\/files\/2026\/03\/PD-1o-GDCFGB-Operaciones-auxiliares-de-preparacion-del-terreno-plantacion-y-siembra-de-cultivos-25_26.pdf\">PD 1\u00ba GDCFGB Operaciones auxiliares de preparacio\u0301n del terreno, plantacio\u0301n y siembra de cultivos 25_26<\/a><br \/>\n<a href=\"https:\/\/blogsaverroes.juntadeandalucia.es\/iessanblas\/files\/2026\/03\/PD-1o-GDCFGB-Operaciones-basicas-de-produccion-y-mantenimiento-de-plantas-en-viveros-y-centros-de-jardineria-25_26.pdf\">PD 1\u00ba GDCFGB Operaciones ba\u0301sicas de produccio\u0301n y mantenimiento de plantas en viveros y centros de jardineri\u0301a 25_26<\/a><br \/>\n<a href=\"https:\/\/blogsaverroes.juntadeandalucia.es\/iessanblas\/files\/2026\/03\/PD-1o-GDCFGB-Operaciones-basicas-para-la-instalacion-de-jardines-parques-y-zonas-verdes-25_26.pdf\">PD 1\u00ba GDCFGB Operaciones ba\u0301sicas para la instalacio\u0301n de jardines, parques y zonas verdes 25_26<\/a><\/p>\n","protected":false},"excerpt":{"rendered":"<p>ESO Y BACHILLERATO LENGUA Y LITERATURA Programaci\u00f3n \u00c1mbito Socioling\u00fc\u00edstico Programaci\u00f3n Artes Esc\u00e9nicas Programaci\u00f3n ESPA Programaci\u00f3n Lengua Bach Adultos Programaci\u00f3n Lengua Bachillerato Programaci\u00f3n Lengua ESO Programaci\u00f3n Lit\u00aa Univ Adultos Programaci\u00f3n Literatura Universal BIOLOG\u00cdA &#8211; GEOLOG\u00cdA BG_\u00c1mbito CT_ESPA II_25-26 BG_Anatom\u00eda Aplicada_1\u00ba bach_25-26 BG_Biolog\u00eda y Geolog\u00eda_1\u00ba ESO_25-26 BG_Biolog\u00eda y Geolog\u00eda_3\u00ba ESO_25-26 BG_Biolog\u00eda y Geolog\u00eda_4\u00ba ESO_25-26 BG_Biolog\u00eda, Geolog\u00eda y [&hellip;]<\/p>\n","protected":false},"author":15524,"featured_media":0,"parent":0,"menu_order":0,"comment_status":"closed","ping_status":"closed","template":"","meta":{"_et_pb_use_builder":"","_et_pb_old_content":"","_et_gb_content_width":"","ngg_post_thumbnail":0,"footnotes":"","_mc_calendar":[]},"aioseo_notices":[],"_links":{"self":[{"href":"https:\/\/blogsaverroes.juntadeandalucia.es\/iessanblas\/wp-json\/wp\/v2\/pages\/4220"}],"collection":[{"href":"https:\/\/blogsaverroes.juntadeandalucia.es\/iessanblas\/wp-json\/wp\/v2\/pages"}],"about":[{"href":"https:\/\/blogsaverroes.juntadeandalucia.es\/iessanblas\/wp-json\/wp\/v2\/types\/page"}],"author":[{"embeddable":true,"href":"https:\/\/blogsaverroes.juntadeandalucia.es\/iessanblas\/wp-json\/wp\/v2\/users\/15524"}],"replies":[{"embeddable":true,"href":"https:\/\/blogsaverroes.juntadeandalucia.es\/iessanblas\/wp-json\/wp\/v2\/comments?post=4220"}],"version-history":[{"count":11,"href":"https:\/\/blogsaverroes.juntadeandalucia.es\/iessanblas\/wp-json\/wp\/v2\/pages\/4220\/revisions"}],"predecessor-version":[{"id":4349,"href":"https:\/\/blogsaverroes.juntadeandalucia.es\/iessanblas\/wp-json\/wp\/v2\/pages\/4220\/revisions\/4349"}],"wp:attachment":[{"href":"https:\/\/blogsaverroes.juntadeandalucia.es\/iessanblas\/wp-json\/wp\/v2\/media?parent=4220"}],"curies":[{"name":"wp","href":"https:\/\/api.w.org\/{rel}","templated":true}]}}