{"id":983,"date":"2022-08-21T12:43:19","date_gmt":"2022-08-21T10:43:19","guid":{"rendered":"https:\/\/blogsaverroes.juntadeandalucia.es\/iessanblasaracena\/?page_id=983"},"modified":"2023-11-24T09:54:55","modified_gmt":"2023-11-24T08:54:55","slug":"datos-del-centro","status":"publish","type":"page","link":"https:\/\/blogsaverroes.juntadeandalucia.es\/iessanblas\/datos-del-centro\/","title":{"rendered":"Datos del centro"},"content":{"rendered":"<table style=\"height: 250px;width: 100%;border-collapse: collapse\" border=\"1\">\n<tbody>\n<tr style=\"height: 25px\">\n<td style=\"width: 50%;text-align: center;height: 25px\" colspan=\"2\"><span class=\"titulo2\" style=\"font-size: 18pt\"><strong>INSTITUTO DE EDUCACI\u00d3N SECUNDARIA SAN BLAS<\/strong><\/span><\/td>\n<\/tr>\n<tr style=\"height: 25px\">\n<td style=\"width: 50%;text-align: center;height: 25px\"><span style=\"font-size: 14pt\"><em>C\u00f3digo de centro: 21700381<\/em><\/span><\/td>\n<td style=\"width: 50%;text-align: center;height: 25px\"><span style=\"font-size: 14pt\"><strong class=\"titulo\">Otros Tel\u00e9fonos<br \/>\n<\/strong><\/span><\/td>\n<\/tr>\n<tr style=\"height: 50px\">\n<td style=\"width: 50%;text-align: center;height: 50px\">\n<address class=\"copete\"><span style=\"font-size: 14pt\">Plaza de Do\u00f1a Elvira Embid, s\/n<\/span><\/address>\n<address class=\"copete\"><span style=\"font-size: 14pt\">21200 Aracena ( HUELVA )<\/span><\/address>\n<\/td>\n<td style=\"width: 50%;text-align: center;height: 200px\" rowspan=\"5\"><span style=\"font-size: 14pt\">Direcci\u00f3n : 671530020 &#8211; 697951640 (Corporativos 630020 &#8211; 751640)<br \/>\n<\/span><span style=\"font-size: 14pt\">Jefatura de Estudios: 671530021 &#8211; 671597507 (Corporativos 630021 &#8211; 697507)<\/span><br \/>\n<span style=\"font-size: 14pt\">Secretar\u00eda: 671530019 (Corporativo 630019)<\/span><br \/>\n<span style=\"font-size: 14pt\">Vicedirecci\u00f3n Extraescolares : 677902036 (Corporativo 732036)<\/span><\/td>\n<\/tr>\n<tr style=\"height: 25px\">\n<td style=\"width: 50%;text-align: center;height: 25px\"><span style=\"font-size: 14pt\"><strong class=\"titulo\">Tel\u00e9fono<br \/>\n<\/strong><\/span><\/td>\n<\/tr>\n<tr style=\"height: 75px\">\n<td style=\"width: 50%;text-align: center;height: 75px\">\n<address class=\"copete\"><span style=\"font-size: 14pt\">Tfno: 959126235 &#8211; 959129525 &#8211; (Corporativo: 291525)<\/span><span style=\"font-size: 14pt\"><br \/>\n<\/span><\/address>\n<address><span style=\"font-size: 14pt\">Administraci\u00f3n : 671530018 &#8211; (Corporativo 630018)<\/span><\/address>\n<\/td>\n<\/tr>\n<tr style=\"height: 25px\">\n<td style=\"width: 50%;text-align: center;height: 25px\"><span style=\"font-size: 14pt\"><strong class=\"titulo\">Correo electr\u00f3nico<\/strong><\/span><\/td>\n<\/tr>\n<tr style=\"height: 25px\">\n<td style=\"width: 50%;text-align: center;height: 25px\"><span style=\"font-size: 14pt\">21700381.edu@juntadeandalucia.es<\/span><\/td>\n<\/tr>\n<\/tbody>\n<\/table>\n<p style=\"text-align: center\"><iframe loading=\"lazy\" src=\"https:\/\/www.google.com\/maps\/embed?pb=!1m14!1m8!1m3!1d12594.522672526058!2d-6.5643079!3d37.8923191!3m2!1i1024!2i768!4f13.1!3m3!1m2!1s0x0%3A0x4f2c9005690656e0!2sIES%20San%20Blas!5e0!3m2!1ses!2ses!4v1650438567195!5m2!1ses!2ses\" width=\"400\" height=\"300\"><\/iframe><\/p>\n","protected":false},"excerpt":{"rendered":"<p>INSTITUTO DE EDUCACI\u00d3N SECUNDARIA SAN BLAS C\u00f3digo de centro: 21700381 Otros Tel\u00e9fonos Plaza de Do\u00f1a Elvira Embid, s\/n 21200 Aracena ( HUELVA ) Direcci\u00f3n : 671530020 &#8211; 697951640 (Corporativos 630020 &#8211; 751640) Jefatura de Estudios: 671530021 &#8211; 671597507 (Corporativos 630021 &#8211; 697507) Secretar\u00eda: 671530019 (Corporativo 630019) Vicedirecci\u00f3n Extraescolares : 677902036 (Corporativo 732036) Tel\u00e9fono Tfno: 959126235 [&hellip;]<\/p>\n","protected":false},"author":15524,"featured_media":0,"parent":0,"menu_order":0,"comment_status":"closed","ping_status":"closed","template":"","meta":{"_et_pb_use_builder":"off","_et_pb_old_content":"","_et_gb_content_width":"","ngg_post_thumbnail":0,"footnotes":"","_mc_calendar":[]},"aioseo_notices":[],"_links":{"self":[{"href":"https:\/\/blogsaverroes.juntadeandalucia.es\/iessanblas\/wp-json\/wp\/v2\/pages\/983"}],"collection":[{"href":"https:\/\/blogsaverroes.juntadeandalucia.es\/iessanblas\/wp-json\/wp\/v2\/pages"}],"about":[{"href":"https:\/\/blogsaverroes.juntadeandalucia.es\/iessanblas\/wp-json\/wp\/v2\/types\/page"}],"author":[{"embeddable":true,"href":"https:\/\/blogsaverroes.juntadeandalucia.es\/iessanblas\/wp-json\/wp\/v2\/users\/15524"}],"replies":[{"embeddable":true,"href":"https:\/\/blogsaverroes.juntadeandalucia.es\/iessanblas\/wp-json\/wp\/v2\/comments?post=983"}],"version-history":[{"count":24,"href":"https:\/\/blogsaverroes.juntadeandalucia.es\/iessanblas\/wp-json\/wp\/v2\/pages\/983\/revisions"}],"predecessor-version":[{"id":1822,"href":"https:\/\/blogsaverroes.juntadeandalucia.es\/iessanblas\/wp-json\/wp\/v2\/pages\/983\/revisions\/1822"}],"wp:attachment":[{"href":"https:\/\/blogsaverroes.juntadeandalucia.es\/iessanblas\/wp-json\/wp\/v2\/media?parent=983"}],"curies":[{"name":"wp","href":"https:\/\/api.w.org\/{rel}","templated":true}]}}