{"id":2563,"date":"2020-10-26T08:46:06","date_gmt":"2020-10-26T07:46:06","guid":{"rendered":"https:\/\/blogsaverroes.juntadeandalucia.es\/iessanisidro\/?page_id=2563"},"modified":"2025-11-20T13:32:07","modified_gmt":"2025-11-20T12:32:07","slug":"dibujo","status":"publish","type":"page","link":"https:\/\/blogsaverroes.juntadeandalucia.es\/iessanisidro\/dibujo\/","title":{"rendered":"DIBUJO"},"content":{"rendered":"<p>Esta es la p\u00e1gina del Departamento de <strong>DIBUJO<\/strong>&nbsp;del IES SAN ISIDRO<\/p>\n<p><strong>Jefe\/a de Departamento: Garc\u00eda-Giralda Rodr\u00edguez, Cecilia<\/strong>&nbsp;<\/p>\n<p><strong>E-mail:<\/strong> cgarrod517e@g.educaand.es<\/p>\n<p>Programaci\u00f3n<\/p>\n<p><a href=\"https:\/\/blogsaverroes.juntadeandalucia.es\/iessanisidro\/dibujo\/propuesta_pedagogica___programaciones_didacticas-11\/\" rel=\"attachment wp-att-4813\">Propuesta_pedagogica___<\/a><a href=\"https:\/\/blogsaverroes.juntadeandalucia.es\/iessanisidro\/dibujo\/propuesta_pedagogica___programaciones_didacticas-11\/\" rel=\"attachment wp-att-4813\">Programaciones_didacticas<\/a><\/p>\n<p><a href=\"https:\/\/blogsaverroes.juntadeandalucia.es\/iessanisidro\/dibujo\/propuesta_pedagogica___programaciones_didacticas-1-1\/\" rel=\"attachment wp-att-4814\">Propuesta_pedagogica___<\/a><a href=\"https:\/\/blogsaverroes.juntadeandalucia.es\/iessanisidro\/dibujo\/propuesta_pedagogica___programaciones_didacticas-1-1\/\" rel=\"attachment wp-att-4814\">Programaciones_didacticas-1 (1)<\/a><\/p>\n<p><a href=\"https:\/\/blogsaverroes.juntadeandalucia.es\/iessanisidro\/dibujo\/propuesta_pedagogica___programaciones_didacticas-2-2\/\" rel=\"attachment wp-att-4815\">Propuesta_pedagogica___<\/a><a href=\"https:\/\/blogsaverroes.juntadeandalucia.es\/iessanisidro\/dibujo\/propuesta_pedagogica___programaciones_didacticas-2-2\/\" rel=\"attachment wp-att-4815\">Programaciones_didacticas-2<\/a><\/p>\n<p><a href=\"https:\/\/blogsaverroes.juntadeandalucia.es\/iessanisidro\/dibujo\/propuesta_pedagogica___programaciones_didacticas-3-2\/\" rel=\"attachment wp-att-4816\">Propuesta_pedagogica___Programaciones_didacticas-3<\/a><\/p>\n<p><a href=\"https:\/\/blogsaverroes.juntadeandalucia.es\/iessanisidro\/dibujo\/propuesta_pedagogica___programaciones_didacticas-4-2\/\" rel=\"attachment wp-att-4817\">Propuesta_pedagogica___Programaciones_didacticas-4<\/a><\/p>\n<p>&nbsp;<\/p>\n","protected":false},"excerpt":{"rendered":"<p>Esta es la p\u00e1gina del Departamento de DIBUJO&nbsp;del IES SAN ISIDRO Jefe\/a de Departamento: Garc\u00eda-Giralda Rodr\u00edguez, Cecilia&nbsp; E-mail: cgarrod517e@g.educaand.es Programaci\u00f3n Propuesta_pedagogica___Programaciones_didacticas Propuesta_pedagogica___Programaciones_didacticas-1 (1) Propuesta_pedagogica___Programaciones_didacticas-2 Propuesta_pedagogica___Programaciones_didacticas-3 Propuesta_pedagogica___Programaciones_didacticas-4 &nbsp;<\/p>\n","protected":false},"author":10042,"featured_media":0,"parent":0,"menu_order":0,"comment_status":"closed","ping_status":"closed","template":"","meta":{"ngg_post_thumbnail":0,"footnotes":"","_mc_calendar":[]},"aioseo_notices":[],"_links":{"self":[{"href":"https:\/\/blogsaverroes.juntadeandalucia.es\/iessanisidro\/wp-json\/wp\/v2\/pages\/2563"}],"collection":[{"href":"https:\/\/blogsaverroes.juntadeandalucia.es\/iessanisidro\/wp-json\/wp\/v2\/pages"}],"about":[{"href":"https:\/\/blogsaverroes.juntadeandalucia.es\/iessanisidro\/wp-json\/wp\/v2\/types\/page"}],"author":[{"embeddable":true,"href":"https:\/\/blogsaverroes.juntadeandalucia.es\/iessanisidro\/wp-json\/wp\/v2\/users\/10042"}],"replies":[{"embeddable":true,"href":"https:\/\/blogsaverroes.juntadeandalucia.es\/iessanisidro\/wp-json\/wp\/v2\/comments?post=2563"}],"version-history":[{"count":19,"href":"https:\/\/blogsaverroes.juntadeandalucia.es\/iessanisidro\/wp-json\/wp\/v2\/pages\/2563\/revisions"}],"predecessor-version":[{"id":4818,"href":"https:\/\/blogsaverroes.juntadeandalucia.es\/iessanisidro\/wp-json\/wp\/v2\/pages\/2563\/revisions\/4818"}],"wp:attachment":[{"href":"https:\/\/blogsaverroes.juntadeandalucia.es\/iessanisidro\/wp-json\/wp\/v2\/media?parent=2563"}],"curies":[{"name":"wp","href":"https:\/\/api.w.org\/{rel}","templated":true}]}}