{"id":2565,"date":"2020-10-26T08:46:25","date_gmt":"2020-10-26T07:46:25","guid":{"rendered":"https:\/\/blogsaverroes.juntadeandalucia.es\/iessanisidro\/?page_id=2565"},"modified":"2025-11-20T13:25:30","modified_gmt":"2025-11-20T12:25:30","slug":"educacion-fisica","status":"publish","type":"page","link":"https:\/\/blogsaverroes.juntadeandalucia.es\/iessanisidro\/educacion-fisica\/","title":{"rendered":"EDUCACI\u00d3N F\u00cdSICA"},"content":{"rendered":"<p>Esta es la p\u00e1gina del Departamento de <strong>EDUCACI\u00d3N F\u00cdSICA<\/strong>&nbsp;del IES SAN ISIDRO<\/p>\n<p><strong>Jefe\/a de Departamento:<\/strong> Alberto Mart\u00ednez Gim\u00e9nez&nbsp;&nbsp;<\/p>\n<p><strong>E-mail:<\/strong> <a href=\"mailto:amargim254@g.educaand.es\">amargim254@g.educaand.es<\/a><\/p>\n<p>PROGRAMACIONES<\/p>\n<p><a href=\"https:\/\/blogsaverroes.juntadeandalucia.es\/iessanisidro\/educacion-fisica\/programacion-e-f-25-26\/\" rel=\"attachment wp-att-4797\">programaci\u00f3n E.F. 25-26<\/a><\/p>\n<p>&nbsp;<\/p>\n<p>&nbsp;<\/p>\n<p>&nbsp;<\/p>\n<p>&nbsp;<\/p>\n<p>&nbsp;<\/p>\n","protected":false},"excerpt":{"rendered":"<p>Esta es la p\u00e1gina del Departamento de EDUCACI\u00d3N F\u00cdSICA&nbsp;del IES SAN ISIDRO Jefe\/a de Departamento: Alberto Mart\u00ednez Gim\u00e9nez&nbsp;&nbsp; E-mail: amargim254@g.educaand.es PROGRAMACIONES programaci\u00f3n E.F. 25-26 &nbsp; &nbsp; &nbsp; &nbsp; &nbsp;<\/p>\n","protected":false},"author":10042,"featured_media":0,"parent":0,"menu_order":0,"comment_status":"closed","ping_status":"closed","template":"","meta":{"ngg_post_thumbnail":0,"footnotes":"","_mc_calendar":[]},"aioseo_notices":[],"_links":{"self":[{"href":"https:\/\/blogsaverroes.juntadeandalucia.es\/iessanisidro\/wp-json\/wp\/v2\/pages\/2565"}],"collection":[{"href":"https:\/\/blogsaverroes.juntadeandalucia.es\/iessanisidro\/wp-json\/wp\/v2\/pages"}],"about":[{"href":"https:\/\/blogsaverroes.juntadeandalucia.es\/iessanisidro\/wp-json\/wp\/v2\/types\/page"}],"author":[{"embeddable":true,"href":"https:\/\/blogsaverroes.juntadeandalucia.es\/iessanisidro\/wp-json\/wp\/v2\/users\/10042"}],"replies":[{"embeddable":true,"href":"https:\/\/blogsaverroes.juntadeandalucia.es\/iessanisidro\/wp-json\/wp\/v2\/comments?post=2565"}],"version-history":[{"count":15,"href":"https:\/\/blogsaverroes.juntadeandalucia.es\/iessanisidro\/wp-json\/wp\/v2\/pages\/2565\/revisions"}],"predecessor-version":[{"id":4798,"href":"https:\/\/blogsaverroes.juntadeandalucia.es\/iessanisidro\/wp-json\/wp\/v2\/pages\/2565\/revisions\/4798"}],"wp:attachment":[{"href":"https:\/\/blogsaverroes.juntadeandalucia.es\/iessanisidro\/wp-json\/wp\/v2\/media?parent=2565"}],"curies":[{"name":"wp","href":"https:\/\/api.w.org\/{rel}","templated":true}]}}