{"id":2567,"date":"2020-10-26T08:46:37","date_gmt":"2020-10-26T07:46:37","guid":{"rendered":"https:\/\/blogsaverroes.juntadeandalucia.es\/iessanisidro\/?page_id=2567"},"modified":"2025-11-20T13:28:10","modified_gmt":"2025-11-20T12:28:10","slug":"ciencias-naturales","status":"publish","type":"page","link":"https:\/\/blogsaverroes.juntadeandalucia.es\/iessanisidro\/ciencias-naturales\/","title":{"rendered":"CIENCIAS NATURALES"},"content":{"rendered":"<p>Esta es la p\u00e1gina del Departamento de <strong>CIENCIAS NATURALES<\/strong>&nbsp;del IES SAN ISIDRO<\/p>\n<p><strong>Jefe\/a de Departamento: <\/strong>Marcos Antonio Garc\u00eda P\u00e9rez <a href=\"mailto:mgarper891@g.educaand.es\">mgarper891@g.educaand.es<\/a><\/p>\n<p><strong>E-mail:<\/strong> <a href=\"mailto:mgarper891@g.educaand.es\">mgarper891@g.educaand.es<\/a><\/p>\n<p>PROGRAMACI\u00d3N<\/p>\n<p><a href=\"https:\/\/blogsaverroes.juntadeandalucia.es\/iessanisidro\/ciencias-naturales\/programacion-byg-1\/\" rel=\"attachment wp-att-4799\">Programacio\u00bfn ByG 1<\/a><\/p>\n<p><a href=\"https:\/\/blogsaverroes.juntadeandalucia.es\/iessanisidro\/ciencias-naturales\/programacion-byg-3\/\" rel=\"attachment wp-att-4800\">Programacio\u00bfn ByG 3<\/a><\/p>\n<p><a href=\"https:\/\/blogsaverroes.juntadeandalucia.es\/iessanisidro\/ciencias-naturales\/programacion-byg-4\/\" rel=\"attachment wp-att-4801\">Programacio\u00bfn ByG 4<\/a><\/p>\n<p><a href=\"https:\/\/blogsaverroes.juntadeandalucia.es\/iessanisidro\/ciencias-naturales\/programacion-cc-4\/\" rel=\"attachment wp-att-4802\">Programacio\u00bfn CC 4<\/a><\/p>\n<p><a href=\"https:\/\/blogsaverroes.juntadeandalucia.es\/iessanisidro\/ciencias-naturales\/programacion-divercctt-3\/\" rel=\"attachment wp-att-4803\">Programacio\u00bfn DiverCCTT 3<\/a><\/p>\n<p><a href=\"https:\/\/blogsaverroes.juntadeandalucia.es\/iessanisidro\/ciencias-naturales\/programacion-divercctt-4\/\" rel=\"attachment wp-att-4804\">Programacio\u00bfn DiverCCTT 4<\/a><\/p>\n<p><a href=\"https:\/\/blogsaverroes.juntadeandalucia.es\/iessanisidro\/ciencias-naturales\/programacion-fyq-2-1\/\" rel=\"attachment wp-att-4805\">Programacio\u00bfn FyQ 2 (1)<\/a><\/p>\n<p><a href=\"https:\/\/blogsaverroes.juntadeandalucia.es\/iessanisidro\/ciencias-naturales\/programacion-fyq-2\/\" rel=\"attachment wp-att-4806\">Programacio\u00bfn FyQ 2<\/a><\/p>\n<p><a href=\"https:\/\/blogsaverroes.juntadeandalucia.es\/iessanisidro\/ciencias-naturales\/programacion-fyq-3\/\" rel=\"attachment wp-att-4807\">Programacio\u00bfn FyQ 3<\/a><\/p>\n<p><a href=\"https:\/\/blogsaverroes.juntadeandalucia.es\/iessanisidro\/ciencias-naturales\/programacion-fyq-4-1\/\" rel=\"attachment wp-att-4808\">Programacio\u00bfn FyQ 4 (1)<\/a><\/p>\n<p><a href=\"https:\/\/blogsaverroes.juntadeandalucia.es\/iessanisidro\/ciencias-naturales\/programacion-fyq-4\/\" rel=\"attachment wp-att-4809\">Programacio\u00bfn FyQ 4<\/a><\/p>\n<p><a href=\"https:\/\/blogsaverroes.juntadeandalucia.es\/iessanisidro\/ciencias-naturales\/programacion-gfpb-ccaa-1\/\" rel=\"attachment wp-att-4810\">Programacio\u00bfn GFPB CCAA (1)<\/a><\/p>\n<p><a href=\"https:\/\/blogsaverroes.juntadeandalucia.es\/iessanisidro\/ciencias-naturales\/programacion-gfpb-ccaa\/\" rel=\"attachment wp-att-4811\">Programacio\u00bfn GFPB CCAA<\/a><\/p>\n","protected":false},"excerpt":{"rendered":"<p>Esta es la p\u00e1gina del Departamento de CIENCIAS NATURALES&nbsp;del IES SAN ISIDRO Jefe\/a de Departamento: Marcos Antonio Garc\u00eda P\u00e9rez mgarper891@g.educaand.es E-mail: mgarper891@g.educaand.es PROGRAMACI\u00d3N Programacio\u00bfn ByG 1 Programacio\u00bfn ByG 3 Programacio\u00bfn ByG 4 Programacio\u00bfn CC&#46;&#46;&#46;<\/p>\n","protected":false},"author":10042,"featured_media":0,"parent":0,"menu_order":0,"comment_status":"closed","ping_status":"closed","template":"","meta":{"ngg_post_thumbnail":0,"footnotes":"","_mc_calendar":[]},"aioseo_notices":[],"_links":{"self":[{"href":"https:\/\/blogsaverroes.juntadeandalucia.es\/iessanisidro\/wp-json\/wp\/v2\/pages\/2567"}],"collection":[{"href":"https:\/\/blogsaverroes.juntadeandalucia.es\/iessanisidro\/wp-json\/wp\/v2\/pages"}],"about":[{"href":"https:\/\/blogsaverroes.juntadeandalucia.es\/iessanisidro\/wp-json\/wp\/v2\/types\/page"}],"author":[{"embeddable":true,"href":"https:\/\/blogsaverroes.juntadeandalucia.es\/iessanisidro\/wp-json\/wp\/v2\/users\/10042"}],"replies":[{"embeddable":true,"href":"https:\/\/blogsaverroes.juntadeandalucia.es\/iessanisidro\/wp-json\/wp\/v2\/comments?post=2567"}],"version-history":[{"count":23,"href":"https:\/\/blogsaverroes.juntadeandalucia.es\/iessanisidro\/wp-json\/wp\/v2\/pages\/2567\/revisions"}],"predecessor-version":[{"id":4812,"href":"https:\/\/blogsaverroes.juntadeandalucia.es\/iessanisidro\/wp-json\/wp\/v2\/pages\/2567\/revisions\/4812"}],"wp:attachment":[{"href":"https:\/\/blogsaverroes.juntadeandalucia.es\/iessanisidro\/wp-json\/wp\/v2\/media?parent=2567"}],"curies":[{"name":"wp","href":"https:\/\/api.w.org\/{rel}","templated":true}]}}