{"id":2569,"date":"2020-10-26T08:46:53","date_gmt":"2020-10-26T07:46:53","guid":{"rendered":"https:\/\/blogsaverroes.juntadeandalucia.es\/iessanisidro\/?page_id=2569"},"modified":"2025-11-06T13:31:29","modified_gmt":"2025-11-06T12:31:29","slug":"geografia-e-historia","status":"publish","type":"page","link":"https:\/\/blogsaverroes.juntadeandalucia.es\/iessanisidro\/geografia-e-historia\/","title":{"rendered":"GEOGRAF\u00cdA E HISTORIA"},"content":{"rendered":"<p>Esta es la p\u00e1gina del Departamento de <strong>GEOGRAF\u00cdA E HISTORIA<\/strong>&nbsp;del IES SAN ISIDRO<\/p>\n<p><strong>Jefe\/a de Departamento:<\/strong> Noelia M\u00e1rquez Ortiz<\/p>\n<p><strong>E-mail:<\/strong> <a href=\"nmarort108@g.educaand.es\">nmarort108@g.educaand.es<\/a><\/p>\n<p>CRITERIOS DE CALIFICACI\u00d3N<\/p>\n<p><a href=\"https:\/\/blogsaverroes.juntadeandalucia.es\/iessanisidro\/geografia-e-historia\/criterios_eval_calif_25-26_dep_geh_firmados-1\/\" rel=\"attachment wp-att-4782\">CRITERIOS_EVAL_CALIF_25-26_DEP_GeH_firmados (1)<\/a><\/p>\n<p>PROGRAMACI\u00d3N<\/p>\n<p><a href=\"https:\/\/blogsaverroes.juntadeandalucia.es\/iessanisidro\/geografia-e-historia\/programacion_didactica_geh_25-26_firmada\/\" rel=\"attachment wp-att-4783\">PROGRAMACI\u00d3N_DID\u00c1CTICA_GeH_25-26_firmada<\/a><\/p>\n<p><a href=\"https:\/\/blogsaverroes.juntadeandalucia.es\/iessanisidro\/geografia-e-historia\/programacion_didactica_ve_25_26_firmada\/\" rel=\"attachment wp-att-4784\">PROGRAMACI\u00d3N_DID\u00c1CTICA_VE_25_26_firmada<\/a><\/p>\n<p>&nbsp;<\/p>\n<p>&nbsp;<\/p>\n<p>&nbsp;<\/p>\n<p>&nbsp;<\/p>\n","protected":false},"excerpt":{"rendered":"<p>Esta es la p\u00e1gina del Departamento de GEOGRAF\u00cdA E HISTORIA&nbsp;del IES SAN ISIDRO Jefe\/a de Departamento: Noelia M\u00e1rquez Ortiz E-mail: nmarort108@g.educaand.es CRITERIOS DE CALIFICACI\u00d3N CRITERIOS_EVAL_CALIF_25-26_DEP_GeH_firmados (1) PROGRAMACI\u00d3N PROGRAMACI\u00d3N_DID\u00c1CTICA_GeH_25-26_firmada PROGRAMACI\u00d3N_DID\u00c1CTICA_VE_25_26_firmada &nbsp; &nbsp; &nbsp; &nbsp;<\/p>\n","protected":false},"author":10042,"featured_media":0,"parent":0,"menu_order":0,"comment_status":"closed","ping_status":"closed","template":"","meta":{"ngg_post_thumbnail":0,"footnotes":"","_mc_calendar":[]},"aioseo_notices":[],"_links":{"self":[{"href":"https:\/\/blogsaverroes.juntadeandalucia.es\/iessanisidro\/wp-json\/wp\/v2\/pages\/2569"}],"collection":[{"href":"https:\/\/blogsaverroes.juntadeandalucia.es\/iessanisidro\/wp-json\/wp\/v2\/pages"}],"about":[{"href":"https:\/\/blogsaverroes.juntadeandalucia.es\/iessanisidro\/wp-json\/wp\/v2\/types\/page"}],"author":[{"embeddable":true,"href":"https:\/\/blogsaverroes.juntadeandalucia.es\/iessanisidro\/wp-json\/wp\/v2\/users\/10042"}],"replies":[{"embeddable":true,"href":"https:\/\/blogsaverroes.juntadeandalucia.es\/iessanisidro\/wp-json\/wp\/v2\/comments?post=2569"}],"version-history":[{"count":24,"href":"https:\/\/blogsaverroes.juntadeandalucia.es\/iessanisidro\/wp-json\/wp\/v2\/pages\/2569\/revisions"}],"predecessor-version":[{"id":4785,"href":"https:\/\/blogsaverroes.juntadeandalucia.es\/iessanisidro\/wp-json\/wp\/v2\/pages\/2569\/revisions\/4785"}],"wp:attachment":[{"href":"https:\/\/blogsaverroes.juntadeandalucia.es\/iessanisidro\/wp-json\/wp\/v2\/media?parent=2569"}],"curies":[{"name":"wp","href":"https:\/\/api.w.org\/{rel}","templated":true}]}}