{"id":2581,"date":"2020-10-26T08:54:55","date_gmt":"2020-10-26T07:54:55","guid":{"rendered":"https:\/\/blogsaverroes.juntadeandalucia.es\/iessanisidro\/?page_id=2581"},"modified":"2025-11-26T09:59:39","modified_gmt":"2025-11-26T08:59:39","slug":"musica","status":"publish","type":"page","link":"https:\/\/blogsaverroes.juntadeandalucia.es\/iessanisidro\/musica\/","title":{"rendered":"M\u00daSICA"},"content":{"rendered":"<p>Esta es la p\u00e1gina del Departamento de<strong> M\u00daSICA <\/strong>del IES SAN ISIDRO<\/p>\n<p><strong>Jefe\/a de Departamento: Ar\u00e1nzazu Garc\u00eda Mart\u00ednez<\/strong><\/p>\n<p><strong>E-mail:&nbsp;<a href=\"agarmar552j@g.educaand.es\">agarmar552j@g.educaand.es<\/a><\/strong><\/p>\n<p>PROGRAMACI\u00d3N DID\u00c1CTICA<\/p>\n<p><a href=\"https:\/\/blogsaverroes.juntadeandalucia.es\/iessanisidro\/musica\/musica-25-26\/\" rel=\"attachment wp-att-4858\">M\u00fasica 25-26<\/a><\/p>\n<p>&nbsp;<\/p>\n","protected":false},"excerpt":{"rendered":"<p>Esta es la p\u00e1gina del Departamento de M\u00daSICA del IES SAN ISIDRO Jefe\/a de Departamento: Ar\u00e1nzazu Garc\u00eda Mart\u00ednez E-mail:&nbsp;agarmar552j@g.educaand.es PROGRAMACI\u00d3N DID\u00c1CTICA M\u00fasica 25-26 &nbsp;<\/p>\n","protected":false},"author":10042,"featured_media":0,"parent":0,"menu_order":0,"comment_status":"closed","ping_status":"closed","template":"","meta":{"ngg_post_thumbnail":0,"footnotes":"","_mc_calendar":[]},"aioseo_notices":[],"_links":{"self":[{"href":"https:\/\/blogsaverroes.juntadeandalucia.es\/iessanisidro\/wp-json\/wp\/v2\/pages\/2581"}],"collection":[{"href":"https:\/\/blogsaverroes.juntadeandalucia.es\/iessanisidro\/wp-json\/wp\/v2\/pages"}],"about":[{"href":"https:\/\/blogsaverroes.juntadeandalucia.es\/iessanisidro\/wp-json\/wp\/v2\/types\/page"}],"author":[{"embeddable":true,"href":"https:\/\/blogsaverroes.juntadeandalucia.es\/iessanisidro\/wp-json\/wp\/v2\/users\/10042"}],"replies":[{"embeddable":true,"href":"https:\/\/blogsaverroes.juntadeandalucia.es\/iessanisidro\/wp-json\/wp\/v2\/comments?post=2581"}],"version-history":[{"count":13,"href":"https:\/\/blogsaverroes.juntadeandalucia.es\/iessanisidro\/wp-json\/wp\/v2\/pages\/2581\/revisions"}],"predecessor-version":[{"id":4859,"href":"https:\/\/blogsaverroes.juntadeandalucia.es\/iessanisidro\/wp-json\/wp\/v2\/pages\/2581\/revisions\/4859"}],"wp:attachment":[{"href":"https:\/\/blogsaverroes.juntadeandalucia.es\/iessanisidro\/wp-json\/wp\/v2\/media?parent=2581"}],"curies":[{"name":"wp","href":"https:\/\/api.w.org\/{rel}","templated":true}]}}