{"id":2585,"date":"2020-10-26T08:55:25","date_gmt":"2020-10-26T07:55:25","guid":{"rendered":"https:\/\/blogsaverroes.juntadeandalucia.es\/iessanisidro\/?page_id=2585"},"modified":"2024-11-03T22:27:15","modified_gmt":"2024-11-03T21:27:15","slug":"orientacion","status":"publish","type":"page","link":"https:\/\/blogsaverroes.juntadeandalucia.es\/iessanisidro\/orientacion\/","title":{"rendered":"ORIENTACI\u00d3N"},"content":{"rendered":"<p>Esta es la p\u00e1gina del Departamento de<strong> ORIENTACI\u00d3N <\/strong>del IES SAN ISIDRO<\/p>\n<p><strong>Jefe\/a de Departamento: <\/strong>Jes\u00fas Torres Mateu&nbsp; jtormat469@g.educaand.es&nbsp;<\/p>\n<p>PROGRAMACI\u00d3N DEPARTAMENTO DE ORIENTACI\u00d3N<\/p>\n<p><a href=\"https:\/\/blogsaverroes.juntadeandalucia.es\/iessanisidro\/orientacion\/programacion-do-san-isidro-24-25\/\" rel=\"attachment wp-att-4504\">Programaci\u00f3n DO SAN ISIDRO 24-25<\/a><\/p>\n<p><a href=\"https:\/\/blogsaverroes.juntadeandalucia.es\/iessanisidro\/orientacion\/programacion-pali\/\" rel=\"attachment wp-att-4526\">Programaci\u00f3n PALI<\/a><\/p>\n","protected":false},"excerpt":{"rendered":"<p>Esta es la p\u00e1gina del Departamento de ORIENTACI\u00d3N del IES SAN ISIDRO Jefe\/a de Departamento: Jes\u00fas Torres Mateu&nbsp; jtormat469@g.educaand.es&nbsp; PROGRAMACI\u00d3N DEPARTAMENTO DE ORIENTACI\u00d3N Programaci\u00f3n DO SAN ISIDRO 24-25 Programaci\u00f3n PALI<\/p>\n","protected":false},"author":10042,"featured_media":0,"parent":0,"menu_order":0,"comment_status":"closed","ping_status":"closed","template":"","meta":{"ngg_post_thumbnail":0,"footnotes":"","_mc_calendar":[]},"aioseo_notices":[],"_links":{"self":[{"href":"https:\/\/blogsaverroes.juntadeandalucia.es\/iessanisidro\/wp-json\/wp\/v2\/pages\/2585"}],"collection":[{"href":"https:\/\/blogsaverroes.juntadeandalucia.es\/iessanisidro\/wp-json\/wp\/v2\/pages"}],"about":[{"href":"https:\/\/blogsaverroes.juntadeandalucia.es\/iessanisidro\/wp-json\/wp\/v2\/types\/page"}],"author":[{"embeddable":true,"href":"https:\/\/blogsaverroes.juntadeandalucia.es\/iessanisidro\/wp-json\/wp\/v2\/users\/10042"}],"replies":[{"embeddable":true,"href":"https:\/\/blogsaverroes.juntadeandalucia.es\/iessanisidro\/wp-json\/wp\/v2\/comments?post=2585"}],"version-history":[{"count":9,"href":"https:\/\/blogsaverroes.juntadeandalucia.es\/iessanisidro\/wp-json\/wp\/v2\/pages\/2585\/revisions"}],"predecessor-version":[{"id":4527,"href":"https:\/\/blogsaverroes.juntadeandalucia.es\/iessanisidro\/wp-json\/wp\/v2\/pages\/2585\/revisions\/4527"}],"wp:attachment":[{"href":"https:\/\/blogsaverroes.juntadeandalucia.es\/iessanisidro\/wp-json\/wp\/v2\/media?parent=2585"}],"curies":[{"name":"wp","href":"https:\/\/api.w.org\/{rel}","templated":true}]}}