{"id":2587,"date":"2020-10-26T08:55:36","date_gmt":"2020-10-26T07:55:36","guid":{"rendered":"https:\/\/blogsaverroes.juntadeandalucia.es\/iessanisidro\/?page_id=2587"},"modified":"2025-11-20T13:42:24","modified_gmt":"2025-11-20T12:42:24","slug":"tecnologia","status":"publish","type":"page","link":"https:\/\/blogsaverroes.juntadeandalucia.es\/iessanisidro\/tecnologia\/","title":{"rendered":"TECNOLOG\u00cdA"},"content":{"rendered":"<p>Esta es la p\u00e1gina del Departamento de<strong> TECNOLOG\u00cdA <\/strong>del IES SAN ISIDRO<\/p>\n<p><strong>Jefe\/a de Departamento: <\/strong>Sergio Puerta Gonz\u00e1lez <a href=\"mailto:spuegon358@g.educaand.es\">spuegon358@g.educaand.es<\/a><\/p>\n<p>Programaciones<\/p>\n<p>CRITERIOS CALIFICACI\u00d3N<\/p>\n<p><a href=\"https:\/\/blogsaverroes.juntadeandalucia.es\/iessanisidro\/tecnologia\/criterios-de-calificacion-departamento-tecnologia_-25_26\/\" rel=\"attachment wp-att-4820\">Criterios de calificacio\u00bfn departamento Tecnologia_ 25_26<\/a><\/p>\n<p>&nbsp;<\/p>\n<p>PROGRAMACI\u00d3N<\/p>\n<p><a href=\"https:\/\/blogsaverroes.juntadeandalucia.es\/iessanisidro\/tecnologia\/programaciones_didacticas_computacionyrobotica_1_2_3\/\" rel=\"attachment wp-att-4821\">Programaciones_didacticas_computacionyrobotica_1_2_3<\/a><\/p>\n<p><a href=\"https:\/\/blogsaverroes.juntadeandalucia.es\/iessanisidro\/tecnologia\/programaciones_didacticas_digitalizacion_4\/\" rel=\"attachment wp-att-4822\">Programaciones_didacticas_Digitalizacion_4<\/a><\/p>\n<p><a href=\"https:\/\/blogsaverroes.juntadeandalucia.es\/iessanisidro\/tecnologia\/programaciones_didacticas_tecnologia_4\/\" rel=\"attachment wp-att-4823\">Programaciones_didacticas_Tecnologia_4<\/a><\/p>\n<p><a href=\"https:\/\/blogsaverroes.juntadeandalucia.es\/iessanisidro\/tecnologia\/programaciones_didacticas_tecnologiaydigitalizacion_2_3\/\" rel=\"attachment wp-att-4824\">Programaciones_didacticas_Tecnologiaydigitalizacion_2_3<\/a><\/p>\n<p>&nbsp;<\/p>\n","protected":false},"excerpt":{"rendered":"<p>Esta es la p\u00e1gina del Departamento de TECNOLOG\u00cdA del IES SAN ISIDRO Jefe\/a de Departamento: Sergio Puerta Gonz\u00e1lez spuegon358@g.educaand.es Programaciones CRITERIOS CALIFICACI\u00d3N Criterios de calificacio\u00bfn departamento Tecnologia_ 25_26 &nbsp; PROGRAMACI\u00d3N Programaciones_didacticas_computacionyrobotica_1_2_3 Programaciones_didacticas_Digitalizacion_4 Programaciones_didacticas_Tecnologia_4 Programaciones_didacticas_Tecnologiaydigitalizacion_2_3&#46;&#46;&#46;<\/p>\n","protected":false},"author":10042,"featured_media":0,"parent":0,"menu_order":0,"comment_status":"closed","ping_status":"closed","template":"","meta":{"ngg_post_thumbnail":0,"footnotes":"","_mc_calendar":[]},"aioseo_notices":[],"_links":{"self":[{"href":"https:\/\/blogsaverroes.juntadeandalucia.es\/iessanisidro\/wp-json\/wp\/v2\/pages\/2587"}],"collection":[{"href":"https:\/\/blogsaverroes.juntadeandalucia.es\/iessanisidro\/wp-json\/wp\/v2\/pages"}],"about":[{"href":"https:\/\/blogsaverroes.juntadeandalucia.es\/iessanisidro\/wp-json\/wp\/v2\/types\/page"}],"author":[{"embeddable":true,"href":"https:\/\/blogsaverroes.juntadeandalucia.es\/iessanisidro\/wp-json\/wp\/v2\/users\/10042"}],"replies":[{"embeddable":true,"href":"https:\/\/blogsaverroes.juntadeandalucia.es\/iessanisidro\/wp-json\/wp\/v2\/comments?post=2587"}],"version-history":[{"count":18,"href":"https:\/\/blogsaverroes.juntadeandalucia.es\/iessanisidro\/wp-json\/wp\/v2\/pages\/2587\/revisions"}],"predecessor-version":[{"id":4825,"href":"https:\/\/blogsaverroes.juntadeandalucia.es\/iessanisidro\/wp-json\/wp\/v2\/pages\/2587\/revisions\/4825"}],"wp:attachment":[{"href":"https:\/\/blogsaverroes.juntadeandalucia.es\/iessanisidro\/wp-json\/wp\/v2\/media?parent=2587"}],"curies":[{"name":"wp","href":"https:\/\/api.w.org\/{rel}","templated":true}]}}