{"id":2589,"date":"2020-10-26T08:55:53","date_gmt":"2020-10-26T07:55:53","guid":{"rendered":"https:\/\/blogsaverroes.juntadeandalucia.es\/iessanisidro\/?page_id=2589"},"modified":"2025-11-26T10:01:03","modified_gmt":"2025-11-26T09:01:03","slug":"actividades-extraescolares-2","status":"publish","type":"page","link":"https:\/\/blogsaverroes.juntadeandalucia.es\/iessanisidro\/actividades-extraescolares-2\/","title":{"rendered":"ACTIVIDADES EXTRAESCOLARES"},"content":{"rendered":"<p>Esta es la p\u00e1gina del Departamento de <strong>ACTIVIDADES EXTRAESCOLARES<\/strong>&nbsp;del IES SAN ISIDRO<\/p>\n<p><strong>Jefe\/a de Departamento: Mar\u00eda Luisa Jim\u00e9nez S\u00e1nchez<\/strong><\/p>\n<p><strong>E-mail:&nbsp;<a href=\"mjimsan636@g.educaand.es\">mjimsan636@g.educaand.es<\/a><\/strong><\/p>\n<p>PROGRAMACI\u00d3N<\/p>\n<p><a href=\"https:\/\/blogsaverroes.juntadeandalucia.es\/iessanisidro\/actividades-extraescolares-2\/programacion-dace-2025-26_pdf\/\" rel=\"attachment wp-att-4860\">PROGRAMACION DACE 2025-26_pdf<\/a><\/p>\n","protected":false},"excerpt":{"rendered":"<p>Esta es la p\u00e1gina del Departamento de ACTIVIDADES EXTRAESCOLARES&nbsp;del IES SAN ISIDRO Jefe\/a de Departamento: Mar\u00eda Luisa Jim\u00e9nez S\u00e1nchez E-mail:&nbsp;mjimsan636@g.educaand.es PROGRAMACI\u00d3N PROGRAMACION DACE 2025-26_pdf<\/p>\n","protected":false},"author":10042,"featured_media":0,"parent":0,"menu_order":0,"comment_status":"closed","ping_status":"closed","template":"","meta":{"ngg_post_thumbnail":0,"footnotes":"","_mc_calendar":[]},"aioseo_notices":[],"_links":{"self":[{"href":"https:\/\/blogsaverroes.juntadeandalucia.es\/iessanisidro\/wp-json\/wp\/v2\/pages\/2589"}],"collection":[{"href":"https:\/\/blogsaverroes.juntadeandalucia.es\/iessanisidro\/wp-json\/wp\/v2\/pages"}],"about":[{"href":"https:\/\/blogsaverroes.juntadeandalucia.es\/iessanisidro\/wp-json\/wp\/v2\/types\/page"}],"author":[{"embeddable":true,"href":"https:\/\/blogsaverroes.juntadeandalucia.es\/iessanisidro\/wp-json\/wp\/v2\/users\/10042"}],"replies":[{"embeddable":true,"href":"https:\/\/blogsaverroes.juntadeandalucia.es\/iessanisidro\/wp-json\/wp\/v2\/comments?post=2589"}],"version-history":[{"count":11,"href":"https:\/\/blogsaverroes.juntadeandalucia.es\/iessanisidro\/wp-json\/wp\/v2\/pages\/2589\/revisions"}],"predecessor-version":[{"id":4861,"href":"https:\/\/blogsaverroes.juntadeandalucia.es\/iessanisidro\/wp-json\/wp\/v2\/pages\/2589\/revisions\/4861"}],"wp:attachment":[{"href":"https:\/\/blogsaverroes.juntadeandalucia.es\/iessanisidro\/wp-json\/wp\/v2\/media?parent=2589"}],"curies":[{"name":"wp","href":"https:\/\/api.w.org\/{rel}","templated":true}]}}