{"id":2591,"date":"2020-10-26T08:56:20","date_gmt":"2020-10-26T07:56:20","guid":{"rendered":"https:\/\/blogsaverroes.juntadeandalucia.es\/iessanisidro\/?page_id=2591"},"modified":"2022-11-15T10:39:33","modified_gmt":"2022-11-15T09:39:33","slug":"formacion-evaluacion-e-innovacion-educativa","status":"publish","type":"page","link":"https:\/\/blogsaverroes.juntadeandalucia.es\/iessanisidro\/formacion-evaluacion-e-innovacion-educativa\/","title":{"rendered":"FORMACI\u00d3N, EVALUACI\u00d3N E INNOVACI\u00d3N EDUCATIVA"},"content":{"rendered":"<p>Esta es la p\u00e1gina del Departamento de <strong>FORMACI\u00d3N, EVALUACI\u00d3N E INNOVACI\u00d3N EDUCATIVA<\/strong>&nbsp;del IES SAN ISIDRO<\/p>\n<p><strong>Jefe\/a de Departamento:<\/strong> Elisa Isabel Berenguel L\u00f3pez<\/p>\n<p><strong>E-mail:<\/strong>&nbsp;<a href=\"eberlop606@g.educaand.es\">eberlop606@g.educaand.es<\/a><\/p>\n","protected":false},"excerpt":{"rendered":"<p>Esta es la p\u00e1gina del Departamento de FORMACI\u00d3N, EVALUACI\u00d3N E INNOVACI\u00d3N EDUCATIVA&nbsp;del IES SAN ISIDRO Jefe\/a de Departamento: Elisa Isabel Berenguel L\u00f3pez E-mail:&nbsp;eberlop606@g.educaand.es<\/p>\n","protected":false},"author":10042,"featured_media":0,"parent":0,"menu_order":0,"comment_status":"closed","ping_status":"closed","template":"","meta":{"ngg_post_thumbnail":0,"footnotes":"","_mc_calendar":[]},"aioseo_notices":[],"_links":{"self":[{"href":"https:\/\/blogsaverroes.juntadeandalucia.es\/iessanisidro\/wp-json\/wp\/v2\/pages\/2591"}],"collection":[{"href":"https:\/\/blogsaverroes.juntadeandalucia.es\/iessanisidro\/wp-json\/wp\/v2\/pages"}],"about":[{"href":"https:\/\/blogsaverroes.juntadeandalucia.es\/iessanisidro\/wp-json\/wp\/v2\/types\/page"}],"author":[{"embeddable":true,"href":"https:\/\/blogsaverroes.juntadeandalucia.es\/iessanisidro\/wp-json\/wp\/v2\/users\/10042"}],"replies":[{"embeddable":true,"href":"https:\/\/blogsaverroes.juntadeandalucia.es\/iessanisidro\/wp-json\/wp\/v2\/comments?post=2591"}],"version-history":[{"count":3,"href":"https:\/\/blogsaverroes.juntadeandalucia.es\/iessanisidro\/wp-json\/wp\/v2\/pages\/2591\/revisions"}],"predecessor-version":[{"id":3606,"href":"https:\/\/blogsaverroes.juntadeandalucia.es\/iessanisidro\/wp-json\/wp\/v2\/pages\/2591\/revisions\/3606"}],"wp:attachment":[{"href":"https:\/\/blogsaverroes.juntadeandalucia.es\/iessanisidro\/wp-json\/wp\/v2\/media?parent=2591"}],"curies":[{"name":"wp","href":"https:\/\/api.w.org\/{rel}","templated":true}]}}